{"id":68317019,"date":"2025-03-16T00:50:37","date_gmt":"2025-03-15T23:50:37","guid":{"rendered":"https:\/\/kraftwerk-shop.cc\/?post_type=product&#038;p=68317019"},"modified":"2026-02-15T01:18:57","modified_gmt":"2026-02-15T00:18:57","slug":"hnaci-hridel-mopar-53010749aa","status":"publish","type":"product","link":"https:\/\/kraftwerk-shop.cc\/cs\/produkt\/mopar-antriebswelle-53010749aa\/","title":{"rendered":"Hnac\u00ed h\u0159\u00eddel Mopar (53010749AA)"},"content":{"rendered":"<h1>Origin\u00e1ln\u00ed hnac\u00ed h\u0159\u00eddel Mopar (53010749AA), lev\u00e1 strana, pro Chrysler 300C, Dodge Challenger a Charger 5.7, 6.2 a 6.4<\/h1>\n<p>&nbsp;<\/p>\n<p><span lang=\"DE\"><strong>\u010c\u00edslo d\u00edlu Mopar:<\/strong> 53010749AA<br \/>\n<strong>Nahrazeno:\u00a0<\/strong>\u00a053010671AB, 53010671AC, 53010671AD<\/span><\/p>\n<p>&nbsp;<\/p>\n<p><strong>Vhodn\u00e9 pro:<\/strong><\/p>\n<table width=\"803\">\n<tbody>\n<tr>\n<td width=\"80\"><strong>Rok v\u00fdstavby<\/strong><\/td>\n<td width=\"80\"><strong>Zna\u010dka<\/strong><\/td>\n<td width=\"121\"><strong>Model<\/strong><\/td>\n<td width=\"324\"><strong>Verze<\/strong><\/td>\n<td width=\"198\"><strong>Motor<\/strong><\/td>\n<\/tr>\n<tr>\n<td width=\"80\">2023<\/td>\n<td width=\"80\">Chrysler<\/td>\n<td width=\"121\">300<\/td>\n<td width=\"324\">C<\/td>\n<td width=\"198\">6.4L<\/td>\n<\/tr>\n<tr>\n<td width=\"80\">2023<\/td>\n<td width=\"80\">Dodge<\/td>\n<td width=\"121\">Challenger<\/td>\n<td width=\"324\">R\/T, R\/T Scat Pack, R\/T Scat Pack Widebody, SRT Hellcat Jailbreak, SRT Hellcat Redeye Jailbreak, SRT Hellcat Redeye Widebody Jailbreak, SRT Hellcat Widebody Jailbreak, SRT Super Stock<\/td>\n<td width=\"198\">6,2 L, 6,4 L<\/td>\n<\/tr>\n<tr>\n<td width=\"80\">2023<\/td>\n<td width=\"80\">Dodge<\/td>\n<td width=\"121\">Charger<\/td>\n<td width=\"324\">Scat Pack, Scat Pack Widebody<\/td>\n<td width=\"198\">6.4L<\/td>\n<\/tr>\n<tr>\n<td width=\"80\">2022<\/td>\n<td width=\"80\">Dodge<\/td>\n<td width=\"121\">Challenger<\/td>\n<td width=\"324\">R\/T Scat Pack, R\/T Scat Pack Widebody, SRT Hellcat, SRT Hellcat Redeye, SRT Hellcat Redeye Widebody, SRT Hellcat Widebody, SRT Jailbreak, SRT Super Stock<\/td>\n<td width=\"198\">6,2 L, 6,4 L<\/td>\n<\/tr>\n<tr>\n<td width=\"80\">2022<\/td>\n<td width=\"80\">Dodge<\/td>\n<td width=\"121\">Charger<\/td>\n<td width=\"324\">Scat Pack, Scat Pack Widebody<\/td>\n<td width=\"198\">6.4L<\/td>\n<\/tr>\n<tr>\n<td width=\"80\">2021<\/td>\n<td width=\"80\">Dodge<\/td>\n<td width=\"121\">Challenger<\/td>\n<td width=\"324\">R\/T Scat Pack, R\/T Scat Pack Widebody, SRT Hellcat, SRT Hellcat Redeye, SRT Hellcat Redeye Widebody, SRT Hellcat Widebody, SRT Super Stock<\/td>\n<td width=\"198\">6,2 L, 6,4 L<\/td>\n<\/tr>\n<tr>\n<td width=\"80\">2021<\/td>\n<td width=\"80\">Dodge<\/td>\n<td width=\"121\">Charger<\/td>\n<td width=\"324\">Scat Pack<\/td>\n<td width=\"198\">6.4L<\/td>\n<\/tr>\n<tr>\n<td width=\"80\">2020<\/td>\n<td width=\"80\">Dodge<\/td>\n<td width=\"121\">Challenger<\/td>\n<td width=\"324\">R\/T Scat Pack, R\/T Scat Pack Widebody, SRT Hellcat, SRT Hellcat Redeye, SRT Hellcat Redeye Widebody, SRT Hellcat Widebody<\/td>\n<td width=\"198\">6,2 L, 6,4 L<\/td>\n<\/tr>\n<tr>\n<td width=\"80\">2020<\/td>\n<td width=\"80\">Dodge<\/td>\n<td width=\"121\">Charger<\/td>\n<td width=\"324\">Scat Pack<\/td>\n<td width=\"198\">6.4L<\/td>\n<\/tr>\n<tr>\n<td width=\"80\">2019<\/td>\n<td width=\"80\">Dodge<\/td>\n<td width=\"121\">Challenger<\/td>\n<td width=\"324\">R\/T Scat Pack, R\/T Scat Pack Widebody, SRT Hellcat, SRT Hellcat Redeye, SRT Hellcat Redeye Widebody, SRT Hellcat Widebody<\/td>\n<td width=\"198\">6,2 L, 6,4 L<\/td>\n<\/tr>\n<tr>\n<td width=\"80\">2019<\/td>\n<td width=\"80\">Dodge<\/td>\n<td width=\"121\">Charger<\/td>\n<td width=\"324\">SRT Hellcat, Scat Pack<\/td>\n<td width=\"198\">6,2 L, 6,4 L<\/td>\n<\/tr>\n<tr>\n<td width=\"80\">2018<\/td>\n<td width=\"80\">Dodge<\/td>\n<td width=\"121\">Challenger<\/td>\n<td width=\"324\">R\/T Scat Pack, SRT 392, SRT Demon, SRT Hellcat, SRT Hellcat Widebody, T\/A 392<\/td>\n<td width=\"198\">6,2 L, 6,4 L<\/td>\n<\/tr>\n<tr>\n<td width=\"80\">2018<\/td>\n<td width=\"80\">Dodge<\/td>\n<td width=\"121\">Charger<\/td>\n<td width=\"324\">Pursuit, R\/T, R\/T Scat Pack, SRT 392, SRT Hellcat<\/td>\n<td width=\"198\">5.7L, 6.2L, 6.4L<\/td>\n<\/tr>\n<tr>\n<td width=\"80\">2017<\/td>\n<td width=\"80\">Dodge<\/td>\n<td width=\"121\">Challenger<\/td>\n<td width=\"324\">R\/T Scat Pack, SRT 392, SRT Hellcat, T\/A 392<\/td>\n<td width=\"198\">6,2 L, 6,4 L<\/td>\n<\/tr>\n<tr>\n<td width=\"80\">2017<\/td>\n<td width=\"80\">Dodge<\/td>\n<td width=\"121\">Charger<\/td>\n<td width=\"324\">R\/T Scat Pack, SRT 392, SRT Hellcat<\/td>\n<td width=\"198\">6,2 L, 6,4 L<\/td>\n<\/tr>\n<tr>\n<td width=\"80\">2016<\/td>\n<td width=\"80\">Dodge<\/td>\n<td width=\"121\">Challenger<\/td>\n<td width=\"324\">392 Hemi Scat Pack Shaker, R\/T Scat Pack, SRT 392, SRT Hellcat<\/td>\n<td width=\"198\">6,2 L, 6,4 L<\/td>\n<\/tr>\n<tr>\n<td width=\"80\">2016<\/td>\n<td width=\"80\">Dodge<\/td>\n<td width=\"121\">Charger<\/td>\n<td width=\"324\">R\/T Scat Pack, SRT 392, SRT Hellcat<\/td>\n<td width=\"198\">6,2 L, 6,4 L<\/td>\n<\/tr>\n<tr>\n<td width=\"80\">2015<\/td>\n<td width=\"80\">Dodge<\/td>\n<td width=\"121\">Challenger<\/td>\n<td width=\"324\">SRT 392, SRT Hellcat, Scat Pack<\/td>\n<td width=\"198\">6,2 L, 6,4 L<\/td>\n<\/tr>\n<tr>\n<td width=\"80\">2015<\/td>\n<td width=\"80\">Dodge<\/td>\n<td width=\"121\">Charger<\/td>\n<td width=\"324\">R\/T Scat Pack, SRT 392, SRT Hellcat<\/td>\n<td width=\"198\">6,2 L, 6,4 L<\/td>\n<\/tr>\n<\/tbody>\n<\/table>\n<p>&nbsp;<\/p>\n<p>&nbsp;<\/p>\n<h4>Pro\u010d si vybrat origin\u00e1ln\u00ed n\u00e1hradn\u00ed d\u00edly Mopar?<\/h4>\n<p><strong>Perfektn\u011b padnouc\u00ed a \u0161pi\u010dkov\u00e9 kvality:<\/strong> Origin\u00e1ln\u00ed n\u00e1hradn\u00ed d\u00edly Mopar jsou vyr\u00e1b\u011bny podle p\u0159\u00edsn\u00fdch specifikac\u00ed v\u00fdrobce, co\u017e znamen\u00e1, \u017ee do va\u0161eho vozidla dokonale pasuj\u00ed. T\u00edm je zaji\u0161t\u011bna nejen snadn\u00e1 instalace, ale tak\u00e9 optim\u00e1ln\u00ed funkce a bezpe\u010dnost.<\/p>\n<p><strong>Spolehlivost a trvanlivost:<\/strong> D\u00edky pou\u017eit\u00ed vysoce kvalitn\u00edch materi\u00e1l\u016f a p\u0159\u00edsn\u00e9 kontrole kvality zaji\u0161\u0165uj\u00ed n\u00e1hradn\u00ed d\u00edly Mopar spolehlivou funkci va\u0161eho vozidla i v extr\u00e9mn\u00edch podm\u00ednk\u00e1ch. Jsou navr\u017eeny tak, aby vydr\u017eely a maximalizovaly v\u00fdkon va\u0161eho vozidla.<\/p>\n<p>&nbsp;<\/p>","protected":false},"excerpt":{"rendered":"<p>Origin\u00e1ln\u00ed d\u00edl Mopar, lev\u00fd<\/p>\n<p>2015\u20132023<\/p>","protected":false},"featured_media":68317029,"comment_status":"open","ping_status":"closed","template":"","meta":{"_acf_changed":false},"product_brand":[16270],"product_cat":[10262,1587,1692,1700,5156,1627,1635],"product_tag":[18806,18807,18808,12535,249,250,251,252,419,420,2066,2373,4526,52,12559,91,10797,10798,10799,10800,92,93,4206,3761,12533,12560,12516,12514,12515,12532,12512,12513,12531,12565,12551,12522,12523,12575,12541,12539,12540,12556,12554,12555,12518,12520,12553,12517,12566,12521,12564,12561,12519,12552,54,12557,12567,53,12558,12568,48,12569,49,3853,12534,10779,10778,12573,12571,12572,12577,12563,12562,12543,1149,31,12537,12536,12574,12505,12546,12544,12525,12545,12524,12530,12529,12538,12526,8813,12547,9424,16271,12542,12576,12527,12548,12570,12578,16273,16275,16272,16274,7221,12549,12528,12550],"class_list":{"0":"post-68317019","1":"product","2":"type-product","3":"status-publish","4":"has-post-thumbnail","6":"product_brand-mopar","7":"product_cat-alle-produkte","8":"product_cat-300c-64-fahrwerk","9":"product_cat-challenger-hellcat-fahrwerk","10":"product_cat-challenger-64-fahrwerk","11":"product_cat-charger-57-2011-2023-fahrwerk","12":"product_cat-charger-hellcat-fahrwerk","13":"product_cat-charger-64-fahrwerk","14":"product_tag-053010671ab","15":"product_tag-053010671ac","16":"product_tag-053010671ad","17":"product_tag-053010749aa","18":"product_tag-249","19":"product_tag-250","20":"product_tag-251","21":"product_tag-252","22":"product_tag-419","23":"product_tag-420","24":"product_tag-2066","25":"product_tag-2373","26":"product_tag-4526","27":"product_tag-300c","28":"product_tag-300c-antriebswelle-links","29":"product_tag-5-7","30":"product_tag-53010671ab","31":"product_tag-53010671ac","32":"product_tag-53010671ad","33":"product_tag-53010749aa","34":"product_tag-6-1","35":"product_tag-6-4","36":"product_tag-achse","37":"product_tag-antriebswelle","38":"product_tag-antriebswelle-300c-original","39":"product_tag-antriebswelle-austausch-challenger","40":"product_tag-antriebswelle-chrysler-300c-6-4","41":"product_tag-antriebswelle-dodge-challenger-6-2","42":"product_tag-antriebswelle-dodge-challenger-6-4","43":"product_tag-antriebswelle-dodge-challenger-original","44":"product_tag-antriebswelle-dodge-charger-6-2","45":"product_tag-antriebswelle-dodge-charger-6-4","46":"product_tag-antriebswelle-dodge-charger-original","47":"product_tag-antriebswelle-ha-links-challenger","48":"product_tag-antriebswelle-hellcat","49":"product_tag-antriebswelle-hemi-6-2","50":"product_tag-antriebswelle-hemi-6-4","51":"product_tag-antriebswelle-komplettsatz-mopar","52":"product_tag-antriebswelle-links-300c","53":"product_tag-antriebswelle-links-challenger","54":"product_tag-antriebswelle-links-charger","55":"product_tag-antriebswelle-links-chrysler-300c","56":"product_tag-antriebswelle-links-dodge-challenger","57":"product_tag-antriebswelle-links-dodge-charger","58":"product_tag-antriebswelle-scat-pack","59":"product_tag-antriebswelle-srt","60":"product_tag-antriebswelle-srt-charger","61":"product_tag-antriebswelle-srt-hellcat","62":"product_tag-antriebswelle-srt8-links","63":"product_tag-antriebswelle-v8-mopar","64":"product_tag-antriebswelle-vorne-links","65":"product_tag-antriebswelle-wechseln-charger","66":"product_tag-antriebswelle-widebody","67":"product_tag-antriebswelle-widebody-challenger","68":"product_tag-challenger","69":"product_tag-challenger-antriebswelle-6-4-links","70":"product_tag-challenger-linke-seite-antriebswelle","71":"product_tag-charger","72":"product_tag-charger-antriebswelle-6-4-links","73":"product_tag-charger-linke-seite-antriebswelle","74":"product_tag-chrysler","75":"product_tag-chrysler-300c-antriebswelle-hinten","76":"product_tag-dodge","77":"product_tag-dodge-challenger","78":"product_tag-ersatzteil-mopar-antriebswelle","79":"product_tag-gelenkwelle","80":"product_tag-halbwelle","81":"product_tag-linke-achswelle-300c","82":"product_tag-linke-achswelle-challenger","83":"product_tag-linke-achswelle-charger","84":"product_tag-linke-antriebswelle-austauschkit","85":"product_tag-linke-antriebswelle-bestellen","86":"product_tag-linke-antriebswelle-defekt","87":"product_tag-linke-antriebswelle-mopar","88":"product_tag-links","89":"product_tag-mopar","90":"product_tag-mopar-053010749aa","91":"product_tag-mopar-53010749aa","92":"product_tag-mopar-achswelle-links","93":"product_tag-mopar-antriebswelle","94":"product_tag-mopar-antriebswelle-300c","95":"product_tag-mopar-antriebswelle-challenger","96":"product_tag-mopar-antriebswelle-challenger-hellcat","97":"product_tag-mopar-antriebswelle-charger","98":"product_tag-mopar-antriebswelle-charger-hellcat","99":"product_tag-mopar-antriebswelle-ersetzen","100":"product_tag-mopar-antriebswelle-kaufen","101":"product_tag-mopar-antriebswelle-links","102":"product_tag-mopar-antriebswelle-scat-pack","103":"product_tag-mopar-autoteile","104":"product_tag-mopar-ersatzteil-antriebswelle","105":"product_tag-mopar-ersatzteile","106":"product_tag-mopar-ersatzteile-kaufen","107":"product_tag-mopar-linke-antriebswelle","108":"product_tag-mopar-linke-halbachse","109":"product_tag-mopar-oem-antriebswelle","110":"product_tag-mopar-original-antriebswelle","111":"product_tag-mopar-performance-antriebswelle","112":"product_tag-mopar-performance-teil-links","113":"product_tag-mopar-performance-teile","114":"product_tag-mopar-teile-katalog","115":"product_tag-mopar-teile-online","116":"product_tag-mopar-tuningteile","117":"product_tag-mopar10","118":"product_tag-oem-antriebswelle-mopar","119":"product_tag-original-mopar-antriebswelle","120":"product_tag-originalteil-antriebswelle-mopar","121":"product_shipping_class-paket-l","123":"first","124":"instock","125":"taxable","126":"shipping-taxable","127":"purchasable","128":"product-type-simple"},"bundled_by":[],"bundle_stock_status":"instock","bundle_stock_quantity":1,"bundle_virtual":false,"bundle_layout":"","bundle_add_to_cart_form_location":"","bundle_editable_in_cart":false,"bundle_sold_individually_context":"","bundle_item_grouping":"","bundle_min_size":"","bundle_max_size":"","bundle_price":[],"bundled_items":[],"bundle_sell_ids":[],"exclude_global_add_ons":[],"addons":[],"acf":[],"_links":{"self":[{"href":"https:\/\/kraftwerk-shop.cc\/cs\/wp-json\/wp\/v2\/product\/68317019","targetHints":{"allow":["GET"]}}],"collection":[{"href":"https:\/\/kraftwerk-shop.cc\/cs\/wp-json\/wp\/v2\/product"}],"about":[{"href":"https:\/\/kraftwerk-shop.cc\/cs\/wp-json\/wp\/v2\/types\/product"}],"replies":[{"embeddable":true,"href":"https:\/\/kraftwerk-shop.cc\/cs\/wp-json\/wp\/v2\/comments?post=68317019"}],"version-history":[{"count":0,"href":"https:\/\/kraftwerk-shop.cc\/cs\/wp-json\/wp\/v2\/product\/68317019\/revisions"}],"wp:featuredmedia":[{"embeddable":true,"href":"https:\/\/kraftwerk-shop.cc\/cs\/wp-json\/wp\/v2\/media\/68317029"}],"wp:attachment":[{"href":"https:\/\/kraftwerk-shop.cc\/cs\/wp-json\/wp\/v2\/media?parent=68317019"}],"wp:term":[{"taxonomy":"product_brand","embeddable":true,"href":"https:\/\/kraftwerk-shop.cc\/cs\/wp-json\/wp\/v2\/product_brand?post=68317019"},{"taxonomy":"product_cat","embeddable":true,"href":"https:\/\/kraftwerk-shop.cc\/cs\/wp-json\/wp\/v2\/product_cat?post=68317019"},{"taxonomy":"product_tag","embeddable":true,"href":"https:\/\/kraftwerk-shop.cc\/cs\/wp-json\/wp\/v2\/product_tag?post=68317019"}],"curies":[{"name":"wp","href":"https:\/\/api.w.org\/{rel}","templated":true}]}}