{"id":68317159,"date":"2025-03-21T13:35:23","date_gmt":"2025-03-21T12:35:23","guid":{"rendered":"https:\/\/kraftwerk-shop.cc\/?post_type=product&#038;p=68317159"},"modified":"2026-03-31T16:32:37","modified_gmt":"2026-03-31T14:32:37","slug":"range-technology-ra007-dfm-disabler-gm","status":"publish","type":"product","link":"https:\/\/kraftwerk-shop.cc\/cs\/produkt\/range-technology-ra007-dfm-disabler-gm\/","title":{"rendered":"Range Technology RA007 DFM Disabler Module GM SUV \/ GM 1500 Truck"},"content":{"rendered":"<h1>Range Technology DFM Disabler Module pro GM SUV \/ GM 1500 Truck<\/h1>\n<p>&nbsp;<\/p>\n<p data-start=\"43\" data-end=\"557\">Modul DFM (Dynamic Fuel Management) byl vyvinut speci\u00e1ln\u011b pro nov\u011bj\u0161\u00ed n\u00e1kladn\u00ed vozy a SUV GM Refresh. Toto inovativn\u00ed za\u0159\u00edzen\u00ed jako prvn\u00ed na trhu poskytuje \u0159e\u0161en\u00ed pro vypnut\u00ed syst\u00e9mu Dynamic Fuel Management v t\u011bchto vozidlech. Instalac\u00ed modulu DFM mohou u\u017eivatel\u00e9 \u00fa\u010dinn\u011b obej\u00edt tov\u00e1rn\u00ed syst\u00e9m \u0159\u00edzen\u00ed v\u00e1lc\u016f a umo\u017enit motoru b\u011b\u017eet na v\u0161echny v\u00e1lce za v\u0161ech okolnost\u00ed! To zaji\u0161\u0165uje lep\u0161\u00ed j\u00edzdn\u00ed vlastnosti a dlouhodob\u011b vy\u0161\u0161\u00ed spolehlivost motoru.<\/p>\n<p data-start=\"559\" data-end=\"1243\">Motory 5,3 l a 6,2 l V8, kter\u00e9 se nach\u00e1zej\u00ed v mnoha n\u00e1kladn\u00edch vozech GM 1500, jako jsou Silverado a Sierra, a v nejobl\u00edben\u011bj\u0161\u00edch vozech SUV GM, jako jsou Tahoe, Suburban, Yukon a Escalade, nab\u00edzej\u00ed vynikaj\u00edc\u00ed v\u00fdkon a n\u00edzkou spot\u0159ebu paliva. Po l\u00e9ta v\u0161ak byly poznamen\u00e1ny negativn\u00edmi vedlej\u0161\u00edmi \u00fa\u010dinky tov\u00e1rn\u00edho syst\u00e9mu DFM: nadm\u011brnou spot\u0159ebou oleje, zanesen\u00fdmi sv\u00ed\u010dkami, vadn\u00fdmi zdvih\u00e1tky ventil\u016f a sou\u010d\u00e1stmi ventilov\u00e9ho rozvodu, a dokonce i \u00fapln\u00fdm selh\u00e1n\u00edm motoru. Nedovolte, aby v\u00e1s v\u00e1\u0161 nov\u00fd motor GM V8 nechal na holi\u010dk\u00e1ch nebo abyste museli platit drah\u00e9 opravy. Zbavte se t\u011bchto starost\u00ed a nainstalujte zcela nov\u00fd modul DFM je\u0161t\u011b dnes!<\/p>\n<p data-start=\"1245\" data-end=\"1871\">Toto za\u0159\u00edzen\u00ed je skute\u010dn\u00fdm dvoj\u00edm \u0159e\u0161en\u00edm, proto\u017ee vyp\u00edn\u00e1 dv\u011b z nejv\u00edce frustruj\u00edc\u00edch funkc\u00ed va\u0161eho nov\u00e9ho n\u00e1kladn\u00edho vozidla nebo SUV: DFM a funkci automatick\u00e9ho startov\u00e1n\u00ed\/vyp\u00edn\u00e1n\u00ed motoru. Jednoduch\u00fdm zapojen\u00edm tohoto za\u0159\u00edzen\u00ed do \u0159\u00eddic\u00ed jednotky motoru z\u016fstanou oba syst\u00e9my trvale deaktivov\u00e1ny, tak\u017ee v\u00e1\u0161 motor bude pracovat bez probl\u00e9m\u016f a p\u0159eru\u0161en\u00ed. Sta\u010d\u00ed nasednout a odjet - bez obav z vyp\u00edn\u00e1n\u00ed v\u00e1lc\u016f a chyb\u011bj\u00edc\u00edho v\u00fdkonu nebo ze zadrh\u00e1v\u00e1n\u00ed motoru na ka\u017ed\u00e9m semaforu, zpo\u017e\u010fov\u00e1n\u00ed startu nebo ovliv\u0148ov\u00e1n\u00ed funkc\u00ed interi\u00e9ru, jako je klimatizace a z\u00e1bavn\u00ed syst\u00e9my.<\/p>\n<p data-start=\"1873\" data-end=\"2726\"><em data-start=\"1873\" data-end=\"2724\">U n\u011bkter\u00fdch vozidel m\u016f\u017ee z\u016fstat re\u017eim 0 v\u00e1lc\u016f aktivov\u00e1n p\u0159i j\u00edzd\u011b, i kdy\u017e je tento v\u00fdrobek nainstalov\u00e1n. B\u011bhem rozs\u00e1hl\u00e9ho testov\u00e1n\u00ed bylo zji\u0161t\u011bno, \u017ee \u00fapln\u00e1 deaktivace t\u00e9to funkce vede k ne\u017e\u00e1douc\u00edm j\u00edzdn\u00edm vlastnostem a bezpe\u010dnostn\u00edm probl\u00e9m\u016fm. Deaktivace re\u017eimu 0 v\u00e1lc\u016f p\u0159i poj\u00ed\u017ed\u011bn\u00ed vedla ke znateln\u00e9mu sn\u00ed\u017een\u00ed spot\u0159eby paliva, proto\u017ee motor nad\u00e1le vst\u0159ikuje palivo a vst\u0159ikova\u010de z\u016fst\u00e1vaj\u00ed aktivn\u00ed. To m\u016f\u017ee tak\u00e9 zp\u016fsobit nep\u0159\u00edjemn\u00fd pocit z j\u00edzdy p\u0159i zpomalov\u00e1n\u00ed, proto\u017ee se zd\u00e1, jako by vozidlo m\u00edrn\u011b zrychlovalo, p\u0159esto\u017ee nen\u00ed p\u0159id\u00e1v\u00e1n plyn. To vy\u017eaduje intenzivn\u011bj\u0161\u00ed brzd\u011bn\u00ed, zejm\u00e9na p\u0159i ta\u017een\u00ed nebo dlouh\u00e9 j\u00edzd\u011b z kopce, co\u017e m\u016f\u017ee v\u00e9st k ne\u017e\u00e1douc\u00edm j\u00edzdn\u00edm situac\u00edm.<\/em><\/p>\n<h3 data-start=\"2728\" data-end=\"2745\"><\/h3>\n<p>&nbsp;<\/p>\n<h3 data-start=\"2728\" data-end=\"2745\">Funkce:<\/h3>\n<ul data-start=\"2746\" data-end=\"4118\">\n<li data-start=\"2746\" data-end=\"2843\">Deaktivuje funkci Dynamic Fuel Management (DFM) a automatick\u00e9 spou\u0161t\u011bn\u00ed\/vyp\u00edn\u00e1n\u00ed motoru.<\/li>\n<li data-start=\"2844\" data-end=\"2915\">Inteligentn\u00ed inline technologie se hladce integruje s ECM.<\/li>\n<li data-start=\"2916\" data-end=\"3021\">Umo\u017e\u0148uje skute\u010dn\u00fd \"tov\u00e1rn\u00ed stav\" p\u0159i demont\u00e1\u017ei - \u017e\u00e1dn\u00e9 stopy pro bezprobl\u00e9mov\u00e9 n\u00e1v\u0161t\u011bvy servisu.<\/li>\n<li data-start=\"3022\" data-end=\"3222\">Trval\u00fd re\u017eim V8 zaji\u0161\u0165uje vy\u0161\u0161\u00ed v\u00fdkon podle pot\u0159eby, plynulej\u0161\u00ed j\u00edzdu, men\u0161\u00ed opot\u0159eben\u00ed motoru a ventilov\u00e9ho rozvodu a dlouhodob\u011b vy\u0161\u0161\u00ed spolehlivost motoru.<\/li>\n<li data-start=\"3223\" data-end=\"3352\">Vychutnejte si pln\u00fd zvuk motoru V8 a vyhn\u011bte se nep\u0159\u00edjemn\u00fdm v\u00fdfukov\u00fdm plyn\u016fm a \u0159evu d\u00edky re\u017eimu deaktivace v\u00e1lc\u016f.<\/li>\n<li data-start=\"3353\" data-end=\"3402\">Instalace Plug-and-play b\u011bhem n\u011bkolika minut<\/li>\n<li data-start=\"3552\" data-end=\"3693\">Chcete-li zkontrolovat kompatibilitu sv\u00e9ho vozu 2022 s t\u00edmto za\u0159\u00edzen\u00edm, zkontrolujte sv\u016fj VIN: 12. \u010d\u00edslice mus\u00ed b\u00fdt \"5\" nebo vy\u0161\u0161\u00ed.<\/li>\n<li data-start=\"3694\" data-end=\"3791\">Kompatibiln\u00ed se v\u0161emi modely n\u00e1kladn\u00edch vozidel 2023-2025 a SUV 2021-2024 s motory 5.3L a 6.2L.<\/li>\n<li data-start=\"3792\" data-end=\"3919\">V n\u011bkter\u00fdch aplikac\u00edch m\u016f\u017ee b\u00fdt re\u017eim 0 v\u00e1lc\u016f aktivn\u00ed i p\u0159i p\u0159ejezdu, pokud ECM rozpozn\u00e1 polohu \u0161krtic\u00ed klapky 0%.<\/li>\n<li data-start=\"3920\" data-end=\"4091\">Za\u0159\u00edzen\u00ed neovl\u00e1d\u00e1 sp\u00edna\u010d automatick\u00e9ho spu\u0161t\u011bn\u00ed\/vypnut\u00ed motoru na palubn\u00ed desce - kontrolka bude norm\u00e1ln\u011b sv\u00edtit, i kdy\u017e je syst\u00e9m trvale deaktivov\u00e1n.<\/li>\n<\/ul>\n<p>&nbsp;<\/p>\n<p><strong>Vhodn\u00e9 pro:<\/strong><\/p>\n<table width=\"482\">\n<tbody>\n<tr>\n<td>GM<\/td>\n<td>SUV<\/td>\n<td>5.3, 6.2<\/td>\n<td width=\"115\">2021 - 2024<\/td>\n<\/tr>\n<tr>\n<td>Cadillac<\/td>\n<td>1500 Truck<\/td>\n<td>5.3, 6.2<\/td>\n<td width=\"115\">2023 - 2025<\/td>\n<\/tr>\n<\/tbody>\n<\/table>\n<p>&nbsp;<\/p>\n<p><strong>Rozsah dod\u00e1vky:<\/strong><\/p>\n<ul>\n<li>Technologie Range RA007<\/li>\n<\/ul>\n<p>&nbsp;<\/p>\n<p><iframe loading=\"lazy\" title=\"Range Technology DFM Disabler Module (deaktivace deaktivace v\u00e1lc\u016f) pro GM SUV \/ 1500 Truck\" src=\"https:\/\/www.youtube.com\/embed\/v4lnxxhYXgA\" width=\"882\" height=\"496\" frameborder=\"0\" allowfullscreen=\"allowfullscreen\"><\/iframe><\/p>\n<p>&nbsp;<\/p>","protected":false},"excerpt":{"rendered":"<p>pro GM SUV \/ GM 1500 Truck<\/p>","protected":false},"featured_media":68317162,"comment_status":"open","ping_status":"closed","template":"","meta":{"_acf_changed":false},"product_brand":[],"product_cat":[10262,1410,3651,1524,3985,3982,3691,3708,3987,3698,3991,3714],"product_tag":[2066,2373,4526,6297,10814,12436,12437,10764,1203,1156,12433,10552,1205,4869,278,12446,12447,12448,1214,189,190,1206,281,1204,1052,10765,12419,12421,12426,12425,12416,12420,12417,12462,12460,12430,12418,12428,12427,12429,12461,427,12422,2038,119,12449,1221,1318,12453,12434,12435,12454,12451,12450,12456,12455,1201,1222,2934,36,328,1208,438,12452,1202,517,10801,12424,12415,12423,12442,12445,12444,12443,12438,12439,12440,12441,12413,10763,12459,12414,1216,299,10553,1209,1210,12432,12431,298,293,289,1213,918,198,194,12457,12458,1217,607,329],"class_list":{"0":"post-68317159","1":"product","2":"type-product","3":"status-publish","4":"has-post-thumbnail","6":"product_cat-alle-produkte","7":"product_cat-cadillac","8":"product_cat-escalade-zubehoer","9":"product_cat-avalanche","10":"product_cat-avalanche-motor","11":"product_cat-silverado-motor","12":"product_cat-silverado-zubehoer","13":"product_cat-suburban-zubehoer","14":"product_cat-tahoe-motor","15":"product_cat-tahoe-zubehoer","16":"product_cat-trailblazer-motor","17":"product_cat-trailblazer-zubehoer","18":"product_tag-2066","19":"product_tag-2373","20":"product_tag-4526","21":"product_tag-6297","22":"product_tag-10814","23":"product_tag-5-3-v8-dfm-off","24":"product_tag-6-2-v8-dfm-off","25":"product_tag-afm","26":"product_tag-ats","27":"product_tag-aufhebung","28":"product_tag-auto-start-stop-off-gm","29":"product_tag-avalance","30":"product_tag-avalanche","31":"product_tag-buick","32":"product_tag-cadillac","33":"product_tag-cadillac-1500-dfm-off","34":"product_tag-cadillac-1500-disabler","35":"product_tag-cadillac-dfm-abschalten","36":"product_tag-canyon","37":"product_tag-chevrolet","38":"product_tag-chevy","39":"product_tag-colorado","40":"product_tag-corvette","41":"product_tag-cts","42":"product_tag-delete","43":"product_tag-dfm","44":"product_tag-dfm-abschalten-gm","45":"product_tag-dfm-abschaltmodul-gm","46":"product_tag-dfm-abschaltung-sierra","47":"product_tag-dfm-abschaltung-silverado","48":"product_tag-dfm-deaktivator-gm","49":"product_tag-dfm-deaktivierer-gm","50":"product_tag-dfm-disabler-gm","51":"product_tag-dfm-dongle-gm","52":"product_tag-dfm-modul-fuer-gm","53":"product_tag-dfm-off-escalade","54":"product_tag-dfm-off-gm","55":"product_tag-dfm-off-suburban","56":"product_tag-dfm-off-tahoe","57":"product_tag-dfm-off-yukon","58":"product_tag-dfm-stecker-gm","59":"product_tag-diablosport","60":"product_tag-dynamic-fuel-management-deaktivieren-gm","61":"product_tag-encore","62":"product_tag-entfernen","63":"product_tag-escalade-dfm-deaktivieren","64":"product_tag-g8","65":"product_tag-gm","66":"product_tag-gm-dfm-abschalten-ohne-programmierung","67":"product_tag-gm-dfm-disabler-5-3","68":"product_tag-gm-dfm-disabler-6-2","69":"product_tag-gm-dfm-loesung","70":"product_tag-gm-suv-dfm-deaktivieren","71":"product_tag-gm-truck-dfm-deaktivieren","72":"product_tag-gm-v8-aktivieren","73":"product_tag-gm-v8-dauerhaft","74":"product_tag-gmc","75":"product_tag-grand-prix","76":"product_tag-harder","77":"product_tag-kraftwerk","78":"product_tag-mds","79":"product_tag-monte-carlo","80":"product_tag-obd","81":"product_tag-plug-play-dfm-off-gm","82":"product_tag-pontiac","83":"product_tag-programmiergeraet","84":"product_tag-ra007","85":"product_tag-range-dfm-abschalter","86":"product_tag-range-dfm-disabler","87":"product_tag-range-dfm-modul","88":"product_tag-range-disabler-escalade","89":"product_tag-range-disabler-gm-suv","90":"product_tag-range-disabler-gm-truck","91":"product_tag-range-disabler-sierra","92":"product_tag-range-disabler-silverado","93":"product_tag-range-disabler-suburban","94":"product_tag-range-disabler-tahoe","95":"product_tag-range-disabler-yukon","96":"product_tag-range-ra007","97":"product_tag-range-technology","98":"product_tag-range-technology-modul-kaufen","99":"product_tag-range-technology-ra007","100":"product_tag-sierra","101":"product_tag-silverado","102":"product_tag-silverado-1500","103":"product_tag-silveraldo","104":"product_tag-sonic","105":"product_tag-start-stop-abschalten-gm","106":"product_tag-start-stop-deaktivierung-gm","107":"product_tag-suburban","108":"product_tag-tahoe","109":"product_tag-trailblazer","110":"product_tag-trax","111":"product_tag-tuner","112":"product_tag-v6","113":"product_tag-v8","114":"product_tag-v8-always-on-gm","115":"product_tag-v8-immer-aktiv-gm","116":"product_tag-yukon","117":"product_tag-zylinder","118":"product_tag-zylinderabschaltung","120":"first","121":"instock","122":"taxable","123":"shipping-taxable","124":"purchasable","125":"product-type-simple"},"bundled_by":[],"bundle_stock_status":"instock","bundle_stock_quantity":5,"bundle_virtual":false,"bundle_layout":"","bundle_add_to_cart_form_location":"","bundle_editable_in_cart":false,"bundle_sold_individually_context":"","bundle_item_grouping":"","bundle_min_size":"","bundle_max_size":"","bundle_price":[],"bundled_items":[],"bundle_sell_ids":[],"exclude_global_add_ons":[],"addons":[],"acf":[],"_links":{"self":[{"href":"https:\/\/kraftwerk-shop.cc\/cs\/wp-json\/wp\/v2\/product\/68317159","targetHints":{"allow":["GET"]}}],"collection":[{"href":"https:\/\/kraftwerk-shop.cc\/cs\/wp-json\/wp\/v2\/product"}],"about":[{"href":"https:\/\/kraftwerk-shop.cc\/cs\/wp-json\/wp\/v2\/types\/product"}],"replies":[{"embeddable":true,"href":"https:\/\/kraftwerk-shop.cc\/cs\/wp-json\/wp\/v2\/comments?post=68317159"}],"version-history":[{"count":0,"href":"https:\/\/kraftwerk-shop.cc\/cs\/wp-json\/wp\/v2\/product\/68317159\/revisions"}],"wp:featuredmedia":[{"embeddable":true,"href":"https:\/\/kraftwerk-shop.cc\/cs\/wp-json\/wp\/v2\/media\/68317162"}],"wp:attachment":[{"href":"https:\/\/kraftwerk-shop.cc\/cs\/wp-json\/wp\/v2\/media?parent=68317159"}],"wp:term":[{"taxonomy":"product_brand","embeddable":true,"href":"https:\/\/kraftwerk-shop.cc\/cs\/wp-json\/wp\/v2\/product_brand?post=68317159"},{"taxonomy":"product_cat","embeddable":true,"href":"https:\/\/kraftwerk-shop.cc\/cs\/wp-json\/wp\/v2\/product_cat?post=68317159"},{"taxonomy":"product_tag","embeddable":true,"href":"https:\/\/kraftwerk-shop.cc\/cs\/wp-json\/wp\/v2\/product_tag?post=68317159"}],"curies":[{"name":"wp","href":"https:\/\/api.w.org\/{rel}","templated":true}]}}