{"id":68317500,"date":"2025-03-29T16:48:54","date_gmt":"2025-03-29T15:48:54","guid":{"rendered":"https:\/\/kraftwerk-shop.cc\/?post_type=product&#038;p=68317500"},"modified":"2026-02-15T01:18:55","modified_gmt":"2026-02-15T00:18:55","slug":"jl-oil-catch-can-jeep-compass","status":"publish","type":"product","link":"https:\/\/kraftwerk-shop.cc\/cs\/produkt\/jl-oil-catch-can-jeep-compass\/","title":{"rendered":"J&amp;L Oil Catch Can Jeep Compass 2.4"},"content":{"rendered":"<h1>J&amp;L Oil Catch Can pro Jeep Compass 2.4<\/h1>\n<p>&nbsp;<\/p>\n<ul>\n<li>Objem 90 ml<\/li>\n<li>Pevn\u00e1 konstrukce z polotovaru<\/li>\n<li>Rychlospojky PCV ve stylu OEM<\/li>\n<li>V\u00edcestup\u0148ov\u00fd filtra\u010dn\u00ed syst\u00e9m, kter\u00fd zachycuje nejjemn\u011bj\u0161\u00ed v\u00fdpary a zachycuje je ve snadno vyj\u00edmateln\u00e9m z\u00e1sobn\u00edku, zat\u00edmco \u010dist\u00fd vzduch proch\u00e1z\u00ed do sac\u00edho traktu.<\/li>\n<\/ul>\n<p>&nbsp;<\/p>\n<p><strong>Jak syst\u00e9m funguje?<\/strong><\/p>\n<p>Kdy\u017e je tlak v klikov\u00e9 sk\u0159\u00edni odv\u00e1d\u011bn p\u0159es sac\u00ed potrub\u00ed, dost\u00e1v\u00e1 se do sac\u00edho potrub\u00ed a sb\u011brn\u00e9ho potrub\u00ed velk\u00e9 mno\u017estv\u00ed oleje ve form\u011b v\u00fdpar\u016f a dokonce \u0159ed\u00ed benz\u00edn, co\u017e zp\u016fsobuje pokles oktanov\u00e9ho \u010d\u00edsla.<br \/>\nK tomu doch\u00e1z\u00ed u v\u0161ech motor\u016f a je\u0161t\u011b v\u00fdrazn\u011bji u vozidel s nucen\u00fdm p\u0159epl\u0148ov\u00e1n\u00edm (turbodmychadla a turbodmychadla), proto\u017ee se zvy\u0161uje tlak v klikov\u00e9 sk\u0159\u00edni.<br \/>\nProti tomu byl vyvinut odlu\u010dova\u010d oleje s vlastn\u00ed konstrukc\u00ed.<br \/>\nJe vyroben z masivn\u00edho hlin\u00edkov\u00e9ho polotovaru a p\u0159edstavuje pevn\u00fd d\u00edl. M\u00e1 vroubkovanou z\u00e1kladnu n\u00e1dr\u017ee, kter\u00e1 usnad\u0148uje vypou\u0161t\u011bn\u00ed pou\u017eit\u00e9ho oleje, a t\u011bsnic\u00ed O-krou\u017eek, kter\u00fd zabra\u0148uje \u00fanik\u016fm.<\/p>\n<p>Filtrace se skl\u00e1d\u00e1 ze s\u00edta z nerezov\u00e9 oceli s jemn\u00fdmi oky, kter\u00e9 zachycuje jemn\u00e9 olejov\u00e9 p\u00e1ry a uvol\u0148uje je, jakmile jsou dostate\u010dn\u011b t\u011b\u017ek\u00e9 na to, aby spadly dol\u016f.<br \/>\nPot\u00e9 proch\u00e1zej\u00ed p\u0159es 1\/2\u2033 siln\u00fd 1\/16\u2033 hlin\u00edkov\u00fd vo\u0161tinov\u00fd filtr, kde se zv\u011bt\u0161uj\u00ed a nakonec spadnou do n\u00e1doby.<br \/>\nPokud se olej dostane p\u0159es filtr, je p\u0159\u00edli\u0161 t\u011b\u017ek\u00fd na to, aby se dostal do sac\u00edho traktu.<br \/>\nSb\u011brn\u00e1 n\u00e1dobka pojme 90 ml kapaliny. Mo\u017en\u00e1 to nezn\u00ed jako mnoho, ale tolik oleje byste v syst\u00e9mu PCV nem\u011bli naj\u00edt.<\/p>\n<p>&nbsp;<\/p>\n<p><strong>Vhodn\u00e9 pro:<\/strong><\/p>\n<table width=\"419\">\n<tbody>\n<tr>\n<td width=\"220\">Jeep Compass 2.4<\/td>\n<td width=\"199\">2017\u20132022<\/td>\n<\/tr>\n<\/tbody>\n<\/table>\n<p>&nbsp;<\/p>\n<p><strong>Rozsah dod\u00e1vky<\/strong>:<\/p>\n<ul>\n<li>Oil Catch Can (\u010dern\u00e1)<\/li>\n<li>Dr\u017e\u00e1k<\/li>\n<li>Hadice<\/li>\n<li>P\u0159ipojen\u00ed<\/li>\n<li>N\u00e1vod k obsluze v n\u011bm\u010din\u011b a angli\u010dtin\u011b<\/li>\n<\/ul>\n<p>&nbsp;<\/p>","protected":false},"excerpt":{"rendered":"<p>2017\u20132022<\/p>","protected":false},"featured_media":68317503,"comment_status":"open","ping_status":"closed","template":"","meta":{"_acf_changed":false},"product_brand":[17171],"product_cat":[10810],"product_tag":[1105,248,249,250,251,252,419,420,2066,2373,10811,677,12114,12116,12106,12146,12111,12108,12112,12123,11962,11966,3245,11964,11963,11965,50,12118,12113,12115,12117,12139,12121,12119,12131,12140,12124,12120,12105,12134,12128,12132,12126,12129,12144,12125,12133,12143,12109,12142,12141,12107,12138,12136,12137,12145,12110,12122,903,1093,2444,36,84,82,12135,12104,12130,12127,85,3243,406,83,3242,86,3244],"class_list":{"0":"post-68317500","1":"product","2":"type-product","3":"status-publish","4":"has-post-thumbnail","6":"product_brand-jl","7":"product_cat-compass-oil-catch-can","8":"product_tag-2-4","9":"product_tag-248","10":"product_tag-249","11":"product_tag-250","12":"product_tag-251","13":"product_tag-252","14":"product_tag-419","15":"product_tag-420","16":"product_tag-2066","17":"product_tag-2373","18":"product_tag-3077d-b","19":"product_tag-compass","20":"product_tag-compass-2-4-oil-catch-can","21":"product_tag-compass-2-4-oelabscheider","22":"product_tag-compass-oil-catch-can","23":"product_tag-compass-oil-catch-can-2-4-tigershark","24":"product_tag-compass-oil-separator","25":"product_tag-compass-oelabscheider","26":"product_tag-compass-oelseparator","27":"product_tag-compass-pcv-oil-catch-can","28":"product_tag-jl-oil-catch-can","29":"product_tag-jl-oil-separator","30":"product_tag-jl-oil-separator-co","31":"product_tag-jl-oel-catch-can","32":"product_tag-jl-oelabscheider","33":"product_tag-jl-oelseparator","34":"product_tag-jeep","35":"product_tag-jeep-compass-2-4-motor-oelabscheider","36":"product_tag-jeep-compass-2-4-oil-catch-can","37":"product_tag-jeep-compass-2-4-oelabscheider","38":"product_tag-jeep-compass-2-4-oelseparator","39":"product_tag-jeep-compass-blow-by-abscheider","40":"product_tag-jeep-compass-blowby-catch-can","41":"product_tag-jeep-compass-catch-can","42":"product_tag-jeep-compass-catch-can-nachruesten","43":"product_tag-jeep-compass-kurbelgehaeuseentlueftung","44":"product_tag-jeep-compass-motorentlueftung","45":"product_tag-jeep-compass-oil-catch","46":"product_tag-jeep-compass-oil-catch-can","47":"product_tag-jeep-compass-oil-catch-can-bewertung","48":"product_tag-jeep-compass-oil-catch-can-einbau","49":"product_tag-jeep-compass-oil-catch-can-erfahrung","50":"product_tag-jeep-compass-oil-catch-can-kit","51":"product_tag-jeep-compass-oil-catch-can-nachruestung","52":"product_tag-jeep-compass-oil-catch-can-schwarz","53":"product_tag-jeep-compass-oil-catch-can-system","54":"product_tag-jeep-compass-oil-catch-can-test","55":"product_tag-jeep-compass-oil-catch-can-usa","56":"product_tag-jeep-compass-oil-separator","57":"product_tag-jeep-compass-oel-catch-can-ersatzteile","58":"product_tag-jeep-compass-oel-catch-can-zubehoer","59":"product_tag-jeep-compass-oelabscheider","60":"product_tag-jeep-compass-oelabscheider-einbau","61":"product_tag-jeep-compass-oelabscheider-kaufen","62":"product_tag-jeep-compass-oelabscheider-kit","63":"product_tag-jeep-compass-oelabscheider-schwarz","64":"product_tag-jeep-compass-oelseparator","65":"product_tag-jeep-compass-pcv-oelabscheider","66":"product_tag-jl","67":"product_tag-jlt","68":"product_tag-jlt-performance","69":"product_tag-kraftwerk","70":"product_tag-kurbelgehaeuseentlueftung","71":"product_tag-oil-catch-can","72":"product_tag-oil-catch-can-fuer-jeep-compass-2-4","73":"product_tag-oil-catch-can-jeep-compass","74":"product_tag-oil-catch-can-kaufen-jeep-compass","75":"product_tag-oil-catch-can-kit-jeep-compass","76":"product_tag-oil-catch-tank","77":"product_tag-oil-separator","78":"product_tag-oel","79":"product_tag-oelabscheider","80":"product_tag-osc","81":"product_tag-ram","82":"product_tag-separator","84":"first","85":"instock","86":"taxable","87":"shipping-taxable","88":"purchasable","89":"product-type-simple"},"bundled_by":[],"bundle_stock_status":"instock","bundle_stock_quantity":1,"bundle_virtual":false,"bundle_layout":"","bundle_add_to_cart_form_location":"","bundle_editable_in_cart":false,"bundle_sold_individually_context":"","bundle_item_grouping":"","bundle_min_size":"","bundle_max_size":"","bundle_price":[],"bundled_items":[],"bundle_sell_ids":[],"exclude_global_add_ons":[],"addons":[],"acf":[],"_links":{"self":[{"href":"https:\/\/kraftwerk-shop.cc\/cs\/wp-json\/wp\/v2\/product\/68317500","targetHints":{"allow":["GET"]}}],"collection":[{"href":"https:\/\/kraftwerk-shop.cc\/cs\/wp-json\/wp\/v2\/product"}],"about":[{"href":"https:\/\/kraftwerk-shop.cc\/cs\/wp-json\/wp\/v2\/types\/product"}],"replies":[{"embeddable":true,"href":"https:\/\/kraftwerk-shop.cc\/cs\/wp-json\/wp\/v2\/comments?post=68317500"}],"version-history":[{"count":0,"href":"https:\/\/kraftwerk-shop.cc\/cs\/wp-json\/wp\/v2\/product\/68317500\/revisions"}],"wp:featuredmedia":[{"embeddable":true,"href":"https:\/\/kraftwerk-shop.cc\/cs\/wp-json\/wp\/v2\/media\/68317503"}],"wp:attachment":[{"href":"https:\/\/kraftwerk-shop.cc\/cs\/wp-json\/wp\/v2\/media?parent=68317500"}],"wp:term":[{"taxonomy":"product_brand","embeddable":true,"href":"https:\/\/kraftwerk-shop.cc\/cs\/wp-json\/wp\/v2\/product_brand?post=68317500"},{"taxonomy":"product_cat","embeddable":true,"href":"https:\/\/kraftwerk-shop.cc\/cs\/wp-json\/wp\/v2\/product_cat?post=68317500"},{"taxonomy":"product_tag","embeddable":true,"href":"https:\/\/kraftwerk-shop.cc\/cs\/wp-json\/wp\/v2\/product_tag?post=68317500"}],"curies":[{"name":"wp","href":"https:\/\/api.w.org\/{rel}","templated":true}]}}