{"id":68317513,"date":"2025-03-29T18:03:02","date_gmt":"2025-03-29T17:03:02","guid":{"rendered":"https:\/\/kraftwerk-shop.cc\/?post_type=product&#038;p=68317513"},"modified":"2026-02-15T01:19:11","modified_gmt":"2026-02-15T00:19:11","slug":"jl-oil-catch-can-ram-1500-30-hurricane","status":"publish","type":"product","link":"https:\/\/kraftwerk-shop.cc\/cs\/produkt\/jl-oil-catch-can-ram-1500-30-hurricane\/","title":{"rendered":"J&amp;L Oil Catch Can RAM 1500 3.0 Hurricane"},"content":{"rendered":"<h1>J&amp;L Oil Catch Can pro RAM 1500 3.0 Hurricane<\/h1>\n<p>&nbsp;<\/p>\n<ul>\n<li>Objem 90 ml<\/li>\n<li>Pevn\u00e1 konstrukce z polotovaru<\/li>\n<li>Rychlospojky PCV ve stylu OEM<\/li>\n<li>V\u00edcestup\u0148ov\u00fd filtra\u010dn\u00ed syst\u00e9m, kter\u00fd zachycuje nejjemn\u011bj\u0161\u00ed v\u00fdpary a zachycuje je ve snadno vyj\u00edmateln\u00e9m z\u00e1sobn\u00edku, zat\u00edmco \u010dist\u00fd vzduch proch\u00e1z\u00ed do sac\u00edho traktu.<\/li>\n<\/ul>\n<p>&nbsp;<\/p>\n<p><strong>Jak syst\u00e9m funguje?<\/strong><\/p>\n<p>Kdy\u017e je tlak v klikov\u00e9 sk\u0159\u00edni odv\u00e1d\u011bn p\u0159es sac\u00ed potrub\u00ed, dost\u00e1v\u00e1 se do sac\u00edho potrub\u00ed a sb\u011brn\u00e9ho potrub\u00ed velk\u00e9 mno\u017estv\u00ed oleje ve form\u011b v\u00fdpar\u016f a dokonce \u0159ed\u00ed benz\u00edn, co\u017e zp\u016fsobuje pokles oktanov\u00e9ho \u010d\u00edsla.<br \/>\nK tomu doch\u00e1z\u00ed u v\u0161ech motor\u016f a je\u0161t\u011b v\u00fdrazn\u011bji u vozidel s nucen\u00fdm p\u0159epl\u0148ov\u00e1n\u00edm (turbodmychadla a turbodmychadla), proto\u017ee se zvy\u0161uje tlak v klikov\u00e9 sk\u0159\u00edni.<br \/>\nProti tomu byl vyvinut odlu\u010dova\u010d oleje s vlastn\u00ed konstrukc\u00ed.<br \/>\nJe vyroben z masivn\u00edho hlin\u00edkov\u00e9ho polotovaru a p\u0159edstavuje pevn\u00fd d\u00edl. M\u00e1 vroubkovanou z\u00e1kladnu n\u00e1dr\u017ee, kter\u00e1 usnad\u0148uje vypou\u0161t\u011bn\u00ed pou\u017eit\u00e9ho oleje, a t\u011bsnic\u00ed O-krou\u017eek, kter\u00fd zabra\u0148uje \u00fanik\u016fm.<\/p>\n<p>Filtrace se skl\u00e1d\u00e1 ze s\u00edta z nerezov\u00e9 oceli s jemn\u00fdmi oky, kter\u00e9 zachycuje jemn\u00e9 olejov\u00e9 p\u00e1ry a uvol\u0148uje je, jakmile jsou dostate\u010dn\u011b t\u011b\u017ek\u00e9 na to, aby spadly dol\u016f.<br \/>\nPot\u00e9 proch\u00e1zej\u00ed p\u0159es 1\/2\u2033 siln\u00fd 1\/16\u2033 hlin\u00edkov\u00fd vo\u0161tinov\u00fd filtr, kde se zv\u011bt\u0161uj\u00ed a nakonec spadnou do n\u00e1doby.<br \/>\nPokud se olej dostane p\u0159es filtr, je p\u0159\u00edli\u0161 t\u011b\u017ek\u00fd na to, aby se dostal do sac\u00edho traktu.<br \/>\nSb\u011brn\u00e1 n\u00e1dobka pojme 90 ml kapaliny. Mo\u017en\u00e1 to nezn\u00ed jako mnoho, ale tolik oleje byste v syst\u00e9mu PCV nem\u011bli naj\u00edt.<\/p>\n<p>&nbsp;<\/p>\n<p><strong>Vhodn\u00e9 pro:<\/strong><\/p>\n<table width=\"419\">\n<tbody>\n<tr>\n<td width=\"220\">RAM 1500 3.0 Hurricane<\/td>\n<td width=\"199\">2025<\/td>\n<\/tr>\n<\/tbody>\n<\/table>\n<p>&nbsp;<\/p>\n<p><strong>Rozsah dod\u00e1vky<\/strong>:<\/p>\n<ul>\n<li>Oil Catch Can (\u010dern\u00e1)<\/li>\n<li>Dr\u017e\u00e1k<\/li>\n<li>Hadice<\/li>\n<li>P\u0159ipojen\u00ed<\/li>\n<li>N\u00e1vod k obsluze v n\u011bm\u010din\u011b a angli\u010dtin\u011b<\/li>\n<\/ul>\n<p>&nbsp;<\/p>","protected":false},"excerpt":{"rendered":"<p>2025<\/p>","protected":false},"featured_media":68317515,"comment_status":"open","ping_status":"closed","template":"","meta":{"_acf_changed":false},"product_brand":[17171],"product_cat":[10813],"product_tag":[475,10814,10815,10816,11962,11966,3245,11964,11963,11965,50,903,1093,2444,36,84,82,12221,12216,12213,12190,85,3243,406,83,3242,86,12204,12199,12201,12203,12225,12207,12205,12217,12226,12210,12206,12191,12232,12220,12214,12218,12212,12215,12230,12211,12219,12229,12195,12228,12227,12193,12224,12222,12223,12231,12196,12208,12200,12202,12192,12197,12194,12198,12209,3244],"class_list":{"0":"post-68317513","1":"product","2":"type-product","3":"status-publish","4":"has-post-thumbnail","6":"product_brand-jl","7":"product_cat-1500-30-oil-catch-can","8":"product_tag-475","9":"product_tag-10814","10":"product_tag-30-tt-hurricane","11":"product_tag-3098d-b","12":"product_tag-jl-oil-catch-can","13":"product_tag-jl-oil-separator","14":"product_tag-jl-oil-separator-co","15":"product_tag-jl-oel-catch-can","16":"product_tag-jl-oelabscheider","17":"product_tag-jl-oelseparator","18":"product_tag-jeep","19":"product_tag-jl","20":"product_tag-jlt","21":"product_tag-jlt-performance","22":"product_tag-kraftwerk","23":"product_tag-kurbelgehaeuseentlueftung","24":"product_tag-oil-catch-can","25":"product_tag-oil-catch-can-fuer-ram-1500-3-0","26":"product_tag-oil-catch-can-kaufen-ram-1500","27":"product_tag-oil-catch-can-kit-ram-1500","28":"product_tag-oil-catch-can-ram-1500","29":"product_tag-oil-catch-tank","30":"product_tag-oil-separator","31":"product_tag-oel","32":"product_tag-oelabscheider","33":"product_tag-osc","34":"product_tag-ram","35":"product_tag-ram-1500-3-0-motor-oelabscheider","36":"product_tag-ram-1500-3-0-oil-catch-can","37":"product_tag-ram-1500-3-0-oelabscheider","38":"product_tag-ram-1500-3-0-oelseparator","39":"product_tag-ram-1500-blow-by-abscheider","40":"product_tag-ram-1500-blowby-catch-can","41":"product_tag-ram-1500-catch-can","42":"product_tag-ram-1500-catch-can-nachruesten","43":"product_tag-ram-1500-kurbelgehaeuseentlueftung","44":"product_tag-ram-1500-motorentlueftung","45":"product_tag-ram-1500-oil-catch","46":"product_tag-ram-1500-oil-catch-can","47":"product_tag-ram-1500-oil-catch-can-3-0-hurricane","48":"product_tag-ram-1500-oil-catch-can-bewertung","49":"product_tag-ram-1500-oil-catch-can-einbau","50":"product_tag-ram-1500-oil-catch-can-erfahrung","51":"product_tag-ram-1500-oil-catch-can-kit","52":"product_tag-ram-1500-oil-catch-can-nachruestung","53":"product_tag-ram-1500-oil-catch-can-schwarz","54":"product_tag-ram-1500-oil-catch-can-system","55":"product_tag-ram-1500-oil-catch-can-test","56":"product_tag-ram-1500-oil-catch-can-usa","57":"product_tag-ram-1500-oil-separator","58":"product_tag-ram-1500-oel-catch-can-ersatzteile","59":"product_tag-ram-1500-oel-catch-can-zubehoer","60":"product_tag-ram-1500-oelabscheider","61":"product_tag-ram-1500-oelabscheider-einbau","62":"product_tag-ram-1500-oelabscheider-kaufen","63":"product_tag-ram-1500-oelabscheider-kit","64":"product_tag-ram-1500-oelabscheider-schwarz","65":"product_tag-ram-1500-oelseparator","66":"product_tag-ram-1500-pcv-oelabscheider","67":"product_tag-ram-3-0-oil-catch-can","68":"product_tag-ram-3-0-oelabscheider","69":"product_tag-ram-oil-catch-can","70":"product_tag-ram-oil-separator","71":"product_tag-ram-oelabscheider","72":"product_tag-ram-oelseparator","73":"product_tag-ram-pcv-oil-catch-can","74":"product_tag-separator","75":"product_shipping_class-deutschlandohne","77":"first","78":"instock","79":"taxable","80":"shipping-taxable","81":"purchasable","82":"product-type-simple"},"bundled_by":[],"bundle_stock_status":"instock","bundle_stock_quantity":2,"bundle_virtual":false,"bundle_layout":"","bundle_add_to_cart_form_location":"","bundle_editable_in_cart":false,"bundle_sold_individually_context":"","bundle_item_grouping":"","bundle_min_size":"","bundle_max_size":"","bundle_price":[],"bundled_items":[],"bundle_sell_ids":[],"exclude_global_add_ons":[],"addons":[],"acf":[],"_links":{"self":[{"href":"https:\/\/kraftwerk-shop.cc\/cs\/wp-json\/wp\/v2\/product\/68317513","targetHints":{"allow":["GET"]}}],"collection":[{"href":"https:\/\/kraftwerk-shop.cc\/cs\/wp-json\/wp\/v2\/product"}],"about":[{"href":"https:\/\/kraftwerk-shop.cc\/cs\/wp-json\/wp\/v2\/types\/product"}],"replies":[{"embeddable":true,"href":"https:\/\/kraftwerk-shop.cc\/cs\/wp-json\/wp\/v2\/comments?post=68317513"}],"version-history":[{"count":0,"href":"https:\/\/kraftwerk-shop.cc\/cs\/wp-json\/wp\/v2\/product\/68317513\/revisions"}],"wp:featuredmedia":[{"embeddable":true,"href":"https:\/\/kraftwerk-shop.cc\/cs\/wp-json\/wp\/v2\/media\/68317515"}],"wp:attachment":[{"href":"https:\/\/kraftwerk-shop.cc\/cs\/wp-json\/wp\/v2\/media?parent=68317513"}],"wp:term":[{"taxonomy":"product_brand","embeddable":true,"href":"https:\/\/kraftwerk-shop.cc\/cs\/wp-json\/wp\/v2\/product_brand?post=68317513"},{"taxonomy":"product_cat","embeddable":true,"href":"https:\/\/kraftwerk-shop.cc\/cs\/wp-json\/wp\/v2\/product_cat?post=68317513"},{"taxonomy":"product_tag","embeddable":true,"href":"https:\/\/kraftwerk-shop.cc\/cs\/wp-json\/wp\/v2\/product_tag?post=68317513"}],"curies":[{"name":"wp","href":"https:\/\/api.w.org\/{rel}","templated":true}]}}