{"id":68317540,"date":"2025-03-29T19:27:04","date_gmt":"2025-03-29T18:27:04","guid":{"rendered":"https:\/\/kraftwerk-shop.cc\/?post_type=product&#038;p=68317540"},"modified":"2026-02-15T01:18:54","modified_gmt":"2026-02-15T00:18:54","slug":"jl-oil-catch-can-hellcat-strana-ridice","status":"publish","type":"product","link":"https:\/\/kraftwerk-shop.cc\/cs\/produkt\/jl-oil-catch-can-hellcat-fahrerseite\/","title":{"rendered":"J&amp;L Oil Catch Can Hellcat - strana \u0159idi\u010de"},"content":{"rendered":"<h1>J&amp;L 3.0 Oil Catch Can pro Dodge Challenger a Charger Hellcat - strana \u0159idi\u010de, 2015 - 2017<\/h1>\n<p>&nbsp;<\/p>\n<ul>\n<li>Objem 90 ml<\/li>\n<li>Pevn\u00e1 konstrukce z polotovaru<\/li>\n<li>Rychlospojky PCV ve stylu OEM<\/li>\n<li>V\u00edcestup\u0148ov\u00fd filtra\u010dn\u00ed syst\u00e9m, kter\u00fd zachycuje nejjemn\u011bj\u0161\u00ed v\u00fdpary a zachycuje je ve snadno vyj\u00edmateln\u00e9m z\u00e1sobn\u00edku, zat\u00edmco \u010dist\u00fd vzduch proch\u00e1z\u00ed do sac\u00edho traktu.<\/li>\n<\/ul>\n<p>&nbsp;<\/p>\n<p><strong>Jak syst\u00e9m funguje?<\/strong><\/p>\n<p>Kdy\u017e je tlak v klikov\u00e9 sk\u0159\u00edni odv\u00e1d\u011bn p\u0159es sac\u00ed potrub\u00ed, dost\u00e1v\u00e1 se do sac\u00edho potrub\u00ed a sb\u011brn\u00e9ho potrub\u00ed velk\u00e9 mno\u017estv\u00ed oleje ve form\u011b v\u00fdpar\u016f a dokonce \u0159ed\u00ed benz\u00edn, co\u017e zp\u016fsobuje pokles oktanov\u00e9ho \u010d\u00edsla.<br \/>\nK tomu doch\u00e1z\u00ed u v\u0161ech motor\u016f a je\u0161t\u011b v\u00fdrazn\u011bji u vozidel s nucen\u00fdm p\u0159epl\u0148ov\u00e1n\u00edm (turbodmychadla a turbodmychadla), proto\u017ee se zvy\u0161uje tlak v klikov\u00e9 sk\u0159\u00edni.<br \/>\nProti tomu byl vyvinut odlu\u010dova\u010d oleje s vlastn\u00ed konstrukc\u00ed.<br \/>\nJe vyroben z masivn\u00edho hlin\u00edkov\u00e9ho polotovaru a p\u0159edstavuje pevn\u00fd d\u00edl. M\u00e1 vroubkovanou z\u00e1kladnu n\u00e1dr\u017ee, kter\u00e1 usnad\u0148uje vypou\u0161t\u011bn\u00ed pou\u017eit\u00e9ho oleje, a t\u011bsnic\u00ed O-krou\u017eek, kter\u00fd zabra\u0148uje \u00fanik\u016fm.<\/p>\n<p>Filtrace se skl\u00e1d\u00e1 ze s\u00edta z nerezov\u00e9 oceli s jemn\u00fdmi oky, kter\u00e9 zachycuje jemn\u00e9 olejov\u00e9 p\u00e1ry a uvol\u0148uje je, jakmile jsou dostate\u010dn\u011b t\u011b\u017ek\u00e9 na to, aby spadly dol\u016f.<br \/>\nPot\u00e9 proch\u00e1zej\u00ed p\u0159es 1\/2\u2033 siln\u00fd 1\/16\u2033 hlin\u00edkov\u00fd vo\u0161tinov\u00fd filtr, kde se zv\u011bt\u0161uj\u00ed a nakonec spadnou do n\u00e1doby.<br \/>\nPokud se olej dostane p\u0159es filtr, je p\u0159\u00edli\u0161 t\u011b\u017ek\u00fd na to, aby se dostal do sac\u00edho traktu.<br \/>\nSb\u011brn\u00e1 n\u00e1dobka pojme 90 ml kapaliny. Mo\u017en\u00e1 to nezn\u00ed jako mnoho, ale tolik oleje byste v syst\u00e9mu PCV nem\u011bli naj\u00edt.<\/p>\n<p>&nbsp;<\/p>\n<p><strong>Vhodn\u00e9 pro:<\/strong><\/p>\n<table width=\"419\">\n<tbody>\n<tr>\n<td width=\"220\">Dodge Charger Hellcat<\/td>\n<td width=\"199\">2015-2017<\/td>\n<\/tr>\n<tr>\n<td width=\"220\">Dodge Challenger Hellcat<\/td>\n<td width=\"199\">2015-2017<\/td>\n<\/tr>\n<\/tbody>\n<\/table>\n<p>Vhodn\u00e9 pouze pro modely Hellcat z let 2015-2017, NE pro 2018 a nov\u011bj\u0161\u00ed!<\/p>\n<p>&nbsp;<\/p>\n<p>&nbsp;<\/p>\n<p><strong>Rozsah dod\u00e1vky<\/strong>:<\/p>\n<ul>\n<li>Oil Catch Can (\u010dern\u00e1)<\/li>\n<li>Dr\u017e\u00e1k<\/li>\n<li>Hadice<\/li>\n<li>P\u0159ipojen\u00ed<\/li>\n<li>N\u00e1vod k obsluze v n\u011bm\u010din\u011b a angli\u010dtin\u011b<\/li>\n<\/ul>\n<p>&nbsp;<\/p>","protected":false},"excerpt":{"rendered":"<p>2015\u20132017<\/p>","protected":false},"featured_media":68317548,"comment_status":"open","ping_status":"closed","template":"","meta":{"_acf_changed":false},"product_brand":[17171],"product_cat":[1693,1628],"product_tag":[249,250,251,10817,101,54,53,49,3853,3854,10818,100,12327,12324,12325,12326,12348,12330,12328,12340,12349,12333,12329,12320,12360,12343,12357,12337,12341,12356,12355,12362,12358,12335,12366,12359,12338,12364,12353,12334,12365,12342,12352,12361,12363,12322,12351,12350,12321,12347,12345,12346,12354,12323,12332,12331,11962,11966,3245,11964,11963,11965,903,1093,2444,2234,36,84,82,12344,12319,12339,12336,85,3243,406,83,3242,3244,102],"class_list":{"0":"post-68317540","1":"product","2":"type-product","3":"status-publish","4":"has-post-thumbnail","6":"product_brand-jl","7":"product_cat-challenger-hellcat-oil-catch-can","8":"product_cat-charger-hellcat-oil-catch-can","9":"product_tag-249","10":"product_tag-250","11":"product_tag-251","12":"product_tag-3060d-b","13":"product_tag-6-2","14":"product_tag-challenger","15":"product_tag-charger","16":"product_tag-dodge","17":"product_tag-dodge-challenger","18":"product_tag-dodge-charger","19":"product_tag-fahrerseite","20":"product_tag-hellcat","21":"product_tag-hellcat-6-2-motor-oelabscheider","22":"product_tag-hellcat-6-2-oil-catch-can","23":"product_tag-hellcat-6-2-oelabscheider","24":"product_tag-hellcat-6-2-oelseparator","25":"product_tag-hellcat-blow-by-abscheider","26":"product_tag-hellcat-blowby-catch-can","27":"product_tag-hellcat-catch-can","28":"product_tag-hellcat-catch-can-nachruesten","29":"product_tag-hellcat-kurbelgehaeuseentlueftung","30":"product_tag-hellcat-motorentlueftung","31":"product_tag-hellcat-oil-catch","32":"product_tag-hellcat-oil-catch-can","33":"product_tag-hellcat-oil-catch-can-anleitung","34":"product_tag-hellcat-oil-catch-can-bewertung","35":"product_tag-hellcat-oil-catch-can-driver-side","36":"product_tag-hellcat-oil-catch-can-einbau","37":"product_tag-hellcat-oil-catch-can-erfahrung","38":"product_tag-hellcat-oil-catch-can-fahrer-seite","39":"product_tag-hellcat-oil-catch-can-fahrerseite","40":"product_tag-hellcat-oil-catch-can-funktion","41":"product_tag-hellcat-oil-catch-can-installation","42":"product_tag-hellcat-oil-catch-can-kit","43":"product_tag-hellcat-oil-catch-can-kit-fahrerseite","44":"product_tag-hellcat-oil-catch-can-montage","45":"product_tag-hellcat-oil-catch-can-nachruestung","46":"product_tag-hellcat-oil-catch-can-reinigung","47":"product_tag-hellcat-oil-catch-can-schwarz","48":"product_tag-hellcat-oil-catch-can-system","49":"product_tag-hellcat-oil-catch-can-system-fahrerseite","50":"product_tag-hellcat-oil-catch-can-test","51":"product_tag-hellcat-oil-catch-can-usa","52":"product_tag-hellcat-oil-catch-can-vorteile","53":"product_tag-hellcat-oil-catch-can-wartung","54":"product_tag-hellcat-oil-separator","55":"product_tag-hellcat-oel-catch-can-ersatzteile","56":"product_tag-hellcat-oel-catch-can-zubehoer","57":"product_tag-hellcat-oelabscheider","58":"product_tag-hellcat-oelabscheider-einbau","59":"product_tag-hellcat-oelabscheider-kaufen","60":"product_tag-hellcat-oelabscheider-kit","61":"product_tag-hellcat-oelabscheider-schwarz","62":"product_tag-hellcat-oelseparator","63":"product_tag-hellcat-pcv-oil-catch-can","64":"product_tag-hellcat-pcv-oelabscheider","65":"product_tag-jl-oil-catch-can","66":"product_tag-jl-oil-separator","67":"product_tag-jl-oil-separator-co","68":"product_tag-jl-oel-catch-can","69":"product_tag-jl-oelabscheider","70":"product_tag-jl-oelseparator","71":"product_tag-jl","72":"product_tag-jlt","73":"product_tag-jlt-performance","74":"product_tag-jlt3060p","75":"product_tag-kraftwerk","76":"product_tag-kurbelgehaeuseentlueftung","77":"product_tag-oil-catch-can","78":"product_tag-oil-catch-can-fuer-hellcat-6-2","79":"product_tag-oil-catch-can-hellcat","80":"product_tag-oil-catch-can-kaufen-hellcat","81":"product_tag-oil-catch-can-kit-hellcat","82":"product_tag-oil-catch-tank","83":"product_tag-oil-separator","84":"product_tag-oel","85":"product_tag-oelabscheider","86":"product_tag-osc","87":"product_tag-separator","88":"product_tag-trackhawk","90":"first","91":"instock","92":"taxable","93":"shipping-taxable","94":"purchasable","95":"product-type-simple"},"bundled_by":[],"bundle_stock_status":"instock","bundle_stock_quantity":1,"bundle_virtual":false,"bundle_layout":"","bundle_add_to_cart_form_location":"","bundle_editable_in_cart":false,"bundle_sold_individually_context":"","bundle_item_grouping":"","bundle_min_size":"","bundle_max_size":"","bundle_price":[],"bundled_items":[],"bundle_sell_ids":[],"exclude_global_add_ons":[],"addons":[],"acf":[],"_links":{"self":[{"href":"https:\/\/kraftwerk-shop.cc\/cs\/wp-json\/wp\/v2\/product\/68317540","targetHints":{"allow":["GET"]}}],"collection":[{"href":"https:\/\/kraftwerk-shop.cc\/cs\/wp-json\/wp\/v2\/product"}],"about":[{"href":"https:\/\/kraftwerk-shop.cc\/cs\/wp-json\/wp\/v2\/types\/product"}],"replies":[{"embeddable":true,"href":"https:\/\/kraftwerk-shop.cc\/cs\/wp-json\/wp\/v2\/comments?post=68317540"}],"version-history":[{"count":0,"href":"https:\/\/kraftwerk-shop.cc\/cs\/wp-json\/wp\/v2\/product\/68317540\/revisions"}],"wp:featuredmedia":[{"embeddable":true,"href":"https:\/\/kraftwerk-shop.cc\/cs\/wp-json\/wp\/v2\/media\/68317548"}],"wp:attachment":[{"href":"https:\/\/kraftwerk-shop.cc\/cs\/wp-json\/wp\/v2\/media?parent=68317540"}],"wp:term":[{"taxonomy":"product_brand","embeddable":true,"href":"https:\/\/kraftwerk-shop.cc\/cs\/wp-json\/wp\/v2\/product_brand?post=68317540"},{"taxonomy":"product_cat","embeddable":true,"href":"https:\/\/kraftwerk-shop.cc\/cs\/wp-json\/wp\/v2\/product_cat?post=68317540"},{"taxonomy":"product_tag","embeddable":true,"href":"https:\/\/kraftwerk-shop.cc\/cs\/wp-json\/wp\/v2\/product_tag?post=68317540"}],"curies":[{"name":"wp","href":"https:\/\/api.w.org\/{rel}","templated":true}]}}