{"id":68317549,"date":"2025-03-29T20:56:17","date_gmt":"2025-03-29T19:56:17","guid":{"rendered":"https:\/\/kraftwerk-shop.cc\/?post_type=product&#038;p=68317549"},"modified":"2026-04-15T13:24:25","modified_gmt":"2026-04-15T11:24:25","slug":"mopar-vodni-cerpadlo-ram-trx-68430016aa","status":"publish","type":"product","link":"https:\/\/kraftwerk-shop.cc\/cs\/produkt\/mopar-wasserpumpe-ram-trx-68430016aa\/","title":{"rendered":"Mopar Vodn\u00ed \u010derpadlo mezichladi\u010de RAM TRX (68430016AA)"},"content":{"rendered":"<h1>Origin\u00e1ln\u00ed Mopar vodn\u00ed \u010derpadlo pro mezichlazen\u00ed (68430016AA) pro RAM TRX<\/h1>\n<p>&nbsp;<\/p>\n<p><span lang=\"DE\"><strong>\u010c\u00edslo d\u00edlu Mopar:<\/strong> 68430016AA<br \/>\n<strong>Nahrazeno: <\/strong><span class=\"list-value\">\u2014<\/span><\/span><\/p>\n<p>&nbsp;<\/p>\n<p><strong>Vhodn\u00e9 pro:<\/strong><\/p>\n<table width=\"687\">\n<tbody>\n<tr>\n<td width=\"80\"><strong>Rok v\u00fdstavby<\/strong><\/td>\n<td width=\"80\"><strong>Zna\u010dka\u00a0<\/strong><\/td>\n<td width=\"121\"><strong>Model<\/strong><\/td>\n<td width=\"208\"><strong>Verze<\/strong><\/td>\n<td width=\"198\"><strong>Motor<\/strong><\/td>\n<\/tr>\n<tr>\n<td width=\"80\">2024<\/td>\n<td width=\"80\">Ram<\/td>\n<td width=\"121\">1500<\/td>\n<td width=\"208\">TRX<\/td>\n<td width=\"198\">6.2L<\/td>\n<\/tr>\n<tr>\n<td width=\"80\">2023<\/td>\n<td width=\"80\">Ram<\/td>\n<td width=\"121\">1500<\/td>\n<td width=\"208\">TRX<\/td>\n<td width=\"198\">6.2L<\/td>\n<\/tr>\n<tr>\n<td width=\"80\">2022<\/td>\n<td width=\"80\">Ram<\/td>\n<td width=\"121\">1500<\/td>\n<td width=\"208\">TRX<\/td>\n<td width=\"198\">6.2L<\/td>\n<\/tr>\n<tr>\n<td width=\"80\">2021<\/td>\n<td width=\"80\">Ram<\/td>\n<td width=\"121\">1500<\/td>\n<td width=\"208\">TRX<\/td>\n<td width=\"198\">6.2L<\/td>\n<\/tr>\n<\/tbody>\n<\/table>\n<p>&nbsp;<\/p>\n<p>&nbsp;<\/p>\n<h4>Pro\u010d si vybrat origin\u00e1ln\u00ed n\u00e1hradn\u00ed d\u00edly Mopar?<\/h4>\n<p><strong>Perfektn\u011b padnouc\u00ed a \u0161pi\u010dkov\u00e9 kvality:<\/strong> Origin\u00e1ln\u00ed n\u00e1hradn\u00ed d\u00edly Mopar jsou vyr\u00e1b\u011bny podle p\u0159\u00edsn\u00fdch specifikac\u00ed v\u00fdrobce, co\u017e znamen\u00e1, \u017ee do va\u0161eho vozidla dokonale pasuj\u00ed. T\u00edm je zaji\u0161t\u011bna nejen snadn\u00e1 instalace, ale tak\u00e9 optim\u00e1ln\u00ed funkce a bezpe\u010dnost.<\/p>\n<p><strong>Spolehlivost a trvanlivost:<\/strong> D\u00edky pou\u017eit\u00ed vysoce kvalitn\u00edch materi\u00e1l\u016f a p\u0159\u00edsn\u00e9 kontrole kvality zaji\u0161\u0165uj\u00ed n\u00e1hradn\u00ed d\u00edly Mopar spolehlivou funkci va\u0161eho vozidla i v extr\u00e9mn\u00edch podm\u00ednk\u00e1ch. Jsou navr\u017eeny tak, aby vydr\u017eely a maximalizovaly v\u00fdkon va\u0161eho vozidla.<\/p>\n<p>&nbsp;<\/p>\n<p>&nbsp;<\/p>","protected":false},"excerpt":{"rendered":"<p>Origin\u00e1ln\u00ed d\u00edl Mopar<\/p>","protected":false},"featured_media":68317551,"comment_status":"open","ping_status":"closed","template":"","meta":{"_acf_changed":false},"product_brand":[16270],"product_cat":[2702],"product_tag":[12367,2066,2373,4526,6297,10819,12377,664,12384,1398,31,12369,12368,8813,9424,16271,12376,12389,16273,16275,16272,16274,12383,12372,7221,10821,12388,10820,12412,12411,12381,12382,12373,12378,12387,12386,12374,12375,12391,12379,12390,12370,12394,12398,12399,12404,12402,12409,12393,12406,12401,12407,12396,12395,12410,12400,12405,12403,12392,12397,12408,5254,12380,12385,12371],"class_list":{"0":"post-68317549","1":"product","2":"type-product","3":"status-publish","4":"has-post-thumbnail","6":"product_brand-mopar","7":"product_cat-trx-kuehlung","8":"product_tag-068430016aa","9":"product_tag-2066","10":"product_tag-2373","11":"product_tag-4526","12":"product_tag-6297","13":"product_tag-68430016aa","14":"product_tag-intercooler-wasserpumpe-ram-trx","15":"product_tag-kuehlung","16":"product_tag-kuehlwasserpumpe-ram-trx","17":"product_tag-ladeluftkuehlung","18":"product_tag-mopar","19":"product_tag-mopar-068430016aa","20":"product_tag-mopar-68430016aa","21":"product_tag-mopar-autoteile","22":"product_tag-mopar-ersatzteile","23":"product_tag-mopar-ersatzteile-kaufen","24":"product_tag-mopar-kuehlmittelpumpe-trx","25":"product_tag-mopar-original-wasserpumpe-ram-trx","26":"product_tag-mopar-performance-teile","27":"product_tag-mopar-teile-katalog","28":"product_tag-mopar-teile-online","29":"product_tag-mopar-tuningteile","30":"product_tag-mopar-wasserpumpe-6-2-trx","31":"product_tag-mopar-wasserpumpe-ram-trx","32":"product_tag-mopar10","33":"product_tag-niedertemperaturkreislauf","34":"product_tag-originalteil-ram-trx-wasserpumpe","35":"product_tag-pumpe","36":"product_tag-ram-1500-trx-kuehlmittelpumpe","37":"product_tag-ram-1500-trx-wasserpumpe","38":"product_tag-ram-trx-6-2-wasserpumpe","39":"product_tag-ram-trx-6-2l-kuehlmittelpumpe","40":"product_tag-ram-trx-kuehlmittelpumpe","41":"product_tag-ram-trx-kuehlung-wasserpumpe","42":"product_tag-ram-trx-kuehlwasserpumpe-original","43":"product_tag-ram-trx-ladeluftkuehler-wasserpumpe-kaufen","44":"product_tag-ram-trx-ladeluftkuehlerpumpe","45":"product_tag-ram-trx-ladeluftkuehlung-wasserpumpe","46":"product_tag-ram-trx-pumpe-ersetzen","47":"product_tag-ram-trx-pumpe-ladeluftkuehlung","48":"product_tag-ram-trx-pumpe-wechseln","49":"product_tag-ram-trx-wasserpumpe","50":"product_tag-ram-trx-wasserpumpe-anleitung","51":"product_tag-ram-trx-wasserpumpe-austausch","52":"product_tag-ram-trx-wasserpumpe-bestellen","53":"product_tag-ram-trx-wasserpumpe-defekt","54":"product_tag-ram-trx-wasserpumpe-diagnose","55":"product_tag-ram-trx-wasserpumpe-dichtung","56":"product_tag-ram-trx-wasserpumpe-einbau","57":"product_tag-ram-trx-wasserpumpe-erkennen","58":"product_tag-ram-trx-wasserpumpe-funktion","59":"product_tag-ram-trx-wasserpumpe-kit","60":"product_tag-ram-trx-wasserpumpe-leistung","61":"product_tag-ram-trx-wasserpumpe-oem","62":"product_tag-ram-trx-wasserpumpe-oem-teil","63":"product_tag-ram-trx-wasserpumpe-online-kaufen","64":"product_tag-ram-trx-wasserpumpe-probleme","65":"product_tag-ram-trx-wasserpumpe-pruefen","66":"product_tag-ram-trx-wasserpumpe-reparatur","67":"product_tag-ram-trx-wasserpumpe-undichtigkeit","68":"product_tag-ram-trx-wasserpumpe-zubehoer","69":"product_tag-wasserpumpe","70":"product_tag-wasserpumpe-6-2-ram-trx","71":"product_tag-wasserpumpe-mopar-6-2-ram","72":"product_tag-wasserpumpe-ram-trx","73":"product_shipping_class-deutschlandohne","75":"first","76":"onbackorder","77":"taxable","78":"shipping-taxable","79":"purchasable","80":"product-type-simple"},"bundled_by":[],"bundle_stock_status":"onbackorder","bundle_stock_quantity":0,"bundle_virtual":false,"bundle_layout":"","bundle_add_to_cart_form_location":"","bundle_editable_in_cart":false,"bundle_sold_individually_context":"","bundle_item_grouping":"","bundle_min_size":"","bundle_max_size":"","bundle_price":[],"bundled_items":[],"bundle_sell_ids":[],"exclude_global_add_ons":[],"addons":[],"acf":[],"_links":{"self":[{"href":"https:\/\/kraftwerk-shop.cc\/cs\/wp-json\/wp\/v2\/product\/68317549","targetHints":{"allow":["GET"]}}],"collection":[{"href":"https:\/\/kraftwerk-shop.cc\/cs\/wp-json\/wp\/v2\/product"}],"about":[{"href":"https:\/\/kraftwerk-shop.cc\/cs\/wp-json\/wp\/v2\/types\/product"}],"replies":[{"embeddable":true,"href":"https:\/\/kraftwerk-shop.cc\/cs\/wp-json\/wp\/v2\/comments?post=68317549"}],"version-history":[{"count":0,"href":"https:\/\/kraftwerk-shop.cc\/cs\/wp-json\/wp\/v2\/product\/68317549\/revisions"}],"wp:featuredmedia":[{"embeddable":true,"href":"https:\/\/kraftwerk-shop.cc\/cs\/wp-json\/wp\/v2\/media\/68317551"}],"wp:attachment":[{"href":"https:\/\/kraftwerk-shop.cc\/cs\/wp-json\/wp\/v2\/media?parent=68317549"}],"wp:term":[{"taxonomy":"product_brand","embeddable":true,"href":"https:\/\/kraftwerk-shop.cc\/cs\/wp-json\/wp\/v2\/product_brand?post=68317549"},{"taxonomy":"product_cat","embeddable":true,"href":"https:\/\/kraftwerk-shop.cc\/cs\/wp-json\/wp\/v2\/product_cat?post=68317549"},{"taxonomy":"product_tag","embeddable":true,"href":"https:\/\/kraftwerk-shop.cc\/cs\/wp-json\/wp\/v2\/product_tag?post=68317549"}],"curies":[{"name":"wp","href":"https:\/\/api.w.org\/{rel}","templated":true}]}}