{"id":68317589,"date":"2025-03-30T14:19:48","date_gmt":"2025-03-30T12:19:48","guid":{"rendered":"https:\/\/kraftwerk-shop.cc\/?post_type=product&#038;p=68317589"},"modified":"2026-04-13T21:52:26","modified_gmt":"2026-04-13T19:52:26","slug":"bd-rozvod-vyfukovych-ram-2500-3500-57","status":"publish","type":"product","link":"https:\/\/kraftwerk-shop.cc\/cs\/produkt\/bd-abgaskruemmer-ram-2500-3500-57\/","title":{"rendered":"BD Sada v\u00fdfukov\u00e9ho potrub\u00ed RAM 2500 &amp; 3500 5.7"},"content":{"rendered":"<h1>Sada v\u00fdfukov\u00e9ho potrub\u00ed pro RAM 2500 &amp; 3500 5.7 od roku 2009 do roku 2018<\/h1>\n<p>&nbsp;<\/p>\n<p>Praskl\u00e9 a net\u011bsn\u00e9 v\u00fdfukov\u00e9 potrub\u00ed u vozidel RAM 2500 a 3500 je bohu\u017eel sp\u00ed\u0161e pravidlem ne\u017e v\u00fdjimkou. Dos\u00e1hn\u011bte vy\u0161\u0161\u00ed \u017eivotnosti s vylep\u0161enou sadou v\u00fdfukov\u00e9ho potrub\u00ed pro n\u00e1kladn\u00ed vozy Dodge\/RAM, speci\u00e1ln\u011b vyvinutou pro motory 5,7 l HEMI.<br \/>\nRozd\u011blova\u010de BD Upgrade \u0159e\u0161\u00ed b\u011b\u017en\u00e9 probl\u00e9my se \u0161rouby rozd\u011blova\u010de pou\u017eit\u00edm prodlou\u017een\u00fdch spojovac\u00edch prvk\u016f a distan\u010dn\u00edch podlo\u017eek, kter\u00e9 \u00fa\u010dinn\u011b odol\u00e1vaj\u00ed tepeln\u00e9 rozta\u017enosti.<br \/>\nKrom\u011b toho byly pro tepeln\u00fd \u0161t\u00edt navr\u017eeny nez\u00e1visl\u00e9 mont\u00e1\u017en\u00ed body, kter\u00e9 jej odd\u011bluj\u00ed od mont\u00e1\u017en\u00edch \u0161roub\u016f a d\u00e1le zvy\u0161uj\u00ed spolehlivost.<br \/>\nRozd\u011blova\u010de BD jsou vyrobeny s vysokou p\u0159esnost\u00ed, vyzna\u010duj\u00ed se robustn\u00ed silnost\u011bnnou konstrukc\u00ed a jsou vyrobeny z tv\u00e1rn\u00e9 litiny s vysok\u00fdm obsahem k\u0159em\u00edku, kter\u00e1 zabra\u0148uje deformaci a zaji\u0161\u0165uje, \u017ee va\u0161e vozidlo z\u016fstane dlouhodob\u011b v nejlep\u0161\u00ed kondici.<\/p>\n<p>&nbsp;<\/p>\n<p><strong>Srovn\u00e1vac\u00ed \u010d\u00edsla Mopar:<\/strong> 8045559AB, 53034137AC, 68045559AA, 68045559AB, 5045486AA, 68045560AB, 53034138AC, 68045560AA, 68591585AA, 68591586AA<\/p>\n<p>&nbsp;<\/p>\n<p><strong>Funkce<\/strong><\/p>\n<ul>\n<li>Odlitky z tv\u00e1rn\u00e9 litiny s vysok\u00fdm obsahem k\u0159em\u00edku<\/li>\n<li>Del\u0161\u00ed upev\u0148ovac\u00ed prvky s distan\u010dn\u00edmi prvky<\/li>\n<li>Sada obsahuje 2 rozd\u011blova\u010de, v\u0161echna t\u011bsn\u011bn\u00ed a upev\u0148ovac\u00ed prvky.<\/li>\n<\/ul>\n<p>&nbsp;<\/p>\n<p><strong>Vhodn\u00e9 pro:<\/strong><\/p>\n<table width=\"1089\">\n<tbody>\n<tr>\n<td width=\"80\"><strong>Rok v\u00fdstavby<\/strong><\/td>\n<td width=\"80\"><strong>Zna\u010dka<\/strong><\/td>\n<td width=\"121\"><strong>Model<\/strong><\/td>\n<td width=\"610\"><strong>Verze<\/strong><\/td>\n<td width=\"198\"><strong>Motor<\/strong><\/td>\n<\/tr>\n<tr>\n<td width=\"80\">2018<\/td>\n<td width=\"80\">Ram<\/td>\n<td width=\"121\">2500<\/td>\n<td width=\"610\">Big Horn, SLT, Tradesman<\/td>\n<td width=\"198\">5.7L V8 - CNG, 5.7L<\/td>\n<\/tr>\n<tr>\n<td width=\"80\">2018<\/td>\n<td width=\"80\">Ram<\/td>\n<td width=\"121\">3500<\/td>\n<td width=\"610\">Big Horn, SLT, Tradesman<\/td>\n<td width=\"198\">5.7L<\/td>\n<\/tr>\n<tr>\n<td width=\"80\">2017<\/td>\n<td width=\"80\">Ram<\/td>\n<td width=\"121\">2500<\/td>\n<td width=\"610\">Big Horn, Laramie, Laramie Longhorn, Limited, SLT, Tradesman<\/td>\n<td width=\"198\">5.7L V8 - CNG, 5.7L<\/td>\n<\/tr>\n<tr>\n<td width=\"80\">2017<\/td>\n<td width=\"80\">Ram<\/td>\n<td width=\"121\">3500<\/td>\n<td width=\"610\">Big Horn, Laramie, Laramie Longhorn, Limited, Lone Star, SLT, Tradesman<\/td>\n<td width=\"198\">5.7L<\/td>\n<\/tr>\n<tr>\n<td width=\"80\">2016<\/td>\n<td width=\"80\">Ram<\/td>\n<td width=\"121\">2500<\/td>\n<td width=\"610\">Big Horn, Laramie, Laramie Longhorn, Limited, Outdoorsman, SLT, Tradesman<\/td>\n<td width=\"198\">5.7L V8 - CNG, 5.7L<\/td>\n<\/tr>\n<tr>\n<td width=\"80\">2016<\/td>\n<td width=\"80\">Ram<\/td>\n<td width=\"121\">3500<\/td>\n<td width=\"610\">Big Horn, Laramie, Laramie Longhorn, Limited, SLT, Tradesman<\/td>\n<td width=\"198\">5.7L<\/td>\n<\/tr>\n<tr>\n<td width=\"80\">2015<\/td>\n<td width=\"80\">Ram<\/td>\n<td width=\"121\">2500<\/td>\n<td width=\"610\">Big Horn, Laramie, Laramie Limited, Laramie Longhorn, Lone Star, Outdoorsman, SLT, Tradesman<\/td>\n<td width=\"198\">5.7L V8 - CNG, 5.7L<\/td>\n<\/tr>\n<tr>\n<td width=\"80\">2015<\/td>\n<td width=\"80\">Ram<\/td>\n<td width=\"121\">3500<\/td>\n<td width=\"610\">Big Horn, Laramie, Laramie Limited, Laramie Longhorn, Lone Star, SLT, Tradesman<\/td>\n<td width=\"198\">5.7L<\/td>\n<\/tr>\n<tr>\n<td width=\"80\">2014<\/td>\n<td width=\"80\">Ram<\/td>\n<td width=\"121\">2500<\/td>\n<td width=\"610\">Big Horn, Laramie, Laramie Limited, Laramie Longhorn, Lone Star, Outdoorsman, SLT, Tradesman<\/td>\n<td width=\"198\">5.7L V8 - CNG, 5.7L<\/td>\n<\/tr>\n<tr>\n<td width=\"80\">2014<\/td>\n<td width=\"80\">Ram<\/td>\n<td width=\"121\">3500<\/td>\n<td width=\"610\">Big Horn, Laramie, Laramie Limited, Laramie Longhorn, Lone Star, SLT, Tradesman<\/td>\n<td width=\"198\">5.7L<\/td>\n<\/tr>\n<tr>\n<td width=\"80\">2013<\/td>\n<td width=\"80\">Ram<\/td>\n<td width=\"121\">2500<\/td>\n<td width=\"610\">Big Horn, Laramie, Laramie Longhorn, Lone Star, Outdoorsman, Power Wagon, SLT, Tradesman<\/td>\n<td width=\"198\">5.7L V8 - CNG, 5.7L<\/td>\n<\/tr>\n<tr>\n<td width=\"80\">2013<\/td>\n<td width=\"80\">Ram<\/td>\n<td width=\"121\">3500<\/td>\n<td width=\"610\">Big Horn, Laramie, Laramie Longhorn, Lone Star, SLT, Tradesman<\/td>\n<td width=\"198\">5.7L<\/td>\n<\/tr>\n<tr>\n<td width=\"80\">2012<\/td>\n<td width=\"80\">Ram<\/td>\n<td width=\"121\">2500<\/td>\n<td width=\"610\">Laramie, Laramie Longhorn, Outdoorsman, Power Wagon, SLT, ST<\/td>\n<td width=\"198\">5.7L V8 - Bi-Fuel, 5.7L<\/td>\n<\/tr>\n<tr>\n<td width=\"80\">2012<\/td>\n<td width=\"80\">Ram<\/td>\n<td width=\"121\">3500<\/td>\n<td width=\"610\">Laramie, SLT, ST<\/td>\n<td width=\"198\">5.7L<\/td>\n<\/tr>\n<tr>\n<td width=\"80\">2011<\/td>\n<td width=\"80\">Ram<\/td>\n<td width=\"121\">2500<\/td>\n<td width=\"610\">Laramie, Laramie Longhorn, Power Wagon, SLT, ST<\/td>\n<td width=\"198\">5.7L<\/td>\n<\/tr>\n<tr>\n<td width=\"80\">2011<\/td>\n<td width=\"80\">Ram<\/td>\n<td width=\"121\">3500<\/td>\n<td width=\"610\">Laramie, SLT, ST<\/td>\n<td width=\"198\">5.7L<\/td>\n<\/tr>\n<tr>\n<td width=\"80\">2010<\/td>\n<td width=\"80\">Dodge<\/td>\n<td width=\"121\">Ram 2500<\/td>\n<td width=\"610\">Laramie, Power Wagon, SLT, ST, TRX<\/td>\n<td width=\"198\">5.7L<\/td>\n<\/tr>\n<tr>\n<td width=\"80\">2009<\/td>\n<td width=\"80\">Dodge<\/td>\n<td width=\"121\">Ram 2500<\/td>\n<td width=\"610\">Laramie, Power Wagon, SLT, ST, SXT<\/td>\n<td width=\"198\">5.7L<\/td>\n<\/tr>\n<tr>\n<td width=\"80\">2009<\/td>\n<td width=\"80\">Dodge<\/td>\n<td width=\"121\">Ram 3500<\/td>\n<td width=\"610\">Laramie, SLT, ST<\/td>\n<td width=\"198\">5.7L<\/td>\n<\/tr>\n<\/tbody>\n<\/table>\n<p>&nbsp;<\/p>\n<p>&nbsp;<\/p>\n<p>&nbsp;<\/p>\n<p><iframe loading=\"lazy\" title=\"V\u00fdfukov\u00e9 potrub\u00ed BD RAM 5.7\" width=\"500\" height=\"281\" src=\"https:\/\/www.youtube.com\/embed\/zUHyrdU6E4I?feature=oembed\" frameborder=\"0\" allow=\"accelerometer; autoplay; clipboard-write; encrypted-media; gyroscope; picture-in-picture; web-share\" referrerpolicy=\"strict-origin-when-cross-origin\" allowfullscreen><\/iframe><\/p>\n<p>&nbsp;<\/p>\n<p><strong>O v\u00fdrobci<\/strong><\/p>\n<p>Spole\u010dnost BD byla zalo\u017eena v roce 1972 jako Valley Fuel Injection Ltd. a proslavila se v roce 1989, kdy p\u0159edstavila prvn\u00ed v\u00fdfukovou brzdu pro nov\u011b vznikaj\u00edc\u00ed trh s dieselov\u00fdmi pick-upy. Dnes tvo\u0159\u00ed Valley Fuel Injection (nyn\u00ed BD Diesel Truck Service &amp; Performance Centre) a BD Diesel Performance jednu spole\u010dnost se specializovan\u00fdmi divizemi pro komponenty dieselov\u00fdch pohonn\u00fdch jednotek. BD je inovativn\u00ed a glob\u00e1ln\u00ed spole\u010dnost, kter\u00e1 distribuuje produkty pro severoamerick\u00fd trh, a to jak pro vzn\u011btov\u00e9, tak pro z\u00e1\u017eehov\u00e9 motory. Na\u0161e sada v\u00fdfukov\u00e9ho potrub\u00ed pro RAM 5.7 je vysoce kvalitn\u00ed v\u00fdrobek pro v\u00e1\u0161 RAM, kter\u00fd zaji\u0161\u0165uje optim\u00e1ln\u00ed v\u00fdkon a \u00fa\u010dinnost.<\/p>\n<p>&nbsp;<\/p>\n<p>&nbsp;<\/p>","protected":false},"excerpt":{"rendered":"<p>2009\u20132018<\/p>","protected":false},"featured_media":68295080,"comment_status":"open","ping_status":"closed","template":"","meta":{"_acf_changed":false},"product_brand":[20019],"product_cat":[9956],"product_tag":[18447,18446,18448,6573,6575,6554,6577,6555,6556,6578,6576,10883,9408,6574,605,10974,11000,10996,10979,10984,10982,6579,11952,11960,11919,11917,11889,11959,11880,11946,11884,11922,11893,11897,11954,11921,11904,11896,11934,11956,11947,11888,11895,11891,11882,11900,11943,11944,11958,11910,11939,11950,11949,11902,11914,11911,11932,11955,11887,11883,11876,11938,11961,11886,11936,11953,11905,11913,11941,11909,11951,11903,11890,11928,11879,11907,11923,11945,11916,11940,11930,11933,11885,11925,11908,11926,11935,11901,11918,11929,11869,11870,11881,11957,11898,11877,11915,11920,11937,11931,11948,11942,11892,11924,11927,11878,11912,11894,11906,11899,11867,11868,11875,20099,11871,20100,11873,11874,11872,477,11032,550,10993,10975,10981,10997,86,10976,11005,11043,11027,11040,11013,10998,11004,11020,11046,11016,10994,11008,11021,11007,11028,10991,10989,10987,11015,11048,10980,11002,11033,11037,10986,11023,11019,11045,11006,11009,11038,11042,10983,11035,11030,11025,10978,11047,10999,11024,11049,11010,11029,11003,11017,10995,11036,11041,11034,11014,10992,11011,11001,11044,11031,11026,11039,10977,11012,11022,10988,11018,10985,10990],"class_list":{"0":"post-68317589","1":"product","2":"type-product","3":"status-publish","4":"has-post-thumbnail","6":"product_brand-bd-diesel","7":"product_cat-2500-3500-57-abgaskruemmer-katalysatoren","8":"product_tag-05045486aa","9":"product_tag-053034137ac","10":"product_tag-053034138ac","11":"product_tag-6573","12":"product_tag-5045486aa","13":"product_tag-53034137ac","14":"product_tag-53034138ac","15":"product_tag-68045559aa","16":"product_tag-68045559ab","17":"product_tag-68045560aa","18":"product_tag-68045560ab","19":"product_tag-68591585aa","20":"product_tag-68591586aa","21":"product_tag-8045559ab","22":"product_tag-abgaskruemmer","23":"product_tag-abgaskruemmer-ram-2500","24":"product_tag-abgaskruemmer-ram-2500-guenstig","25":"product_tag-abgaskruemmer-ram-2500-nachbau","26":"product_tag-abgaskruemmer-ram-3500-5-7-hemi","27":"product_tag-abgaskruemmer-riss-ram-2500","28":"product_tag-abgaskruemmerdichtung-ram-3500","29":"product_tag-bd","30":"product_tag-bd-abgaskruemmer-abmessungen-ram-5-7","31":"product_tag-bd-abgaskruemmer-adapter-ram-5-7","32":"product_tag-bd-abgaskruemmer-aktion-ram-5-7","33":"product_tag-bd-abgaskruemmer-angebot-ram-5-7","34":"product_tag-bd-abgaskruemmer-anleitung-ram-5-7","35":"product_tag-bd-abgaskruemmer-anschluss-ram-5-7","36":"product_tag-bd-abgaskruemmer-austausch-ram-5-7","37":"product_tag-bd-abgaskruemmer-beschichtung-ram-5-7","38":"product_tag-bd-abgaskruemmer-bestellen-ram-5-7","39":"product_tag-bd-abgaskruemmer-bestseller-ram-5-7","40":"product_tag-bd-abgaskruemmer-bewertung-ram-5-7","41":"product_tag-bd-abgaskruemmer-bolzen-ram-5-7","42":"product_tag-bd-abgaskruemmer-breite-ram-5-7","43":"product_tag-bd-abgaskruemmer-deal-ram-5-7","44":"product_tag-bd-abgaskruemmer-design-ram-5-7","45":"product_tag-bd-abgaskruemmer-dichtung-ram-5-7","46":"product_tag-bd-abgaskruemmer-drehmoment-ram-5-7","47":"product_tag-bd-abgaskruemmer-durchmesser-ram-5-7","48":"product_tag-bd-abgaskruemmer-edelstahl-ram-5-7","49":"product_tag-bd-abgaskruemmer-einbau-ram-5-7","50":"product_tag-bd-abgaskruemmer-empfehlung-ram-5-7","51":"product_tag-bd-abgaskruemmer-erfahrungen-ram-5-7","52":"product_tag-bd-abgaskruemmer-ersatz-ram-5-7","53":"product_tag-bd-abgaskruemmer-ersatzteile-ram-5-7","54":"product_tag-bd-abgaskruemmer-farbe-ram-5-7","55":"product_tag-bd-abgaskruemmer-finish-ram-5-7","56":"product_tag-bd-abgaskruemmer-flansch-ram-5-7","57":"product_tag-bd-abgaskruemmer-garantie-ram-5-7","58":"product_tag-bd-abgaskruemmer-geraeusch-ram-5-7","59":"product_tag-bd-abgaskruemmer-gewicht-ram-5-7","60":"product_tag-bd-abgaskruemmer-gusseisen-ram-5-7","61":"product_tag-bd-abgaskruemmer-haltbarkeit-ram-5-7","62":"product_tag-bd-abgaskruemmer-haendler-ram-5-7","63":"product_tag-bd-abgaskruemmer-hersteller-ram-5-7","64":"product_tag-bd-abgaskruemmer-high-performance-ram-5-7","65":"product_tag-bd-abgaskruemmer-hoehe-ram-5-7","66":"product_tag-bd-abgaskruemmer-installation-ram-5-7","67":"product_tag-bd-abgaskruemmer-kaufen-ram-5-7","68":"product_tag-bd-abgaskruemmer-kit-ram-5-7","69":"product_tag-bd-abgaskruemmer-klang-ram-5-7","70":"product_tag-bd-abgaskruemmer-kompatibilitaet-ram-5-7","71":"product_tag-bd-abgaskruemmer-kosten-ram-5-7","72":"product_tag-bd-abgaskruemmer-kw-ram-5-7","73":"product_tag-bd-abgaskruemmer-laenge-ram-5-7","74":"product_tag-bd-abgaskruemmer-leistung-ram-5-7","75":"product_tag-bd-abgaskruemmer-lieferzeit-ram-5-7","76":"product_tag-bd-abgaskruemmer-look-ram-5-7","77":"product_tag-bd-abgaskruemmer-loesung-ram-5-7","78":"product_tag-bd-abgaskruemmer-masse-ram-5-7","79":"product_tag-bd-abgaskruemmer-material-ram-5-7","80":"product_tag-bd-abgaskruemmer-montage-ram-5-7","81":"product_tag-bd-abgaskruemmer-motorsport-ram-5-7","82":"product_tag-bd-abgaskruemmer-nachruestung-ram-5-7","83":"product_tag-bd-abgaskruemmer-nachteile-ram-5-7","84":"product_tag-bd-abgaskruemmer-neu-ram-5-7","85":"product_tag-bd-abgaskruemmer-oberflaeche-ram-5-7","86":"product_tag-bd-abgaskruemmer-online-ram-5-7","87":"product_tag-bd-abgaskruemmer-optik-ram-5-7","88":"product_tag-bd-abgaskruemmer-performance-ram-5-7","89":"product_tag-bd-abgaskruemmer-power-ram-5-7","90":"product_tag-bd-abgaskruemmer-preis-ram-5-7","91":"product_tag-bd-abgaskruemmer-premium-ram-5-7","92":"product_tag-bd-abgaskruemmer-probleme-ram-5-7","93":"product_tag-bd-abgaskruemmer-profi-ram-5-7","94":"product_tag-bd-abgaskruemmer-ps-ram-5-7","95":"product_tag-bd-abgaskruemmer-qualitaet-ram-5-7","96":"product_tag-bd-abgaskruemmer-rabatt-ram-5-7","97":"product_tag-bd-abgaskruemmer-racing-ram-5-7","98":"product_tag-bd-abgaskruemmer-ram-2500","99":"product_tag-bd-abgaskruemmer-ram-3500","100":"product_tag-bd-abgaskruemmer-reparatur-ram-5-7","101":"product_tag-bd-abgaskruemmer-rohrdurchmesser-ram-5-7","102":"product_tag-bd-abgaskruemmer-schrauben-ram-5-7","103":"product_tag-bd-abgaskruemmer-set-ram-5-7","104":"product_tag-bd-abgaskruemmer-shop-ram-5-7","105":"product_tag-bd-abgaskruemmer-sonderangebot-ram-5-7","106":"product_tag-bd-abgaskruemmer-sound-ram-5-7","107":"product_tag-bd-abgaskruemmer-sport-ram-5-7","108":"product_tag-bd-abgaskruemmer-stahl-ram-5-7","109":"product_tag-bd-abgaskruemmer-style-ram-5-7","110":"product_tag-bd-abgaskruemmer-test-ram-5-7","111":"product_tag-bd-abgaskruemmer-top-ram-5-7","112":"product_tag-bd-abgaskruemmer-tuning-ram-5-7","113":"product_tag-bd-abgaskruemmer-upgrade-ram-5-7","114":"product_tag-bd-abgaskruemmer-verfuegbarkeit-ram-5-7","115":"product_tag-bd-abgaskruemmer-vergleich-ram-5-7","116":"product_tag-bd-abgaskruemmer-vorteile-ram-5-7","117":"product_tag-bd-abgaskruemmer-zubehoer-ram-5-7","118":"product_tag-bd-abgaskruemmer-kit-ram-2500-5-7","119":"product_tag-bd-abgaskruemmer-kit-ram-3500-5-7","120":"product_tag-bd-auspuffkruemmer-ram-5-7","121":"product_tag-bd-diesel","122":"product_tag-bd-diesel-abgaskruemmer-ram-5-7","123":"product_tag-bd-diesel-performance","124":"product_tag-bd-kruemmer-ram-2500","125":"product_tag-bd-kruemmer-ram-3500","126":"product_tag-bd-performance-abgaskruemmer-ram-5-7","127":"product_tag-ds","128":"product_tag-faecherkruemmer-ram-2500-5-7","129":"product_tag-kruemmer","130":"product_tag-kruemmer-bestellen-ram-2500","131":"product_tag-kruemmer-ram-2500-5-7","132":"product_tag-kruemmerdichtung-ram-2500","133":"product_tag-kruemmerdichtungssatz-ram-3500","134":"product_tag-ram","135":"product_tag-ram-2500-5-7-abgaskruemmer","136":"product_tag-ram-2500-5-7-hemi-abgaskruemmer","137":"product_tag-ram-2500-5-7-hemi-abgaskruemmer-kit","138":"product_tag-ram-2500-5-7-hemi-kruemmer-defekt-erkennen","139":"product_tag-ram-2500-5-7-hemi-rennsport-kruemmer","140":"product_tag-ram-2500-5-7-kruemmer-defekt","141":"product_tag-ram-2500-5-7-kruemmer-einbau","142":"product_tag-ram-2500-5-7-kruemmer-geraeusche","143":"product_tag-ram-2500-5-7-kruemmer-leck-finden","144":"product_tag-ram-2500-5-7-kruemmer-mit-leistungssteigerung","145":"product_tag-ram-2500-5-7-kruemmer-original","146":"product_tag-ram-2500-5-7-kruemmer-probleme","147":"product_tag-ram-2500-5-7-kruemmer-undicht","148":"product_tag-ram-2500-5-7-kruemmer-werkstatt-finden","149":"product_tag-ram-2500-5-7-kruemmerdichtungssatz","150":"product_tag-ram-2500-5-7-performance-kruemmer","151":"product_tag-ram-2500-5-7-v8-kruemmer","152":"product_tag-ram-2500-abgaskruemmer-defekt","153":"product_tag-ram-2500-abgaskruemmer-symptome","154":"product_tag-ram-2500-abgaskruemmer-wechseln","155":"product_tag-ram-2500-aftermarket-headers","156":"product_tag-ram-2500-auspuffkruemmer","157":"product_tag-ram-2500-hemi-kruemmer-set","158":"product_tag-ram-2500-hemi-long-tube-headers","159":"product_tag-ram-2500-high-flow-kruemmer","160":"product_tag-ram-2500-kruemmer-austausch","161":"product_tag-ram-2500-kruemmer-bolzen-set","162":"product_tag-ram-2500-kruemmer-leistung-verbessern","163":"product_tag-ram-2500-kruemmer-mit-groesserem-durchmesser","164":"product_tag-ram-2500-kruemmer-probleme-beheben","165":"product_tag-ram-2500-kruemmer-set","166":"product_tag-ram-2500-kruemmer-sport-upgrade","167":"product_tag-ram-2500-kruemmer-tuning-set","168":"product_tag-ram-2500-kruemmerbolzen","169":"product_tag-ram-2500-tuning-auspuffkruemmer","170":"product_tag-ram-2500-tuning-kruemmer","171":"product_tag-ram-2500-v8-abgaskruemmer-probleme","172":"product_tag-ram-3500-5-7-abgaskruemmer","173":"product_tag-ram-3500-5-7-abgaskruemmer-fuer-tuning","174":"product_tag-ram-3500-5-7-hemi-abgasanlage","175":"product_tag-ram-3500-5-7-hemi-kruemmer-abdichten","176":"product_tag-ram-3500-5-7-hemi-kruemmer-mit-verbessertem-flow","177":"product_tag-ram-3500-5-7-hemi-kruemmer-symptome","178":"product_tag-ram-3500-5-7-hemi-performance-kruemmer","179":"product_tag-ram-3500-5-7-kruemmer-bolzen-abgebrochen","180":"product_tag-ram-3500-5-7-kruemmer-ersatzteil","181":"product_tag-ram-3500-5-7-kruemmer-kaufen","182":"product_tag-ram-3500-5-7-kruemmer-mit-power","183":"product_tag-ram-3500-5-7-performance-headers","184":"product_tag-ram-3500-5-7-shorty-headers","185":"product_tag-ram-3500-5-7-v8-kruemmer-abdichten","186":"product_tag-ram-3500-abgaskruemmer-ersatz","187":"product_tag-ram-3500-abgaskruemmer-kaufen","188":"product_tag-ram-3500-abgaskruemmer-werkstatt","189":"product_tag-ram-3500-custom-kruemmer","190":"product_tag-ram-3500-edelstahl-faecherkruemmer","191":"product_tag-ram-3500-hemi-kruemmer-wartung","192":"product_tag-ram-3500-keramikbeschichteter-kruemmer","193":"product_tag-ram-3500-kruemmer","194":"product_tag-ram-3500-kruemmer-austausch-anleitung","195":"product_tag-ram-3500-kruemmer-dichtungssatz-kaufen","196":"product_tag-ram-3500-kruemmer-kosten","197":"product_tag-ram-3500-kruemmer-probleme-erkennen","198":"product_tag-ram-3500-kruemmer-reparatur","199":"product_tag-ram-3500-kruemmerdichtung-wechseln","200":"product_shipping_class-paket-l","202":"first","203":"instock","204":"taxable","205":"shipping-taxable","206":"purchasable","207":"product-type-simple"},"bundled_by":[],"bundle_stock_status":"instock","bundle_stock_quantity":8,"bundle_virtual":false,"bundle_layout":"","bundle_add_to_cart_form_location":"","bundle_editable_in_cart":false,"bundle_sold_individually_context":"","bundle_item_grouping":"","bundle_min_size":"","bundle_max_size":"","bundle_price":[],"bundled_items":[],"bundle_sell_ids":[],"exclude_global_add_ons":[],"addons":[],"acf":[],"_links":{"self":[{"href":"https:\/\/kraftwerk-shop.cc\/cs\/wp-json\/wp\/v2\/product\/68317589","targetHints":{"allow":["GET"]}}],"collection":[{"href":"https:\/\/kraftwerk-shop.cc\/cs\/wp-json\/wp\/v2\/product"}],"about":[{"href":"https:\/\/kraftwerk-shop.cc\/cs\/wp-json\/wp\/v2\/types\/product"}],"replies":[{"embeddable":true,"href":"https:\/\/kraftwerk-shop.cc\/cs\/wp-json\/wp\/v2\/comments?post=68317589"}],"version-history":[{"count":0,"href":"https:\/\/kraftwerk-shop.cc\/cs\/wp-json\/wp\/v2\/product\/68317589\/revisions"}],"wp:featuredmedia":[{"embeddable":true,"href":"https:\/\/kraftwerk-shop.cc\/cs\/wp-json\/wp\/v2\/media\/68295080"}],"wp:attachment":[{"href":"https:\/\/kraftwerk-shop.cc\/cs\/wp-json\/wp\/v2\/media?parent=68317589"}],"wp:term":[{"taxonomy":"product_brand","embeddable":true,"href":"https:\/\/kraftwerk-shop.cc\/cs\/wp-json\/wp\/v2\/product_brand?post=68317589"},{"taxonomy":"product_cat","embeddable":true,"href":"https:\/\/kraftwerk-shop.cc\/cs\/wp-json\/wp\/v2\/product_cat?post=68317589"},{"taxonomy":"product_tag","embeddable":true,"href":"https:\/\/kraftwerk-shop.cc\/cs\/wp-json\/wp\/v2\/product_tag?post=68317589"}],"curies":[{"name":"wp","href":"https:\/\/api.w.org\/{rel}","templated":true}]}}