{"id":68317635,"date":"2025-03-31T12:39:06","date_gmt":"2025-03-31T10:39:06","guid":{"rendered":"https:\/\/kraftwerk-shop.cc\/?post_type=product&#038;p=68317635"},"modified":"2026-02-15T01:19:35","modified_gmt":"2026-02-15T00:19:35","slug":"jl-3112p-oil-catch-can-honda-crv-accord","status":"publish","type":"product","link":"https:\/\/kraftwerk-shop.cc\/cs\/produkt\/jl-3112p-oil-catch-can-honda-crv-accord\/","title":{"rendered":"J&amp;L Oil Catch Can Honda CRV 1.5L \/ Honda Accord 1.5L - strana spolujezdce"},"content":{"rendered":"<h1>J&amp;L 3112P-B Oil Catch Can f\u00fcr Honda CRV 1.5L \/ Honda Accord 1.5L &#8211; Beifahrerseite<\/h1>\n<p class=\"\" data-start=\"0\" data-end=\"164\"><span class=\"relative -mx-px my-[-0.2rem] rounded px-px py-[0.2rem]\">Dieser J&amp;L Oil Separator 3.0 f\u00fcr die Beifahrerseite ist speziell f\u00fcr die Modelle Honda CR-V und Accord 1.5L Turbo entwickelt\u00a0 worden.<\/span> <span class=\"relative -mx-px my-[-0.2rem] rounded px-px py-[0.2rem]\">Dieses hochwertige Bauteil verhindert, dass \u00d6lnebel, der w\u00e4hrend der Entl\u00fcftung des Kurbelgeh\u00e4uses entsteht, in das Ansaugsystem gelangt.<\/span> <span class=\"relative -mx-px my-[-0.2rem] rounded px-px py-[0.2rem]\">Dadurch wird die Ansaugleistung optimiert und die Gefahr von Ablagerungen im Ansaugtrakt reduziert.<\/span>\u200b<\/p>\n<p>&nbsp;<\/p>\n<p class=\"\" data-start=\"166\" data-end=\"184\"><strong data-start=\"166\" data-end=\"184\">Hauptmerkmale:<\/strong><\/p>\n<ul data-start=\"186\" data-end=\"749\">\n<li class=\"\" data-start=\"186\" data-end=\"294\">\n<p class=\"\" data-start=\"188\" data-end=\"294\"><strong data-start=\"188\" data-end=\"212\">Kapazit\u00e4t von 90 ml:<\/strong> <span class=\"relative -mx-px my-[-0.2rem] rounded px-px py-[0.2rem]\">Der Beh\u00e4lter fasst bis zu 90 ml \u00d6l und sollte je nach Fahrweise alle 3.000 bis 5.000 Kilometer \u00fcberpr\u00fcft werden.<\/span>\u200b<\/p>\n<\/li>\n<li class=\"\" data-start=\"296\" data-end=\"405\">\n<p class=\"\" data-start=\"298\" data-end=\"405\"><strong data-start=\"298\" data-end=\"323\">Robuste Konstruktion:<\/strong> <span class=\"relative -mx-px my-[-0.2rem] rounded px-px py-[0.2rem]\">Gefertigt aus massivem Billet-Aluminium, gew\u00e4hrleistet der \u00d6labscheider Langlebigkeit und Widerstandsf\u00e4higkeit.<\/span>\u200b<\/p>\n<\/li>\n<li class=\"\" data-start=\"407\" data-end=\"516\">\n<p class=\"\" data-start=\"409\" data-end=\"516\"><strong data-start=\"409\" data-end=\"434\">Effiziente Filterung:<\/strong> <span class=\"relative -mx-px my-[-0.2rem] rounded px-px py-[0.2rem]\">Ein feinmaschiges Edelstahlsieb f\u00e4ngt feine \u00d6lnebel auf und l\u00e4sst sie kondensieren, sodass sie im Beh\u00e4lter gesammelt werden, anstatt in das Ansaugsystem zu gelangen.<\/span>\u200b<\/p>\n<\/li>\n<li class=\"\" data-start=\"518\" data-end=\"627\">\n<p class=\"\" data-start=\"520\" data-end=\"627\"><strong data-start=\"520\" data-end=\"541\">Einfache Wartung:<\/strong> <span class=\"relative -mx-px my-[-0.2rem] rounded px-px py-[0.2rem]\">Der ger\u00e4ndelte Boden des Tanks erm\u00f6glicht eine m\u00fchelose Demontage und Entleerung des gesammelten \u00d6ls.<\/span>\u200b<\/p>\n<\/li>\n<\/ul>\n<p class=\"\" data-start=\"751\" data-end=\"836\"><span class=\"relative -mx-px my-[-0.2rem] rounded px-px py-[0.2rem]\">Durch die Installation des J&amp;L Oil Separator 3.0 sch\u00fctzen Sie Ihren Motor vor potenziellen Sch\u00e4den durch \u00d6lablagerungen und tragen zur Erhaltung der Leistungsf\u00e4higkeit Ihres Fahrzeugs bei.<\/span><\/p>\n<p>&nbsp;<\/p>\n<p><strong>Passend f\u00fcr:<br \/>\n<\/strong><\/p>\n<table width=\"449\">\n<tbody>\n<tr>\n<td width=\"115\"><strong>Marke<\/strong><\/td>\n<td width=\"145\"><strong>Modell<\/strong><\/td>\n<td width=\"106\"><strong>Motor<\/strong><\/td>\n<td width=\"83\"><strong>Baujahr<\/strong><\/td>\n<\/tr>\n<tr>\n<td>Honda<\/td>\n<td>CRV<\/td>\n<td>1.5L Turbo<\/td>\n<td>2017 &#8211; 2024<\/td>\n<\/tr>\n<\/tbody>\n<tbody>\n<tr>\n<td>Honda<\/td>\n<td>Accord<\/td>\n<td>1.5L Turbo<\/td>\n<td>2017 &#8211; 2024<\/td>\n<\/tr>\n<\/tbody>\n<\/table>\n<p>&nbsp;<\/p>\n<p><strong>Lieferumfang:<\/strong><\/p>\n<ul>\n<li>Oil Catch Can (schwarz) f\u00fcr die Beifahrerseite<\/li>\n<li>Halterung<\/li>\n<li>Schl\u00e4uche<\/li>\n<li>Anschl\u00fcsse<\/li>\n<li>Bedienungsanleitung<\/li>\n<\/ul>\n","protected":false},"excerpt":{"rendered":"<p>2017 -2024<\/p>","protected":false},"featured_media":68317638,"comment_status":"open","ping_status":"closed","template":"","meta":{"_acf_changed":false},"product_brand":[17171],"product_cat":[10262],"product_tag":[11062,11064,11065,11058,11057,11061,11643,11641,11642,11637,11635,11636,11658,11649,11651,11662,11656,11647,11674,11688,11702,11676,11700,11696,11680,11672,11686,11653,11692,11690,11684,11668,11694,11698,11678,11682,11648,11654,11670,11666,11664,11660,11572,11570,11571,11566,11564,11565,11587,11578,11580,11591,11585,11576,11603,11617,11631,11605,11629,11625,11609,11601,11615,11582,11621,11619,11613,11597,11623,11627,11607,11611,11577,11583,11599,11595,11593,11589,11060,2934,11059,11640,11638,11639,11634,11632,11633,11657,11646,11650,11661,11655,11644,11667,11645,11673,11687,11701,11675,11699,11695,11679,11671,11685,11652,11691,11669,11689,11683,11665,11693,11697,11677,11681,11663,11659,11569,11567,11568,11563,11561,11562,11586,11575,11579,11590,11584,11573,11596,11574,11602,11616,11630,11604,11628,11624,11608,11600,11614,11581,11620,11598,11618,11612,11594,11622,11626,11606,11610,11592,11588,11063,11559,11557,11558,11560,3245,903,1093,2444,36,84,82,85,3243,406,83,3242,3244,246,258],"class_list":{"0":"post-68317635","1":"product","2":"type-product","3":"status-publish","4":"has-post-thumbnail","6":"product_brand-jl","7":"product_cat-alle-produkte","8":"product_tag-1-5","9":"product_tag-1-5l","10":"product_tag-1-5l-turbo","11":"product_tag-3112p","12":"product_tag-3112p-b","13":"product_tag-accord","14":"product_tag-accord-1-5-catch-can","15":"product_tag-accord-1-5-oil-catch-can","16":"product_tag-accord-1-5-oelabscheider","17":"product_tag-accord-1-5-turbo-catch-can","18":"product_tag-accord-1-5-turbo-oil-catch-can","19":"product_tag-accord-1-5-turbo-oelabscheider","20":"product_tag-accord-blowby-catch-can","21":"product_tag-accord-catch-can","22":"product_tag-accord-jl-3112p-b-oil-catch-can","23":"product_tag-accord-kurbelgehaeuseentlueftung-kit","24":"product_tag-accord-motorentlueftung-kit","25":"product_tag-accord-oil-catch-can","26":"product_tag-accord-oil-catch-can-anleitung","27":"product_tag-accord-oil-catch-can-bestellen","28":"product_tag-accord-oil-catch-can-bewertung","29":"product_tag-accord-oil-catch-can-einbau","30":"product_tag-accord-oil-catch-can-empfehlung","31":"product_tag-accord-oil-catch-can-erfahrungen","32":"product_tag-accord-oil-catch-can-funktion","33":"product_tag-accord-oil-catch-can-installation","34":"product_tag-accord-oil-catch-can-kaufen","35":"product_tag-accord-oil-catch-can-kit","36":"product_tag-accord-oil-catch-can-kosten","37":"product_tag-accord-oil-catch-can-preis","38":"product_tag-accord-oil-catch-can-reinigen","39":"product_tag-accord-oil-catch-can-system","40":"product_tag-accord-oil-catch-can-test","41":"product_tag-accord-oil-catch-can-vergleich","42":"product_tag-accord-oil-catch-can-vorteile","43":"product_tag-accord-oil-catch-can-wartung","44":"product_tag-accord-oelabscheider","45":"product_tag-accord-oelabscheider-kit","46":"product_tag-accord-oelabscheider-nachruestsatz","47":"product_tag-accord-oelabscheider-system","48":"product_tag-accord-oelauffangbehaelter-kit","49":"product_tag-accord-pcv-oelabscheider","50":"product_tag-cr-v-1-5-catch-can","51":"product_tag-cr-v-1-5-oil-catch-can","52":"product_tag-cr-v-1-5-oelabscheider","53":"product_tag-cr-v-1-5-turbo-catch-can","54":"product_tag-cr-v-1-5-turbo-oil-catch-can","55":"product_tag-cr-v-1-5-turbo-oelabscheider","56":"product_tag-cr-v-blowby-catch-can","57":"product_tag-cr-v-catch-can","58":"product_tag-cr-v-jl-3112p-b-oil-catch-can","59":"product_tag-cr-v-kurbelgehaeuseentlueftung-kit","60":"product_tag-cr-v-motorentlueftung-kit","61":"product_tag-cr-v-oil-catch-can","62":"product_tag-cr-v-oil-catch-can-anleitung","63":"product_tag-cr-v-oil-catch-can-bestellen","64":"product_tag-cr-v-oil-catch-can-bewertung","65":"product_tag-cr-v-oil-catch-can-einbau","66":"product_tag-cr-v-oil-catch-can-empfehlung","67":"product_tag-cr-v-oil-catch-can-erfahrungen","68":"product_tag-cr-v-oil-catch-can-funktion","69":"product_tag-cr-v-oil-catch-can-installation","70":"product_tag-cr-v-oil-catch-can-kaufen","71":"product_tag-cr-v-oil-catch-can-kit","72":"product_tag-cr-v-oil-catch-can-kosten","73":"product_tag-cr-v-oil-catch-can-preis","74":"product_tag-cr-v-oil-catch-can-reinigen","75":"product_tag-cr-v-oil-catch-can-system","76":"product_tag-cr-v-oil-catch-can-test","77":"product_tag-cr-v-oil-catch-can-vergleich","78":"product_tag-cr-v-oil-catch-can-vorteile","79":"product_tag-cr-v-oil-catch-can-wartung","80":"product_tag-cr-v-oelabscheider","81":"product_tag-cr-v-oelabscheider-kit","82":"product_tag-cr-v-oelabscheider-nachruestsatz","83":"product_tag-cr-v-oelabscheider-system","84":"product_tag-cr-v-oelauffangbehaelter-kit","85":"product_tag-cr-v-pcv-oelabscheider","86":"product_tag-crv","87":"product_tag-harder","88":"product_tag-honda","89":"product_tag-honda-accord-1-5-catch-can","90":"product_tag-honda-accord-1-5-oil-catch-can","91":"product_tag-honda-accord-1-5-oelabscheider","92":"product_tag-honda-accord-1-5-turbo-catch-can","93":"product_tag-honda-accord-1-5-turbo-oil-catch-can","94":"product_tag-honda-accord-1-5-turbo-oelabscheider","95":"product_tag-honda-accord-blowby-abscheider","96":"product_tag-honda-accord-catch-can","97":"product_tag-honda-accord-jl-3112p-b","98":"product_tag-honda-accord-kurbelgehaeuseentlueftung","99":"product_tag-honda-accord-motorentlueftung","100":"product_tag-honda-accord-oil-catch-can","101":"product_tag-honda-accord-oil-catch-can-kit","102":"product_tag-honda-accord-oelabscheider","103":"product_tag-honda-accord-oelabscheider-anleitung","104":"product_tag-honda-accord-oelabscheider-bestellen","105":"product_tag-honda-accord-oelabscheider-bewertung","106":"product_tag-honda-accord-oelabscheider-einbau","107":"product_tag-honda-accord-oelabscheider-empfehlung","108":"product_tag-honda-accord-oelabscheider-erfahrungen","109":"product_tag-honda-accord-oelabscheider-funktion","110":"product_tag-honda-accord-oelabscheider-installation","111":"product_tag-honda-accord-oelabscheider-kaufen","112":"product_tag-honda-accord-oelabscheider-kit","113":"product_tag-honda-accord-oelabscheider-kosten","114":"product_tag-honda-accord-oelabscheider-nachruestung","115":"product_tag-honda-accord-oelabscheider-preis","116":"product_tag-honda-accord-oelabscheider-reinigen","117":"product_tag-honda-accord-oelabscheider-system","118":"product_tag-honda-accord-oelabscheider-test","119":"product_tag-honda-accord-oelabscheider-vergleich","120":"product_tag-honda-accord-oelabscheider-vorteile","121":"product_tag-honda-accord-oelabscheider-wartung","122":"product_tag-honda-accord-oelauffangbehaelter","123":"product_tag-honda-accord-pcv-catch-can","124":"product_tag-honda-cr-v-1-5-catch-can","125":"product_tag-honda-cr-v-1-5-oil-catch-can","126":"product_tag-honda-cr-v-1-5-oelabscheider","127":"product_tag-honda-cr-v-1-5-turbo-catch-can","128":"product_tag-honda-cr-v-1-5-turbo-oil-catch-can","129":"product_tag-honda-cr-v-1-5-turbo-oelabscheider","130":"product_tag-honda-cr-v-blowby-abscheider","131":"product_tag-honda-cr-v-catch-can","132":"product_tag-honda-cr-v-jl-3112p-b","133":"product_tag-honda-cr-v-kurbelgehaeuseentlueftung","134":"product_tag-honda-cr-v-motorentlueftung","135":"product_tag-honda-cr-v-oil-catch-can","136":"product_tag-honda-cr-v-oil-catch-can-kit","137":"product_tag-honda-cr-v-oelabscheider","138":"product_tag-honda-cr-v-oelabscheider-anleitung","139":"product_tag-honda-cr-v-oelabscheider-bestellen","140":"product_tag-honda-cr-v-oelabscheider-bewertung","141":"product_tag-honda-cr-v-oelabscheider-einbau","142":"product_tag-honda-cr-v-oelabscheider-empfehlung","143":"product_tag-honda-cr-v-oelabscheider-erfahrungen","144":"product_tag-honda-cr-v-oelabscheider-funktion","145":"product_tag-honda-cr-v-oelabscheider-installation","146":"product_tag-honda-cr-v-oelabscheider-kaufen","147":"product_tag-honda-cr-v-oelabscheider-kit","148":"product_tag-honda-cr-v-oelabscheider-kosten","149":"product_tag-honda-cr-v-oelabscheider-nachruestung","150":"product_tag-honda-cr-v-oelabscheider-preis","151":"product_tag-honda-cr-v-oelabscheider-reinigen","152":"product_tag-honda-cr-v-oelabscheider-system","153":"product_tag-honda-cr-v-oelabscheider-test","154":"product_tag-honda-cr-v-oelabscheider-vergleich","155":"product_tag-honda-cr-v-oelabscheider-vorteile","156":"product_tag-honda-cr-v-oelabscheider-wartung","157":"product_tag-honda-cr-v-oelauffangbehaelter","158":"product_tag-honda-cr-v-pcv-catch-can","159":"product_tag-honda-turbo","160":"product_tag-jl-3112p-b-catch-can","161":"product_tag-jl-3112p-b-oil-catch-can","162":"product_tag-jl-3112p-b-oelabscheider","163":"product_tag-jl-3112p-b-oelabscheider-kit","164":"product_tag-jl-oil-separator-co","165":"product_tag-jl","166":"product_tag-jlt","167":"product_tag-jlt-performance","168":"product_tag-kraftwerk","169":"product_tag-kurbelgehaeuseentlueftung","170":"product_tag-oil-catch-can","171":"product_tag-oil-catch-tank","172":"product_tag-oil-separator","173":"product_tag-oel","174":"product_tag-oelabscheider","175":"product_tag-osc","176":"product_tag-separator","177":"product_tag-supercharger","178":"product_tag-turbo","180":"first","181":"onbackorder","182":"taxable","183":"shipping-taxable","184":"purchasable","185":"product-type-simple"},"bundled_by":[],"bundle_stock_status":"onbackorder","bundle_stock_quantity":0,"bundle_virtual":false,"bundle_layout":"","bundle_add_to_cart_form_location":"","bundle_editable_in_cart":false,"bundle_sold_individually_context":"","bundle_item_grouping":"","bundle_min_size":"","bundle_max_size":"","bundle_price":[],"bundled_items":[],"bundle_sell_ids":[],"exclude_global_add_ons":[],"addons":[],"acf":[],"_links":{"self":[{"href":"https:\/\/kraftwerk-shop.cc\/cs\/wp-json\/wp\/v2\/product\/68317635","targetHints":{"allow":["GET"]}}],"collection":[{"href":"https:\/\/kraftwerk-shop.cc\/cs\/wp-json\/wp\/v2\/product"}],"about":[{"href":"https:\/\/kraftwerk-shop.cc\/cs\/wp-json\/wp\/v2\/types\/product"}],"replies":[{"embeddable":true,"href":"https:\/\/kraftwerk-shop.cc\/cs\/wp-json\/wp\/v2\/comments?post=68317635"}],"version-history":[{"count":0,"href":"https:\/\/kraftwerk-shop.cc\/cs\/wp-json\/wp\/v2\/product\/68317635\/revisions"}],"wp:featuredmedia":[{"embeddable":true,"href":"https:\/\/kraftwerk-shop.cc\/cs\/wp-json\/wp\/v2\/media\/68317638"}],"wp:attachment":[{"href":"https:\/\/kraftwerk-shop.cc\/cs\/wp-json\/wp\/v2\/media?parent=68317635"}],"wp:term":[{"taxonomy":"product_brand","embeddable":true,"href":"https:\/\/kraftwerk-shop.cc\/cs\/wp-json\/wp\/v2\/product_brand?post=68317635"},{"taxonomy":"product_cat","embeddable":true,"href":"https:\/\/kraftwerk-shop.cc\/cs\/wp-json\/wp\/v2\/product_cat?post=68317635"},{"taxonomy":"product_tag","embeddable":true,"href":"https:\/\/kraftwerk-shop.cc\/cs\/wp-json\/wp\/v2\/product_tag?post=68317635"}],"curies":[{"name":"wp","href":"https:\/\/api.w.org\/{rel}","templated":true}]}}