{"id":68318655,"date":"2025-04-06T02:55:04","date_gmt":"2025-04-06T00:55:04","guid":{"rendered":"https:\/\/kraftwerk-shop.cc\/?post_type=product&#038;p=68318655"},"modified":"2026-02-15T01:19:27","modified_gmt":"2026-02-15T00:19:27","slug":"ebc-brzdove-kotouce-grand-cherokee-trackhawk-durango-hellcat","status":"publish","type":"product","link":"https:\/\/kraftwerk-shop.cc\/cs\/produkt\/ebc-bremsscheiben-grand-cherokee-trackhawk-durango-hellcat\/","title":{"rendered":"Brzdov\u00e9 kotou\u010de EBC s vysok\u00fdmi karbonov\u00fdmi dr\u00e1\u017ekami Grand Cherokee Trackhawk a Durango Hellcat"},"content":{"rendered":"<h1>Brzdov\u00e9 kotou\u010de EBC Swept-Groove SG2F029 High-Carbon (2d\u00edln\u00e9) pro Jeep Trackhawk a Dodge Durango Hellcat (p\u0159edn\u00ed n\u00e1prava)<\/h1>\n<p>&nbsp;<\/p>\n<p>V\u0161echny vn\u011bj\u0161\u00ed t\u0159ec\u00ed krou\u017eky jsou vyrobeny z vysoce m\u011bd\u011bn\u00e9, vysoce uhl\u00edkov\u00e9 slitiny G3500, kter\u00e1 je vysoce odoln\u00e1 proti opot\u0159eben\u00ed a prask\u00e1n\u00ed, a to i p\u0159i pou\u017eit\u00ed na trati. Vn\u011bj\u0161\u00ed litinov\u00fd krou\u017eek \"plave\" na patentovan\u00fdch c\u00edvk\u00e1ch EBC s technologi\u00ed SD-Drive, co\u017e umo\u017e\u0148uje, aby se t\u0159ec\u00ed krou\u017eek p\u0159i intenzivn\u00edm brzd\u011bn\u00ed voln\u011b rozp\u00ednal a smr\u0161\u0165oval a\u017e o 3 mm a vyrovn\u00e1val se tak s extr\u00e9mn\u00edm teplem vznikaj\u00edc\u00edm p\u0159i intenzivn\u00edm brzd\u011bn\u00ed.<\/p>\n<p>Brzdov\u00e9 kotou\u010de jsou precizn\u011b vyrobeny z leteck\u00e9ho hlin\u00edku a n\u00e1sledn\u011b tvrd\u011b eloxov\u00e1ny, aby byl zaji\u0161t\u011bn dobr\u00fd vzhled a mimo\u0159\u00e1dn\u00e1 odolnost.<\/p>\n<p>V\u0161echny c\u00edvky jsou vyrobeny z jednoho kusu nerezov\u00e9 oceli, aby se zabr\u00e1nilo nevzhledn\u00e9 korozi a zajistilo se, \u017ee vn\u011bj\u0161\u00ed krou\u017eek bude voln\u011b plout i po letech vystaven\u00ed vliv\u016fm po\u010das\u00ed. Dvoud\u00edln\u00e9 plovouc\u00ed disky EBC Racing nab\u00edzej\u00ed \u0159e\u0161en\u00ed s n\u00edzk\u00fdmi n\u00e1roky na \u00fadr\u017ebu, kter\u00e9 je pohodln\u00e9 jak na ve\u0159ejn\u00fdch komunikac\u00edch, tak na z\u00e1vodn\u00ed trati. Ka\u017ed\u00e1 c\u00edvka je nav\u00edc opat\u0159ena pru\u017einovou sponou proti drn\u010den\u00ed, co\u017e znamen\u00e1, \u017ee tyto kotou\u010de jsou p\u0159i provozu zcela tich\u00e9 a nevyskytuje se u nich \"drn\u010den\u00ed brzdov\u00fdch kotou\u010d\u016f\", kter\u00e9 je b\u011b\u017en\u00e9 u mnoha jin\u00fdch \"pln\u011b z\u00e1vodn\u00edch\" dvoud\u00edln\u00fdch syst\u00e9m\u016f kotou\u010d\u016f.<\/p>\n<p>&nbsp;<\/p>\n<p><strong>Srovn\u00e1vac\u00ed \u010d\u00edsla Mopar<\/strong>: 68305562AA, 68305562AB<\/p>\n<p>&nbsp;<\/p>\n<p><strong>Vlastnosti produktu:<\/strong><\/p>\n<ul>\n<li>Pln\u011b plovouc\u00ed, dvoud\u00edln\u00e1 konstrukce proti po\u0161kozen\u00ed teplem v extr\u00e9mn\u00edch podm\u00ednk\u00e1ch<\/li>\n<li>Jednod\u00edln\u00e9 spojovac\u00ed prvky z nerezov\u00e9 oceli s pru\u017einou zabra\u0148uj\u00edc\u00ed chrast\u011bn\u00ed<\/li>\n<li>\u010cern\u00fd n\u00e1boj z tvrzen\u00e9ho speci\u00e1ln\u00edho hlin\u00edku odoln\u00e9ho proti deformaci<\/li>\n<li>Zak\u0159iven\u00e9 dr\u00e1\u017eky t\u0159ec\u00edch krou\u017ek\u016f pro \u00fa\u010dinn\u00e9 odstra\u0148ov\u00e1n\u00ed brzdov\u00e9ho prachu a brzdov\u00fdch plyn\u016f.<\/li>\n<li>Vym\u011bniteln\u00e9 t\u0159ec\u00ed krou\u017eky ze speci\u00e1ln\u00ed slitiny G3500 s vysok\u00fdm obsahem uhl\u00edku.<\/li>\n<li>R90: V p\u0159\u00edprav\u011b<\/li>\n<li>Pr\u016fm\u011br 400 mm<\/li>\n<\/ul>\n<p>&nbsp;<\/p>\n<p><strong>Vhodn\u00e9 pro:<\/strong><\/p>\n<table width=\"437\">\n<tbody>\n<tr>\n<td width=\"83\"><strong>Zna\u010dka<\/strong><\/td>\n<td width=\"122\"><strong>Model<\/strong><\/td>\n<td width=\"136\"><strong>Motor<\/strong><\/td>\n<td width=\"96\"><strong>Rok v\u00fdstavby<\/strong><\/td>\n<\/tr>\n<tr>\n<td>Dodge<\/td>\n<td>Durango Hellcat<\/td>\n<td>6.2<\/td>\n<td>2021\u20132026<\/td>\n<\/tr>\n<tr>\n<td>Jeep<\/td>\n<td>Grand Cherokee Trackhawk<\/td>\n<td>6.4<\/td>\n<td>2018\u20132021<\/td>\n<\/tr>\n<\/tbody>\n<\/table>\n<p>&nbsp;<\/p>\n<p><strong>Rozsah dod\u00e1vky: <\/strong><\/p>\n<ul>\n<li>2 brzdov\u00e9 kotou\u010de EBC Swept-Groove (SG2F029)<\/li>\n<\/ul>\n<p>&nbsp;<\/p>\n<p>&nbsp;<\/p>\n<div class=\"content\">\n<p>Spole\u010dnost EBC Brakes, zalo\u017een\u00e1 ve Velk\u00e9 Brit\u00e1nii, je p\u0159edn\u00edm v\u00fdrobcem komponent\u016f brzdov\u00fdch syst\u00e9m\u016f pro osobn\u00ed a n\u00e1kladn\u00ed automobily, autobusy, motocykly, \u010dty\u0159kolky a dokonce i sk\u00fatry. Provozovatel\u00e9 vozov\u00fdch park\u016f z\u00e1chrann\u00fdch vozidel, taxislu\u017eeb a n\u00e1ro\u010dn\u00ed z\u00e1vodn\u00edci po cel\u00e9m sv\u011bt\u011b up\u0159ednost\u0148uj\u00ed brzdov\u00e9 desti\u010dky a kotou\u010de EBC pro jejich \u00fa\u010dinnou p\u0159ilnavost, vynikaj\u00edc\u00ed trvanlivost, odolnost proti zah\u0159\u00edv\u00e1n\u00ed a p\u0159izp\u016fsoben\u00ed na m\u00edru.<br \/>\nSpole\u010dnost EBC, od prezidenta spole\u010dnosti a\u017e po ka\u017ed\u00e9ho zam\u011bstnance, je pevn\u011b p\u0159esv\u011bd\u010dena, \u017ee skute\u010dn\u011b \u0161pi\u010dkov\u00e9 komponenty brzdov\u00e9ho syst\u00e9mu mus\u00ed b\u00fdt vyrobeny z t\u011bch nejefektivn\u011bj\u0161\u00edch materi\u00e1l\u016f a z\u00e1rove\u0148 mus\u00ed m\u00edt co nejmen\u0161\u00ed dopad na \u017eivotn\u00ed prost\u0159ed\u00ed. Stejn\u011b tak spole\u010dnost EBC nikdy nepou\u017eije sv\u00e9 jm\u00e9no na produktech, u nich\u017e se p\u0159i konstrukci, kontrole kvality nebo v\u00fdrob\u011b pou\u017e\u00edvaj\u00ed zkratky nebo kter\u00e9 jsou vyr\u00e1b\u011bny v pracovn\u00edch podm\u00ednk\u00e1ch sweatshop\u016f, kde nejsou dodr\u017eov\u00e1na lidsk\u00e1 pr\u00e1va.<br \/>\nPokud chcete nejlep\u0161\u00ed a nejodpov\u011bdn\u011bj\u0161\u00ed komponenty brzdov\u00e9ho syst\u00e9mu, kter\u00e9 spl\u0148uj\u00ed nebo p\u0159ekra\u010duj\u00ed specifikace OEM bez p\u0159ir\u00e1\u017eky prodejce OEM, je EBC Brakes to prav\u00e9 jm\u00e9no.<\/p>\n<\/div>\n<p>&nbsp;<\/p>","protected":false},"excerpt":{"rendered":"<p>2d\u00edln\u00e9 brzdov\u00e9 kotou\u010de (1 p\u00e1r)<\/p>","protected":false},"featured_media":68318665,"comment_status":"open","ping_status":"closed","template":"","meta":{"_acf_changed":false},"product_brand":[16875],"product_cat":[17930,17963],"product_tag":[101,2757,2756,940,795,796,49,95,964,2442,16877,16876,16878,692,942,941,56,100,50,36,15423,797,102,842,841,673],"class_list":{"0":"post-68318655","1":"product","2":"type-product","3":"status-publish","4":"has-post-thumbnail","6":"product_brand-ebc-brakes","7":"product_cat-durango-hellcat-bremsscheiben-vorne","8":"product_cat-trackhawk-bremsscheiben-vorne","9":"product_tag-6-2","10":"product_tag-68305562aa","11":"product_tag-68305562ab","12":"product_tag-aftermarket","13":"product_tag-bremse","14":"product_tag-bremsscheibe","15":"product_tag-dodge","16":"product_tag-durango","17":"product_tag-ebc","18":"product_tag-ebc-brakes","19":"product_tag-ebc-bremsbelaege","20":"product_tag-ebc-bremsen","21":"product_tag-ebc-bremsscheiben","22":"product_tag-ersatzteil","23":"product_tag-gelocht","24":"product_tag-geschlitzt","25":"product_tag-grand-cherokee","26":"product_tag-hellcat","27":"product_tag-jeep","28":"product_tag-kraftwerk","29":"product_tag-sg2f029","30":"product_tag-sportbremsscheibe","31":"product_tag-trackhawk","32":"product_tag-vorderachse","33":"product_tag-vorne","34":"product_tag-zubehoer","36":"first","37":"onbackorder","38":"taxable","39":"shipping-taxable","40":"purchasable","41":"product-type-simple"},"bundled_by":[],"bundle_stock_status":"onbackorder","bundle_stock_quantity":0,"bundle_virtual":false,"bundle_layout":"","bundle_add_to_cart_form_location":"","bundle_editable_in_cart":false,"bundle_sold_individually_context":"","bundle_item_grouping":"","bundle_min_size":"","bundle_max_size":"","bundle_price":[],"bundled_items":[],"bundle_sell_ids":[],"exclude_global_add_ons":[],"addons":[],"acf":[],"_links":{"self":[{"href":"https:\/\/kraftwerk-shop.cc\/cs\/wp-json\/wp\/v2\/product\/68318655","targetHints":{"allow":["GET"]}}],"collection":[{"href":"https:\/\/kraftwerk-shop.cc\/cs\/wp-json\/wp\/v2\/product"}],"about":[{"href":"https:\/\/kraftwerk-shop.cc\/cs\/wp-json\/wp\/v2\/types\/product"}],"replies":[{"embeddable":true,"href":"https:\/\/kraftwerk-shop.cc\/cs\/wp-json\/wp\/v2\/comments?post=68318655"}],"version-history":[{"count":0,"href":"https:\/\/kraftwerk-shop.cc\/cs\/wp-json\/wp\/v2\/product\/68318655\/revisions"}],"wp:featuredmedia":[{"embeddable":true,"href":"https:\/\/kraftwerk-shop.cc\/cs\/wp-json\/wp\/v2\/media\/68318665"}],"wp:attachment":[{"href":"https:\/\/kraftwerk-shop.cc\/cs\/wp-json\/wp\/v2\/media?parent=68318655"}],"wp:term":[{"taxonomy":"product_brand","embeddable":true,"href":"https:\/\/kraftwerk-shop.cc\/cs\/wp-json\/wp\/v2\/product_brand?post=68318655"},{"taxonomy":"product_cat","embeddable":true,"href":"https:\/\/kraftwerk-shop.cc\/cs\/wp-json\/wp\/v2\/product_cat?post=68318655"},{"taxonomy":"product_tag","embeddable":true,"href":"https:\/\/kraftwerk-shop.cc\/cs\/wp-json\/wp\/v2\/product_tag?post=68318655"}],"curies":[{"name":"wp","href":"https:\/\/api.w.org\/{rel}","templated":true}]}}