{"id":68318946,"date":"2025-04-13T15:00:57","date_gmt":"2025-04-13T13:00:57","guid":{"rendered":"https:\/\/kraftwerk-shop.cc\/?post_type=product&#038;p=68318946"},"modified":"2026-02-15T01:19:32","modified_gmt":"2026-02-15T00:19:32","slug":"olejovy-filtr-mopar-mo-231-05184231ab","status":"publish","type":"product","link":"https:\/\/kraftwerk-shop.cc\/cs\/produkt\/mopar-oelfilter-mo-231-05184231ab\/","title":{"rendered":"Olejov\u00fd filtr Mopar MO-231 (05184231AB)"},"content":{"rendered":"<h1>Olejov\u00fd filtr Mopar 05184231AB (MO-231) - <span lang=\"DE\" style=\"display: inline;\">Origin\u00e1ln\u00ed n\u00e1hradn\u00ed d\u00edl<\/span><\/h1>\n<p>&nbsp;<\/p>\n<p><span lang=\"DE\"><strong>\u010c\u00edslo d\u00edlu Mopar:<\/strong> 05184231AA<br \/>\n<strong>Nahrazeno:<\/strong>\u00a0 5184231AA<br \/>\n<\/span><\/p>\n<p>&nbsp;<\/p>\n<p>Aby v\u00e1\u0161 motor spr\u00e1vn\u011b fungoval, mus\u00ed pracovat na \u010dist\u00fd motorov\u00fd olej. Probl\u00e9m je, \u017ee i nov\u00fd motorov\u00fd olej m\u016f\u017ee obsahovat ne\u010distoty. Ty se p\u0159i pr\u016fchodu motorem hromad\u00ed na r\u016fzn\u00fdch \u010d\u00e1stech a ovliv\u0148uj\u00ed efektivn\u00ed pohyb.<br \/>\nSpolu s dal\u0161\u00edmi ne\u010distotami, kter\u00e9 motorov\u00fd olej na sv\u00e9 cest\u011b motorem zachyt\u00ed, mohou v\u00e9st k po\u0161kozen\u00ed motoru.<br \/>\nZde p\u0159ich\u00e1z\u00ed ke slovu origin\u00e1ln\u00ed olejov\u00fd filtr Mopar.<br \/>\nZachycuje tyto mikroskopick\u00e9 pot\u00ed\u017ee na cest\u011b oleje, tak\u017ee do motoru proud\u00ed pouze \u010dist\u00fd olej, kter\u00fd ma\u017ee r\u016fzn\u00e9 d\u00edly. \u010casem se v\u0161ak i kvalitn\u00ed olejov\u00fd filtr porouch\u00e1 nebo ucpe.<\/p>\n<p>P\u0159i v\u00fdm\u011bn\u011b olejov\u00e9ho filtru se ujist\u011bte, \u017ee pou\u017e\u00edv\u00e1te origin\u00e1ln\u00ed olejov\u00fd filtr Mopar. Jedn\u00e1 se o jedin\u00e9 filtry, u nich\u017e je zaru\u010dena kompatibilita s motorem va\u0161eho modelu, tak\u017ee se m\u016f\u017eete spolehnout na jejich vhodnost a v\u00fdkon.<br \/>\nOlejov\u00fd filtr od jin\u00e9ho dodavatele nemus\u00ed b\u00fdt 100% dokonale padnouc\u00ed, co\u017e m\u016f\u017ee v\u00e9st k net\u011bsnostem nebo je\u0161t\u011b z\u00e1va\u017en\u011bj\u0161\u00edm probl\u00e9m\u016fm s motorem.<br \/>\nOrigin\u00e1ln\u00ed olejov\u00e9 filtry Mopar vhodn\u00e9 pro va\u0161e vozidlo najdete v na\u0161\u00ed online nab\u00eddce.<\/p>\n<p>Tento origin\u00e1ln\u00ed d\u00edl Mopar spl\u0148uje v\u0161echny po\u017eadavky tov\u00e1rn\u00ed z\u00e1ruky.<\/p>\n<p>&nbsp;<\/p>\n<p><strong>Vhodn\u00e9 pro:<\/strong><\/p>\n<table width=\"972\">\n<tbody>\n<tr>\n<td width=\"80\"><strong>Rok v\u00fdstavby<\/strong><\/td>\n<td width=\"80\"><strong>Zna\u010dka<\/strong><\/td>\n<td width=\"121\"><strong>Model<\/strong><\/td>\n<td width=\"493\"><strong>Verze<\/strong><\/td>\n<td width=\"198\"><strong>Motor<\/strong><\/td>\n<\/tr>\n<tr>\n<td width=\"80\">2012<\/td>\n<td width=\"80\">Jeep<\/td>\n<td width=\"121\">Liberty<\/td>\n<td width=\"493\">Limited, Sport<\/td>\n<td width=\"198\">3.7L<\/td>\n<\/tr>\n<tr>\n<td width=\"80\">2012<\/td>\n<td width=\"80\">Ram<\/td>\n<td width=\"121\">1500<\/td>\n<td width=\"493\">ST<\/td>\n<td width=\"198\">3.7L<\/td>\n<\/tr>\n<tr>\n<td width=\"80\">2011<\/td>\n<td width=\"80\">Dodge<\/td>\n<td width=\"121\">Nitro<\/td>\n<td width=\"493\">Heat, SE, SXT<\/td>\n<td width=\"198\">3.7L<\/td>\n<\/tr>\n<tr>\n<td width=\"80\">2011<\/td>\n<td width=\"80\">Jeep<\/td>\n<td width=\"121\">Liberty<\/td>\n<td width=\"493\">Limited, Renegade, Sport<\/td>\n<td width=\"198\">3.7L<\/td>\n<\/tr>\n<tr>\n<td width=\"80\">2011<\/td>\n<td width=\"80\">Ram<\/td>\n<td width=\"121\">1500<\/td>\n<td width=\"493\">ST<\/td>\n<td width=\"198\">3.7L<\/td>\n<\/tr>\n<tr>\n<td width=\"80\">2011<\/td>\n<td width=\"80\">Ram<\/td>\n<td width=\"121\">Dakota<\/td>\n<td width=\"493\">Big Horn, Laramie, ST, TRX<\/td>\n<td width=\"198\">3.7L<\/td>\n<\/tr>\n<tr>\n<td width=\"80\">2010<\/td>\n<td width=\"80\">Dodge<\/td>\n<td width=\"121\">Dakota<\/td>\n<td width=\"493\">Big Horn, Laramie, Lone Star, ST<\/td>\n<td width=\"198\">3.7L<\/td>\n<\/tr>\n<tr>\n<td width=\"80\">2010<\/td>\n<td width=\"80\">Dodge<\/td>\n<td width=\"121\">Nitro<\/td>\n<td width=\"493\">Heat, SE, SXT<\/td>\n<td width=\"198\">3.7L<\/td>\n<\/tr>\n<tr>\n<td width=\"80\">2010<\/td>\n<td width=\"80\">Dodge<\/td>\n<td width=\"121\">Ram 1500<\/td>\n<td width=\"493\">ST<\/td>\n<td width=\"198\">3.7L<\/td>\n<\/tr>\n<tr>\n<td width=\"80\">2010<\/td>\n<td width=\"80\">Jeep<\/td>\n<td width=\"121\">Commander<\/td>\n<td width=\"493\">Sport<\/td>\n<td width=\"198\">3.7L<\/td>\n<\/tr>\n<tr>\n<td width=\"80\">2010<\/td>\n<td width=\"80\">Jeep<\/td>\n<td width=\"121\">Grand Cherokee<\/td>\n<td width=\"493\">Laredo, Limited<\/td>\n<td width=\"198\">3.7L<\/td>\n<\/tr>\n<tr>\n<td width=\"80\">2010<\/td>\n<td width=\"80\">Jeep<\/td>\n<td width=\"121\">Liberty<\/td>\n<td width=\"493\">Limited, Renegade, Sport<\/td>\n<td width=\"198\">3.7L<\/td>\n<\/tr>\n<tr>\n<td width=\"80\">2009<\/td>\n<td width=\"80\">Dodge<\/td>\n<td width=\"121\">Dakota<\/td>\n<td width=\"493\">Big Horn, Laramie, Lone Star, ST, TRX4<\/td>\n<td width=\"198\">3.7L<\/td>\n<\/tr>\n<tr>\n<td width=\"80\">2009<\/td>\n<td width=\"80\">Dodge<\/td>\n<td width=\"121\">Durango<\/td>\n<td width=\"493\">SE, SLT<\/td>\n<td width=\"198\">3.7L<\/td>\n<\/tr>\n<tr>\n<td width=\"80\">2009<\/td>\n<td width=\"80\">Dodge<\/td>\n<td width=\"121\">Nitro<\/td>\n<td width=\"493\">SE, SLT<\/td>\n<td width=\"198\">3.7L<\/td>\n<\/tr>\n<tr>\n<td width=\"80\">2009<\/td>\n<td width=\"80\">Dodge<\/td>\n<td width=\"121\">Ram 1500<\/td>\n<td width=\"493\">ST<\/td>\n<td width=\"198\">3.7L<\/td>\n<\/tr>\n<tr>\n<td width=\"80\">2009<\/td>\n<td width=\"80\">Jeep<\/td>\n<td width=\"121\">Commander<\/td>\n<td width=\"493\">Sport<\/td>\n<td width=\"198\">3.7L<\/td>\n<\/tr>\n<tr>\n<td width=\"80\">2009<\/td>\n<td width=\"80\">Jeep<\/td>\n<td width=\"121\">Grand Cherokee<\/td>\n<td width=\"493\">Laredo, Limited<\/td>\n<td width=\"198\">3.7L<\/td>\n<\/tr>\n<tr>\n<td width=\"80\">2009<\/td>\n<td width=\"80\">Jeep<\/td>\n<td width=\"121\">Liberty<\/td>\n<td width=\"493\">Limited, Sport<\/td>\n<td width=\"198\">3.7L<\/td>\n<\/tr>\n<\/tbody>\n<\/table>\n<p>&nbsp;<\/p>","protected":false},"excerpt":{"rendered":"<p>Origin\u00e1ln\u00ed d\u00edl Mopar<\/p>","protected":false},"featured_media":68318948,"comment_status":"open","ping_status":"closed","template":"","meta":{"_acf_changed":false},"product_brand":[16270],"product_cat":[2656,1484],"product_tag":[15823,15820,15821,213,214,176,177,15824,15818,15822,15825,15829,15827,15837,15830,15828,15832,15834,15833,15826,15836,15835,15831,15838,15842,15840,15850,15843,15841,15845,15847,15846,15839,15849,15848,15844,15851,15855,15853,15863,15856,15854,15858,15860,15859,15852,15862,15861,15857,15864,15868,15866,15876,15869,15867,15871,15873,15872,15865,15875,15874,15870,2321,648,675,15877,15881,15879,15889,15882,15880,15884,15886,15885,15878,15888,15887,15883,15890,15894,15892,15902,15895,15893,15897,15899,15898,15891,15901,15900,15896,15903,15907,15905,15908,15906,15910,15912,15911,15904,15914,15913,15909,36,15819,31,8813,9424,16271,16273,16275,16272,16274,7221,404,2320,647,2453,655,34,35,674,38,37,673],"class_list":{"0":"post-68318946","1":"product","2":"type-product","3":"status-publish","4":"has-post-thumbnail","6":"product_brand-mopar","7":"product_cat-nitro-motor","8":"product_cat-liberty-motor","9":"product_tag-15823","10":"product_tag-05184231aa","11":"product_tag-05184231ab","12":"product_tag-213","13":"product_tag-214","14":"product_tag-176","15":"product_tag-177","16":"product_tag-15824","17":"product_tag-5184231aa","18":"product_tag-5184231ab","19":"product_tag-dodge-dakota-oelfilter","20":"product_tag-dodge-dakota-oelfilter-05184231","21":"product_tag-dodge-dakota-oelfilter-05184231ab","22":"product_tag-dodge-dakota-oelfilter-3-7","23":"product_tag-dodge-dakota-oelfilter-5184231","24":"product_tag-dodge-dakota-oelfilter-5184231ab","25":"product_tag-dodge-dakota-oelfilter-ersatz","26":"product_tag-dodge-dakota-oelfilter-ersatzteil","27":"product_tag-dodge-dakota-oelfilter-kaufen","28":"product_tag-dodge-dakota-oelfilter-mo-231","29":"product_tag-dodge-dakota-oelfilter-mopar","30":"product_tag-dodge-dakota-oelfilter-original","31":"product_tag-dodge-dakota-oelfilter-wechseln","32":"product_tag-dodge-durango-oelfilter","33":"product_tag-dodge-durango-oelfilter-05184231","34":"product_tag-dodge-durango-oelfilter-05184231ab","35":"product_tag-dodge-durango-oelfilter-3-7","36":"product_tag-dodge-durango-oelfilter-5184231","37":"product_tag-dodge-durango-oelfilter-5184231ab","38":"product_tag-dodge-durango-oelfilter-ersatz","39":"product_tag-dodge-durango-oelfilter-ersatzteil","40":"product_tag-dodge-durango-oelfilter-kaufen","41":"product_tag-dodge-durango-oelfilter-mo-231","42":"product_tag-dodge-durango-oelfilter-mopar","43":"product_tag-dodge-durango-oelfilter-original","44":"product_tag-dodge-durango-oelfilter-wechseln","45":"product_tag-dodge-nitro-oelfilter","46":"product_tag-dodge-nitro-oelfilter-05184231","47":"product_tag-dodge-nitro-oelfilter-05184231ab","48":"product_tag-dodge-nitro-oelfilter-3-7","49":"product_tag-dodge-nitro-oelfilter-5184231","50":"product_tag-dodge-nitro-oelfilter-5184231ab","51":"product_tag-dodge-nitro-oelfilter-ersatz","52":"product_tag-dodge-nitro-oelfilter-ersatzteil","53":"product_tag-dodge-nitro-oelfilter-kaufen","54":"product_tag-dodge-nitro-oelfilter-mo-231","55":"product_tag-dodge-nitro-oelfilter-mopar","56":"product_tag-dodge-nitro-oelfilter-original","57":"product_tag-dodge-nitro-oelfilter-wechseln","58":"product_tag-dodge-ram-1500-oelfilter","59":"product_tag-dodge-ram-1500-oelfilter-05184231","60":"product_tag-dodge-ram-1500-oelfilter-05184231ab","61":"product_tag-dodge-ram-1500-oelfilter-3-7","62":"product_tag-dodge-ram-1500-oelfilter-5184231","63":"product_tag-dodge-ram-1500-oelfilter-5184231ab","64":"product_tag-dodge-ram-1500-oelfilter-ersatz","65":"product_tag-dodge-ram-1500-oelfilter-ersatzteil","66":"product_tag-dodge-ram-1500-oelfilter-kaufen","67":"product_tag-dodge-ram-1500-oelfilter-mo-231","68":"product_tag-dodge-ram-1500-oelfilter-mopar","69":"product_tag-dodge-ram-1500-oelfilter-original","70":"product_tag-dodge-ram-1500-oelfilter-wechseln","71":"product_tag-erstausruester","72":"product_tag-filter","73":"product_tag-inspektion","74":"product_tag-jeep-commander-oelfilter","75":"product_tag-jeep-commander-oelfilter-05184231","76":"product_tag-jeep-commander-oelfilter-05184231ab","77":"product_tag-jeep-commander-oelfilter-3-7","78":"product_tag-jeep-commander-oelfilter-5184231","79":"product_tag-jeep-commander-oelfilter-5184231ab","80":"product_tag-jeep-commander-oelfilter-ersatz","81":"product_tag-jeep-commander-oelfilter-ersatzteil","82":"product_tag-jeep-commander-oelfilter-kaufen","83":"product_tag-jeep-commander-oelfilter-mo-231","84":"product_tag-jeep-commander-oelfilter-mopar","85":"product_tag-jeep-commander-oelfilter-original","86":"product_tag-jeep-commander-oelfilter-wechseln","87":"product_tag-jeep-grand-cherokee-oelfilter","88":"product_tag-jeep-grand-cherokee-oelfilter-05184231","89":"product_tag-jeep-grand-cherokee-oelfilter-05184231ab","90":"product_tag-jeep-grand-cherokee-oelfilter-3-7","91":"product_tag-jeep-grand-cherokee-oelfilter-5184231","92":"product_tag-jeep-grand-cherokee-oelfilter-5184231ab","93":"product_tag-jeep-grand-cherokee-oelfilter-ersatz","94":"product_tag-jeep-grand-cherokee-oelfilter-ersatzteil","95":"product_tag-jeep-grand-cherokee-oelfilter-kaufen","96":"product_tag-jeep-grand-cherokee-oelfilter-mo-231","97":"product_tag-jeep-grand-cherokee-oelfilter-mopar","98":"product_tag-jeep-grand-cherokee-oelfilter-original","99":"product_tag-jeep-grand-cherokee-oelfilter-wechseln","100":"product_tag-jeep-liberty-oelfilter","101":"product_tag-jeep-liberty-oelfilter-05184231","102":"product_tag-jeep-liberty-oelfilter-05184231ab","103":"product_tag-jeep-liberty-oelfilter-5184231","104":"product_tag-jeep-liberty-oelfilter-5184231ab","105":"product_tag-jeep-liberty-oelfilter-ersatz","106":"product_tag-jeep-liberty-oelfilter-ersatzteil","107":"product_tag-jeep-liberty-oelfilter-kaufen","108":"product_tag-jeep-liberty-oelfilter-mo-231","109":"product_tag-jeep-liberty-oelfilter-mopar","110":"product_tag-jeep-liberty-oelfilter-original","111":"product_tag-jeep-liberty-oelfilter-wechseln","112":"product_tag-kraftwerk","113":"product_tag-mo-231","114":"product_tag-mopar","115":"product_tag-mopar-autoteile","116":"product_tag-mopar-ersatzteile","117":"product_tag-mopar-ersatzteile-kaufen","118":"product_tag-mopar-performance-teile","119":"product_tag-mopar-teile-katalog","120":"product_tag-mopar-teile-online","121":"product_tag-mopar-tuningteile","122":"product_tag-mopar10","123":"product_tag-motoroel","124":"product_tag-motoroelfilter","125":"product_tag-oelfilter","126":"product_tag-oelfilter10","127":"product_tag-oelwechsel","128":"product_tag-original","129":"product_tag-originalersatzteil","130":"product_tag-service","131":"product_tag-teile","132":"product_tag-wartung","133":"product_tag-zubehoer","135":"first","136":"instock","137":"taxable","138":"shipping-taxable","139":"purchasable","140":"product-type-simple"},"bundled_by":[],"bundle_stock_status":"instock","bundle_stock_quantity":1,"bundle_virtual":false,"bundle_layout":"","bundle_add_to_cart_form_location":"","bundle_editable_in_cart":false,"bundle_sold_individually_context":"","bundle_item_grouping":"","bundle_min_size":"","bundle_max_size":"","bundle_price":[],"bundled_items":[],"bundle_sell_ids":[],"exclude_global_add_ons":[],"addons":[],"acf":[],"_links":{"self":[{"href":"https:\/\/kraftwerk-shop.cc\/cs\/wp-json\/wp\/v2\/product\/68318946","targetHints":{"allow":["GET"]}}],"collection":[{"href":"https:\/\/kraftwerk-shop.cc\/cs\/wp-json\/wp\/v2\/product"}],"about":[{"href":"https:\/\/kraftwerk-shop.cc\/cs\/wp-json\/wp\/v2\/types\/product"}],"replies":[{"embeddable":true,"href":"https:\/\/kraftwerk-shop.cc\/cs\/wp-json\/wp\/v2\/comments?post=68318946"}],"version-history":[{"count":0,"href":"https:\/\/kraftwerk-shop.cc\/cs\/wp-json\/wp\/v2\/product\/68318946\/revisions"}],"wp:featuredmedia":[{"embeddable":true,"href":"https:\/\/kraftwerk-shop.cc\/cs\/wp-json\/wp\/v2\/media\/68318948"}],"wp:attachment":[{"href":"https:\/\/kraftwerk-shop.cc\/cs\/wp-json\/wp\/v2\/media?parent=68318946"}],"wp:term":[{"taxonomy":"product_brand","embeddable":true,"href":"https:\/\/kraftwerk-shop.cc\/cs\/wp-json\/wp\/v2\/product_brand?post=68318946"},{"taxonomy":"product_cat","embeddable":true,"href":"https:\/\/kraftwerk-shop.cc\/cs\/wp-json\/wp\/v2\/product_cat?post=68318946"},{"taxonomy":"product_tag","embeddable":true,"href":"https:\/\/kraftwerk-shop.cc\/cs\/wp-json\/wp\/v2\/product_tag?post=68318946"}],"curies":[{"name":"wp","href":"https:\/\/api.w.org\/{rel}","templated":true}]}}