{"id":68318950,"date":"2025-04-13T15:17:38","date_gmt":"2025-04-13T13:17:38","guid":{"rendered":"https:\/\/kraftwerk-shop.cc\/?post_type=product&#038;p=68318950"},"modified":"2026-03-16T16:00:09","modified_gmt":"2026-03-16T15:00:09","slug":"olejovy-filtr-mopar-mo-409-04105409ae","status":"publish","type":"product","link":"https:\/\/kraftwerk-shop.cc\/cs\/produkt\/mopar-oelfilter-mo-409-04105409ae\/","title":{"rendered":"Olejov\u00fd filtr Mopar MO-409 (04105409AE)"},"content":{"rendered":"<h1>Olejov\u00fd filtr Mopar 04105409AE (MO-409) - <span lang=\"DE\" style=\"display: inline;\">Origin\u00e1ln\u00ed n\u00e1hradn\u00ed d\u00edl<\/span><\/h1>\n<p>&nbsp;<\/p>\n<p><span lang=\"DE\"><strong>\u010c\u00edslo d\u00edlu Mopar:<\/strong> 04105409AE<br \/>\n<strong>Nahrazeno:<\/strong>\u00a0 4105409AB, 4105409AC, 4105409BB, FE00215<br \/>\n<\/span><\/p>\n<p>&nbsp;<\/p>\n<p>Aby v\u00e1\u0161 motor spr\u00e1vn\u011b fungoval, mus\u00ed pracovat na \u010dist\u00fd motorov\u00fd olej. Probl\u00e9m je, \u017ee i nov\u00fd motorov\u00fd olej m\u016f\u017ee obsahovat ne\u010distoty. Ty se p\u0159i pr\u016fchodu motorem hromad\u00ed na r\u016fzn\u00fdch \u010d\u00e1stech a ovliv\u0148uj\u00ed efektivn\u00ed pohyb.<br \/>\nSpolu s dal\u0161\u00edmi ne\u010distotami, kter\u00e9 motorov\u00fd olej na sv\u00e9 cest\u011b motorem zachyt\u00ed, mohou v\u00e9st k po\u0161kozen\u00ed motoru.<br \/>\nZde p\u0159ich\u00e1z\u00ed ke slovu origin\u00e1ln\u00ed olejov\u00fd filtr Mopar.<br \/>\nZachycuje tyto mikroskopick\u00e9 pot\u00ed\u017ee na cest\u011b oleje, tak\u017ee do motoru proud\u00ed pouze \u010dist\u00fd olej, kter\u00fd ma\u017ee r\u016fzn\u00e9 d\u00edly. \u010casem se v\u0161ak i kvalitn\u00ed olejov\u00fd filtr porouch\u00e1 nebo ucpe.<\/p>\n<p>P\u0159i v\u00fdm\u011bn\u011b olejov\u00e9ho filtru se ujist\u011bte, \u017ee pou\u017e\u00edv\u00e1te origin\u00e1ln\u00ed olejov\u00fd filtr Mopar. Jedn\u00e1 se o jedin\u00e9 filtry, u nich\u017e je zaru\u010dena kompatibilita s motorem va\u0161eho modelu, tak\u017ee se m\u016f\u017eete spolehnout na jejich vhodnost a v\u00fdkon.<br \/>\nOlejov\u00fd filtr od jin\u00e9ho dodavatele nemus\u00ed b\u00fdt 100% dokonale padnouc\u00ed, co\u017e m\u016f\u017ee v\u00e9st k net\u011bsnostem nebo je\u0161t\u011b z\u00e1va\u017en\u011bj\u0161\u00edm probl\u00e9m\u016fm s motorem.<br \/>\nOrigin\u00e1ln\u00ed olejov\u00e9 filtry Mopar vhodn\u00e9 pro va\u0161e vozidlo najdete v na\u0161\u00ed online nab\u00eddce.<\/p>\n<p>Tento origin\u00e1ln\u00ed d\u00edl Mopar spl\u0148uje v\u0161echny po\u017eadavky tov\u00e1rn\u00ed z\u00e1ruky.<\/p>\n<p>&nbsp;<\/p>\n<p><strong>Vhodn\u00e9 pro:<\/strong><\/p>\n<table width=\"972\">\n<tbody>\n<tr>\n<td width=\"80\"><strong>Rok v\u00fdstavby<\/strong><\/td>\n<td width=\"80\"><strong>Zna\u010dka<\/strong><\/td>\n<td width=\"121\"><strong>Model<\/strong><\/td>\n<td width=\"493\"><strong>Verze<\/strong><\/td>\n<td width=\"198\"><strong>Motor<\/strong><\/td>\n<\/tr>\n<tr>\n<td width=\"80\">2011<\/td>\n<td width=\"80\">Jeep<\/td>\n<td width=\"121\">Wrangler<\/td>\n<td width=\"493\">70th Anniversary, Rubicon, Sahara, Sport, Unlimited 70th Anniversary, Unlimited Rubicon, Unlimited Sahara, Unlimited Sport<\/td>\n<td width=\"198\">3.8L<\/td>\n<\/tr>\n<tr>\n<td width=\"80\">2010<\/td>\n<td width=\"80\">Chrysler<\/td>\n<td width=\"121\">PT Cruiser<\/td>\n<td width=\"493\">Classic<\/td>\n<td width=\"198\">2.4L<\/td>\n<\/tr>\n<tr>\n<td width=\"80\">2010<\/td>\n<td width=\"80\">Chrysler<\/td>\n<td width=\"121\">Town &amp; Country<\/td>\n<td width=\"493\">LX, Touring, Touring Plus, Walter P. Chrysler Signature Series<\/td>\n<td width=\"198\">3.3L V6 - Flex, 3.8L<\/td>\n<\/tr>\n<tr>\n<td width=\"80\">2010<\/td>\n<td width=\"80\">Dodge<\/td>\n<td width=\"121\">Grand Caravan<\/td>\n<td width=\"493\">C\/V, SE, SXT<\/td>\n<td width=\"198\">3.3L V6 - Flex, 3.8L<\/td>\n<\/tr>\n<tr>\n<td width=\"80\">2010<\/td>\n<td width=\"80\">Jeep<\/td>\n<td width=\"121\">Wrangler<\/td>\n<td width=\"493\">Rubicon, Sahara, Sport, Unlimited Rubicon, Unlimited Sahara, Unlimited Sport<\/td>\n<td width=\"198\">3.8L<\/td>\n<\/tr>\n<tr>\n<td width=\"80\">2009<\/td>\n<td width=\"80\">Chrysler<\/td>\n<td width=\"121\">PT Cruiser<\/td>\n<td width=\"493\">LX, Limited, Touring<\/td>\n<td width=\"198\">2.4L<\/td>\n<\/tr>\n<tr>\n<td width=\"80\">2009<\/td>\n<td width=\"80\">Chrysler<\/td>\n<td width=\"121\">Town &amp; Country<\/td>\n<td width=\"493\">LX, Touring<\/td>\n<td width=\"198\">3.3L V6 - Flex, 3.8L<\/td>\n<\/tr>\n<tr>\n<td width=\"80\">2009<\/td>\n<td width=\"80\">Dodge<\/td>\n<td width=\"121\">Grand Caravan<\/td>\n<td width=\"493\">C\/V, SE, SXT<\/td>\n<td width=\"198\">3.3L V6 - Flex, 3.8L<\/td>\n<\/tr>\n<tr>\n<td width=\"80\">2009<\/td>\n<td width=\"80\">Jeep<\/td>\n<td width=\"121\">Wrangler<\/td>\n<td width=\"493\">Rubicon, Sahara, Unlimited Rubicon, Unlimited Sahara, Unlimited X, X<\/td>\n<td width=\"198\">3.8L<\/td>\n<\/tr>\n<tr>\n<td width=\"80\">2008<\/td>\n<td width=\"80\">Chrysler<\/td>\n<td width=\"121\">PT Cruiser<\/td>\n<td width=\"493\">Z\u00e1kladn\u00ed verze, LX, Limited, Touring<\/td>\n<td width=\"198\">2.4L<\/td>\n<\/tr>\n<tr>\n<td width=\"80\">2008<\/td>\n<td width=\"80\">Chrysler<\/td>\n<td width=\"121\">Pacifica<\/td>\n<td width=\"493\">LX<\/td>\n<td width=\"198\">3.8L<\/td>\n<\/tr>\n<tr>\n<td width=\"80\">2008<\/td>\n<td width=\"80\">Chrysler<\/td>\n<td width=\"121\">Town &amp; Country<\/td>\n<td width=\"493\">LX, Limited, Touring<\/td>\n<td width=\"198\">3.3L, 3.8L, 4.0L<\/td>\n<\/tr>\n<tr>\n<td width=\"80\">2008<\/td>\n<td width=\"80\">Dodge<\/td>\n<td width=\"121\">Grand Caravan<\/td>\n<td width=\"493\">C\/V, SE, SXT<\/td>\n<td width=\"198\">3.3L, 3.8L, 4.0L<\/td>\n<\/tr>\n<tr>\n<td width=\"80\">2008<\/td>\n<td width=\"80\">Jeep<\/td>\n<td width=\"121\">Wrangler<\/td>\n<td width=\"493\">Rubicon, Sahara, X<\/td>\n<td width=\"198\">3.8L<\/td>\n<\/tr>\n<tr>\n<td width=\"80\">2007<\/td>\n<td width=\"80\">Chrysler<\/td>\n<td width=\"121\">Town &amp; Country<\/td>\n<td width=\"493\">Z\u00e1kladn\u00ed verze, LX, Limited, Touring<\/td>\n<td width=\"198\">3,3 L, 3,8 L<\/td>\n<\/tr>\n<tr>\n<td width=\"80\">2007<\/td>\n<td width=\"80\">Dodge<\/td>\n<td width=\"121\">Karavan<\/td>\n<td width=\"493\">C\/V, SE, SXT<\/td>\n<td width=\"198\">2.4L, 3.3L V6 - Flex, 3.3L<\/td>\n<\/tr>\n<tr>\n<td width=\"80\">2007<\/td>\n<td width=\"80\">Dodge<\/td>\n<td width=\"121\">Grand Caravan<\/td>\n<td width=\"493\">Z\u00e1kladn\u00ed verze, SE, SXT<\/td>\n<td width=\"198\">3.3L V6 - Flex, 3.3L, 3.8L<\/td>\n<\/tr>\n<tr>\n<td width=\"80\">2007<\/td>\n<td width=\"80\">Jeep<\/td>\n<td width=\"121\">Wrangler<\/td>\n<td width=\"493\">Rubicon, Sahara, X<\/td>\n<td width=\"198\">3.8L<\/td>\n<\/tr>\n<\/tbody>\n<\/table>\n<p>&nbsp;<\/p>","protected":false},"excerpt":{"rendered":"<p>Origin\u00e1ln\u00ed d\u00edl Mopar<\/p>","protected":false},"featured_media":68318952,"comment_status":"open","ping_status":"closed","template":"","meta":{"_acf_changed":false},"product_brand":[16270],"product_cat":[19657,1427,19785],"product_tag":[15937,15921,15922,15915,15923,209,210,213,214,176,15938,15917,15918,15936,15919,15963,15965,15966,15964,15943,15945,15946,15944,15947,15949,15950,15951,15952,15948,15958,15960,15961,15962,15959,15953,15955,15956,15957,15954,2321,15920,648,675,15939,15941,15942,15940,36,15916,31,8813,9424,16271,16273,16275,16272,16274,7221,404,2320,647,2453,655,34,35,674,38,37,673],"class_list":{"0":"post-68318950","1":"product","2":"type-product","3":"status-publish","4":"has-post-thumbnail","6":"product_brand-mopar","7":"product_cat-pacifica-wartung","8":"product_cat-pt-cruiser-motor","9":"product_cat-wrangler-38-wartung","10":"product_tag-15937","11":"product_tag-04105409ab","12":"product_tag-04105409ac","13":"product_tag-04105409ae","14":"product_tag-04105409bb","15":"product_tag-209","16":"product_tag-210","17":"product_tag-213","18":"product_tag-214","19":"product_tag-176","20":"product_tag-15938","21":"product_tag-4105409ab","22":"product_tag-4105409ac","23":"product_tag-4105409ae","24":"product_tag-4105409bb","25":"product_tag-chrysler-pacifica-oelfilter","26":"product_tag-chrysler-pacifica-oelfilter-04105409ae","27":"product_tag-chrysler-pacifica-oelfilter-3-8","28":"product_tag-chrysler-pacifica-oelfilter-mo-409","29":"product_tag-chrysler-pt-cruiser-oelfilter","30":"product_tag-chrysler-pt-cruiser-oelfilter-04105409ae","31":"product_tag-chrysler-pt-cruiser-oelfilter-2-4","32":"product_tag-chrysler-pt-cruiser-oelfilter-mo-409","33":"product_tag-chrysler-town-country-oelfilter","34":"product_tag-chrysler-town-country-oelfilter-04105409ae","35":"product_tag-chrysler-town-country-oelfilter-3-3","36":"product_tag-chrysler-town-country-oelfilter-3-8","37":"product_tag-chrysler-town-country-oelfilter-4-0","38":"product_tag-chrysler-town-country-oelfilter-mo-409","39":"product_tag-dodge-caravan-oelfilter","40":"product_tag-dodge-caravan-oelfilter-04105409ae","41":"product_tag-dodge-caravan-oelfilter-2-4","42":"product_tag-dodge-caravan-oelfilter-3-3","43":"product_tag-dodge-caravan-oelfilter-mo-409","44":"product_tag-dodge-grand-caravan-oelfilter","45":"product_tag-dodge-grand-caravan-oelfilter-04105409ae","46":"product_tag-dodge-grand-caravan-oelfilter-3-3","47":"product_tag-dodge-grand-caravan-oelfilter-3-8","48":"product_tag-dodge-grand-caravan-oelfilter-mo-409","49":"product_tag-erstausruester","50":"product_tag-fe00215","51":"product_tag-filter","52":"product_tag-inspektion","53":"product_tag-jeep-wrangler-oelfilter","54":"product_tag-jeep-wrangler-oelfilter-04105409ae","55":"product_tag-jeep-wrangler-oelfilter-3-8","56":"product_tag-jeep-wrangler-oelfilter-mo-409","57":"product_tag-kraftwerk","58":"product_tag-mo-409","59":"product_tag-mopar","60":"product_tag-mopar-autoteile","61":"product_tag-mopar-ersatzteile","62":"product_tag-mopar-ersatzteile-kaufen","63":"product_tag-mopar-performance-teile","64":"product_tag-mopar-teile-katalog","65":"product_tag-mopar-teile-online","66":"product_tag-mopar-tuningteile","67":"product_tag-mopar10","68":"product_tag-motoroel","69":"product_tag-motoroelfilter","70":"product_tag-oelfilter","71":"product_tag-oelfilter10","72":"product_tag-oelwechsel","73":"product_tag-original","74":"product_tag-originalersatzteil","75":"product_tag-service","76":"product_tag-teile","77":"product_tag-wartung","78":"product_tag-zubehoer","80":"first","81":"instock","82":"taxable","83":"shipping-taxable","84":"purchasable","85":"product-type-simple"},"bundled_by":[],"bundle_stock_status":"instock","bundle_stock_quantity":5,"bundle_virtual":false,"bundle_layout":"","bundle_add_to_cart_form_location":"","bundle_editable_in_cart":false,"bundle_sold_individually_context":"","bundle_item_grouping":"","bundle_min_size":"","bundle_max_size":"","bundle_price":[],"bundled_items":[],"bundle_sell_ids":[],"exclude_global_add_ons":[],"addons":[],"acf":[],"_links":{"self":[{"href":"https:\/\/kraftwerk-shop.cc\/cs\/wp-json\/wp\/v2\/product\/68318950","targetHints":{"allow":["GET"]}}],"collection":[{"href":"https:\/\/kraftwerk-shop.cc\/cs\/wp-json\/wp\/v2\/product"}],"about":[{"href":"https:\/\/kraftwerk-shop.cc\/cs\/wp-json\/wp\/v2\/types\/product"}],"replies":[{"embeddable":true,"href":"https:\/\/kraftwerk-shop.cc\/cs\/wp-json\/wp\/v2\/comments?post=68318950"}],"version-history":[{"count":0,"href":"https:\/\/kraftwerk-shop.cc\/cs\/wp-json\/wp\/v2\/product\/68318950\/revisions"}],"wp:featuredmedia":[{"embeddable":true,"href":"https:\/\/kraftwerk-shop.cc\/cs\/wp-json\/wp\/v2\/media\/68318952"}],"wp:attachment":[{"href":"https:\/\/kraftwerk-shop.cc\/cs\/wp-json\/wp\/v2\/media?parent=68318950"}],"wp:term":[{"taxonomy":"product_brand","embeddable":true,"href":"https:\/\/kraftwerk-shop.cc\/cs\/wp-json\/wp\/v2\/product_brand?post=68318950"},{"taxonomy":"product_cat","embeddable":true,"href":"https:\/\/kraftwerk-shop.cc\/cs\/wp-json\/wp\/v2\/product_cat?post=68318950"},{"taxonomy":"product_tag","embeddable":true,"href":"https:\/\/kraftwerk-shop.cc\/cs\/wp-json\/wp\/v2\/product_tag?post=68318950"}],"curies":[{"name":"wp","href":"https:\/\/api.w.org\/{rel}","templated":true}]}}