{"id":68319737,"date":"2025-04-20T13:29:48","date_gmt":"2025-04-20T11:29:48","guid":{"rendered":"https:\/\/kraftwerk-shop.cc\/?post_type=product&#038;p=68319737"},"modified":"2026-02-15T01:19:33","modified_gmt":"2026-02-15T00:19:33","slug":"sada-klikoveho-hridele-53021302ad","status":"publish","type":"product","link":"https:\/\/kraftwerk-shop.cc\/cs\/produkt\/kurbelwellen-kit-53021302ad\/","title":{"rendered":"Sada klikov\u00e9ho h\u0159\u00eddele 5.7"},"content":{"rendered":"<h1>Sada klikov\u00e9ho h\u0159\u00eddele pro Chrysler Aspen, 300C, Dodge Durango, Charger, Magnum, RAM, Jeep Commander a Grand Cherokee 5.7 z let 2003 a\u017e 2008<\/h1>\n<p>&nbsp;<\/p>\n<p><span lang=\"DE\"><strong>Srovn\u00e1vac\u00ed \u010d\u00edsla Mopar:<\/strong> <span id=\"partsInventoryModalPartNumber\">53021302AD<\/span><\/span><\/p>\n<p><strong>Vlastnosti produktu:<\/strong><\/p>\n<ul>\n<li>Profesion\u00e1ln\u00ed renovace: klikov\u00fd h\u0159\u00eddel byl vy\u010di\u0161t\u011bn, zkontrolov\u00e1n, vybrou\u0161en a v p\u0159\u00edpad\u011b pot\u0159eby repasov\u00e1n s kvalitn\u00edmi lo\u017eiskov\u00fdmi sedly a vyva\u017eovac\u00edmi z\u00e1va\u017e\u00edmi.<\/li>\n<li>P\u0159\u00edsn\u00e9 normy kvality: trvale vysok\u00e1 kvalita v\u00fdrobk\u016f zaji\u0161t\u011bn\u00e1 nejmodern\u011bj\u0161\u00edmi v\u00fdrobn\u00edmi technologiemi a komplexn\u00edmi zku\u0161ebn\u00edmi postupy.<\/li>\n<li>P\u0159ipraveno k okam\u017eit\u00e9mu pou\u017eit\u00ed: Sada klikov\u00e9ho h\u0159\u00eddele se dod\u00e1v\u00e1 p\u0159ipraven\u00e1 k mont\u00e1\u017ei - ide\u00e1ln\u00ed pro okam\u017eitou mont\u00e1\u017e v r\u00e1mci gener\u00e1ln\u00ed opravy nebo opravy motoru.<\/li>\n<\/ul>\n<p>&nbsp;<\/p>\n<p><strong>Rozsah dod\u00e1vky:<\/strong><\/p>\n<ul>\n<li>Gener\u00e1ln\u00ed oprava klikov\u00e9ho h\u0159\u00eddele<\/li>\n<li>Pl\u00e1\u0161t\u011b hlavn\u00edch lo\u017eisek (ve vhodn\u00e9 nadm\u011brn\u00e9 velikosti)<\/li>\n<li>Pouzdra ojni\u010dn\u00edch lo\u017eisek (ve vhodn\u00fdch nadm\u011brn\u00fdch velikostech)<\/li>\n<li>Vyva\u017eovac\u00ed z\u00e1va\u017e\u00ed (je-li pot\u0159eba)<\/li>\n<\/ul>\n<p>&nbsp;<\/p>\n<p><strong>D\u016fle\u017eit\u00e9 upozorn\u011bn\u00ed:<\/strong><\/p>\n<p>Tento v\u00fdrobek je v\u00fdslovn\u011b repasovan\u00fd klikov\u00fd h\u0159\u00eddel (repasovan\u00fd) - ne nov\u00fd d\u00edl.<br \/>\nH\u0159\u00eddel byla p\u0159epracov\u00e1na, zm\u011b\u0159ena, vybrou\u0161ena a vyv\u00e1\u017eena. Lo\u017eiskov\u00e9 dr\u00e1hy ji\u017e neodpov\u00eddaj\u00ed p\u016fvodn\u00edm rozm\u011br\u016fm, ale jsou ur\u010deny pro pou\u017eit\u00ed s lo\u017eisky nadm\u011brn\u00fdch rozm\u011br\u016f (jsou sou\u010d\u00e1st\u00ed dod\u00e1vky).<\/p>\n<p>Vratn\u00e9 kole\u010dko nen\u00ed sou\u010d\u00e1st\u00ed dod\u00e1vky.<br \/>\nMus\u00ed b\u00fdt odebr\u00e1na z p\u016fvodn\u00edho d\u00edlu a odborn\u011b p\u0159enesena na nov\u00fd klikov\u00fd h\u0159\u00eddel.<\/p>\n<p>Ujist\u011bte se, \u017ee je p\u016fvodn\u00ed rel\u00e9ov\u00e9 kolo nepo\u0161kozen\u00e9 a funk\u010dn\u00ed, proto\u017ee spr\u00e1vn\u00e1 signalizace pro sn\u00edma\u010d klikov\u00e9ho h\u0159\u00eddele je pro \u0159\u00edzen\u00ed motoru rozhoduj\u00edc\u00ed. Um\u00edst\u011bn\u00ed mus\u00ed b\u00fdt provedeno p\u0159esn\u011b podle \u00fadaj\u016f v\u00fdrobce, aby byl zaji\u0161t\u011bn bezporuchov\u00fd provoz.<\/p>\n<p>&nbsp;<\/p>\n<p><strong>Vhodn\u00e9 pro:<\/strong><\/p>\n<table width=\"972\">\n<tbody>\n<tr>\n<td width=\"80\"><strong>Rok v\u00fdstavby<\/strong><\/td>\n<td width=\"80\"><strong>Zna\u010dka<\/strong><\/td>\n<td width=\"121\"><strong>Model<\/strong><\/td>\n<td width=\"493\"><strong>Verze<\/strong><\/td>\n<td width=\"198\"><strong>Motor<\/strong><\/td>\n<\/tr>\n<tr>\n<td width=\"80\">2008<\/td>\n<td width=\"80\">Chrysler<\/td>\n<td width=\"121\">300<\/td>\n<td width=\"493\">C<\/td>\n<td width=\"198\">5.7L<\/td>\n<\/tr>\n<tr>\n<td width=\"80\">2008<\/td>\n<td width=\"80\">Chrysler<\/td>\n<td width=\"121\">Aspen<\/td>\n<td width=\"493\">Limited<\/td>\n<td width=\"198\">4.7L V8 - Flex, 4.7L, 5.7L<\/td>\n<\/tr>\n<tr>\n<td width=\"80\">2008<\/td>\n<td width=\"80\">Dodge<\/td>\n<td width=\"121\">Charger<\/td>\n<td width=\"493\">Pursuit, R\/T, SE<\/td>\n<td width=\"198\">5.7L<\/td>\n<\/tr>\n<tr>\n<td width=\"80\">2008<\/td>\n<td width=\"80\">Dodge<\/td>\n<td width=\"121\">Durango<\/td>\n<td width=\"493\">Adventurer, Limited, SLT, SXT<\/td>\n<td width=\"198\">4.7L V8 - Flex, 4.7L, 5.7L<\/td>\n<\/tr>\n<tr>\n<td width=\"80\">2008<\/td>\n<td width=\"80\">Dodge<\/td>\n<td width=\"121\">Magnum<\/td>\n<td width=\"493\">R\/T<\/td>\n<td width=\"198\">5.7L<\/td>\n<\/tr>\n<tr>\n<td width=\"80\">2008<\/td>\n<td width=\"80\">Dodge<\/td>\n<td width=\"121\">Ram 1500<\/td>\n<td width=\"493\">Laramie, SLT, ST<\/td>\n<td width=\"198\">4.7L V8 - Flex, 4.7L, 5.7L<\/td>\n<\/tr>\n<tr>\n<td width=\"80\">2008<\/td>\n<td width=\"80\">Dodge<\/td>\n<td width=\"121\">Ram 2500<\/td>\n<td width=\"493\">Laramie, Power Wagon, SLT, ST, SXT<\/td>\n<td width=\"198\">5.7L<\/td>\n<\/tr>\n<tr>\n<td width=\"80\">2008<\/td>\n<td width=\"80\">Dodge<\/td>\n<td width=\"121\">Ram 3500<\/td>\n<td width=\"493\">Laramie, SLT, ST<\/td>\n<td width=\"198\">5.7L<\/td>\n<\/tr>\n<tr>\n<td width=\"80\">2008<\/td>\n<td width=\"80\">Jeep<\/td>\n<td width=\"121\">Commander<\/td>\n<td width=\"493\">Limited, Overland, Sport<\/td>\n<td width=\"198\">4.7L V8 - Flex, 4.7L, 5.7L<\/td>\n<\/tr>\n<tr>\n<td width=\"80\">2008<\/td>\n<td width=\"80\">Jeep<\/td>\n<td width=\"121\">Grand Cherokee<\/td>\n<td width=\"493\">Laredo, Limited, Overland, SRT8<\/td>\n<td width=\"198\">4.7L V8 - Flex, 4.7L, 5.7L, 6.1L<\/td>\n<\/tr>\n<tr>\n<td width=\"80\">2007<\/td>\n<td width=\"80\">Chrysler<\/td>\n<td width=\"121\">300<\/td>\n<td width=\"493\">C<\/td>\n<td width=\"198\">5.7L<\/td>\n<\/tr>\n<tr>\n<td width=\"80\">2007<\/td>\n<td width=\"80\">Chrysler<\/td>\n<td width=\"121\">Aspen<\/td>\n<td width=\"493\">Limited<\/td>\n<td width=\"198\">5.7L<\/td>\n<\/tr>\n<tr>\n<td width=\"80\">2007<\/td>\n<td width=\"80\">Dodge<\/td>\n<td width=\"121\">Charger<\/td>\n<td width=\"493\">Pursuit, R\/T<\/td>\n<td width=\"198\">5.7L<\/td>\n<\/tr>\n<tr>\n<td width=\"80\">2007<\/td>\n<td width=\"80\">Dodge<\/td>\n<td width=\"121\">Durango<\/td>\n<td width=\"493\">Adventurer, Limited, SLT, SXT<\/td>\n<td width=\"198\">5.7L<\/td>\n<\/tr>\n<tr>\n<td width=\"80\">2007<\/td>\n<td width=\"80\">Dodge<\/td>\n<td width=\"121\">Magnum<\/td>\n<td width=\"493\">R\/T<\/td>\n<td width=\"198\">5.7L<\/td>\n<\/tr>\n<tr>\n<td width=\"80\">2007<\/td>\n<td width=\"80\">Dodge<\/td>\n<td width=\"121\">Ram 1500<\/td>\n<td width=\"493\">Laramie, SLT, ST, Sport, TRX4<\/td>\n<td width=\"198\">5.7L<\/td>\n<\/tr>\n<tr>\n<td width=\"80\">2007<\/td>\n<td width=\"80\">Dodge<\/td>\n<td width=\"121\">Ram 2500<\/td>\n<td width=\"493\">Laramie, Power Wagon, SLT, ST, Sport, TRX4<\/td>\n<td width=\"198\">5.7L<\/td>\n<\/tr>\n<tr>\n<td width=\"80\">2007<\/td>\n<td width=\"80\">Dodge<\/td>\n<td width=\"121\">Ram 3500<\/td>\n<td width=\"493\">Laramie, SLT, ST, Sport<\/td>\n<td width=\"198\">5.7L<\/td>\n<\/tr>\n<tr>\n<td width=\"80\">2007<\/td>\n<td width=\"80\">Jeep<\/td>\n<td width=\"121\">Commander<\/td>\n<td width=\"493\">Limited, Overland<\/td>\n<td width=\"198\">5.7L<\/td>\n<\/tr>\n<tr>\n<td width=\"80\">2007<\/td>\n<td width=\"80\">Jeep<\/td>\n<td width=\"121\">Grand Cherokee<\/td>\n<td width=\"493\">Limited, Overland<\/td>\n<td width=\"198\">5.7L<\/td>\n<\/tr>\n<tr>\n<td width=\"80\">2006<\/td>\n<td width=\"80\">Chrysler<\/td>\n<td width=\"121\">300<\/td>\n<td width=\"493\">C<\/td>\n<td width=\"198\">5.7L<\/td>\n<\/tr>\n<tr>\n<td width=\"80\">2006<\/td>\n<td width=\"80\">Dodge<\/td>\n<td width=\"121\">Charger<\/td>\n<td width=\"493\">R\/T<\/td>\n<td width=\"198\">5.7L<\/td>\n<\/tr>\n<tr>\n<td width=\"80\">2006<\/td>\n<td width=\"80\">Dodge<\/td>\n<td width=\"121\">Durango<\/td>\n<td width=\"493\">Limited, SLT<\/td>\n<td width=\"198\">5.7L<\/td>\n<\/tr>\n<tr>\n<td width=\"80\">2006<\/td>\n<td width=\"80\">Dodge<\/td>\n<td width=\"121\">Magnum<\/td>\n<td width=\"493\">R\/T<\/td>\n<td width=\"198\">5.7L<\/td>\n<\/tr>\n<tr>\n<td width=\"80\">2006<\/td>\n<td width=\"80\">Dodge<\/td>\n<td width=\"121\">Ram 1500<\/td>\n<td width=\"493\">Laramie, SLT, ST<\/td>\n<td width=\"198\">5.7L<\/td>\n<\/tr>\n<tr>\n<td width=\"80\">2006<\/td>\n<td width=\"80\">Dodge<\/td>\n<td width=\"121\">Ram 2500<\/td>\n<td width=\"493\">Laramie, SLT, ST<\/td>\n<td width=\"198\">5.7L<\/td>\n<\/tr>\n<tr>\n<td width=\"80\">2006<\/td>\n<td width=\"80\">Dodge<\/td>\n<td width=\"121\">Ram 3500<\/td>\n<td width=\"493\">Laramie, SLT, ST<\/td>\n<td width=\"198\">5.7L<\/td>\n<\/tr>\n<tr>\n<td width=\"80\">2006<\/td>\n<td width=\"80\">Jeep<\/td>\n<td width=\"121\">Commander<\/td>\n<td width=\"493\">Limited<\/td>\n<td width=\"198\">5.7L<\/td>\n<\/tr>\n<tr>\n<td width=\"80\">2006<\/td>\n<td width=\"80\">Jeep<\/td>\n<td width=\"121\">Grand Cherokee<\/td>\n<td width=\"493\">Limited, Overland<\/td>\n<td width=\"198\">5.7L<\/td>\n<\/tr>\n<tr>\n<td width=\"80\">2005<\/td>\n<td width=\"80\">Chrysler<\/td>\n<td width=\"121\">300<\/td>\n<td width=\"493\">C<\/td>\n<td width=\"198\">5.7L<\/td>\n<\/tr>\n<tr>\n<td width=\"80\">2005<\/td>\n<td width=\"80\">Dodge<\/td>\n<td width=\"121\">Durango<\/td>\n<td width=\"493\">Limited, SLT<\/td>\n<td width=\"198\">5.7L<\/td>\n<\/tr>\n<tr>\n<td width=\"80\">2005<\/td>\n<td width=\"80\">Dodge<\/td>\n<td width=\"121\">Magnum<\/td>\n<td width=\"493\">R\/T<\/td>\n<td width=\"198\">5.7L<\/td>\n<\/tr>\n<tr>\n<td width=\"80\">2005<\/td>\n<td width=\"80\">Dodge<\/td>\n<td width=\"121\">Ram 1500<\/td>\n<td width=\"493\">SLT, ST<\/td>\n<td width=\"198\">5.7L<\/td>\n<\/tr>\n<tr>\n<td width=\"80\">2005<\/td>\n<td width=\"80\">Dodge<\/td>\n<td width=\"121\">Ram 2500<\/td>\n<td width=\"493\">SLT, ST<\/td>\n<td width=\"198\">5.7L<\/td>\n<\/tr>\n<tr>\n<td width=\"80\">2005<\/td>\n<td width=\"80\">Dodge<\/td>\n<td width=\"121\">Ram 3500<\/td>\n<td width=\"493\">SLT, ST<\/td>\n<td width=\"198\">5.7L<\/td>\n<\/tr>\n<tr>\n<td width=\"80\">2005<\/td>\n<td width=\"80\">Jeep<\/td>\n<td width=\"121\">Grand Cherokee<\/td>\n<td width=\"493\">Limited<\/td>\n<td width=\"198\">5.7L<\/td>\n<\/tr>\n<tr>\n<td width=\"80\">2004<\/td>\n<td width=\"80\">Dodge<\/td>\n<td width=\"121\">Durango<\/td>\n<td width=\"493\">Limited, SLT<\/td>\n<td width=\"198\">5.7L<\/td>\n<\/tr>\n<tr>\n<td width=\"80\">2004<\/td>\n<td width=\"80\">Dodge<\/td>\n<td width=\"121\">Ram 1500<\/td>\n<td width=\"493\">SLT, ST<\/td>\n<td width=\"198\">5.7L<\/td>\n<\/tr>\n<tr>\n<td width=\"80\">2004<\/td>\n<td width=\"80\">Dodge<\/td>\n<td width=\"121\">Ram 2500<\/td>\n<td width=\"493\">SLT, ST<\/td>\n<td width=\"198\">5.7L<\/td>\n<\/tr>\n<tr>\n<td width=\"80\">2004<\/td>\n<td width=\"80\">Dodge<\/td>\n<td width=\"121\">Ram 3500<\/td>\n<td width=\"493\">SLT, ST<\/td>\n<td width=\"198\">5.7L<\/td>\n<\/tr>\n<tr>\n<td width=\"80\">2003<\/td>\n<td width=\"80\">Dodge<\/td>\n<td width=\"121\">Ram 1500<\/td>\n<td width=\"493\">SLT, ST<\/td>\n<td width=\"198\">5.7L<\/td>\n<\/tr>\n<tr>\n<td width=\"80\">2003<\/td>\n<td width=\"80\">Dodge<\/td>\n<td width=\"121\">Ram 2500<\/td>\n<td width=\"493\">SLT, ST<\/td>\n<td width=\"198\">5.7L<\/td>\n<\/tr>\n<tr>\n<td width=\"80\">2003<\/td>\n<td width=\"80\">Dodge<\/td>\n<td width=\"121\">Ram 3500<\/td>\n<td width=\"493\">SLT, ST<\/td>\n<td width=\"198\">5.7L<\/td>\n<\/tr>\n<\/tbody>\n<\/table>\n<p>&nbsp;<\/p>\n<p>&nbsp;<\/p>","protected":false},"excerpt":{"rendered":"<p>2003 - 2008<\/p>","protected":false},"featured_media":68319740,"comment_status":"open","ping_status":"closed","template":"","meta":{"_acf_changed":false},"product_brand":[],"product_cat":[10262,6709,6714,6739,8093,6719,7765,9960],"product_tag":[16504,205,206,207,208,209,210,91,16508,16516,16512,16507,16515,16511,16506,16514,16510,16503,16513,16509,13125,16520,16521,16522,16523,16524,16525,16519,16598,16518,16517,6410,16529,16530,16531,16532,16533,16534,16528,16599,16527,16526,3854,16538,16539,16540,16541,16542,16543,16537,16600,16536,16535,4432,16547,16548,16549,16550,16551,16552,16546,16601,16545,16544,4438,16556,16557,16558,16559,16560,16561,16555,16602,16554,16553,7809,16565,16566,16567,16568,16569,16570,16564,16603,16563,16562,10530,16574,16575,16576,16577,16578,16579,16573,16604,16572,16571,4433,16583,16584,16585,16586,16587,16588,16582,16605,16581,16580,4425,16592,16593,16594,16595,16596,16597,16591,16606,16590,16589,31,9424,7221],"class_list":{"0":"post-68319737","1":"product","2":"type-product","3":"status-publish","4":"has-post-thumbnail","6":"product_cat-alle-produkte","7":"product_cat-300c-57-2005-2010-kurbelwelle-kolben","8":"product_cat-charger-57-kurbelwelle-kolben","9":"product_cat-durango-57-kurbelwelle-kolben","10":"product_cat-magnum-57-kurbelwelle-kolben","11":"product_cat-grand-cherokee-57-2005-2010-kurbelwelle-kolben","12":"product_cat-1500-57-2003-2008-kurbelwelle-kolben","13":"product_cat-2500-3500-57-kurbelwelle-kolben","14":"product_tag-053021302ad","15":"product_tag-205","16":"product_tag-206","17":"product_tag-207","18":"product_tag-208","19":"product_tag-209","20":"product_tag-210","21":"product_tag-5-7","22":"product_tag-53021300aa","23":"product_tag-53021300aa-crankshaft","24":"product_tag-53021300aa-kurbelwelle","25":"product_tag-53021300ad","26":"product_tag-53021300ad-crankshaft","27":"product_tag-53021300ad-kurbelwelle","28":"product_tag-53021302aa","29":"product_tag-53021302aa-crankshaft","30":"product_tag-53021302aa-kurbelwelle","31":"product_tag-53021302ad","32":"product_tag-53021302ad-crankshaft","33":"product_tag-53021302ad-kurbelwelle","34":"product_tag-chrysler-300","35":"product_tag-chrysler-300-2003","36":"product_tag-chrysler-300-2004","37":"product_tag-chrysler-300-2005","38":"product_tag-chrysler-300-2006","39":"product_tag-chrysler-300-2007","40":"product_tag-chrysler-300-2008","41":"product_tag-chrysler-300-5-7","42":"product_tag-chrysler-300-5-7-kurbelwelle","43":"product_tag-chrysler-300-crankshaft","44":"product_tag-chrysler-300-kurbelwelle","45":"product_tag-chrysler-aspen","46":"product_tag-chrysler-aspen-2003","47":"product_tag-chrysler-aspen-2004","48":"product_tag-chrysler-aspen-2005","49":"product_tag-chrysler-aspen-2006","50":"product_tag-chrysler-aspen-2007","51":"product_tag-chrysler-aspen-2008","52":"product_tag-chrysler-aspen-5-7","53":"product_tag-chrysler-aspen-5-7-kurbelwelle","54":"product_tag-chrysler-aspen-crankshaft","55":"product_tag-chrysler-aspen-kurbelwelle","56":"product_tag-dodge-charger","57":"product_tag-dodge-charger-2003","58":"product_tag-dodge-charger-2004","59":"product_tag-dodge-charger-2005","60":"product_tag-dodge-charger-2006","61":"product_tag-dodge-charger-2007","62":"product_tag-dodge-charger-2008","63":"product_tag-dodge-charger-5-7","64":"product_tag-dodge-charger-5-7-kurbelwelle","65":"product_tag-dodge-charger-crankshaft","66":"product_tag-dodge-charger-kurbelwelle","67":"product_tag-dodge-durango","68":"product_tag-dodge-durango-2003","69":"product_tag-dodge-durango-2004","70":"product_tag-dodge-durango-2005","71":"product_tag-dodge-durango-2006","72":"product_tag-dodge-durango-2007","73":"product_tag-dodge-durango-2008","74":"product_tag-dodge-durango-5-7","75":"product_tag-dodge-durango-5-7-kurbelwelle","76":"product_tag-dodge-durango-crankshaft","77":"product_tag-dodge-durango-kurbelwelle","78":"product_tag-dodge-magnum","79":"product_tag-dodge-magnum-2003","80":"product_tag-dodge-magnum-2004","81":"product_tag-dodge-magnum-2005","82":"product_tag-dodge-magnum-2006","83":"product_tag-dodge-magnum-2007","84":"product_tag-dodge-magnum-2008","85":"product_tag-dodge-magnum-5-7","86":"product_tag-dodge-magnum-5-7-kurbelwelle","87":"product_tag-dodge-magnum-crankshaft","88":"product_tag-dodge-magnum-kurbelwelle","89":"product_tag-dodge-ram-1500","90":"product_tag-dodge-ram-1500-2003","91":"product_tag-dodge-ram-1500-2004","92":"product_tag-dodge-ram-1500-2005","93":"product_tag-dodge-ram-1500-2006","94":"product_tag-dodge-ram-1500-2007","95":"product_tag-dodge-ram-1500-2008","96":"product_tag-dodge-ram-1500-5-7","97":"product_tag-dodge-ram-1500-5-7-kurbelwelle","98":"product_tag-dodge-ram-1500-crankshaft","99":"product_tag-dodge-ram-1500-kurbelwelle","100":"product_tag-dodge-ram-2500","101":"product_tag-dodge-ram-2500-2003","102":"product_tag-dodge-ram-2500-2004","103":"product_tag-dodge-ram-2500-2005","104":"product_tag-dodge-ram-2500-2006","105":"product_tag-dodge-ram-2500-2007","106":"product_tag-dodge-ram-2500-2008","107":"product_tag-dodge-ram-2500-5-7","108":"product_tag-dodge-ram-2500-5-7-kurbelwelle","109":"product_tag-dodge-ram-2500-crankshaft","110":"product_tag-dodge-ram-2500-kurbelwelle","111":"product_tag-jeep-commander","112":"product_tag-jeep-commander-2003","113":"product_tag-jeep-commander-2004","114":"product_tag-jeep-commander-2005","115":"product_tag-jeep-commander-2006","116":"product_tag-jeep-commander-2007","117":"product_tag-jeep-commander-2008","118":"product_tag-jeep-commander-5-7","119":"product_tag-jeep-commander-5-7-kurbelwelle","120":"product_tag-jeep-commander-crankshaft","121":"product_tag-jeep-commander-kurbelwelle","122":"product_tag-jeep-grand-cherokee","123":"product_tag-jeep-grand-cherokee-2003","124":"product_tag-jeep-grand-cherokee-2004","125":"product_tag-jeep-grand-cherokee-2005","126":"product_tag-jeep-grand-cherokee-2006","127":"product_tag-jeep-grand-cherokee-2007","128":"product_tag-jeep-grand-cherokee-2008","129":"product_tag-jeep-grand-cherokee-5-7","130":"product_tag-jeep-grand-cherokee-5-7-kurbelwelle","131":"product_tag-jeep-grand-cherokee-crankshaft","132":"product_tag-jeep-grand-cherokee-kurbelwelle","133":"product_tag-mopar","134":"product_tag-mopar-ersatzteile","135":"product_tag-mopar10","136":"product_shipping_class-paket-l","138":"first","139":"instock","140":"taxable","141":"shipping-taxable","142":"purchasable","143":"product-type-simple"},"bundled_by":[],"bundle_stock_status":"instock","bundle_stock_quantity":1,"bundle_virtual":false,"bundle_layout":"","bundle_add_to_cart_form_location":"","bundle_editable_in_cart":false,"bundle_sold_individually_context":"","bundle_item_grouping":"","bundle_min_size":"","bundle_max_size":"","bundle_price":[],"bundled_items":[],"bundle_sell_ids":[],"exclude_global_add_ons":[],"addons":[],"acf":[],"_links":{"self":[{"href":"https:\/\/kraftwerk-shop.cc\/cs\/wp-json\/wp\/v2\/product\/68319737","targetHints":{"allow":["GET"]}}],"collection":[{"href":"https:\/\/kraftwerk-shop.cc\/cs\/wp-json\/wp\/v2\/product"}],"about":[{"href":"https:\/\/kraftwerk-shop.cc\/cs\/wp-json\/wp\/v2\/types\/product"}],"replies":[{"embeddable":true,"href":"https:\/\/kraftwerk-shop.cc\/cs\/wp-json\/wp\/v2\/comments?post=68319737"}],"version-history":[{"count":0,"href":"https:\/\/kraftwerk-shop.cc\/cs\/wp-json\/wp\/v2\/product\/68319737\/revisions"}],"wp:featuredmedia":[{"embeddable":true,"href":"https:\/\/kraftwerk-shop.cc\/cs\/wp-json\/wp\/v2\/media\/68319740"}],"wp:attachment":[{"href":"https:\/\/kraftwerk-shop.cc\/cs\/wp-json\/wp\/v2\/media?parent=68319737"}],"wp:term":[{"taxonomy":"product_brand","embeddable":true,"href":"https:\/\/kraftwerk-shop.cc\/cs\/wp-json\/wp\/v2\/product_brand?post=68319737"},{"taxonomy":"product_cat","embeddable":true,"href":"https:\/\/kraftwerk-shop.cc\/cs\/wp-json\/wp\/v2\/product_cat?post=68319737"},{"taxonomy":"product_tag","embeddable":true,"href":"https:\/\/kraftwerk-shop.cc\/cs\/wp-json\/wp\/v2\/product_tag?post=68319737"}],"curies":[{"name":"wp","href":"https:\/\/api.w.org\/{rel}","templated":true}]}}