{"id":68319790,"date":"2025-04-21T15:49:41","date_gmt":"2025-04-21T13:49:41","guid":{"rendered":"https:\/\/kraftwerk-shop.cc\/?post_type=product&#038;p=68319790"},"modified":"2026-02-15T01:19:59","modified_gmt":"2026-02-15T00:19:59","slug":"sada-pistu-mahle-61-srt8","status":"publish","type":"product","link":"https:\/\/kraftwerk-shop.cc\/cs\/produkt\/mahle-kolbensatz-61-srt8\/","title":{"rendered":"Sada p\u00edst\u016f Mahle 6.1"},"content":{"rendered":"<h1>Sada p\u00edst\u016f Mahle s p\u00edstn\u00edmi krou\u017eky pro Chrysler 300C, Dodge Challenger, Charger, Magnum a Jeep Grand Cherokee 6.1 SRT8<\/h1>\n<p>&nbsp;<\/p>\n<p><span lang=\"DE\"><strong>Srovn\u00e1vac\u00ed \u010d\u00edsla Mopar:<\/strong> 5037490AB, 68031890AA, 68031890AC, 68031890AD, 5037491AB<\/span><\/p>\n<p>&nbsp;<\/p>\n<p>Tyto n\u00e1hradn\u00ed p\u00edsty MAHLE z hlin\u00edku byly vyvinuty pro n\u00e1ro\u010dn\u00e9 konstrukt\u00e9ry motor\u016f a profesion\u00e1ly. Jako jeden z nejv\u011bt\u0161\u00edch sv\u011btov\u00fdch v\u00fdrobc\u016f origin\u00e1ln\u00edch p\u00edst\u016f dod\u00e1v\u00e1 MAHLE osv\u011bd\u010denou kvalitu, kter\u00e1 se pou\u017e\u00edv\u00e1 v origin\u00e1ln\u00edm vybaven\u00ed. Tato sada p\u00edst\u016f se dod\u00e1v\u00e1 p\u0159ipraven\u00e1 k mont\u00e1\u017ei s p\u0159edem smontovan\u00fdmi p\u00edstn\u00edmi krou\u017eky, \u010depy a p\u0159\u00edchytkami - ide\u00e1ln\u00ed pro rychlou a spolehlivou mont\u00e1\u017e.<\/p>\n<p>&nbsp;<\/p>\n<p><strong>Vlastnosti produktu:<\/strong><\/p>\n<ul>\n<li>Kvalita OE: tvar, ulo\u017een\u00ed a funkce jako u origin\u00e1lu<\/li>\n<li>Lehk\u00e1 konstrukce: Sni\u017euje pohyblivou hmotnost a zlep\u0161uje reak\u010dn\u00ed vlastnosti.<\/li>\n<li>Povlak GRAFAL\u00ae: Sni\u017euje t\u0159en\u00ed, hluk p\u0159i chodu, zad\u00edr\u00e1n\u00ed p\u00edstu a opot\u0159eben\u00ed v\u00e1lce.<\/li>\n<li>Konstrukce \u0159\u00edzen\u00e1 expanz\u00ed: Minim\u00e1ln\u00ed zm\u011bna provozn\u00ed v\u016fle p\u0159i teplot\u011b - pro sn\u00ed\u017een\u00ed opot\u0159eben\u00ed a lep\u0161\u00ed kontrolu oleje.<\/li>\n<li>P\u0159edmontovan\u00e9 krou\u017eky a p\u0159\u00edslu\u0161enstv\u00ed: \u00faspora \u010dasu a snadn\u00e1 instalace<\/li>\n<\/ul>\n<p>&nbsp;<\/p>\n<p><strong>Vhodn\u00e9 pro:<\/strong><\/p>\n<table width=\"641\">\n<tbody>\n<tr>\n<td width=\"80\"><strong>Rok v\u00fdstavby<\/strong><\/td>\n<td width=\"80\"><strong>Zna\u010dka<\/strong><\/td>\n<td width=\"121\"><strong>Model<\/strong><\/td>\n<td width=\"162\"><strong>Verze<\/strong><\/td>\n<td width=\"198\"><strong>Motor<\/strong><\/td>\n<\/tr>\n<tr>\n<td width=\"80\">2010<\/td>\n<td width=\"80\">Chrysler<\/td>\n<td width=\"121\">300<\/td>\n<td width=\"162\">C SRT8<\/td>\n<td width=\"198\">6.1L<\/td>\n<\/tr>\n<tr>\n<td width=\"80\">2010<\/td>\n<td width=\"80\">Dodge<\/td>\n<td width=\"121\">Challenger<\/td>\n<td width=\"162\">SRT8<\/td>\n<td width=\"198\">6.1L<\/td>\n<\/tr>\n<tr>\n<td width=\"80\">2010<\/td>\n<td width=\"80\">Dodge<\/td>\n<td width=\"121\">Charger<\/td>\n<td width=\"162\">SRT8<\/td>\n<td width=\"198\">6.1L<\/td>\n<\/tr>\n<tr>\n<td width=\"80\">2010<\/td>\n<td width=\"80\">Jeep<\/td>\n<td width=\"121\">Grand Cherokee<\/td>\n<td width=\"162\">SRT8<\/td>\n<td width=\"198\">6.1L<\/td>\n<\/tr>\n<tr>\n<td width=\"80\">2009<\/td>\n<td width=\"80\">Chrysler<\/td>\n<td width=\"121\">300<\/td>\n<td width=\"162\">C SRT8<\/td>\n<td width=\"198\">6.1L<\/td>\n<\/tr>\n<tr>\n<td width=\"80\">2009<\/td>\n<td width=\"80\">Dodge<\/td>\n<td width=\"121\">Challenger<\/td>\n<td width=\"162\">SRT8<\/td>\n<td width=\"198\">6.1L<\/td>\n<\/tr>\n<tr>\n<td width=\"80\">2009<\/td>\n<td width=\"80\">Dodge<\/td>\n<td width=\"121\">Charger<\/td>\n<td width=\"162\">SRT8<\/td>\n<td width=\"198\">6.1L<\/td>\n<\/tr>\n<tr>\n<td width=\"80\">2009<\/td>\n<td width=\"80\">Jeep<\/td>\n<td width=\"121\">Grand Cherokee<\/td>\n<td width=\"162\">SRT8<\/td>\n<td width=\"198\">6.1L<\/td>\n<\/tr>\n<tr>\n<td width=\"80\">2008<\/td>\n<td width=\"80\">Chrysler<\/td>\n<td width=\"121\">300<\/td>\n<td width=\"162\">C SRT8<\/td>\n<td width=\"198\">6.1L<\/td>\n<\/tr>\n<tr>\n<td width=\"80\">2008<\/td>\n<td width=\"80\">Dodge<\/td>\n<td width=\"121\">Challenger<\/td>\n<td width=\"162\">SRT8<\/td>\n<td width=\"198\">6.1L<\/td>\n<\/tr>\n<tr>\n<td width=\"80\">2008<\/td>\n<td width=\"80\">Dodge<\/td>\n<td width=\"121\">Charger<\/td>\n<td width=\"162\">SRT8<\/td>\n<td width=\"198\">6.1L<\/td>\n<\/tr>\n<tr>\n<td width=\"80\">2008<\/td>\n<td width=\"80\">Dodge<\/td>\n<td width=\"121\">Magnum<\/td>\n<td width=\"162\">SRT8<\/td>\n<td width=\"198\">6.1L<\/td>\n<\/tr>\n<tr>\n<td width=\"80\">2008<\/td>\n<td width=\"80\">Jeep<\/td>\n<td width=\"121\">Grand Cherokee<\/td>\n<td width=\"162\">SRT8<\/td>\n<td width=\"198\">6.1L<\/td>\n<\/tr>\n<tr>\n<td width=\"80\">2007<\/td>\n<td width=\"80\">Chrysler<\/td>\n<td width=\"121\">300<\/td>\n<td width=\"162\">C SRT8<\/td>\n<td width=\"198\">6.1L<\/td>\n<\/tr>\n<tr>\n<td width=\"80\">2007<\/td>\n<td width=\"80\">Dodge<\/td>\n<td width=\"121\">Charger<\/td>\n<td width=\"162\">SRT8<\/td>\n<td width=\"198\">6.1L<\/td>\n<\/tr>\n<tr>\n<td width=\"80\">2007<\/td>\n<td width=\"80\">Dodge<\/td>\n<td width=\"121\">Magnum<\/td>\n<td width=\"162\">SRT8<\/td>\n<td width=\"198\">6.1L<\/td>\n<\/tr>\n<tr>\n<td width=\"80\">2007<\/td>\n<td width=\"80\">Jeep<\/td>\n<td width=\"121\">Grand Cherokee<\/td>\n<td width=\"162\">SRT8<\/td>\n<td width=\"198\">6.1L<\/td>\n<\/tr>\n<tr>\n<td width=\"80\">2006<\/td>\n<td width=\"80\">Dodge<\/td>\n<td width=\"121\">Charger<\/td>\n<td width=\"162\">SRT8<\/td>\n<td width=\"198\">6.1L<\/td>\n<\/tr>\n<tr>\n<td width=\"80\">2006<\/td>\n<td width=\"80\">Dodge<\/td>\n<td width=\"121\">Magnum<\/td>\n<td width=\"162\">SRT8<\/td>\n<td width=\"198\">6.1L<\/td>\n<\/tr>\n<tr>\n<td width=\"80\">2006<\/td>\n<td width=\"80\">Jeep<\/td>\n<td width=\"121\">Grand Cherokee<\/td>\n<td width=\"162\">SRT8<\/td>\n<td width=\"198\">6.1L<\/td>\n<\/tr>\n<\/tbody>\n<\/table>\n<p>&nbsp;<\/p>\n<p>&nbsp;<\/p>","protected":false},"excerpt":{"rendered":"<p>Sada p\u00edst\u016f Mahle s p\u00edstn\u00edmi krou\u017eky pro referen\u010dn\u00ed \u010d\u00edsla Chrysler 300C, Dodge Challenger, Charger, Magnum a Jeep Grand Cherokee 6.1 SRT8 Mopar:<\/p>","protected":false},"featured_media":68319796,"comment_status":"open","ping_status":"closed","template":"","meta":{"_acf_changed":false},"product_brand":[19065],"product_cat":[10262,6684,6689,6694,6698,6703],"product_tag":[18819,18820,208,209,210,213,214,52,16683,16687,92,16684,16685,16686,54,53,48,536,16689,16693,16691,16690,16694,16688,16692,16696,16698,16697,16695,49,3853,16700,16704,16702,16701,16705,16699,16703,16707,16709,16708,16706,3854,16621,16713,16711,16710,16714,16622,16712,16716,16718,16717,16715,4438,16627,16722,16720,16719,16723,16628,16721,16725,16727,16726,16724,56,50,4425,16649,16731,16729,16728,16732,16650,16730,16734,16736,16735,16733,55,411,7221,164],"class_list":{"0":"post-68319790","1":"product","2":"type-product","3":"status-publish","4":"has-post-thumbnail","6":"product_brand-mahle","7":"product_cat-alle-produkte","8":"product_cat-300c-61-kurbelwelle-kolben","9":"product_cat-challenger-61-kurbelwelle-kolben","10":"product_cat-charger-61-kurbelwelle-kolben","11":"product_cat-magnum-61-kurbelwelle-kolben","12":"product_cat-grand-cherokee-61-kurbelwelle-kolben","13":"product_tag-05037490ab","14":"product_tag-05037491ab","15":"product_tag-208","16":"product_tag-209","17":"product_tag-210","18":"product_tag-213","19":"product_tag-214","20":"product_tag-300c","21":"product_tag-5037490ab","22":"product_tag-5037491ab","23":"product_tag-6-1","24":"product_tag-68031890aa","25":"product_tag-68031890ac","26":"product_tag-68031890ad","27":"product_tag-challenger","28":"product_tag-charger","29":"product_tag-chrysler","30":"product_tag-chrysler-300c","31":"product_tag-chrysler-300c-kolben","32":"product_tag-chrysler-300c-kolben-6-1","33":"product_tag-chrysler-300c-kolben-satz","34":"product_tag-chrysler-300c-kolbenringe","35":"product_tag-chrysler-300c-kolbenringe-6-1","36":"product_tag-chrysler-300c-kolbensatz","37":"product_tag-chrysler-300c-kolbensatz-6-1","38":"product_tag-chrysler-300c-srt8-kolben","39":"product_tag-chrysler-300c-srt8-kolben-satz","40":"product_tag-chrysler-300c-srt8-kolbenringe","41":"product_tag-chrysler-300c-srt8-kolbensatz","42":"product_tag-dodge","43":"product_tag-dodge-challenger","44":"product_tag-dodge-challenger-kolben","45":"product_tag-dodge-challenger-kolben-6-1","46":"product_tag-dodge-challenger-kolben-satz","47":"product_tag-dodge-challenger-kolbenringe","48":"product_tag-dodge-challenger-kolbenringe-6-1","49":"product_tag-dodge-challenger-kolbensatz","50":"product_tag-dodge-challenger-kolbensatz-6-1","51":"product_tag-dodge-challenger-srt8-kolben","52":"product_tag-dodge-challenger-srt8-kolben-satz","53":"product_tag-dodge-challenger-srt8-kolbenringe","54":"product_tag-dodge-challenger-srt8-kolbensatz","55":"product_tag-dodge-charger","56":"product_tag-dodge-charger-kolben","57":"product_tag-dodge-charger-kolben-6-1","58":"product_tag-dodge-charger-kolben-satz","59":"product_tag-dodge-charger-kolbenringe","60":"product_tag-dodge-charger-kolbenringe-6-1","61":"product_tag-dodge-charger-kolbensatz","62":"product_tag-dodge-charger-kolbensatz-6-1","63":"product_tag-dodge-charger-srt8-kolben","64":"product_tag-dodge-charger-srt8-kolben-satz","65":"product_tag-dodge-charger-srt8-kolbenringe","66":"product_tag-dodge-charger-srt8-kolbensatz","67":"product_tag-dodge-magnum","68":"product_tag-dodge-magnum-kolben","69":"product_tag-dodge-magnum-kolben-6-1","70":"product_tag-dodge-magnum-kolben-satz","71":"product_tag-dodge-magnum-kolbenringe","72":"product_tag-dodge-magnum-kolbenringe-6-1","73":"product_tag-dodge-magnum-kolbensatz","74":"product_tag-dodge-magnum-kolbensatz-6-1","75":"product_tag-dodge-magnum-srt8-kolben","76":"product_tag-dodge-magnum-srt8-kolben-satz","77":"product_tag-dodge-magnum-srt8-kolbenringe","78":"product_tag-dodge-magnum-srt8-kolbensatz","79":"product_tag-grand-cherokee","80":"product_tag-jeep","81":"product_tag-jeep-grand-cherokee","82":"product_tag-jeep-grand-cherokee-kolben","83":"product_tag-jeep-grand-cherokee-kolben-6-1","84":"product_tag-jeep-grand-cherokee-kolben-satz","85":"product_tag-jeep-grand-cherokee-kolbenringe","86":"product_tag-jeep-grand-cherokee-kolbenringe-6-1","87":"product_tag-jeep-grand-cherokee-kolbensatz","88":"product_tag-jeep-grand-cherokee-kolbensatz-6-1","89":"product_tag-jeep-grand-cherokee-srt8-kolben","90":"product_tag-jeep-grand-cherokee-srt8-kolben-satz","91":"product_tag-jeep-grand-cherokee-srt8-kolbenringe","92":"product_tag-jeep-grand-cherokee-srt8-kolbensatz","93":"product_tag-magnum","94":"product_tag-mahle","95":"product_tag-mopar10","96":"product_tag-srt8","98":"first","99":"instock","100":"taxable","101":"shipping-taxable","102":"purchasable","103":"product-type-variable"},"bundled_by":[],"bundle_stock_status":"instock","bundle_stock_quantity":1,"bundle_virtual":false,"bundle_layout":"","bundle_add_to_cart_form_location":"","bundle_editable_in_cart":false,"bundle_sold_individually_context":"","bundle_item_grouping":"","bundle_min_size":"","bundle_max_size":"","bundle_price":[],"bundled_items":[],"bundle_sell_ids":[],"exclude_global_add_ons":[],"addons":[],"acf":[],"_links":{"self":[{"href":"https:\/\/kraftwerk-shop.cc\/cs\/wp-json\/wp\/v2\/product\/68319790","targetHints":{"allow":["GET"]}}],"collection":[{"href":"https:\/\/kraftwerk-shop.cc\/cs\/wp-json\/wp\/v2\/product"}],"about":[{"href":"https:\/\/kraftwerk-shop.cc\/cs\/wp-json\/wp\/v2\/types\/product"}],"replies":[{"embeddable":true,"href":"https:\/\/kraftwerk-shop.cc\/cs\/wp-json\/wp\/v2\/comments?post=68319790"}],"version-history":[{"count":0,"href":"https:\/\/kraftwerk-shop.cc\/cs\/wp-json\/wp\/v2\/product\/68319790\/revisions"}],"wp:featuredmedia":[{"embeddable":true,"href":"https:\/\/kraftwerk-shop.cc\/cs\/wp-json\/wp\/v2\/media\/68319796"}],"wp:attachment":[{"href":"https:\/\/kraftwerk-shop.cc\/cs\/wp-json\/wp\/v2\/media?parent=68319790"}],"wp:term":[{"taxonomy":"product_brand","embeddable":true,"href":"https:\/\/kraftwerk-shop.cc\/cs\/wp-json\/wp\/v2\/product_brand?post=68319790"},{"taxonomy":"product_cat","embeddable":true,"href":"https:\/\/kraftwerk-shop.cc\/cs\/wp-json\/wp\/v2\/product_cat?post=68319790"},{"taxonomy":"product_tag","embeddable":true,"href":"https:\/\/kraftwerk-shop.cc\/cs\/wp-json\/wp\/v2\/product_tag?post=68319790"}],"curies":[{"name":"wp","href":"https:\/\/api.w.org\/{rel}","templated":true}]}}