{"id":68320335,"date":"2025-05-01T21:54:54","date_gmt":"2025-05-01T19:54:54","guid":{"rendered":"https:\/\/kraftwerk-shop.cc\/?post_type=product&#038;p=68320335"},"modified":"2026-02-15T01:19:58","modified_gmt":"2026-02-15T00:19:58","slug":"bproauto-brzdove-desticky-durango-1bp00318ab","status":"publish","type":"product","link":"https:\/\/kraftwerk-shop.cc\/cs\/produkt\/bproauto-bremsbelaege-durango-1bp00318ab\/","title":{"rendered":"brzdov\u00e9 desti\u010dky bproauto Durango (1BP00318AB)"},"content":{"rendered":"<h1>bproauto brzdov\u00e9 desti\u010dky 1BP00318AB pro Dodge Durango 3.6 a 5.7 od 2011 do 2020 (p\u0159edn\u00ed n\u00e1prava)<\/h1>\n<p>&nbsp;<\/p>\n<p><span lang=\"DE\"><strong>Srovn\u00e1vac\u00ed \u010d\u00edsla Mopar: <\/strong>68052369AA, 68052369AB, 68052369AC, 68052369AD, 68052369AE<br \/>\n<\/span><\/p>\n<p>&nbsp;<\/p>\n<ul>\n<li>Pr\u00e1\u0161kov\u00e9 lakov\u00e1n\u00ed odoln\u00e9 proti korozi<\/li>\n<li>Vynikaj\u00edc\u00ed odolnost proti vyblednut\u00ed<\/li>\n<li>T\u0159ec\u00ed materi\u00e1ly vyhovuj\u00edc\u00ed po\u017eadavk\u016fm OEM<\/li>\n<li>N\u00edzk\u00e1 tvorba brzdov\u00e9ho prachu<\/li>\n<li>N\u00edzk\u00e1 hlu\u010dnost<\/li>\n<li>Vysok\u00fd v\u00fdkon a vy\u0161\u0161\u00ed brzdn\u00fd v\u00fdkon<\/li>\n<li>Vybaven\u00ed a funkce OEM<\/li>\n<\/ul>\n<p><span lang=\"DE\">\u00a0<\/span><\/p>\n<p>&nbsp;<\/p>\n<p><strong>Vhodn\u00e9 pro:<\/strong><\/p>\n<table width=\"695\">\n<tbody>\n<tr>\n<td width=\"178\">Dodge<\/td>\n<td width=\"225\">Durango<\/td>\n<td width=\"120\">3.6<\/td>\n<td width=\"172\">2011\u20132020<\/td>\n<\/tr>\n<tr>\n<td width=\"178\">Dodge<\/td>\n<td width=\"225\">Durango<\/td>\n<td width=\"120\">5.7<\/td>\n<td width=\"172\">2011\u20132020<\/td>\n<\/tr>\n<\/tbody>\n<\/table>\n<p>Vhodn\u00e9 pro brzdov\u00e9 kotou\u010de o pr\u016fm\u011bru 350 mm<\/p>\n<p><strong><br \/>\nRozsah dod\u00e1vky:<\/strong><\/p>\n<ul>\n<li>1 sada <span lang=\"DE\"><span lang=\"DE\">Brzdov\u00e9 desti\u010dky 1BP00318AB pro p\u0159edn\u00ed n\u00e1pravu<\/span><\/span><\/li>\n<\/ul>\n<h4><\/h4>\n<h4>O spole\u010dnosti bproauto<\/h4>\n<p>bproauto je poprodejn\u00ed zna\u010dka spole\u010dnosti Stellantis, kter\u00e1 byla vyvinuta speci\u00e1ln\u011b pro poskytov\u00e1n\u00ed vysoce kvalitn\u00edch n\u00e1hradn\u00edch d\u00edl\u016f pro vozidla koncernov\u00fdch zna\u010dek Chrysler, Dodge, Jeep a RAM. C\u00edl: nab\u00eddnout majitel\u016fm vozidel cenov\u011b v\u00fdhodnou, spolehlivou a vysoce kvalitn\u00ed alternativu k origin\u00e1ln\u00edm n\u00e1hradn\u00edm d\u00edl\u016fm - bez kompromis\u016f v oblasti kvality, p\u0159esnosti ulo\u017een\u00ed nebo bezpe\u010dnosti.<br \/>\nKvalita OEM pro trh s n\u00e1hradn\u00edmi d\u00edly<\/p>\n<p>bproauto nab\u00edz\u00ed \u0161irokou \u0161k\u00e1lu n\u00e1hradn\u00edch d\u00edl\u016f, kter\u00e9 jsou vyr\u00e1b\u011bny a podrobn\u011b testov\u00e1ny podle p\u0159\u00edsn\u00fdch norem pro origin\u00e1ln\u00ed vybaven\u00ed (O.E.). V\u00fdrobky jsou navr\u017eeny tak, aby p\u0159esn\u011b odpov\u00eddaly specifikac\u00edm p\u0159\u00edslu\u0161n\u00fdch model\u016f vozidel - a to jak z hlediska v\u00fdkonu, tak i ulo\u017een\u00ed.<\/p>\n<p>&nbsp;<\/p>","protected":false},"excerpt":{"rendered":"<p>2011\u20132020<\/p>","protected":false},"featured_media":68321907,"comment_status":"open","ping_status":"closed","template":"","meta":{"_acf_changed":false},"product_brand":[16873],"product_cat":[17916,17920],"product_tag":[16870,169,91,1187,1188,16866,16867,16865,16871,590,795,49,4432,95,692,126,36,7221,842,841],"class_list":{"0":"post-68320335","1":"product","2":"type-product","3":"status-publish","4":"has-post-thumbnail","6":"product_brand-bproauto","7":"product_cat-durango-36-bremsbelaege-vorne","8":"product_cat-durango-57-bremsbelaege-vorne","9":"product_tag-1bp00318ab","10":"product_tag-3-6","11":"product_tag-5-7","12":"product_tag-68052369aa","13":"product_tag-68052369ab","14":"product_tag-68052369ac","15":"product_tag-68052369ad","16":"product_tag-68052369ae","17":"product_tag-bproauto","18":"product_tag-bremsbelaege","19":"product_tag-bremse","20":"product_tag-dodge","21":"product_tag-dodge-durango","22":"product_tag-durango","23":"product_tag-ersatzteil","24":"product_tag-hemi","25":"product_tag-kraftwerk","26":"product_tag-mopar10","27":"product_tag-vorderachse","28":"product_tag-vorne","30":"first","31":"instock","32":"taxable","33":"shipping-taxable","34":"purchasable","35":"product-type-simple"},"bundled_by":[],"bundle_stock_status":"instock","bundle_stock_quantity":3,"bundle_virtual":false,"bundle_layout":"","bundle_add_to_cart_form_location":"","bundle_editable_in_cart":false,"bundle_sold_individually_context":"","bundle_item_grouping":"","bundle_min_size":"","bundle_max_size":"","bundle_price":[],"bundled_items":[],"bundle_sell_ids":[],"exclude_global_add_ons":[],"addons":[],"acf":[],"_links":{"self":[{"href":"https:\/\/kraftwerk-shop.cc\/cs\/wp-json\/wp\/v2\/product\/68320335","targetHints":{"allow":["GET"]}}],"collection":[{"href":"https:\/\/kraftwerk-shop.cc\/cs\/wp-json\/wp\/v2\/product"}],"about":[{"href":"https:\/\/kraftwerk-shop.cc\/cs\/wp-json\/wp\/v2\/types\/product"}],"replies":[{"embeddable":true,"href":"https:\/\/kraftwerk-shop.cc\/cs\/wp-json\/wp\/v2\/comments?post=68320335"}],"version-history":[{"count":0,"href":"https:\/\/kraftwerk-shop.cc\/cs\/wp-json\/wp\/v2\/product\/68320335\/revisions"}],"wp:featuredmedia":[{"embeddable":true,"href":"https:\/\/kraftwerk-shop.cc\/cs\/wp-json\/wp\/v2\/media\/68321907"}],"wp:attachment":[{"href":"https:\/\/kraftwerk-shop.cc\/cs\/wp-json\/wp\/v2\/media?parent=68320335"}],"wp:term":[{"taxonomy":"product_brand","embeddable":true,"href":"https:\/\/kraftwerk-shop.cc\/cs\/wp-json\/wp\/v2\/product_brand?post=68320335"},{"taxonomy":"product_cat","embeddable":true,"href":"https:\/\/kraftwerk-shop.cc\/cs\/wp-json\/wp\/v2\/product_cat?post=68320335"},{"taxonomy":"product_tag","embeddable":true,"href":"https:\/\/kraftwerk-shop.cc\/cs\/wp-json\/wp\/v2\/product_tag?post=68320335"}],"curies":[{"name":"wp","href":"https:\/\/api.w.org\/{rel}","templated":true}]}}