{"id":68320598,"date":"2025-05-02T02:17:32","date_gmt":"2025-05-02T00:17:32","guid":{"rendered":"https:\/\/kraftwerk-shop.cc\/?post_type=product&#038;p=68320598"},"modified":"2026-02-15T01:20:04","modified_gmt":"2026-02-15T00:20:04","slug":"vackovy-hridel-mopar-ram-5045517ac","status":"publish","type":"product","link":"https:\/\/kraftwerk-shop.cc\/cs\/produkt\/mopar-nockenwelle-ram-5045517ac\/","title":{"rendered":"Va\u010dkov\u00fd h\u0159\u00eddel Mopar RAM 6.4, origin\u00e1ln\u00ed d\u00edl (5045517AC)"},"content":{"rendered":"<h1>Origin\u00e1ln\u00ed va\u010dkov\u00e1 h\u0159\u00eddel Mopar pro 6.4 RAM z let 2014 a\u017e 2024<\/h1>\n<p>&nbsp;<\/p>\n<p><span lang=\"DE\"><strong>\u010c\u00edslo d\u00edlu Mopar:<\/strong> 5045517AC<br \/>\n<strong>Nahrazuje: -<\/strong><\/span><\/p>\n<p>&nbsp;<\/p>\n<p><strong>Vhodn\u00e9 pro:<\/strong><\/p>\n<table width=\"972\">\n<tbody>\n<tr>\n<td width=\"80\">Rok v\u00fdstavby<\/td>\n<td width=\"80\">Zna\u010dka<\/td>\n<td width=\"121\">Model<\/td>\n<td width=\"493\">Verze<\/td>\n<td width=\"198\">Motor<\/td>\n<\/tr>\n<tr>\n<td width=\"80\">2024<\/td>\n<td width=\"80\">Ram<\/td>\n<td width=\"121\">2500<\/td>\n<td width=\"493\">Big Horn, Laramie, Limited, Limited Longhorn, Lone Star, Power Wagon, Rebel, Tradesman<\/td>\n<td width=\"198\">6.4L<\/td>\n<\/tr>\n<tr>\n<td width=\"80\">2024<\/td>\n<td width=\"80\">Ram<\/td>\n<td width=\"121\">3500<\/td>\n<td width=\"493\">Big Horn, Laramie, Limited, Limited Longhorn, SLT, Tradesman<\/td>\n<td width=\"198\">6.4L<\/td>\n<\/tr>\n<tr>\n<td width=\"80\">2023<\/td>\n<td width=\"80\">Ram<\/td>\n<td width=\"121\">2500<\/td>\n<td width=\"493\">Big Horn, Laramie, Limited, Limited Longhorn, Lone Star, Power Wagon, Rebel, Tradesman<\/td>\n<td width=\"198\">6.4L<\/td>\n<\/tr>\n<tr>\n<td width=\"80\">2023<\/td>\n<td width=\"80\">Ram<\/td>\n<td width=\"121\">3500<\/td>\n<td width=\"493\">Big Horn, Laramie, Limited, Limited Longhorn, SLT, Tradesman<\/td>\n<td width=\"198\">6.4L<\/td>\n<\/tr>\n<tr>\n<td width=\"80\">2022<\/td>\n<td width=\"80\">Ram<\/td>\n<td width=\"121\">2500<\/td>\n<td width=\"493\">Big Horn, Laramie, Limited, Limited Longhorn, Lone Star, Power Wagon, Tradesman<\/td>\n<td width=\"198\">6.4L<\/td>\n<\/tr>\n<tr>\n<td width=\"80\">2022<\/td>\n<td width=\"80\">Ram<\/td>\n<td width=\"121\">3500<\/td>\n<td width=\"493\">Big Horn, Laramie, Limited, Limited Longhorn, Lone Star, SLT, Tradesman<\/td>\n<td width=\"198\">6.4L<\/td>\n<\/tr>\n<tr>\n<td width=\"80\">2021<\/td>\n<td width=\"80\">Ram<\/td>\n<td width=\"121\">2500<\/td>\n<td width=\"493\">Big Horn, Laramie, Limited, Limited Longhorn, Lone Star, Power Wagon, Tradesman<\/td>\n<td width=\"198\">6.4L<\/td>\n<\/tr>\n<tr>\n<td width=\"80\">2021<\/td>\n<td width=\"80\">Ram<\/td>\n<td width=\"121\">3500<\/td>\n<td width=\"493\">Big Horn, Laramie, Limited, Limited Longhorn, Lone Star, SLT, Tradesman<\/td>\n<td width=\"198\">6.4L<\/td>\n<\/tr>\n<tr>\n<td width=\"80\">2020<\/td>\n<td width=\"80\">Ram<\/td>\n<td width=\"121\">2500<\/td>\n<td width=\"493\">Big Horn, Laramie, Laramie Longhorn, Limited, Lone Star, Power Wagon, Tradesman<\/td>\n<td width=\"198\">6.4L<\/td>\n<\/tr>\n<tr>\n<td width=\"80\">2020<\/td>\n<td width=\"80\">Ram<\/td>\n<td width=\"121\">3500<\/td>\n<td width=\"493\">Laramie, Laramie Longhorn, Limited, SLT, Tradesman<\/td>\n<td width=\"198\">6.4L<\/td>\n<\/tr>\n<tr>\n<td width=\"80\">2019<\/td>\n<td width=\"80\">Ram<\/td>\n<td width=\"121\">2500<\/td>\n<td width=\"493\">Big Horn, Laramie, Laramie Longhorn, Limited, Lone Star, Power Wagon, Tradesman<\/td>\n<td width=\"198\">6.4L<\/td>\n<\/tr>\n<tr>\n<td width=\"80\">2019<\/td>\n<td width=\"80\">Ram<\/td>\n<td width=\"121\">3500<\/td>\n<td width=\"493\">Big Horn, Laramie, Laramie Longhorn, Limited, Lone Star, SLT, Tradesman<\/td>\n<td width=\"198\">6.4L<\/td>\n<\/tr>\n<tr>\n<td width=\"80\">2018<\/td>\n<td width=\"80\">Ram<\/td>\n<td width=\"121\">2500<\/td>\n<td width=\"493\">Big Horn, Laramie, Laramie Longhorn, Limited, Power Wagon, SLT, Tradesman<\/td>\n<td width=\"198\">6.4L<\/td>\n<\/tr>\n<tr>\n<td width=\"80\">2018<\/td>\n<td width=\"80\">Ram<\/td>\n<td width=\"121\">3500<\/td>\n<td width=\"493\">Big Horn, Laramie, Laramie Longhorn, Limited, SLT, Tradesman<\/td>\n<td width=\"198\">6.4L<\/td>\n<\/tr>\n<tr>\n<td width=\"80\">2017<\/td>\n<td width=\"80\">Ram<\/td>\n<td width=\"121\">2500<\/td>\n<td width=\"493\">Big Horn, Laramie, Laramie Longhorn, Limited, Power Wagon, SLT, Tradesman<\/td>\n<td width=\"198\">6.4L<\/td>\n<\/tr>\n<tr>\n<td width=\"80\">2017<\/td>\n<td width=\"80\">Ram<\/td>\n<td width=\"121\">3500<\/td>\n<td width=\"493\">Big Horn, Laramie, Laramie Longhorn, Limited, Lone Star, SLT, Tradesman<\/td>\n<td width=\"198\">6.4L<\/td>\n<\/tr>\n<tr>\n<td width=\"80\">2016<\/td>\n<td width=\"80\">Ram<\/td>\n<td width=\"121\">2500<\/td>\n<td width=\"493\">Big Horn, Laramie, Laramie Longhorn, Limited, Outdoorsman, Power Wagon, SLT, Tradesman<\/td>\n<td width=\"198\">6.4L<\/td>\n<\/tr>\n<tr>\n<td width=\"80\">2016<\/td>\n<td width=\"80\">Ram<\/td>\n<td width=\"121\">3500<\/td>\n<td width=\"493\">Big Horn, Laramie, Laramie Longhorn, Limited, SLT, Tradesman<\/td>\n<td width=\"198\">6.4L<\/td>\n<\/tr>\n<tr>\n<td width=\"80\">2015<\/td>\n<td width=\"80\">Ram<\/td>\n<td width=\"121\">2500<\/td>\n<td width=\"493\">Big Horn, Laramie, Laramie Limited, Laramie Longhorn, Lone Star, Outdoorsman, Power Wagon, SLT, Tradesman<\/td>\n<td width=\"198\">6.4L<\/td>\n<\/tr>\n<tr>\n<td width=\"80\">2015<\/td>\n<td width=\"80\">Ram<\/td>\n<td width=\"121\">3500<\/td>\n<td width=\"493\">Big Horn, Laramie, Laramie Longhorn, Lone Star, SLT, Tradesman<\/td>\n<td width=\"198\">6.4L<\/td>\n<\/tr>\n<tr>\n<td width=\"80\">2014<\/td>\n<td width=\"80\">Ram<\/td>\n<td width=\"121\">2500<\/td>\n<td width=\"493\">Big Horn, Laramie, Laramie Limited, Laramie Longhorn, Lone Star, Outdoorsman, Power Wagon, SLT, Tradesman<\/td>\n<td width=\"198\">6.4L<\/td>\n<\/tr>\n<tr>\n<td width=\"80\">2014<\/td>\n<td width=\"80\">Ram<\/td>\n<td width=\"121\">3500<\/td>\n<td width=\"493\">Big Horn, Laramie, Laramie Longhorn, Lone Star, SLT, Tradesman<\/td>\n<td width=\"198\">6.4L<\/td>\n<\/tr>\n<\/tbody>\n<\/table>\n<p>&nbsp;<\/p>\n<p>&nbsp;<\/p>\n<h4>Pro\u010d si vybrat origin\u00e1ln\u00ed n\u00e1hradn\u00ed d\u00edly Mopar?<\/h4>\n<p><strong>Perfektn\u011b padnouc\u00ed a \u0161pi\u010dkov\u00e9 kvality:<\/strong> Origin\u00e1ln\u00ed n\u00e1hradn\u00ed d\u00edly Mopar jsou vyr\u00e1b\u011bny podle p\u0159\u00edsn\u00fdch specifikac\u00ed v\u00fdrobce, co\u017e znamen\u00e1, \u017ee do va\u0161eho vozidla dokonale pasuj\u00ed. T\u00edm je zaji\u0161t\u011bna nejen snadn\u00e1 instalace, ale tak\u00e9 optim\u00e1ln\u00ed funkce a bezpe\u010dnost.<\/p>\n<p><strong>Spolehlivost a trvanlivost:<\/strong> D\u00edky pou\u017eit\u00ed vysoce kvalitn\u00edch materi\u00e1l\u016f a p\u0159\u00edsn\u00e9 kontrole kvality zaji\u0161\u0165uj\u00ed n\u00e1hradn\u00ed d\u00edly Mopar spolehlivou funkci va\u0161eho vozidla i v extr\u00e9mn\u00edch podm\u00ednk\u00e1ch. Jsou navr\u017eeny tak, aby vydr\u017eely a maximalizovaly v\u00fdkon va\u0161eho vozidla.<\/p>\n<p>&nbsp;<\/p>\n<p>&nbsp;<\/p>","protected":false},"excerpt":{"rendered":"<p>Origin\u00e1ln\u00ed d\u00edl Mopar<\/p>\n<p>2014- 2024<\/p>","protected":false},"featured_media":68320600,"comment_status":"open","ping_status":"closed","template":"","meta":{"_acf_changed":false},"product_brand":[16270],"product_cat":[19353],"product_tag":[16948,248,249,250,251,252,419,420,2066,2373,4526,6297,16881,16949,49,31,8813,16951,9424,16271,16950,16273,16275,16272,16274,7221,336,2425,86,6333,11408,16960,11412,16963,16962,16959,11416,16965,16964,11424,16967,12896,16969,16968,16966,12897,16971,16970,16961,16958,11428,16973,16972,12898,16975,16974,11432,16977,16976,7666,16980,16981,12899,16984,16983,16979,12900,16986,16985,12901,16988,12902,16990,16989,16987,12903,16992,16991,16982,16978,12904,16994,16993,12905,16996,16995,16956,16954,16957,16955,16953,16952],"class_list":{"0":"post-68320598","1":"product","2":"type-product","3":"status-publish","4":"has-post-thumbnail","6":"product_brand-mopar","7":"product_cat-2500-3500-64-nockenwelle-ventiltrieb","8":"product_tag-05045517ac","9":"product_tag-248","10":"product_tag-249","11":"product_tag-250","12":"product_tag-251","13":"product_tag-252","14":"product_tag-419","15":"product_tag-420","16":"product_tag-2066","17":"product_tag-2373","18":"product_tag-4526","19":"product_tag-6297","20":"product_tag-5045517ac","21":"product_tag-camshaft","22":"product_tag-dodge","23":"product_tag-mopar","24":"product_tag-mopar-autoteile","25":"product_tag-mopar-camshaft","26":"product_tag-mopar-ersatzteile","27":"product_tag-mopar-ersatzteile-kaufen","28":"product_tag-mopar-nockenwelle","29":"product_tag-mopar-performance-teile","30":"product_tag-mopar-teile-katalog","31":"product_tag-mopar-teile-online","32":"product_tag-mopar-tuningteile","33":"product_tag-mopar10","34":"product_tag-nockenwelle","35":"product_tag-originalteil","36":"product_tag-ram","37":"product_tag-ram-2500","38":"product_tag-ram-2500-6-4","39":"product_tag-ram-2500-64","40":"product_tag-ram-2500-big-horn","41":"product_tag-ram-2500-big-horn-camshaft","42":"product_tag-ram-2500-big-horn-nockenwelle","43":"product_tag-ram-2500-camshaft","44":"product_tag-ram-2500-laramie","45":"product_tag-ram-2500-laramie-camshaft","46":"product_tag-ram-2500-laramie-nockenwelle","47":"product_tag-ram-2500-limited","48":"product_tag-ram-2500-limited-camshaft","49":"product_tag-ram-2500-limited-longhorn","50":"product_tag-ram-2500-limited-longhorn-camshaft","51":"product_tag-ram-2500-limited-longhorn-nockenwelle","52":"product_tag-ram-2500-limited-nockenwelle","53":"product_tag-ram-2500-lone-star","54":"product_tag-ram-2500-lone-star-camshaft","55":"product_tag-ram-2500-lone-star-nockenwelle","56":"product_tag-ram-2500-mopar","57":"product_tag-ram-2500-nockenwelle","58":"product_tag-ram-2500-power-wagon","59":"product_tag-ram-2500-power-wagon-camshaft","60":"product_tag-ram-2500-power-wagon-nockenwelle","61":"product_tag-ram-2500-rebel","62":"product_tag-ram-2500-rebel-camshaft","63":"product_tag-ram-2500-rebel-nockenwelle","64":"product_tag-ram-2500-tradesman","65":"product_tag-ram-2500-tradesman-camshaft","66":"product_tag-ram-2500-tradesman-nockenwelle","67":"product_tag-ram-3500","68":"product_tag-ram-3500-6-4","69":"product_tag-ram-3500-64","70":"product_tag-ram-3500-big-horn","71":"product_tag-ram-3500-big-horn-camshaft","72":"product_tag-ram-3500-big-horn-nockenwelle","73":"product_tag-ram-3500-camshaft","74":"product_tag-ram-3500-laramie","75":"product_tag-ram-3500-laramie-camshaft","76":"product_tag-ram-3500-laramie-nockenwelle","77":"product_tag-ram-3500-limited","78":"product_tag-ram-3500-limited-camshaft","79":"product_tag-ram-3500-limited-longhorn","80":"product_tag-ram-3500-limited-longhorn-camshaft","81":"product_tag-ram-3500-limited-longhorn-nockenwelle","82":"product_tag-ram-3500-limited-nockenwelle","83":"product_tag-ram-3500-lone-star","84":"product_tag-ram-3500-lone-star-camshaft","85":"product_tag-ram-3500-lone-star-nockenwelle","86":"product_tag-ram-3500-mopar","87":"product_tag-ram-3500-nockenwelle","88":"product_tag-ram-3500-slt","89":"product_tag-ram-3500-slt-camshaft","90":"product_tag-ram-3500-slt-nockenwelle","91":"product_tag-ram-3500-tradesman","92":"product_tag-ram-3500-tradesman-camshaft","93":"product_tag-ram-3500-tradesman-nockenwelle","94":"product_tag-ram-6-4-camshaft","95":"product_tag-ram-6-4-nockenwelle","96":"product_tag-ram-64-camshaft","97":"product_tag-ram-64-nockenwelle","98":"product_tag-ram-camshaft","99":"product_tag-ram-nockenwelle","101":"first","102":"instock","103":"taxable","104":"shipping-taxable","105":"purchasable","106":"product-type-simple"},"bundled_by":[],"bundle_stock_status":"instock","bundle_stock_quantity":1,"bundle_virtual":false,"bundle_layout":"","bundle_add_to_cart_form_location":"","bundle_editable_in_cart":false,"bundle_sold_individually_context":"","bundle_item_grouping":"","bundle_min_size":"","bundle_max_size":"","bundle_price":[],"bundled_items":[],"bundle_sell_ids":[],"exclude_global_add_ons":[],"addons":[],"acf":[],"_links":{"self":[{"href":"https:\/\/kraftwerk-shop.cc\/cs\/wp-json\/wp\/v2\/product\/68320598","targetHints":{"allow":["GET"]}}],"collection":[{"href":"https:\/\/kraftwerk-shop.cc\/cs\/wp-json\/wp\/v2\/product"}],"about":[{"href":"https:\/\/kraftwerk-shop.cc\/cs\/wp-json\/wp\/v2\/types\/product"}],"replies":[{"embeddable":true,"href":"https:\/\/kraftwerk-shop.cc\/cs\/wp-json\/wp\/v2\/comments?post=68320598"}],"version-history":[{"count":0,"href":"https:\/\/kraftwerk-shop.cc\/cs\/wp-json\/wp\/v2\/product\/68320598\/revisions"}],"wp:featuredmedia":[{"embeddable":true,"href":"https:\/\/kraftwerk-shop.cc\/cs\/wp-json\/wp\/v2\/media\/68320600"}],"wp:attachment":[{"href":"https:\/\/kraftwerk-shop.cc\/cs\/wp-json\/wp\/v2\/media?parent=68320598"}],"wp:term":[{"taxonomy":"product_brand","embeddable":true,"href":"https:\/\/kraftwerk-shop.cc\/cs\/wp-json\/wp\/v2\/product_brand?post=68320598"},{"taxonomy":"product_cat","embeddable":true,"href":"https:\/\/kraftwerk-shop.cc\/cs\/wp-json\/wp\/v2\/product_cat?post=68320598"},{"taxonomy":"product_tag","embeddable":true,"href":"https:\/\/kraftwerk-shop.cc\/cs\/wp-json\/wp\/v2\/product_tag?post=68320598"}],"curies":[{"name":"wp","href":"https:\/\/api.w.org\/{rel}","templated":true}]}}