{"id":68321007,"date":"2025-05-10T17:49:56","date_gmt":"2025-05-10T15:49:56","guid":{"rendered":"https:\/\/kraftwerk-shop.cc\/?post_type=product&#038;p=68321007"},"modified":"2026-02-25T14:06:46","modified_gmt":"2026-02-25T13:06:46","slug":"izolator-prevodovky-grand-cherokee-57-62-64","status":"publish","type":"product","link":"https:\/\/kraftwerk-shop.cc\/cs\/produkt\/getriebelager-grand-cherokee-57-62-64\/","title":{"rendered":"Izola\u010dn\u00ed podlo\u017eka p\u0159evodovky Grand Cherokee 5.7, 6.2 a 6.4"},"content":{"rendered":"<h1>Izola\u010dn\u00ed podlo\u017eka p\u0159evodovky pro Jeep Grand Cherokee 5.7, 6.2 Trackhawk a 6.4 SRT<\/h1>\n<p>&nbsp;<\/p>\n<p>Toto lo\u017eisko p\u0159evodovky se vyzna\u010duje vynikaj\u00edc\u00ed stabilitou, tlumen\u00edm vibrac\u00ed a trvanlivost\u00ed, tak\u017ee spl\u0148uje v\u0161echny po\u017eadavky.<\/p>\n<ul>\n<li>Speci\u00e1ln\u011b vyvinut\u00fd tak, aby odol\u00e1val zat\u00ed\u017een\u00ed a vibrac\u00edm p\u0159evodovky.<\/li>\n<li>\u00da\u010dinn\u011b minimalizuje vibrace a hluk v p\u0159evodov\u00e9m syst\u00e9mu. To zaji\u0161\u0165uje hladk\u00fd chod a sni\u017euje opot\u0159eben\u00ed ostatn\u00edch sou\u010d\u00e1st\u00ed.<\/li>\n<li>P\u0159esn\u00e9 ulo\u017een\u00ed pro optim\u00e1ln\u00ed p\u0159enos energie a n\u00edzk\u00e9 energetick\u00e9 ztr\u00e1ty<\/li>\n<li>odol\u00e1v\u00e1 nejvy\u0161\u0161\u00edmu zat\u00ed\u017een\u00ed a nab\u00edz\u00ed vynikaj\u00edc\u00ed odolnost proti n\u00e1raz\u016fm i v extr\u00e9mn\u00edch podm\u00ednk\u00e1ch a p\u0159isp\u00edv\u00e1 k prodlou\u017een\u00ed \u017eivotnosti p\u0159evodovky.<\/li>\n<li>Lo\u017eisko p\u0159evodovky se snadno instaluje a dokonale zapad\u00e1 do st\u00e1vaj\u00edc\u00edho prost\u0159ed\u00ed p\u0159evodovky.<\/li>\n<\/ul>\n<p>&nbsp;<\/p>\n<p><strong>Srovn\u00e1vac\u00ed \u010d\u00edsla Mopar:<\/strong> 68110244AC, 68110244AD, 68110244AE<\/p>\n<p>&nbsp;<\/p>\n<p><strong>Vhodn\u00e9 pro:<\/strong><\/p>\n<table width=\"972\">\n<tbody>\n<tr>\n<td width=\"80\"><strong>Rok v\u00fdstavby<\/strong><\/td>\n<td width=\"80\"><strong>Zna\u010dka<\/strong><\/td>\n<td width=\"121\"><strong>Model<\/strong><\/td>\n<td width=\"493\"><strong>Verze<\/strong><\/td>\n<td width=\"198\"><strong>Motor<\/strong><\/td>\n<\/tr>\n<tr>\n<td width=\"80\">2021<\/td>\n<td width=\"80\">Jeep<\/td>\n<td width=\"121\">Grand Cherokee<\/td>\n<td width=\"493\">Limited, Limited X, Overland, SRT, Summit, Trackhawk, Trailhawk<\/td>\n<td width=\"198\">5.7L, 6.2L, 6.4L<\/td>\n<\/tr>\n<tr>\n<td width=\"80\">2020<\/td>\n<td width=\"80\">Jeep<\/td>\n<td width=\"121\">Grand Cherokee<\/td>\n<td width=\"493\">High Altitude, Limited, Limited X, Overland, SRT, Summit, Trackhawk, Trailhawk<\/td>\n<td width=\"198\">5.7L, 6.2L, 6.4L<\/td>\n<\/tr>\n<tr>\n<td width=\"80\">2019<\/td>\n<td width=\"80\">Jeep<\/td>\n<td width=\"121\">Grand Cherokee<\/td>\n<td width=\"493\">High Altitude, Limited, Limited X, Overland, SRT, Summit, Trackhawk, Trailhawk<\/td>\n<td width=\"198\">5.7L, 6.2L, 6.4L<\/td>\n<\/tr>\n<tr>\n<td width=\"80\">2018<\/td>\n<td width=\"80\">Jeep<\/td>\n<td width=\"121\">Grand Cherokee<\/td>\n<td width=\"493\">High Altitude, Limited, Overland, SRT, Summit, Trackhawk, Trailhawk<\/td>\n<td width=\"198\">5.7L, 6.2L, 6.4L<\/td>\n<\/tr>\n<tr>\n<td width=\"80\">2017<\/td>\n<td width=\"80\">Jeep<\/td>\n<td width=\"121\">Grand Cherokee<\/td>\n<td width=\"493\">Limited, Overland, SRT, Summit, Trailhawk<\/td>\n<td width=\"198\">5,7 L, 6,4 L<\/td>\n<\/tr>\n<tr>\n<td width=\"80\">2016<\/td>\n<td width=\"80\">Jeep<\/td>\n<td width=\"121\">Grand Cherokee<\/td>\n<td width=\"493\">Limited, Overland, SRT, Summit<\/td>\n<td width=\"198\">5,7 L, 6,4 L<\/td>\n<\/tr>\n<tr>\n<td width=\"80\">2015<\/td>\n<td width=\"80\">Jeep<\/td>\n<td width=\"121\">Grand Cherokee<\/td>\n<td width=\"493\">Limited, Overland, SRT, Summit<\/td>\n<td width=\"198\">5,7 L, 6,4 L<\/td>\n<\/tr>\n<tr>\n<td width=\"80\">2014<\/td>\n<td width=\"80\">Jeep<\/td>\n<td width=\"121\">Grand Cherokee<\/td>\n<td width=\"493\">Limited, Overland, SRT, Summit<\/td>\n<td width=\"198\">5,7 L, 6,4 L<\/td>\n<\/tr>\n<\/tbody>\n<\/table>\n<p>&nbsp;<\/p>","protected":false},"excerpt":{"rendered":"<p>2014\u20132021<\/p>","protected":false},"featured_media":68321010,"comment_status":"open","ping_status":"closed","template":"","meta":{"_acf_changed":false},"product_brand":[],"product_cat":[1750,1766,1774],"product_tag":[91,101,93,17163,17164,17165,115,5069,5068,5067,56,126,50,4425,36,3426,96,102],"class_list":{"0":"post-68321007","1":"product","2":"type-product","3":"status-publish","4":"has-post-thumbnail","6":"product_cat-grand-cherokee-57-2011-2021-getriebe","7":"product_cat-trackhawk-getriebe","8":"product_cat-grand-cherokee-64-getriebe","9":"product_tag-5-7","10":"product_tag-6-2","11":"product_tag-6-4","12":"product_tag-68110244ac","13":"product_tag-68110244ad","14":"product_tag-68110244ae","15":"product_tag-getriebe","16":"product_tag-getriebehalter","17":"product_tag-getriebehalterung","18":"product_tag-getriebelager","19":"product_tag-grand-cherokee","20":"product_tag-hemi","21":"product_tag-jeep","22":"product_tag-jeep-grand-cherokee","23":"product_tag-kraftwerk","24":"product_tag-lager","25":"product_tag-srt","26":"product_tag-trackhawk","27":"product_shipping_class-deutschlandohne","29":"first","30":"instock","31":"taxable","32":"shipping-taxable","33":"purchasable","34":"product-type-simple"},"bundled_by":[],"bundle_stock_status":"instock","bundle_stock_quantity":2,"bundle_virtual":false,"bundle_layout":"","bundle_add_to_cart_form_location":"","bundle_editable_in_cart":false,"bundle_sold_individually_context":"","bundle_item_grouping":"","bundle_min_size":"","bundle_max_size":"","bundle_price":[],"bundled_items":[],"bundle_sell_ids":[],"exclude_global_add_ons":[],"addons":[],"acf":[],"_links":{"self":[{"href":"https:\/\/kraftwerk-shop.cc\/cs\/wp-json\/wp\/v2\/product\/68321007","targetHints":{"allow":["GET"]}}],"collection":[{"href":"https:\/\/kraftwerk-shop.cc\/cs\/wp-json\/wp\/v2\/product"}],"about":[{"href":"https:\/\/kraftwerk-shop.cc\/cs\/wp-json\/wp\/v2\/types\/product"}],"replies":[{"embeddable":true,"href":"https:\/\/kraftwerk-shop.cc\/cs\/wp-json\/wp\/v2\/comments?post=68321007"}],"version-history":[{"count":0,"href":"https:\/\/kraftwerk-shop.cc\/cs\/wp-json\/wp\/v2\/product\/68321007\/revisions"}],"wp:featuredmedia":[{"embeddable":true,"href":"https:\/\/kraftwerk-shop.cc\/cs\/wp-json\/wp\/v2\/media\/68321010"}],"wp:attachment":[{"href":"https:\/\/kraftwerk-shop.cc\/cs\/wp-json\/wp\/v2\/media?parent=68321007"}],"wp:term":[{"taxonomy":"product_brand","embeddable":true,"href":"https:\/\/kraftwerk-shop.cc\/cs\/wp-json\/wp\/v2\/product_brand?post=68321007"},{"taxonomy":"product_cat","embeddable":true,"href":"https:\/\/kraftwerk-shop.cc\/cs\/wp-json\/wp\/v2\/product_cat?post=68321007"},{"taxonomy":"product_tag","embeddable":true,"href":"https:\/\/kraftwerk-shop.cc\/cs\/wp-json\/wp\/v2\/product_tag?post=68321007"}],"curies":[{"name":"wp","href":"https:\/\/api.w.org\/{rel}","templated":true}]}}