{"id":68321538,"date":"2025-05-10T21:55:28","date_gmt":"2025-05-10T19:55:28","guid":{"rendered":"https:\/\/kraftwerk-shop.cc\/?post_type=product&#038;p=68321538"},"modified":"2026-03-14T18:19:04","modified_gmt":"2026-03-14T17:19:04","slug":"blower-spacer-plates-hellcat-trackhawk","status":"publish","type":"product","link":"https:\/\/kraftwerk-shop.cc\/cs\/produkt\/blower-spacer-plates-hellcat-trackhawk\/","title":{"rendered":"Distan\u010dn\u00ed desky dmychadla pro Hellcat, Trackhawk a TRX"},"content":{"rendered":"<h1>Distan\u010dn\u00ed desky dmychadla \/ t\u011bsn\u011bn\u00ed pro upgrade pro p\u0159epl\u0148ov\u00e1n\u00ed Dodge Hellcat, Jeep Trackhawk a RAM TRX<\/h1>\n<p>&nbsp;<\/p>\n<ul>\n<li>Odstran\u011bn\u00ed slab\u00e9ho m\u00edsta v p\u016fvodn\u00edch t\u011bsn\u011bn\u00edch, kter\u00e9 m\u016f\u017ee v\u00e9st ke ztr\u00e1t\u011b plnic\u00edho tlaku.<\/li>\n<li>Sn\u00ed\u017een\u00ed v\u00fdfukov\u00fdch plyn\u016f v klikov\u00e9 sk\u0159\u00edni<\/li>\n<li>Tepeln\u00e9 odd\u011blen\u00ed kompresoru od hlav v\u00e1lc\u016f<\/li>\n<li>Ni\u017e\u0161\u00ed teploty nas\u00e1van\u00e9ho vzduchu<\/li>\n<li>Ni\u017e\u0161\u00ed provozn\u00ed teplota kompresoru<\/li>\n<li>sn\u00edma\u010d teploty nas\u00e1van\u00e9ho vzduchu poskytuje p\u0159esn\u011bj\u0161\u00ed hodnoty.<\/li>\n<li>zvy\u0161uje v\u00fdkon motoru d\u00edky ni\u017e\u0161\u00ed teplot\u011b nas\u00e1van\u00e9ho vzduchu.<\/li>\n<\/ul>\n<p>Tato t\u011bsn\u011bn\u00ed nahrazuj\u00ed p\u016fvodn\u00ed t\u011bsn\u011bn\u00ed mezi kompresorem a hlavou v\u00e1lc\u016f.<\/p>\n<p>&nbsp;<\/p>\n<p><strong>Rozsah dod\u00e1vky:<\/strong><\/p>\n<ul>\n<li>2 distan\u010dn\u00ed desky dmychadla<\/li>\n<li>del\u0161\u00ed \u0161rouby<\/li>\n<li>Izola\u010dn\u00ed roho\u017e (instalovan\u00e1 pod kompresorem)<\/li>\n<li>voliteln\u011b: titanov\u00e9 \u0161rouby<\/li>\n<\/ul>\n<p>&nbsp;<\/p>\n<p><strong>Vhodn\u00e9 pro:<\/strong><\/p>\n<table width=\"449\">\n<tbody>\n<tr>\n<td width=\"115\"><strong>Zna\u010dka<\/strong><\/td>\n<td width=\"145\"><strong>Model<\/strong><\/td>\n<td width=\"106\"><strong>Motor<\/strong><\/td>\n<td width=\"83\"><strong>Rok v\u00fdstavby<\/strong><\/td>\n<\/tr>\n<tr>\n<td width=\"115\">Dodge<\/td>\n<td width=\"145\">Charger<\/td>\n<td width=\"106\">6.2 Hellcat<\/td>\n<td width=\"83\">2015\u20132023<\/td>\n<\/tr>\n<tr>\n<td width=\"115\">Dodge<\/td>\n<td width=\"145\">Challenger<\/td>\n<td width=\"106\">6.2 Hellcat<\/td>\n<td width=\"83\">2015\u20132023<\/td>\n<\/tr>\n<tr>\n<td width=\"115\">Dodge<\/td>\n<td width=\"145\">Durango<\/td>\n<td width=\"106\">6.2 Hellcat<\/td>\n<td width=\"83\">2021\u20132025<\/td>\n<\/tr>\n<tr>\n<td width=\"115\">Jeep<\/td>\n<td width=\"145\">Grand Cherokee<\/td>\n<td width=\"106\">6.2 Trackhawk<\/td>\n<td width=\"83\">2018\u20132021<\/td>\n<\/tr>\n<tr>\n<td width=\"115\">RAM<\/td>\n<td width=\"145\">1500<\/td>\n<td width=\"106\">TRX<\/td>\n<td width=\"83\">2021\u20132024<\/td>\n<\/tr>\n<\/tbody>\n<\/table>\n<p>&nbsp;<\/p>\n<p><iframe loading=\"lazy\" title=\"P\u0159ehr\u00e1va\u010d vide\u00ed YouTube\" src=\"https:\/\/www.youtube.com\/embed\/TVpabbjrsUU\" width=\"560\" height=\"315\" frameborder=\"0\" allowfullscreen=\"allowfullscreen\"><\/iframe><\/p>","protected":false},"excerpt":{"rendered":"<p>Distan\u010dn\u00ed desky dmychadla \/ moderniza\u010dn\u00ed t\u011bsn\u011bn\u00ed pro kompresory Dodge Hellcat, Jeep Trackhawk a RAM TRX Odstran\u011bn\u00ed slab\u00e9ho m\u00edsta v distan\u010dn\u00edch desk\u00e1ch dmychadla \/ moderniza\u010dn\u00ed t\u011bsn\u011bn\u00ed pro kompresory Dodge Hellcat, Jeep Trackhawk a RAM TRX.<\/p>","protected":false},"featured_media":68275297,"comment_status":"open","ping_status":"closed","template":"","meta":{"_acf_changed":false},"product_brand":[],"product_cat":[2585,2709,2708,2669,2701],"product_tag":[101,4551,54,53,571,740,49,3853,3854,3415,56,100,723,50,4425,4427,4426,722,242,394,36,382,742,86,741,246,4550,102,2353,233],"class_list":{"0":"post-68321538","1":"product","2":"type-product","3":"status-publish","4":"has-post-thumbnail","6":"product_cat-challenger-hellcat-kompressor","7":"product_cat-charger-hellcat-kompressor","8":"product_cat-durango-hellcat-kompressor","9":"product_cat-trackhawk-kompressor","10":"product_cat-trx-kompressor","11":"product_tag-6-2","12":"product_tag-blower-spacer-plates","13":"product_tag-challenger","14":"product_tag-charger","15":"product_tag-dichtung","16":"product_tag-dichtungen","17":"product_tag-dodge","18":"product_tag-dodge-challenger","19":"product_tag-dodge-charger","20":"product_tag-erhoehen","21":"product_tag-grand-cherokee","22":"product_tag-hellcat","23":"product_tag-hoeher","24":"product_tag-jeep","25":"product_tag-jeep-grand-cherokee","26":"product_tag-jeep-grand-cherokee-trackhawk","27":"product_tag-jeep-trackhawk","28":"product_tag-kleiner","29":"product_tag-kompressor","30":"product_tag-kompressorrad","31":"product_tag-kraftwerk","32":"product_tag-ladedruck","33":"product_tag-plates","34":"product_tag-ram","35":"product_tag-spacer","36":"product_tag-supercharger","37":"product_tag-titanschrauben","38":"product_tag-trackhawk","39":"product_tag-trx","40":"product_tag-tuning","42":"first","43":"outofstock","44":"taxable","45":"shipping-taxable","46":"purchasable","47":"product-type-variable"},"bundled_by":[],"bundle_stock_status":"outofstock","bundle_stock_quantity":0,"bundle_virtual":false,"bundle_layout":"","bundle_add_to_cart_form_location":"","bundle_editable_in_cart":false,"bundle_sold_individually_context":"","bundle_item_grouping":"","bundle_min_size":"","bundle_max_size":"","bundle_price":[],"bundled_items":[],"bundle_sell_ids":[],"exclude_global_add_ons":[],"addons":[],"acf":[],"_links":{"self":[{"href":"https:\/\/kraftwerk-shop.cc\/cs\/wp-json\/wp\/v2\/product\/68321538","targetHints":{"allow":["GET"]}}],"collection":[{"href":"https:\/\/kraftwerk-shop.cc\/cs\/wp-json\/wp\/v2\/product"}],"about":[{"href":"https:\/\/kraftwerk-shop.cc\/cs\/wp-json\/wp\/v2\/types\/product"}],"replies":[{"embeddable":true,"href":"https:\/\/kraftwerk-shop.cc\/cs\/wp-json\/wp\/v2\/comments?post=68321538"}],"version-history":[{"count":0,"href":"https:\/\/kraftwerk-shop.cc\/cs\/wp-json\/wp\/v2\/product\/68321538\/revisions"}],"wp:featuredmedia":[{"embeddable":true,"href":"https:\/\/kraftwerk-shop.cc\/cs\/wp-json\/wp\/v2\/media\/68275297"}],"wp:attachment":[{"href":"https:\/\/kraftwerk-shop.cc\/cs\/wp-json\/wp\/v2\/media?parent=68321538"}],"wp:term":[{"taxonomy":"product_brand","embeddable":true,"href":"https:\/\/kraftwerk-shop.cc\/cs\/wp-json\/wp\/v2\/product_brand?post=68321538"},{"taxonomy":"product_cat","embeddable":true,"href":"https:\/\/kraftwerk-shop.cc\/cs\/wp-json\/wp\/v2\/product_cat?post=68321538"},{"taxonomy":"product_tag","embeddable":true,"href":"https:\/\/kraftwerk-shop.cc\/cs\/wp-json\/wp\/v2\/product_tag?post=68321538"}],"curies":[{"name":"wp","href":"https:\/\/api.w.org\/{rel}","templated":true}]}}