{"id":68321753,"date":"2025-05-25T01:43:06","date_gmt":"2025-05-24T23:43:06","guid":{"rendered":"https:\/\/kraftwerk-shop.cc\/?post_type=product&#038;p=68321753"},"modified":"2026-02-15T01:20:29","modified_gmt":"2026-02-15T00:20:29","slug":"parksense-fix-ram-dt","status":"publish","type":"product","link":"https:\/\/kraftwerk-shop.cc\/cs\/produkt\/parksense-fix-ram-dt\/","title":{"rendered":"Oprava ParkSense pro RAM DT"},"content":{"rendered":"<h1>Modul ParkSense Fix pro RAM DT od roku 2021 - 2024<\/h1>\n<p>&nbsp;<\/p>\n<p>Namontovali jste na sv\u00e9 vozidlo Ram DT v\u011bt\u0161\u00ed pneumatiky a parkovac\u00ed syst\u00e9m ParkSense p\u0159estal fungovat?<br \/>\nS t\u00edmto jednoduch\u00fdm za\u0159\u00edzen\u00edm plug-and-play funguje ParkSense op\u011bt bez ohledu na velikost pneumatik.<\/p>\n<p>&nbsp;<\/p>\n<ul>\n<li>Snadn\u00e1 instalace b\u011bhem 2 minut, bez pou\u017eit\u00ed n\u00e1\u0159ad\u00ed, plug-and-play<\/li>\n<li>ParkSense op\u011bt funguje jako u p\u016fvodn\u00edch pneumatik<\/li>\n<li>\u017d\u00e1dn\u00e9 trval\u00e9 zm\u011bny, nelze rozpoznat pomoc\u00ed n\u00e1stroj\u016f prodejce<\/li>\n<li>N\u00e1vod k instalaci v n\u011bm\u010din\u011b a angli\u010dtin\u011b (n\u011bm\u010dina je k dispozici ke sta\u017een\u00ed po zakoupen\u00ed)<\/li>\n<\/ul>\n<p>&nbsp;<\/p>\n<p><iframe loading=\"lazy\" title=\"P\u0159ehr\u00e1va\u010d vide\u00ed YouTube\" src=\"https:\/\/www.youtube.com\/embed\/ifGMeF99Z30?si=_tc5dWD90rXBNATP\" width=\"560\" height=\"315\" frameborder=\"0\" allowfullscreen=\"allowfullscreen\"><\/iframe><\/p>\n<p>&nbsp;<\/p>\n<h4>Jsme autorizovan\u00fdm prodejcem Z-Automotive!<\/h4>\n<p>Z Automotive Technologies je americk\u00e1 spole\u010dnost, kter\u00e1 se specializuje na \u0159e\u0161en\u00ed elektronick\u00e9 modernizace pro vozidla Dodge, Jeep, RAM a Chrysler.<br \/>\nSpole\u010dnost vyv\u00edj\u00ed produkty, jako je modul Tazer pro odemyk\u00e1n\u00ed skryt\u00fdch funkc\u00ed vozidla, BurnBox pro funkce linkov\u00e9ho z\u00e1mku a sada AuxZiliary Kit pro dal\u0161\u00ed mo\u017enosti ovl\u00e1d\u00e1n\u00ed.<br \/>\nC\u00edlem je roz\u0161\u00ed\u0159it funk\u010dnost a p\u0159izp\u016fsobitelnost modern\u00edch vozidel, ani\u017e by byly ohro\u017eeny jejich p\u016fvodn\u00ed syst\u00e9my.<br \/>\nSpole\u010dnost Z Automotive p\u0159edstavuje technickou inovaci v oblasti programov\u00e1n\u00ed a p\u0159izp\u016fsobov\u00e1n\u00ed vozidel.<\/p>","protected":false},"excerpt":{"rendered":"<p>2021\u20132024<\/p>","protected":false},"featured_media":68321755,"comment_status":"open","ping_status":"closed","template":"","meta":{"_acf_changed":false},"product_brand":[17480],"product_cat":[19690,5020,2705],"product_tag":[475,419,420,2066,17478,429,49,476,36,472,7221,17479,17477,17476,86,3473,10697,463,464,470,2991,17475,440,458],"class_list":{"0":"post-68321753","1":"product","2":"type-product","3":"status-publish","4":"has-post-thumbnail","6":"product_brand-z-automotive","7":"product_cat-1500-36-dt-programmiergeraete","8":"product_cat-1500-57-dt-programmiergeraete","9":"product_cat-trx-programmiergeraete","10":"product_tag-475","11":"product_tag-419","12":"product_tag-420","13":"product_tag-2066","14":"product_tag-abrollumfang","15":"product_tag-deutschland","16":"product_tag-dodge","17":"product_tag-dt","18":"product_tag-kraftwerk","19":"product_tag-modul","20":"product_tag-mopar10","21":"product_tag-park-sense","22":"product_tag-parksense","23":"product_tag-parksense-fix-modul","24":"product_tag-ram","25":"product_tag-reifenabrollumfang","26":"product_tag-reifenumfang","27":"product_tag-shop","28":"product_tag-webshop","29":"product_tag-z-auto","30":"product_tag-zauto","31":"product_tag-zautomotive","32":"product_tag-zautotech","33":"product_tag-zuruecksetzen","35":"first","36":"instock","37":"taxable","38":"shipping-taxable","39":"purchasable","40":"product-type-simple"},"bundled_by":[],"bundle_stock_status":"instock","bundle_stock_quantity":2,"bundle_virtual":false,"bundle_layout":"","bundle_add_to_cart_form_location":"","bundle_editable_in_cart":false,"bundle_sold_individually_context":"","bundle_item_grouping":"","bundle_min_size":"","bundle_max_size":"","bundle_price":[],"bundled_items":[],"bundle_sell_ids":[],"exclude_global_add_ons":[],"addons":[],"acf":[],"_links":{"self":[{"href":"https:\/\/kraftwerk-shop.cc\/cs\/wp-json\/wp\/v2\/product\/68321753","targetHints":{"allow":["GET"]}}],"collection":[{"href":"https:\/\/kraftwerk-shop.cc\/cs\/wp-json\/wp\/v2\/product"}],"about":[{"href":"https:\/\/kraftwerk-shop.cc\/cs\/wp-json\/wp\/v2\/types\/product"}],"replies":[{"embeddable":true,"href":"https:\/\/kraftwerk-shop.cc\/cs\/wp-json\/wp\/v2\/comments?post=68321753"}],"version-history":[{"count":0,"href":"https:\/\/kraftwerk-shop.cc\/cs\/wp-json\/wp\/v2\/product\/68321753\/revisions"}],"wp:featuredmedia":[{"embeddable":true,"href":"https:\/\/kraftwerk-shop.cc\/cs\/wp-json\/wp\/v2\/media\/68321755"}],"wp:attachment":[{"href":"https:\/\/kraftwerk-shop.cc\/cs\/wp-json\/wp\/v2\/media?parent=68321753"}],"wp:term":[{"taxonomy":"product_brand","embeddable":true,"href":"https:\/\/kraftwerk-shop.cc\/cs\/wp-json\/wp\/v2\/product_brand?post=68321753"},{"taxonomy":"product_cat","embeddable":true,"href":"https:\/\/kraftwerk-shop.cc\/cs\/wp-json\/wp\/v2\/product_cat?post=68321753"},{"taxonomy":"product_tag","embeddable":true,"href":"https:\/\/kraftwerk-shop.cc\/cs\/wp-json\/wp\/v2\/product_tag?post=68321753"}],"curies":[{"name":"wp","href":"https:\/\/api.w.org\/{rel}","templated":true}]}}