{"id":68322002,"date":"2025-05-25T01:13:50","date_gmt":"2025-05-24T23:13:50","guid":{"rendered":"https:\/\/kraftwerk-shop.cc\/?post_type=product&#038;p=68322002"},"modified":"2026-02-15T01:20:27","modified_gmt":"2026-02-15T00:20:27","slug":"tlumic-klikoveho-hridele-durango-53021303ad","status":"publish","type":"product","link":"https:\/\/kraftwerk-shop.cc\/cs\/produkt\/kurbelwellendaempfer-durango-53021303ad\/","title":{"rendered":"Tlumi\u010d klikov\u00e9ho h\u0159\u00eddele Durango 5.7"},"content":{"rendered":"<h1>Tlumi\u010d klikov\u00e9ho h\u0159\u00eddele pro Dodge Durango 5.7 z let 2005 a\u017e 2008<\/h1>\n<p>&nbsp;<\/p>\n<p><span lang=\"DE\"><strong>Srovn\u00e1vac\u00ed \u010d\u00edsla Mopar:\u00a0 <\/strong>53021303BA<strong>, <\/strong>53021303AD<\/span><\/p>\n<p>&nbsp;<\/p>\n<h1 class=\"product-title\"><\/h1>\n<p><strong>Vhodn\u00e9 pro:<\/strong><\/p>\n<table width=\"853\">\n<tbody>\n<tr>\n<td width=\"80\"><strong>Rok v\u00fdstavby<\/strong><\/td>\n<td width=\"80\"><strong>Zna\u010dka<\/strong><\/td>\n<td width=\"121\"><strong>Model<\/strong><\/td>\n<td width=\"374\"><strong>Verze<\/strong><\/td>\n<td width=\"198\"><strong>Motor<\/strong><\/td>\n<\/tr>\n<tr>\n<td width=\"80\">2008<\/td>\n<td width=\"80\">Dodge<\/td>\n<td width=\"121\">Durango<\/td>\n<td width=\"374\">Adventurer, Limited, SLT<\/td>\n<td width=\"198\">5.7L<\/td>\n<\/tr>\n<tr>\n<td width=\"80\">2007<\/td>\n<td width=\"80\">Dodge<\/td>\n<td width=\"121\">Durango<\/td>\n<td width=\"374\">Adventurer, Limited, SLT, SXT<\/td>\n<td width=\"198\">5.7L<\/td>\n<\/tr>\n<tr>\n<td width=\"80\">2006<\/td>\n<td width=\"80\">Dodge<\/td>\n<td width=\"121\">Durango<\/td>\n<td width=\"374\">Limited, SLT<\/td>\n<td width=\"198\">5.7L<\/td>\n<\/tr>\n<tr>\n<td width=\"80\">2005<\/td>\n<td width=\"80\">Dodge<\/td>\n<td width=\"121\">Durango<\/td>\n<td width=\"374\">Limited, SLT<\/td>\n<td width=\"198\">5.7L<\/td>\n<\/tr>\n<\/tbody>\n<\/table>\n<p>&nbsp;<\/p>\n<p>Jedn\u00e1 se o polo\u017eku p\u0159\u00edslu\u0161enstv\u00ed. Origin\u00e1ln\u00ed d\u00edl Mopar se ji\u017e nevyr\u00e1b\u00ed.<\/p>\n<p>&nbsp;<\/p>","protected":false},"excerpt":{"rendered":"<p>2005\u20132008<\/p>","protected":false},"featured_media":68322006,"comment_status":"open","ping_status":"closed","template":"","meta":{"_acf_changed":false},"product_brand":[],"product_cat":[10262,6739],"product_tag":[18816,18815,475,506,507,91,17471,17472,49,4432,95,323,8089,31,9424,7221,86,721],"class_list":{"0":"post-68322002","1":"product","2":"type-product","3":"status-publish","4":"has-post-thumbnail","6":"product_cat-alle-produkte","7":"product_cat-durango-57-kurbelwelle-kolben","8":"product_tag-053021303ad","9":"product_tag-053021303ba","10":"product_tag-475","11":"product_tag-506","12":"product_tag-507","13":"product_tag-5-7","14":"product_tag-53021303ad","15":"product_tag-53021303ba","16":"product_tag-dodge","17":"product_tag-dodge-durango","18":"product_tag-durango","19":"product_tag-kurbelwelle","20":"product_tag-kurbelwellendaempfer","21":"product_tag-mopar","22":"product_tag-mopar-ersatzteile","23":"product_tag-mopar10","24":"product_tag-ram","25":"product_tag-riemenscheibe","26":"product_shipping_class-paket-l","28":"first","29":"instock","30":"taxable","31":"shipping-taxable","32":"purchasable","33":"product-type-simple"},"bundled_by":[],"bundle_stock_status":"instock","bundle_stock_quantity":1,"bundle_virtual":false,"bundle_layout":"","bundle_add_to_cart_form_location":"","bundle_editable_in_cart":false,"bundle_sold_individually_context":"","bundle_item_grouping":"","bundle_min_size":"","bundle_max_size":"","bundle_price":[],"bundled_items":[],"bundle_sell_ids":[],"exclude_global_add_ons":[],"addons":[],"acf":[],"_links":{"self":[{"href":"https:\/\/kraftwerk-shop.cc\/cs\/wp-json\/wp\/v2\/product\/68322002","targetHints":{"allow":["GET"]}}],"collection":[{"href":"https:\/\/kraftwerk-shop.cc\/cs\/wp-json\/wp\/v2\/product"}],"about":[{"href":"https:\/\/kraftwerk-shop.cc\/cs\/wp-json\/wp\/v2\/types\/product"}],"replies":[{"embeddable":true,"href":"https:\/\/kraftwerk-shop.cc\/cs\/wp-json\/wp\/v2\/comments?post=68322002"}],"version-history":[{"count":0,"href":"https:\/\/kraftwerk-shop.cc\/cs\/wp-json\/wp\/v2\/product\/68322002\/revisions"}],"wp:featuredmedia":[{"embeddable":true,"href":"https:\/\/kraftwerk-shop.cc\/cs\/wp-json\/wp\/v2\/media\/68322006"}],"wp:attachment":[{"href":"https:\/\/kraftwerk-shop.cc\/cs\/wp-json\/wp\/v2\/media?parent=68322002"}],"wp:term":[{"taxonomy":"product_brand","embeddable":true,"href":"https:\/\/kraftwerk-shop.cc\/cs\/wp-json\/wp\/v2\/product_brand?post=68322002"},{"taxonomy":"product_cat","embeddable":true,"href":"https:\/\/kraftwerk-shop.cc\/cs\/wp-json\/wp\/v2\/product_cat?post=68322002"},{"taxonomy":"product_tag","embeddable":true,"href":"https:\/\/kraftwerk-shop.cc\/cs\/wp-json\/wp\/v2\/product_tag?post=68322002"}],"curies":[{"name":"wp","href":"https:\/\/api.w.org\/{rel}","templated":true}]}}