{"id":68323353,"date":"2025-05-29T13:49:22","date_gmt":"2025-05-29T11:49:22","guid":{"rendered":"https:\/\/kraftwerk-shop.cc\/?post_type=product&#038;p=68323353"},"modified":"2026-02-15T01:20:42","modified_gmt":"2026-02-15T00:20:42","slug":"sada-zapalovacich-kabelu-300c-magnum-grand-cherokee-57","status":"publish","type":"product","link":"https:\/\/kraftwerk-shop.cc\/cs\/produkt\/zuendkabelsatz-300c-magnum-grand-cherokee-57\/","title":{"rendered":"Sada zapalovac\u00edch kabel\u016f 300C, Magnum a Grand Cherokee 5.7"},"content":{"rendered":"<h1>Sada zapalovac\u00edch kabel\u016f pro Chrysler 300C, Dodge Magnum a Jeep Grand Cherokee 2005<\/h1>\n<p>&nbsp;<\/p>\n<p><span lang=\"DE\"><strong>Srovn\u00e1vac\u00ed \u010d\u00edsla Mopar:<\/strong> 4606701AF<br \/>\n<\/span><\/p>\n<p>&nbsp;<\/p>\n<p><strong>Vhodn\u00e9 pro:<\/strong><\/p>\n<table width=\"972\">\n<tbody>\n<tr>\n<td width=\"80\"><strong>Rok v\u00fdstavby<\/strong><\/td>\n<td width=\"80\"><strong>Zna\u010dka<\/strong><\/td>\n<td width=\"121\"><strong>Model<\/strong><\/td>\n<td width=\"493\"><strong>Verze<\/strong><\/td>\n<td width=\"198\"><strong>Motor<\/strong><\/td>\n<\/tr>\n<tr>\n<td width=\"80\">2005<\/td>\n<td width=\"80\">Chrysler<\/td>\n<td width=\"121\">300<\/td>\n<td width=\"493\">C<\/td>\n<td width=\"198\">5.7L<\/td>\n<\/tr>\n<tr>\n<td width=\"80\">2005<\/td>\n<td width=\"80\">Dodge<\/td>\n<td width=\"121\">Magnum<\/td>\n<td width=\"493\">R\/T<\/td>\n<td width=\"198\">5.7L<\/td>\n<\/tr>\n<tr>\n<td width=\"80\">2005<\/td>\n<td width=\"80\">Jeep<\/td>\n<td width=\"121\">Grand Cherokee<\/td>\n<td width=\"493\">Limited<\/td>\n<td width=\"198\">5.7L<\/td>\n<\/tr>\n<\/tbody>\n<\/table>\n<p>&nbsp;<\/p>\n<p>&nbsp;<\/p>\n<p>Zapalovac\u00ed kabely je t\u0159eba vym\u011bnit, proto\u017ee se \u010dasem opot\u0159ebuj\u00ed a nemohou ji\u017e spolehliv\u011b plnit svou funkci. Nej\u010dast\u011bj\u0161\u00edmi d\u016fvody jsou<\/p>\n<ul>\n<li><strong>St\u00e1rnut\u00ed a \u00fanava materi\u00e1lu<\/strong><br \/>\nZapalovac\u00ed kabely se obvykle skl\u00e1daj\u00ed z vodiv\u00e9ho j\u00e1dra, izolace a pl\u00e1\u0161t\u011b. Tyto materi\u00e1ly \u010dasem zk\u0159ehnou, popraskaj\u00ed nebo se stanou por\u00e9zn\u00edmi.<br \/>\nTeplo, chlad, olej, vlhkost a vibrace motoru urychluj\u00ed proces st\u00e1rnut\u00ed.<\/li>\n<li><strong>Elektrick\u00fd odpor se zvy\u0161uje<\/strong><br \/>\nVnit\u0159n\u00ed odpor kabel\u016f se m\u016f\u017ee \u010dasem zvy\u0161ovat.<br \/>\nV d\u016fsledku toho je na zapalovac\u00ed sv\u00ed\u010dku p\u0159ivedeno men\u0161\u00ed nap\u011bt\u00ed, co\u017e vede k nespr\u00e1vn\u00e9mu zapalov\u00e1n\u00ed, ztr\u00e1t\u011b v\u00fdkonu nebo \u0161patn\u00e9mu startov\u00e1n\u00ed.<\/li>\n<li><strong>Porucha izolace<\/strong><br \/>\nPraskliny nebo po\u0161kozen\u00ed izolace mohou zp\u016fsobit, \u017ee jiskra \"p\u0159esko\u010d\u00ed\" (tzv. svodov\u00fd proud) d\u0159\u00edve, ne\u017e dos\u00e1hne zapalovac\u00ed sv\u00ed\u010dky.<br \/>\nTo zp\u016fsobuje nespr\u00e1vn\u00e9 zapalov\u00e1n\u00ed nebo nerovnom\u011brn\u00fd chod motoru.<\/li>\n<li><strong>Koroze na z\u00e1tk\u00e1ch<\/strong><br \/>\nKovov\u00e9 kontakty na konc\u00edch kabel\u016f mohou zejm\u00e9na ve vlhk\u00e9m prost\u0159ed\u00ed oxidovat nebo korodovat, co\u017e zhor\u0161uje elektrick\u00e9 spojen\u00ed se zapalovac\u00ed c\u00edvkou nebo zapalovac\u00ed sv\u00ed\u010dkou.<\/li>\n<li><strong>Vliv na ostatn\u00ed slo\u017eky<\/strong><br \/>\n\u0160patn\u00e9 zapalovac\u00ed kabely mohou p\u0159et\u011b\u017eovat zapalovac\u00ed c\u00edvky, co\u017e zkracuje jejich \u017eivotnost.<br \/>\nKatalyz\u00e1tor m\u016f\u017ee b\u00fdt po\u0161kozen tak\u00e9 nesp\u00e1len\u00fdm palivem (v p\u0159\u00edpad\u011b nespr\u00e1vn\u00e9ho zapalov\u00e1n\u00ed).<\/li>\n<\/ul>\n<p>&nbsp;<\/p>\n<p><strong>P\u0159\u00edznaky vadn\u00fdch zapalovac\u00edch kabel\u016f jsou tyto.<\/strong><\/p>\n<ul>\n<li>Chv\u011bn\u00ed motoru<\/li>\n<li>\u0160patn\u00fd studen\u00fd start<\/li>\n<li>Ztr\u00e1ta v\u00fdkonu<\/li>\n<li>Zv\u00fd\u0161en\u00e1 spot\u0159eba paliva<\/li>\n<li>Chybn\u00e9 v\u00fdst\u0159ely<\/li>\n<\/ul>\n<p>&nbsp;<\/p>","protected":false},"excerpt":{"rendered":"<p>2005<\/p>","protected":false},"featured_media":68323356,"comment_status":"open","ping_status":"closed","template":"","meta":{"_acf_changed":false},"product_brand":[],"product_cat":[7261,7362,7393],"product_tag":[17561,207,1132,52,17560,91,48,49,56,50,17366,55,7221,86,5188,17365,17367],"class_list":{"0":"post-68323353","1":"product","2":"type-product","3":"status-publish","4":"has-post-thumbnail","6":"product_cat-300c-57-2005-2010-zuendung","7":"product_cat-magnum-57-zuendung","8":"product_cat-grand-cherokee-57-2005-2010-zuendung","9":"product_tag-04606701af","10":"product_tag-207","11":"product_tag-1132","12":"product_tag-300c","13":"product_tag-4606701af","14":"product_tag-5-7","15":"product_tag-chrysler","16":"product_tag-dodge","17":"product_tag-grand-cherokee","18":"product_tag-jeep","19":"product_tag-kabeltraeger","20":"product_tag-magnum","21":"product_tag-mopar10","22":"product_tag-ram","23":"product_tag-zuendkabel","24":"product_tag-zuendkabelsatz","25":"product_tag-zuendkerzenstecker","27":"first","28":"instock","29":"taxable","30":"shipping-taxable","31":"purchasable","32":"product-type-simple"},"bundled_by":[],"bundle_stock_status":"instock","bundle_stock_quantity":1,"bundle_virtual":false,"bundle_layout":"","bundle_add_to_cart_form_location":"","bundle_editable_in_cart":false,"bundle_sold_individually_context":"","bundle_item_grouping":"","bundle_min_size":"","bundle_max_size":"","bundle_price":[],"bundled_items":[],"bundle_sell_ids":[],"exclude_global_add_ons":[],"addons":[],"acf":[],"_links":{"self":[{"href":"https:\/\/kraftwerk-shop.cc\/cs\/wp-json\/wp\/v2\/product\/68323353","targetHints":{"allow":["GET"]}}],"collection":[{"href":"https:\/\/kraftwerk-shop.cc\/cs\/wp-json\/wp\/v2\/product"}],"about":[{"href":"https:\/\/kraftwerk-shop.cc\/cs\/wp-json\/wp\/v2\/types\/product"}],"replies":[{"embeddable":true,"href":"https:\/\/kraftwerk-shop.cc\/cs\/wp-json\/wp\/v2\/comments?post=68323353"}],"version-history":[{"count":0,"href":"https:\/\/kraftwerk-shop.cc\/cs\/wp-json\/wp\/v2\/product\/68323353\/revisions"}],"wp:featuredmedia":[{"embeddable":true,"href":"https:\/\/kraftwerk-shop.cc\/cs\/wp-json\/wp\/v2\/media\/68323356"}],"wp:attachment":[{"href":"https:\/\/kraftwerk-shop.cc\/cs\/wp-json\/wp\/v2\/media?parent=68323353"}],"wp:term":[{"taxonomy":"product_brand","embeddable":true,"href":"https:\/\/kraftwerk-shop.cc\/cs\/wp-json\/wp\/v2\/product_brand?post=68323353"},{"taxonomy":"product_cat","embeddable":true,"href":"https:\/\/kraftwerk-shop.cc\/cs\/wp-json\/wp\/v2\/product_cat?post=68323353"},{"taxonomy":"product_tag","embeddable":true,"href":"https:\/\/kraftwerk-shop.cc\/cs\/wp-json\/wp\/v2\/product_tag?post=68323353"}],"curies":[{"name":"wp","href":"https:\/\/api.w.org\/{rel}","templated":true}]}}