{"id":68323572,"date":"2025-06-08T22:06:22","date_gmt":"2025-06-08T20:06:22","guid":{"rendered":"https:\/\/kraftwerk-shop.cc\/?post_type=product&#038;p=68323572"},"modified":"2026-02-15T01:20:42","modified_gmt":"2026-02-15T00:20:42","slug":"svicky-brisk-iridium-rr15yir-2","status":"publish","type":"product","link":"https:\/\/kraftwerk-shop.cc\/cs\/produkt\/brisk-iridium-rr15yir-zuendkerzen\/","title":{"rendered":"Zapalovac\u00ed sv\u00ed\u010dky Brisk Iridium Performance RR15YIR (16 kus\u016f)"},"content":{"rendered":"<h1>Zapalovac\u00ed sv\u00ed\u010dky Brisk Iridium Performance RR15YIR pro Chrysler, Dodge a Jeep 5.7, 6.1 a 6.4<\/h1>\n<p>&nbsp;<\/p>\n<p>Zapalovac\u00ed sv\u00ed\u010dky \u0159ady P jsou d\u00edky sv\u00e9 velmi dlouh\u00e9 \u017eivotnosti nejmodern\u011bj\u0161\u00ed konstrukc\u00ed pro modern\u00ed, vysoce v\u00fdkonn\u00e9 a vysoce zat\u00ed\u017een\u00e9 motory.<br \/>\nElektroda s iridiov\u00fdm j\u00e1drem je obklopena t\u011blesem ze slitiny yttria a zemnic\u00ed elektrodou, kter\u00e9 zaji\u0161\u0165uj\u00ed velmi n\u00edzk\u00e9 n\u00e1roky na nap\u011bt\u00ed, a t\u00edm prodlu\u017euj\u00ed \u017eivotnost zapalovac\u00ed c\u00edvky.<br \/>\nNi\u017e\u0161\u00ed po\u017eadovan\u00e9 nap\u011bt\u00ed zaji\u0161\u0165uje snadn\u011bj\u0161\u00ed startov\u00e1n\u00ed za studena a sni\u017euje riziko nespr\u00e1vn\u00e9ho zapalov\u00e1n\u00ed v d\u016fsledku zne\u010di\u0161t\u011bn\u00ed zp\u016fsoben\u00e9ho spalov\u00e1n\u00edm oleje, pou\u017e\u00edv\u00e1n\u00edm alternativn\u00edch paliv nebo del\u0161\u00edm volnob\u011bhem.<\/p>\n<p>&nbsp;<\/p>\n<p><strong>Vlastnosti:<\/strong><\/p>\n<ul>\n<li>Zemn\u00edc\u00ed elektroda ze slitiny ytria s iridiov\u00fdm j\u00e1drem<\/li>\n<li>Nikl\/zinkov\u00fd povlak na ochranu proti korozi<\/li>\n<li>Ni\u017e\u0161\u00ed po\u017eadavek na nap\u011bt\u00ed<\/li>\n<li>V\u00e1lcov\u00fd tvar \u0161pi\u010dky izol\u00e1toru zaji\u0161\u0165uje rychl\u00e9 samo\u010di\u0161t\u011bn\u00ed p\u0159i n\u00edzk\u00fdch teplot\u00e1ch kr\u00e1tce po nastartov\u00e1n\u00ed motoru.<\/li>\n<\/ul>\n<p>&nbsp;<\/p>\n<ul>\n<li>Pr\u016fm\u011br z\u00e1vitu: 14 mm<\/li>\n<li>Dosah z\u00e1vitu: 25 mm -1 \"<\/li>\n<li>\u0160estihran: 16 mm -5\/8\u2033<\/li>\n<li>Typ sedadla: k\u00f3nick\u00e9<\/li>\n<li>Verze: Iridum \/ Yttirum<\/li>\n<li>Odolnost: Ano<\/li>\n<li>P\u0159edpokl\u00e1dan\u00e9: Ano<\/li>\n<li>Tepeln\u00e1 hodnota: 15<\/li>\n<\/ul>\n<p>&nbsp;<\/p>\n<p>&nbsp;<\/p>\n<p><strong>Vhodn\u00e9 pro:<\/strong><\/p>\n<p>Motory 5.7 Hemi (o 2 stupn\u011b chladn\u011bj\u0161\u00ed ne\u017e s\u00e9riov\u00e9 sv\u00ed\u010dky) do roku 2008 v\u010detn\u011b<br \/>\nMotory 6.1 SRT8 (o 1 stupe\u0148 chladn\u011bj\u0161\u00ed ne\u017e s\u00e9riov\u00e9 sv\u00ed\u010dky)<br \/>\nMotory 6.4 SRT8 (stejn\u00e1 tepeln\u00e1 hodnota jako u standardn\u00edch sv\u00ed\u010dek)<\/p>\n<p>&nbsp;<\/p>\n<p><strong>Rozsah dod\u00e1vky:<br \/>\n<\/strong><br \/>\n16 zapalovac\u00edch sv\u00ed\u010dek<\/p>","protected":false},"excerpt":{"rendered":"<p>Ide\u00e1ln\u00ed n\u00e1hrada za NGK 2315<\/p>","protected":false},"featured_media":68323575,"comment_status":"open","ping_status":"closed","template":"","meta":{"_acf_changed":false},"product_brand":[18923],"product_cat":[7261,7272,7277,7294,7298,7316,7324,7332,7343,7353,7362,7368,7373,7393,7402,7412,7418,7428],"product_tag":[1122,52,217,1074,53,48,8852,8857,8856,8858,8854,94,49,8873,8871,8869,8860,8863,8861,8864,8865,56,4419,50,1123,55,17563,164,3574,1073,8851,8867,8859,8866,8853,4422],"class_list":{"0":"post-68323572","1":"product","2":"type-product","3":"status-publish","4":"has-post-thumbnail","6":"product_brand-brisk","7":"product_cat-300c-57-2005-2010-zuendung","8":"product_cat-300c-61-zuendung","9":"product_cat-300c-64-zuendung","10":"product_cat-challenger-61-zuendung","11":"product_cat-challenger-64-zuendung","12":"product_cat-charger-57-zuendung","13":"product_cat-charger-61-zuendung","14":"product_cat-charger-64-zuendung","15":"product_cat-durango-57-zuendung","16":"product_cat-durango-64-zuendung","17":"product_cat-magnum-57-zuendung","18":"product_cat-magnum-61-zuendung","19":"product_cat-commander-zuendung","20":"product_cat-grand-cherokee-57-2005-2010-zuendung","21":"product_cat-grand-cherokee-61-zuendung","22":"product_cat-grand-cherokee-64-zuendung","23":"product_cat-wagoneer-64-zuendung","24":"product_cat-wrangler-64-zuendung","25":"product_tag-1122","26":"product_tag-300c","27":"product_tag-217","28":"product_tag-brisk","29":"product_tag-charger","30":"product_tag-chrysler","31":"product_tag-chrysler-300c-ersatzteile","32":"product_tag-chrysler-300c-originalteile","33":"product_tag-chrysler-300c-performance-zuendkerzen","34":"product_tag-chrysler-300c-zuendkerzen-preis","35":"product_tag-chrysler-300c-zuendkerzen-wechsel","36":"product_tag-commander","37":"product_tag-dodge","38":"product_tag-dodge-challenger-ersatzteile","39":"product_tag-dodge-challenger-srt-zuendkerzen","40":"product_tag-dodge-challenger-tuning","41":"product_tag-dodge-charger-ersatzteile","42":"product_tag-dodge-charger-performance","43":"product_tag-dodge-charger-tuning-zuendkerzen","44":"product_tag-dodge-charger-zuendkerzen-set","45":"product_tag-dodge-charger-zuendkerzen-vergleich","46":"product_tag-grand-cherokee","47":"product_tag-iridium","48":"product_tag-jeep","49":"product_tag-lztr6aix-13-ix","50":"product_tag-magnum","51":"product_tag-rr15yir","52":"product_tag-srt8","53":"product_tag-zuendkerze","54":"product_tag-zuendkerzen","55":"product_tag-zuendkerzen-chrysler-300c","56":"product_tag-zuendkerzen-dodge-challenger","57":"product_tag-zuendkerzen-dodge-charger","58":"product_tag-zuendkerzen-dodge-charger-srt","59":"product_tag-zuendkerzen-fuer-chrysler-300c","60":"product_tag-zuendung","62":"first","63":"instock","64":"taxable","65":"shipping-taxable","66":"purchasable","67":"product-type-simple"},"bundled_by":[],"bundle_stock_status":"instock","bundle_stock_quantity":3,"bundle_virtual":false,"bundle_layout":"","bundle_add_to_cart_form_location":"","bundle_editable_in_cart":false,"bundle_sold_individually_context":"","bundle_item_grouping":"","bundle_min_size":"","bundle_max_size":"","bundle_price":[],"bundled_items":[],"bundle_sell_ids":[],"exclude_global_add_ons":[],"addons":[],"acf":[],"_links":{"self":[{"href":"https:\/\/kraftwerk-shop.cc\/cs\/wp-json\/wp\/v2\/product\/68323572","targetHints":{"allow":["GET"]}}],"collection":[{"href":"https:\/\/kraftwerk-shop.cc\/cs\/wp-json\/wp\/v2\/product"}],"about":[{"href":"https:\/\/kraftwerk-shop.cc\/cs\/wp-json\/wp\/v2\/types\/product"}],"replies":[{"embeddable":true,"href":"https:\/\/kraftwerk-shop.cc\/cs\/wp-json\/wp\/v2\/comments?post=68323572"}],"version-history":[{"count":0,"href":"https:\/\/kraftwerk-shop.cc\/cs\/wp-json\/wp\/v2\/product\/68323572\/revisions"}],"wp:featuredmedia":[{"embeddable":true,"href":"https:\/\/kraftwerk-shop.cc\/cs\/wp-json\/wp\/v2\/media\/68323575"}],"wp:attachment":[{"href":"https:\/\/kraftwerk-shop.cc\/cs\/wp-json\/wp\/v2\/media?parent=68323572"}],"wp:term":[{"taxonomy":"product_brand","embeddable":true,"href":"https:\/\/kraftwerk-shop.cc\/cs\/wp-json\/wp\/v2\/product_brand?post=68323572"},{"taxonomy":"product_cat","embeddable":true,"href":"https:\/\/kraftwerk-shop.cc\/cs\/wp-json\/wp\/v2\/product_cat?post=68323572"},{"taxonomy":"product_tag","embeddable":true,"href":"https:\/\/kraftwerk-shop.cc\/cs\/wp-json\/wp\/v2\/product_tag?post=68323572"}],"curies":[{"name":"wp","href":"https:\/\/api.w.org\/{rel}","templated":true}]}}