{"id":68328798,"date":"2025-06-07T23:50:15","date_gmt":"2025-06-07T21:50:15","guid":{"rendered":"https:\/\/kraftwerk-shop.cc\/?post_type=product&#038;p=68328798"},"modified":"2026-02-15T01:20:33","modified_gmt":"2026-02-15T00:20:33","slug":"brzdovy-kotouc-mopar-68368065aa","status":"publish","type":"product","link":"https:\/\/kraftwerk-shop.cc\/cs\/produkt\/mopar-bremsscheibe-68368065aa\/","title":{"rendered":"Brzdov\u00fd kotou\u010d Mopar (68368065AA)"},"content":{"rendered":"<h1>Brzdov\u00fd kotou\u010d Mopar (68368065AA) pro Chrysler 300C, Dodge Challenger, Charger a Magnum 3.5, 3.6 a 5.7 (p\u0159edn\u00ed n\u00e1prava)<\/h1>\n<p>&nbsp;<\/p>\n<p><span lang=\"DE\"><strong>\u010c\u00edslo d\u00edlu Mopar:<\/strong>\u00a068368065AA<br \/>\n<strong>Nahrazeno: <\/strong>4779197AB, 4779197AD, 4779197AE, 4779197AF, 4779197AG, 5154118AA, 5154118AB, 5154118AC, 5154118AD<\/span><\/p>\n<p>&nbsp;<\/p>\n<p><strong>Vhodn\u00e9 pro:<\/strong><\/p>\n<table width=\"1157\">\n<tbody>\n<tr>\n<td width=\"81\"><strong>Rok v\u00fdstavby<\/strong><\/td>\n<td width=\"117\"><strong>Zna\u010dka<\/strong><\/td>\n<td width=\"175\"><strong>Model<\/strong><\/td>\n<td width=\"410\"><strong>Verze<\/strong><\/td>\n<td width=\"184\"><strong>Motor<\/strong><\/td>\n<td width=\"190\"><strong>N\u00e1pov\u011bda<\/strong><\/td>\n<\/tr>\n<tr>\n<td width=\"81\">2023<\/td>\n<td width=\"117\">Chrysler<\/td>\n<td width=\"175\">300<\/td>\n<td width=\"410\">S, Touring, Touring L<\/td>\n<td width=\"184\">3,6 L, 5,7 L<\/td>\n<td width=\"190\">Pr\u016fm\u011br 345 mm<\/td>\n<\/tr>\n<tr>\n<td width=\"81\">2023<\/td>\n<td width=\"117\">Dodge<\/td>\n<td width=\"175\">Challenger<\/td>\n<td width=\"410\">GT, R\/T, SXT<\/td>\n<td width=\"184\">3,6 L, 5,7 L<\/td>\n<td width=\"190\">Pr\u016fm\u011br 345 mm<\/td>\n<\/tr>\n<tr>\n<td width=\"81\">2023<\/td>\n<td width=\"117\">Dodge<\/td>\n<td width=\"175\">Charger<\/td>\n<td width=\"410\">GT, R\/T, SXT<\/td>\n<td width=\"184\">3,6 L, 5,7 L<\/td>\n<td width=\"190\">Pr\u016fm\u011br 345 mm<\/td>\n<\/tr>\n<tr>\n<td width=\"81\">2022<\/td>\n<td width=\"117\">Chrysler<\/td>\n<td width=\"175\">300<\/td>\n<td width=\"410\">S, Touring, Touring L<\/td>\n<td width=\"184\">3,6 L, 5,7 L<\/td>\n<td width=\"190\">Pr\u016fm\u011br 345 mm<\/td>\n<\/tr>\n<tr>\n<td width=\"81\">2022<\/td>\n<td width=\"117\">Dodge<\/td>\n<td width=\"175\">Challenger<\/td>\n<td width=\"410\">GT, R\/T, SXT<\/td>\n<td width=\"184\">3,6 L, 5,7 L<\/td>\n<td width=\"190\">Pr\u016fm\u011br 345 mm<\/td>\n<\/tr>\n<tr>\n<td width=\"81\">2022<\/td>\n<td width=\"117\">Dodge<\/td>\n<td width=\"175\">Charger<\/td>\n<td width=\"410\">GT, R\/T, SXT<\/td>\n<td width=\"184\">3,6 L, 5,7 L<\/td>\n<td width=\"190\">Pr\u016fm\u011br 345 mm<\/td>\n<\/tr>\n<tr>\n<td width=\"81\">2021<\/td>\n<td width=\"117\">Chrysler<\/td>\n<td width=\"175\">300<\/td>\n<td width=\"410\">S, Touring, Touring L<\/td>\n<td width=\"184\">3,6 L, 5,7 L<\/td>\n<td width=\"190\">Pr\u016fm\u011br 345 mm<\/td>\n<\/tr>\n<tr>\n<td width=\"81\">2021<\/td>\n<td width=\"117\">Dodge<\/td>\n<td width=\"175\">Challenger<\/td>\n<td width=\"410\">GT, R\/T, SXT<\/td>\n<td width=\"184\">3,6 L, 5,7 L<\/td>\n<td width=\"190\">Pr\u016fm\u011br 345 mm<\/td>\n<\/tr>\n<tr>\n<td width=\"81\">2021<\/td>\n<td width=\"117\">Dodge<\/td>\n<td width=\"175\">Charger<\/td>\n<td width=\"410\">GT, R\/T, SXT<\/td>\n<td width=\"184\">3,6 L, 5,7 L<\/td>\n<td width=\"190\">Pr\u016fm\u011br 345 mm<\/td>\n<\/tr>\n<tr>\n<td width=\"81\">2020<\/td>\n<td width=\"117\">Chrysler<\/td>\n<td width=\"175\">300<\/td>\n<td width=\"410\">C, Limited, S, Touring, Touring L<\/td>\n<td width=\"184\">3,6 L, 5,7 L<\/td>\n<td width=\"190\">Pr\u016fm\u011br 345 mm<\/td>\n<\/tr>\n<tr>\n<td width=\"81\">2020<\/td>\n<td width=\"117\">Dodge<\/td>\n<td width=\"175\">Challenger<\/td>\n<td width=\"410\">GT, R\/T, SXT<\/td>\n<td width=\"184\">3,6 L, 5,7 L<\/td>\n<td width=\"190\">Pr\u016fm\u011br 345 mm<\/td>\n<\/tr>\n<tr>\n<td width=\"81\">2020<\/td>\n<td width=\"117\">Dodge<\/td>\n<td width=\"175\">Charger<\/td>\n<td width=\"410\">GT, R\/T, SXT<\/td>\n<td width=\"184\">3,6 L, 5,7 L<\/td>\n<td width=\"190\">Pr\u016fm\u011br 345 mm<\/td>\n<\/tr>\n<tr>\n<td width=\"81\">2019<\/td>\n<td width=\"117\">Chrysler<\/td>\n<td width=\"175\">300<\/td>\n<td width=\"410\">C, Limited, S, Touring, Touring L<\/td>\n<td width=\"184\">3,6 L, 5,7 L<\/td>\n<td width=\"190\">Pr\u016fm\u011br 345 mm<\/td>\n<\/tr>\n<tr>\n<td width=\"81\">2019<\/td>\n<td width=\"117\">Dodge<\/td>\n<td width=\"175\">Challenger<\/td>\n<td width=\"410\">GT, R\/T, SXT<\/td>\n<td width=\"184\">3,6 L, 5,7 L<\/td>\n<td width=\"190\">Pr\u016fm\u011br 345 mm<\/td>\n<\/tr>\n<tr>\n<td width=\"81\">2019<\/td>\n<td width=\"117\">Dodge<\/td>\n<td width=\"175\">Charger<\/td>\n<td width=\"410\">GT, R\/T, SXT<\/td>\n<td width=\"184\">3,6 L, 5,7 L<\/td>\n<td width=\"190\">Pr\u016fm\u011br 345 mm<\/td>\n<\/tr>\n<tr>\n<td width=\"81\">2018<\/td>\n<td width=\"117\">Chrysler<\/td>\n<td width=\"175\">300<\/td>\n<td width=\"410\">C, Limited, S, Touring, Touring L<\/td>\n<td width=\"184\">3,6 L, 5,7 L<\/td>\n<td width=\"190\">Pr\u016fm\u011br 345 mm<\/td>\n<\/tr>\n<tr>\n<td width=\"81\">2018<\/td>\n<td width=\"117\">Dodge<\/td>\n<td width=\"175\">Challenger<\/td>\n<td width=\"410\">GT, R\/T, SXT, SXT Plus, T\/A<\/td>\n<td width=\"184\">3,6 L, 5,7 L<\/td>\n<td width=\"190\">Pr\u016fm\u011br 345 mm<\/td>\n<\/tr>\n<tr>\n<td width=\"81\">2018<\/td>\n<td width=\"117\">Dodge<\/td>\n<td width=\"175\">Charger<\/td>\n<td width=\"410\">Daytona, GT, GT Plus, R\/T, SXT<\/td>\n<td width=\"184\">3,6 L, 5,7 L<\/td>\n<td width=\"190\">Pr\u016fm\u011br 345 mm<\/td>\n<\/tr>\n<tr>\n<td width=\"81\">2017<\/td>\n<td width=\"117\">Chrysler<\/td>\n<td width=\"175\">300<\/td>\n<td width=\"410\">C, C Platinum, Limited, S<\/td>\n<td width=\"184\">3,6 L, 5,7 L<\/td>\n<td width=\"190\">Pr\u016fm\u011br 345 mm<\/td>\n<\/tr>\n<tr>\n<td width=\"81\">2017<\/td>\n<td width=\"117\">Dodge<\/td>\n<td width=\"175\">Challenger<\/td>\n<td width=\"410\">GT, R\/T, SXT, SXT Plus, T\/A<\/td>\n<td width=\"184\">3,6 L, 5,7 L<\/td>\n<td width=\"190\">Pr\u016fm\u011br 345 mm<\/td>\n<\/tr>\n<tr>\n<td width=\"81\">2017<\/td>\n<td width=\"117\">Dodge<\/td>\n<td width=\"175\">Charger<\/td>\n<td width=\"410\">Daytona, R\/T, SE, SXT<\/td>\n<td width=\"184\">5.7L<\/td>\n<td width=\"190\">Pr\u016fm\u011br 345 mm<\/td>\n<\/tr>\n<tr>\n<td width=\"81\">2016<\/td>\n<td width=\"117\">Chrysler<\/td>\n<td width=\"175\">300<\/td>\n<td width=\"410\">C, C Platinum, Limited, S<\/td>\n<td width=\"184\">3,6 L, 5,7 L<\/td>\n<td width=\"190\">Pr\u016fm\u011br 345 mm<\/td>\n<\/tr>\n<tr>\n<td width=\"81\">2016<\/td>\n<td width=\"117\">Dodge<\/td>\n<td width=\"175\">Challenger<\/td>\n<td width=\"410\">R\/T, R\/T Plus, R\/T Plus Shaker, R\/T Shaker, SXT, SXT Plus<\/td>\n<td width=\"184\">3,6 L, 5,7 L<\/td>\n<td width=\"190\">Pr\u016fm\u011br 345 mm<\/td>\n<\/tr>\n<tr>\n<td width=\"81\">2016<\/td>\n<td width=\"117\">Dodge<\/td>\n<td width=\"175\">Charger<\/td>\n<td width=\"410\">R\/T, R\/T Road &amp; Track, SE, SXT<\/td>\n<td width=\"184\">5.7L<\/td>\n<td width=\"190\">Pr\u016fm\u011br 345 mm<\/td>\n<\/tr>\n<tr>\n<td width=\"81\">2015<\/td>\n<td width=\"117\">Chrysler<\/td>\n<td width=\"175\">300<\/td>\n<td width=\"410\">C, C Platinum, Limited, S<\/td>\n<td width=\"184\">3,6 L, 5,7 L<\/td>\n<td width=\"190\">Pr\u016fm\u011br 345 mm<\/td>\n<\/tr>\n<tr>\n<td width=\"81\">2015<\/td>\n<td width=\"117\">Dodge<\/td>\n<td width=\"175\">Challenger<\/td>\n<td width=\"410\">R\/T, R\/T Plus, SXT, SXT Plus<\/td>\n<td width=\"184\">3,6 L, 5,7 L<\/td>\n<td width=\"190\">Pr\u016fm\u011br 345 mm<\/td>\n<\/tr>\n<tr>\n<td width=\"81\">2015<\/td>\n<td width=\"117\">Dodge<\/td>\n<td width=\"175\">Charger<\/td>\n<td width=\"410\">R\/T, R\/T Road &amp; Track, SE, SXT<\/td>\n<td width=\"184\">5.7L<\/td>\n<td width=\"190\">Pr\u016fm\u011br 345 mm<\/td>\n<\/tr>\n<tr>\n<td width=\"81\">2014<\/td>\n<td width=\"117\">Chrysler<\/td>\n<td width=\"175\">300<\/td>\n<td width=\"410\">Base, C, C Luxury, S<\/td>\n<td width=\"184\">3,6 L, 5,7 L<\/td>\n<td width=\"190\">Pr\u016fm\u011br 345 mm<\/td>\n<\/tr>\n<tr>\n<td width=\"81\">2014<\/td>\n<td width=\"117\">Dodge<\/td>\n<td width=\"175\">Challenger<\/td>\n<td width=\"410\">R\/T, Rallye Redline, SXT<\/td>\n<td width=\"184\">3,6 L, 5,7 L<\/td>\n<td width=\"190\">Pr\u016fm\u011br 345 mm<\/td>\n<\/tr>\n<tr>\n<td width=\"81\">2014<\/td>\n<td width=\"117\">Dodge<\/td>\n<td width=\"175\">Charger<\/td>\n<td width=\"410\">Pursuit, R\/T, SXT<\/td>\n<td width=\"184\">3,6 L, 5,7 L<\/td>\n<td width=\"190\">Pr\u016fm\u011br 345 mm<\/td>\n<\/tr>\n<tr>\n<td width=\"81\">2013<\/td>\n<td width=\"117\">Chrysler<\/td>\n<td width=\"175\">300<\/td>\n<td width=\"410\">Base, C, C Luxury, S<\/td>\n<td width=\"184\">3,6 L, 5,7 L<\/td>\n<td width=\"190\">Pr\u016fm\u011br 345 mm<\/td>\n<\/tr>\n<tr>\n<td width=\"81\">2013<\/td>\n<td width=\"117\">Dodge<\/td>\n<td width=\"175\">Challenger<\/td>\n<td width=\"410\">R\/T, SXT<\/td>\n<td width=\"184\">3,6 L, 5,7 L<\/td>\n<td width=\"190\">Pr\u016fm\u011br 345 mm<\/td>\n<\/tr>\n<tr>\n<td width=\"81\">2013<\/td>\n<td width=\"117\">Dodge<\/td>\n<td width=\"175\">Charger<\/td>\n<td width=\"410\">Pursuit, R\/T, SE, SXT<\/td>\n<td width=\"184\">3,6 L, 5,7 L<\/td>\n<td width=\"190\">Pr\u016fm\u011br 345 mm<\/td>\n<\/tr>\n<tr>\n<td width=\"81\">2012<\/td>\n<td width=\"117\">Chrysler<\/td>\n<td width=\"175\">300<\/td>\n<td width=\"410\">C, Limited, S<\/td>\n<td width=\"184\">3,6 L, 5,7 L<\/td>\n<td width=\"190\">Pr\u016fm\u011br 345 mm<\/td>\n<\/tr>\n<tr>\n<td width=\"81\">2012<\/td>\n<td width=\"117\">Dodge<\/td>\n<td width=\"175\">Challenger<\/td>\n<td width=\"410\">R\/T, R\/T Classic, SXT, SXT Plus<\/td>\n<td width=\"184\">3,6 L, 5,7 L<\/td>\n<td width=\"190\">Pr\u016fm\u011br 345 mm<\/td>\n<\/tr>\n<tr>\n<td width=\"81\">2012<\/td>\n<td width=\"117\">Dodge<\/td>\n<td width=\"175\">Charger<\/td>\n<td width=\"410\">Pursuit, R\/T, SE, SXT, SXT Plus<\/td>\n<td width=\"184\">3,6 L, 5,7 L<\/td>\n<td width=\"190\">Pr\u016fm\u011br 345 mm<\/td>\n<\/tr>\n<tr>\n<td width=\"81\">2011<\/td>\n<td width=\"117\">Chrysler<\/td>\n<td width=\"175\">300<\/td>\n<td width=\"410\">C<\/td>\n<td width=\"184\">5.7L<\/td>\n<td width=\"190\">Pr\u016fm\u011br 345 mm<\/td>\n<\/tr>\n<tr>\n<td width=\"81\">2011<\/td>\n<td width=\"117\">Dodge<\/td>\n<td width=\"175\">Challenger<\/td>\n<td width=\"410\">R\/T, SE<\/td>\n<td width=\"184\">5.7L<\/td>\n<td width=\"190\">Pr\u016fm\u011br 345 mm<\/td>\n<\/tr>\n<tr>\n<td width=\"81\">2011<\/td>\n<td width=\"117\">Dodge<\/td>\n<td width=\"175\">Charger<\/td>\n<td width=\"410\">Pursuit, R\/T, SE<\/td>\n<td width=\"184\">5.7L<\/td>\n<td width=\"190\">Pr\u016fm\u011br 345 mm<\/td>\n<\/tr>\n<tr>\n<td width=\"81\">2010<\/td>\n<td width=\"117\">Chrysler<\/td>\n<td width=\"175\">300<\/td>\n<td width=\"410\">C, Limited, S, Touring<\/td>\n<td width=\"184\">3.0 CRD, 3.5L, 5.7L<\/td>\n<td width=\"190\">Pr\u016fm\u011br 345 mm<\/td>\n<\/tr>\n<tr>\n<td width=\"81\">2010<\/td>\n<td width=\"117\">Dodge<\/td>\n<td width=\"175\">Challenger<\/td>\n<td width=\"410\">R\/T<\/td>\n<td width=\"184\">5.7L<\/td>\n<td width=\"190\">Pr\u016fm\u011br 345 mm<\/td>\n<\/tr>\n<tr>\n<td width=\"81\">2010<\/td>\n<td width=\"117\">Dodge<\/td>\n<td width=\"175\">Charger<\/td>\n<td width=\"410\">Pursuit, R\/T, SE, SXT<\/td>\n<td width=\"184\">3,5 L, 5,7 L<\/td>\n<td width=\"190\">Pr\u016fm\u011br 345 mm<\/td>\n<\/tr>\n<tr>\n<td width=\"81\">2009<\/td>\n<td width=\"117\">Chrysler<\/td>\n<td width=\"175\">300<\/td>\n<td width=\"410\">C, Limited, Signature Series, Touring<\/td>\n<td width=\"184\">3.0 CRD, 3.5L, 5.7L<\/td>\n<td width=\"190\">Pr\u016fm\u011br 345 mm<\/td>\n<\/tr>\n<tr>\n<td width=\"81\">2009<\/td>\n<td width=\"117\">Dodge<\/td>\n<td width=\"175\">Challenger<\/td>\n<td width=\"410\">R\/T<\/td>\n<td width=\"184\">5.7L<\/td>\n<td width=\"190\">Pr\u016fm\u011br 345 mm<\/td>\n<\/tr>\n<tr>\n<td width=\"81\">2009<\/td>\n<td width=\"117\">Dodge<\/td>\n<td width=\"175\">Charger<\/td>\n<td width=\"410\">Pursuit, R\/T, SE, SXT<\/td>\n<td width=\"184\">3,5 L, 5,7 L<\/td>\n<td width=\"190\">Pr\u016fm\u011br 345 mm<\/td>\n<\/tr>\n<tr>\n<td width=\"81\">2008<\/td>\n<td width=\"117\">Chrysler<\/td>\n<td width=\"175\">300<\/td>\n<td width=\"410\">C, Limited, Touring<\/td>\n<td width=\"184\">3.0 CRD, 3.5L, 5.7L<\/td>\n<td width=\"190\">Pr\u016fm\u011br 345 mm<\/td>\n<\/tr>\n<tr>\n<td width=\"81\">2008<\/td>\n<td width=\"117\">Dodge<\/td>\n<td width=\"175\">Charger<\/td>\n<td width=\"410\">Pursuit, R\/T, SE, SXT<\/td>\n<td width=\"184\">3,5 L, 5,7 L<\/td>\n<td width=\"190\">Pr\u016fm\u011br 345 mm<\/td>\n<\/tr>\n<tr>\n<td width=\"81\">2008<\/td>\n<td width=\"117\">Dodge<\/td>\n<td width=\"175\">Magnum<\/td>\n<td width=\"410\">R\/T, SE, SXT<\/td>\n<td width=\"184\">3,5 L, 5,7 L<\/td>\n<td width=\"190\">Pr\u016fm\u011br 345 mm<\/td>\n<\/tr>\n<tr>\n<td width=\"81\">2007<\/td>\n<td width=\"117\">Chrysler<\/td>\n<td width=\"175\">300<\/td>\n<td width=\"410\">C, Limited, Touring<\/td>\n<td width=\"184\">3.0 CRD, 3.5L, 5.7L<\/td>\n<td width=\"190\">Pr\u016fm\u011br 345 mm<\/td>\n<\/tr>\n<tr>\n<td width=\"81\">2007<\/td>\n<td width=\"117\">Dodge<\/td>\n<td width=\"175\">Charger<\/td>\n<td width=\"410\">Pursuit, R\/T, SE, SXT<\/td>\n<td width=\"184\">2.7L, 3.5L, 5.7L<\/td>\n<td width=\"190\">Pr\u016fm\u011br 345 mm<\/td>\n<\/tr>\n<tr>\n<td width=\"81\">2007<\/td>\n<td width=\"117\">Dodge<\/td>\n<td width=\"175\">Magnum<\/td>\n<td width=\"410\">R\/T, SE, SXT<\/td>\n<td width=\"184\">3,5 L, 5,7 L<\/td>\n<td width=\"190\">Pr\u016fm\u011br 345 mm<\/td>\n<\/tr>\n<tr>\n<td width=\"81\">2006<\/td>\n<td width=\"117\">Chrysler<\/td>\n<td width=\"175\">300<\/td>\n<td width=\"410\">C, Limited, Touring<\/td>\n<td width=\"184\">3.0 CRD, 3.5L, 5.7L<\/td>\n<td width=\"190\">Pr\u016fm\u011br 345 mm<\/td>\n<\/tr>\n<tr>\n<td width=\"81\">2006<\/td>\n<td width=\"117\">Dodge<\/td>\n<td width=\"175\">Charger<\/td>\n<td width=\"410\">Daytona R\/T, Pursuit, R\/T<\/td>\n<td width=\"184\">3,5 L, 5,7 L<\/td>\n<td width=\"190\">Pr\u016fm\u011br 345 mm<\/td>\n<\/tr>\n<tr>\n<td width=\"81\">2006<\/td>\n<td width=\"117\">Dodge<\/td>\n<td width=\"175\">Magnum<\/td>\n<td width=\"410\">R\/T, SXT<\/td>\n<td width=\"184\">3,5 L, 5,7 L<\/td>\n<td width=\"190\">Pr\u016fm\u011br 345 mm<\/td>\n<\/tr>\n<tr>\n<td width=\"81\">2005<\/td>\n<td width=\"117\">Chrysler<\/td>\n<td width=\"175\">300<\/td>\n<td width=\"410\">C, Limited, Touring<\/td>\n<td width=\"184\">3.0 CRD, 3.5L, 5.7L<\/td>\n<td width=\"190\">Pr\u016fm\u011br 345 mm<\/td>\n<\/tr>\n<tr>\n<td width=\"81\">2005<\/td>\n<td width=\"117\">Dodge<\/td>\n<td width=\"175\">Magnum<\/td>\n<td width=\"410\">R\/T, SXT, SXT Special Edition<\/td>\n<td width=\"184\">3,5 L, 5,7 L<\/td>\n<td width=\"190\">Pr\u016fm\u011br 345 mm<\/td>\n<\/tr>\n<\/tbody>\n<\/table>\n<p>&nbsp;<\/p>\n<p><strong>Pozn\u00e1mka:<\/strong><\/p>\n<p>P\u0159ed objedn\u00e1n\u00edm zkontrolujte, zda jsou na p\u0159edn\u00ed \u010d\u00e1sti va\u0161eho vozidla namontov\u00e1ny brzdov\u00e9 kotou\u010de o pr\u016fm\u011bru 345 mm nebo 320 mm.<br \/>\nPro orientaci m\u016f\u017eete porovnat velikost p\u0159edn\u00edch a zadn\u00edch brzdov\u00fdch kotou\u010d\u016f.<br \/>\nZadn\u00ed brzdov\u00e9 kotou\u010de maj\u00ed v\u017edy pr\u016fm\u011br 320 mm.<\/p>\n<p>&nbsp;<\/p>\n<p>&nbsp;<\/p>\n<h4>Pro\u010d jsou origin\u00e1ln\u00ed d\u00edly Mopar tou nejlep\u0161\u00ed volbou<\/h4>\n<p><strong>P\u0159\u00edmo od v\u00fdrobce - dokonale slad\u011bn\u00e9<\/strong>Jako origin\u00e1ln\u00ed v\u00fdrobce dod\u00e1v\u00e1 spole\u010dnost Mopar p\u0159esn\u011b ty d\u00edly, kter\u00e9 ji\u017e byly do va\u0161eho vozidla namontov\u00e1ny. Ka\u017ed\u00fd d\u00edl je speci\u00e1ln\u011b vyvinut pro v\u00e1\u0161 model a odpov\u00edd\u00e1 100 % technick\u00fdm specifikac\u00edm - pro dokonal\u00e9 uchycen\u00ed, optim\u00e1ln\u00ed v\u00fdkon a maxim\u00e1ln\u00ed bezpe\u010dnost.<\/p>\n<p><strong>Kvalita, kter\u00e9 m\u016f\u017eete d\u016fv\u011b\u0159ovat:<\/strong> Spole\u010dnost Mopar s\u00e1z\u00ed na p\u0159\u00edsn\u011b testovan\u00e9 materi\u00e1ly a nejvy\u0161\u0161\u00ed v\u00fdrobn\u00ed standardy. V\u00fdsledkem jsou odoln\u00e9 a spolehliv\u00e9 komponenty, kter\u00e9 funguj\u00ed i v extr\u00e9mn\u00edch podm\u00ednk\u00e1ch, tak\u017ee va\u0161e vozidlo dlouhodob\u011b funguje tak, jak m\u00e1.<\/p>\n<p>&nbsp;<\/p>","protected":false},"excerpt":{"rendered":"<p>Origin\u00e1ln\u00ed d\u00edl Mopar<br \/>\nBrzdov\u00fd kotou\u010d 345 mm<\/p>","protected":false},"featured_media":68328862,"comment_status":"open","ping_status":"closed","template":"","meta":{"_acf_changed":false},"product_brand":[16270],"product_cat":[17714,17717,17721,17725,17729,17707,17705,17699,17741,17745,17749,17753,17769,17773],"product_tag":[18200,18202,18203,18204,18205,18206,18207,18208,18209,87,572,88,52,2055,2056,2057,2058,2059,17568,17569,91,2060,17570,17571,17572,17573,795,796,54,53,48,536,49,3853,3854,692,942,2111,126,36,55,31,7221,842,841],"class_list":{"0":"post-68328798","1":"product","2":"type-product","3":"status-publish","4":"has-post-thumbnail","6":"product_brand-mopar","7":"product_cat-300c-30-diesel-bremsscheiben-vorne","8":"product_cat-300c-35-bremsscheiben-vorne","9":"product_cat-300c-36-bremsscheiben-vorne","10":"product_cat-300c-57-2005-2010-bremsscheiben-vorne","11":"product_cat-300c-57-2011-2023-bremsscheiben-vorne","12":"product_cat-challenger-35-bremsscheiben-vorne","13":"product_cat-challenger-36-bremsscheiben-vorne","14":"product_cat-challenger-57-bremsscheiben-vorne","15":"product_cat-charger-35-bremsscheiben-vorne","16":"product_cat-charger-36-bremsscheiben-vorne","17":"product_cat-charger-57-bremsscheiben-vorne","18":"product_cat-charger-57-2011-2023-bremsscheiben-vorne","19":"product_cat-magnum-35-bremsscheiben-vorne","20":"product_cat-magnum-57-bremsscheiben-vorne","21":"product_tag-04779197ab","22":"product_tag-04779197ad","23":"product_tag-04779197ae","24":"product_tag-04779197af","25":"product_tag-04779197ag","26":"product_tag-05154118aa","27":"product_tag-05154118ab","28":"product_tag-05154118ac","29":"product_tag-05154118ad","30":"product_tag-2-7","31":"product_tag-3-0-crd","32":"product_tag-3-5","33":"product_tag-300c","34":"product_tag-4779197aa","35":"product_tag-4779197ab","36":"product_tag-4779197ac","37":"product_tag-4779197ad","38":"product_tag-4779197ae","39":"product_tag-4779197af","40":"product_tag-4779197ag","41":"product_tag-5-7","42":"product_tag-5154118aa","43":"product_tag-5154118ab","44":"product_tag-5154118ac","45":"product_tag-5154118ad","46":"product_tag-68368065aa","47":"product_tag-bremse","48":"product_tag-bremsscheibe","49":"product_tag-challenger","50":"product_tag-charger","51":"product_tag-chrysler","52":"product_tag-chrysler-300c","53":"product_tag-dodge","54":"product_tag-dodge-challenger","55":"product_tag-dodge-charger","56":"product_tag-ersatzteil","57":"product_tag-gelocht","58":"product_tag-genutet","59":"product_tag-hemi","60":"product_tag-kraftwerk","61":"product_tag-magnum","62":"product_tag-mopar","63":"product_tag-mopar10","64":"product_tag-vorderachse","65":"product_tag-vorne","67":"first","68":"instock","69":"taxable","70":"shipping-taxable","71":"purchasable","72":"product-type-simple"},"bundled_by":[],"bundle_stock_status":"instock","bundle_stock_quantity":2,"bundle_virtual":false,"bundle_layout":"","bundle_add_to_cart_form_location":"","bundle_editable_in_cart":false,"bundle_sold_individually_context":"","bundle_item_grouping":"","bundle_min_size":"","bundle_max_size":"","bundle_price":[],"bundled_items":[],"bundle_sell_ids":[],"exclude_global_add_ons":[],"addons":[],"acf":[],"_links":{"self":[{"href":"https:\/\/kraftwerk-shop.cc\/cs\/wp-json\/wp\/v2\/product\/68328798","targetHints":{"allow":["GET"]}}],"collection":[{"href":"https:\/\/kraftwerk-shop.cc\/cs\/wp-json\/wp\/v2\/product"}],"about":[{"href":"https:\/\/kraftwerk-shop.cc\/cs\/wp-json\/wp\/v2\/types\/product"}],"replies":[{"embeddable":true,"href":"https:\/\/kraftwerk-shop.cc\/cs\/wp-json\/wp\/v2\/comments?post=68328798"}],"version-history":[{"count":0,"href":"https:\/\/kraftwerk-shop.cc\/cs\/wp-json\/wp\/v2\/product\/68328798\/revisions"}],"wp:featuredmedia":[{"embeddable":true,"href":"https:\/\/kraftwerk-shop.cc\/cs\/wp-json\/wp\/v2\/media\/68328862"}],"wp:attachment":[{"href":"https:\/\/kraftwerk-shop.cc\/cs\/wp-json\/wp\/v2\/media?parent=68328798"}],"wp:term":[{"taxonomy":"product_brand","embeddable":true,"href":"https:\/\/kraftwerk-shop.cc\/cs\/wp-json\/wp\/v2\/product_brand?post=68328798"},{"taxonomy":"product_cat","embeddable":true,"href":"https:\/\/kraftwerk-shop.cc\/cs\/wp-json\/wp\/v2\/product_cat?post=68328798"},{"taxonomy":"product_tag","embeddable":true,"href":"https:\/\/kraftwerk-shop.cc\/cs\/wp-json\/wp\/v2\/product_tag?post=68328798"}],"curies":[{"name":"wp","href":"https:\/\/api.w.org\/{rel}","templated":true}]}}