{"id":68328924,"date":"2025-06-08T16:19:11","date_gmt":"2025-06-08T14:19:11","guid":{"rendered":"https:\/\/kraftwerk-shop.cc\/?post_type=product&#038;p=68328924"},"modified":"2026-02-15T01:20:47","modified_gmt":"2026-02-15T00:20:47","slug":"brzdove-desticky-mopar-68147681ad","status":"publish","type":"product","link":"https:\/\/kraftwerk-shop.cc\/cs\/produkt\/mopar-bremsbelaege-68147681ad\/","title":{"rendered":"Brzdov\u00e9 desti\u010dky Mopar (68147681AD)"},"content":{"rendered":"<h1>Brzdov\u00e9 desti\u010dky Mopar (68147681AD) pro Chrysler 300C, Dodge Challenger, Charger a Magnum 3.5, 3.6 a 5.7 (p\u0159edn\u00ed n\u00e1prava) od roku 2005 do roku 2018<\/h1>\n<p>&nbsp;<\/p>\n<p><span lang=\"DE\"><strong>\u010c\u00edslo d\u00edlu Mopar:<\/strong>\u00a068147681AD<br \/>\n<strong>Nahrazeno: <\/strong>5142559AA, 5142559AB, 5175208AA, 68147681AA, 68147681AB, 68147681AC, 68185434AA<\/span><\/p>\n<p>&nbsp;<\/p>\n<p><strong>Vhodn\u00e9 pro:<\/strong><\/p>\n<table width=\"1298\">\n<tbody>\n<tr>\n<td width=\"97\"><strong>Rok v\u00fdstavby<\/strong><\/td>\n<td width=\"130\"><strong>Zna\u010dka<\/strong><\/td>\n<td width=\"253\"><strong>Model<\/strong><\/td>\n<td width=\"482\"><strong>Verze<\/strong><\/td>\n<td width=\"179\"><strong>Motor<\/strong><\/td>\n<td width=\"157\"><strong>N\u00e1pov\u011bda<\/strong><\/td>\n<\/tr>\n<tr>\n<td width=\"97\">2018<\/td>\n<td width=\"130\">Chrysler<\/td>\n<td width=\"253\">300<\/td>\n<td width=\"482\">C, Limited, S, Touring, Touring L<\/td>\n<td width=\"179\">3,6 L, 5,7 L<\/td>\n<td width=\"157\">Pr\u016fm\u011br 345 mm<\/td>\n<\/tr>\n<tr>\n<td width=\"97\">2018<\/td>\n<td width=\"130\">Dodge<\/td>\n<td width=\"253\">Challenger<\/td>\n<td width=\"482\">GT, R\/T, SXT, SXT Plus, T\/A<\/td>\n<td width=\"179\">3,6 L, 5,7 L<\/td>\n<td width=\"157\">Pr\u016fm\u011br 345 mm<\/td>\n<\/tr>\n<tr>\n<td width=\"97\">2018<\/td>\n<td width=\"130\">Dodge<\/td>\n<td width=\"253\">Charger<\/td>\n<td width=\"482\">Daytona, GT, GT Plus, R\/T, SXT<\/td>\n<td width=\"179\">3,6 L, 5,7 L<\/td>\n<td width=\"157\">Pr\u016fm\u011br 345 mm<\/td>\n<\/tr>\n<tr>\n<td width=\"97\">2017<\/td>\n<td width=\"130\">Chrysler<\/td>\n<td width=\"253\">300<\/td>\n<td width=\"482\">C, C Platinum, Limited, S<\/td>\n<td width=\"179\">3,6 L, 5,7 L<\/td>\n<td width=\"157\">Pr\u016fm\u011br 345 mm<\/td>\n<\/tr>\n<tr>\n<td width=\"97\">2017<\/td>\n<td width=\"130\">Dodge<\/td>\n<td width=\"253\">Challenger<\/td>\n<td width=\"482\">GT, R\/T, SXT, SXT Plus, T\/A<\/td>\n<td width=\"179\">3,6 L, 5,7 L<\/td>\n<td width=\"157\">Pr\u016fm\u011br 345 mm<\/td>\n<\/tr>\n<tr>\n<td width=\"97\">2017<\/td>\n<td width=\"130\">Dodge<\/td>\n<td width=\"253\">Charger<\/td>\n<td width=\"482\">Daytona, R\/T, SE, SXT<\/td>\n<td width=\"179\">5.7L<\/td>\n<td width=\"157\">Pr\u016fm\u011br 345 mm<\/td>\n<\/tr>\n<tr>\n<td width=\"97\">2016<\/td>\n<td width=\"130\">Chrysler<\/td>\n<td width=\"253\">300<\/td>\n<td width=\"482\">C, C Platinum, Limited, S<\/td>\n<td width=\"179\">3,6 L, 5,7 L<\/td>\n<td width=\"157\">Pr\u016fm\u011br 345 mm<\/td>\n<\/tr>\n<tr>\n<td width=\"97\">2016<\/td>\n<td width=\"130\">Dodge<\/td>\n<td width=\"253\">Challenger<\/td>\n<td width=\"482\">R\/T, R\/T Plus, R\/T Plus Shaker, R\/T Shaker, SXT, SXT Plus<\/td>\n<td width=\"179\">3,6 L, 5,7 L<\/td>\n<td width=\"157\">Pr\u016fm\u011br 345 mm<\/td>\n<\/tr>\n<tr>\n<td width=\"97\">2016<\/td>\n<td width=\"130\">Dodge<\/td>\n<td width=\"253\">Charger<\/td>\n<td width=\"482\">R\/T, R\/T Road &amp; Track, SE, SXT<\/td>\n<td width=\"179\">5.7L<\/td>\n<td width=\"157\">Pr\u016fm\u011br 345 mm<\/td>\n<\/tr>\n<tr>\n<td width=\"97\">2015<\/td>\n<td width=\"130\">Chrysler<\/td>\n<td width=\"253\">300<\/td>\n<td width=\"482\">C, C Platinum, Limited, S<\/td>\n<td width=\"179\">3,6 L, 5,7 L<\/td>\n<td width=\"157\">Pr\u016fm\u011br 345 mm<\/td>\n<\/tr>\n<tr>\n<td width=\"97\">2015<\/td>\n<td width=\"130\">Dodge<\/td>\n<td width=\"253\">Challenger<\/td>\n<td width=\"482\">R\/T, R\/T Plus, SXT, SXT Plus<\/td>\n<td width=\"179\">3,6 L, 5,7 L<\/td>\n<td width=\"157\">Pr\u016fm\u011br 345 mm<\/td>\n<\/tr>\n<tr>\n<td width=\"97\">2015<\/td>\n<td width=\"130\">Dodge<\/td>\n<td width=\"253\">Charger<\/td>\n<td width=\"482\">R\/T, R\/T Road &amp; Track, SE, SXT<\/td>\n<td width=\"179\">5.7L<\/td>\n<td width=\"157\">Pr\u016fm\u011br 345 mm<\/td>\n<\/tr>\n<tr>\n<td width=\"97\">2014<\/td>\n<td width=\"130\">Chrysler<\/td>\n<td width=\"253\">300<\/td>\n<td width=\"482\">Base, C, C Luxury, S<\/td>\n<td width=\"179\">3,6 L, 5,7 L<\/td>\n<td width=\"157\">Pr\u016fm\u011br 345 mm<\/td>\n<\/tr>\n<tr>\n<td width=\"97\">2014<\/td>\n<td width=\"130\">Dodge<\/td>\n<td width=\"253\">Challenger<\/td>\n<td width=\"482\">R\/T, Rallye Redline, SXT<\/td>\n<td width=\"179\">3,6 L, 5,7 L<\/td>\n<td width=\"157\">Pr\u016fm\u011br 345 mm<\/td>\n<\/tr>\n<tr>\n<td width=\"97\">2014<\/td>\n<td width=\"130\">Dodge<\/td>\n<td width=\"253\">Charger<\/td>\n<td width=\"482\">Pursuit, R\/T, SXT<\/td>\n<td width=\"179\">3,6 L, 5,7 L<\/td>\n<td width=\"157\">Pr\u016fm\u011br 345 mm<\/td>\n<\/tr>\n<tr>\n<td width=\"97\">2013<\/td>\n<td width=\"130\">Chrysler<\/td>\n<td width=\"253\">300<\/td>\n<td width=\"482\">Base, C, C Luxury, S<\/td>\n<td width=\"179\">3,6 L, 5,7 L<\/td>\n<td width=\"157\">Pr\u016fm\u011br 345 mm<\/td>\n<\/tr>\n<tr>\n<td width=\"97\">2013<\/td>\n<td width=\"130\">Dodge<\/td>\n<td width=\"253\">Challenger<\/td>\n<td width=\"482\">R\/T, SXT<\/td>\n<td width=\"179\">3,6 L, 5,7 L<\/td>\n<td width=\"157\">Pr\u016fm\u011br 345 mm<\/td>\n<\/tr>\n<tr>\n<td width=\"97\">2013<\/td>\n<td width=\"130\">Dodge<\/td>\n<td width=\"253\">Charger<\/td>\n<td width=\"482\">Pursuit, R\/T, SE, SXT<\/td>\n<td width=\"179\">3,6 L, 5,7 L<\/td>\n<td width=\"157\">Pr\u016fm\u011br 345 mm<\/td>\n<\/tr>\n<tr>\n<td width=\"97\">2012<\/td>\n<td width=\"130\">Chrysler<\/td>\n<td width=\"253\">300<\/td>\n<td width=\"482\">C, Limited, S<\/td>\n<td width=\"179\">3,6 L, 5,7 L<\/td>\n<td width=\"157\">Pr\u016fm\u011br 345 mm<\/td>\n<\/tr>\n<tr>\n<td width=\"97\">2012<\/td>\n<td width=\"130\">Dodge<\/td>\n<td width=\"253\">Challenger<\/td>\n<td width=\"482\">R\/T, R\/T Classic, SXT, SXT Plus<\/td>\n<td width=\"179\">3,6 L, 5,7 L<\/td>\n<td width=\"157\">Pr\u016fm\u011br 345 mm<\/td>\n<\/tr>\n<tr>\n<td width=\"97\">2012<\/td>\n<td width=\"130\">Dodge<\/td>\n<td width=\"253\">Charger<\/td>\n<td width=\"482\">Pursuit, R\/T, SE, SXT, SXT Plus<\/td>\n<td width=\"179\">3,6 L, 5,7 L<\/td>\n<td width=\"157\">Pr\u016fm\u011br 345 mm<\/td>\n<\/tr>\n<tr>\n<td width=\"97\">2011<\/td>\n<td width=\"130\">Chrysler<\/td>\n<td width=\"253\">300<\/td>\n<td width=\"482\">C<\/td>\n<td width=\"179\">5.7L<\/td>\n<td width=\"157\">Pr\u016fm\u011br 345 mm<\/td>\n<\/tr>\n<tr>\n<td width=\"97\">2011<\/td>\n<td width=\"130\">Dodge<\/td>\n<td width=\"253\">Challenger<\/td>\n<td width=\"482\">R\/T, SE<\/td>\n<td width=\"179\">5.7L<\/td>\n<td width=\"157\">Pr\u016fm\u011br 345 mm<\/td>\n<\/tr>\n<tr>\n<td width=\"97\">2011<\/td>\n<td width=\"130\">Dodge<\/td>\n<td width=\"253\">Charger<\/td>\n<td width=\"482\">Pursuit, R\/T, SE<\/td>\n<td width=\"179\">5.7L<\/td>\n<td width=\"157\">Pr\u016fm\u011br 345 mm<\/td>\n<\/tr>\n<tr>\n<td width=\"97\">2010<\/td>\n<td width=\"130\">Chrysler<\/td>\n<td width=\"253\">300<\/td>\n<td width=\"482\">C, Limited, S, Touring<\/td>\n<td width=\"179\">3.0 CRD, 3.5L, 5.7L<\/td>\n<td width=\"157\">Pr\u016fm\u011br 345 mm<\/td>\n<\/tr>\n<tr>\n<td width=\"97\">2010<\/td>\n<td width=\"130\">Dodge<\/td>\n<td width=\"253\">Challenger<\/td>\n<td width=\"482\">R\/T<\/td>\n<td width=\"179\">5.7L<\/td>\n<td width=\"157\">Pr\u016fm\u011br 345 mm<\/td>\n<\/tr>\n<tr>\n<td width=\"97\">2010<\/td>\n<td width=\"130\">Dodge<\/td>\n<td width=\"253\">Charger<\/td>\n<td width=\"482\">Pursuit, R\/T, SE, SXT<\/td>\n<td width=\"179\">3,5 L, 5,7 L<\/td>\n<td width=\"157\">Pr\u016fm\u011br 345 mm<\/td>\n<\/tr>\n<tr>\n<td width=\"97\">2009<\/td>\n<td width=\"130\">Chrysler<\/td>\n<td width=\"253\">300<\/td>\n<td width=\"482\">C, Limited, Signature Series, Touring<\/td>\n<td width=\"179\">3.0 CRD, 3.5L, 5.7L<\/td>\n<td width=\"157\">Pr\u016fm\u011br 345 mm<\/td>\n<\/tr>\n<tr>\n<td width=\"97\">2009<\/td>\n<td width=\"130\">Dodge<\/td>\n<td width=\"253\">Challenger<\/td>\n<td width=\"482\">R\/T<\/td>\n<td width=\"179\">5.7L<\/td>\n<td width=\"157\">Pr\u016fm\u011br 345 mm<\/td>\n<\/tr>\n<tr>\n<td width=\"97\">2009<\/td>\n<td width=\"130\">Dodge<\/td>\n<td width=\"253\">Charger<\/td>\n<td width=\"482\">Pursuit, R\/T, SE, SXT<\/td>\n<td width=\"179\">3,5 L, 5,7 L<\/td>\n<td width=\"157\">Pr\u016fm\u011br 345 mm<\/td>\n<\/tr>\n<tr>\n<td width=\"97\">2008<\/td>\n<td width=\"130\">Chrysler<\/td>\n<td width=\"253\">300<\/td>\n<td width=\"482\">C, Limited, Touring<\/td>\n<td width=\"179\">3.0 CRD, 3.5L, 5.7L<\/td>\n<td width=\"157\">Pr\u016fm\u011br 345 mm<\/td>\n<\/tr>\n<tr>\n<td width=\"97\">2008<\/td>\n<td width=\"130\">Dodge<\/td>\n<td width=\"253\">Charger<\/td>\n<td width=\"482\">Pursuit, R\/T, SE, SXT<\/td>\n<td width=\"179\">3,5 L, 5,7 L<\/td>\n<td width=\"157\">Pr\u016fm\u011br 345 mm<\/td>\n<\/tr>\n<tr>\n<td width=\"97\">2008<\/td>\n<td width=\"130\">Dodge<\/td>\n<td width=\"253\">Magnum<\/td>\n<td width=\"482\">R\/T, SE, SXT<\/td>\n<td width=\"179\">3,5 L, 5,7 L<\/td>\n<td width=\"157\">Pr\u016fm\u011br 345 mm<\/td>\n<\/tr>\n<tr>\n<td width=\"97\">2007<\/td>\n<td width=\"130\">Chrysler<\/td>\n<td width=\"253\">300<\/td>\n<td width=\"482\">C, Limited, Touring<\/td>\n<td width=\"179\">3.0 CRD, 3.5L, 5.7L<\/td>\n<td width=\"157\">Pr\u016fm\u011br 345 mm<\/td>\n<\/tr>\n<tr>\n<td width=\"97\">2007<\/td>\n<td width=\"130\">Dodge<\/td>\n<td width=\"253\">Charger<\/td>\n<td width=\"482\">Pursuit, R\/T, SE, SXT<\/td>\n<td width=\"179\">2.7L, 3.5L, 5.7L<\/td>\n<td width=\"157\">Pr\u016fm\u011br 345 mm<\/td>\n<\/tr>\n<tr>\n<td width=\"97\">2007<\/td>\n<td width=\"130\">Dodge<\/td>\n<td width=\"253\">Magnum<\/td>\n<td width=\"482\">R\/T, SE, SXT<\/td>\n<td width=\"179\">3,5 L, 5,7 L<\/td>\n<td width=\"157\">Pr\u016fm\u011br 345 mm<\/td>\n<\/tr>\n<tr>\n<td width=\"97\">2006<\/td>\n<td width=\"130\">Chrysler<\/td>\n<td width=\"253\">300<\/td>\n<td width=\"482\">C, Limited, Touring<\/td>\n<td width=\"179\">3.0 CRD, 3.5L, 5.7L<\/td>\n<td width=\"157\">Pr\u016fm\u011br 345 mm<\/td>\n<\/tr>\n<tr>\n<td width=\"97\">2006<\/td>\n<td width=\"130\">Dodge<\/td>\n<td width=\"253\">Charger<\/td>\n<td width=\"482\">Daytona R\/T, Pursuit, R\/T<\/td>\n<td width=\"179\">3,5 L, 5,7 L<\/td>\n<td width=\"157\">Pr\u016fm\u011br 345 mm<\/td>\n<\/tr>\n<tr>\n<td width=\"97\">2006<\/td>\n<td width=\"130\">Dodge<\/td>\n<td width=\"253\">Magnum<\/td>\n<td width=\"482\">R\/T, SXT<\/td>\n<td width=\"179\">3,5 L, 5,7 L<\/td>\n<td width=\"157\">Pr\u016fm\u011br 345 mm<\/td>\n<\/tr>\n<tr>\n<td width=\"97\">2005<\/td>\n<td width=\"130\">Chrysler<\/td>\n<td width=\"253\">300<\/td>\n<td width=\"482\">C, Limited, Touring<\/td>\n<td width=\"179\">3.0 CRD, 3.5L, 5.7L<\/td>\n<td width=\"157\">Pr\u016fm\u011br 345 mm<\/td>\n<\/tr>\n<tr>\n<td width=\"97\">2005<\/td>\n<td width=\"130\">Dodge<\/td>\n<td width=\"253\">Magnum<\/td>\n<td width=\"482\">R\/T, SXT, SXT Special Edition<\/td>\n<td width=\"179\">3,5 L, 5,7 L<\/td>\n<td width=\"157\">Pr\u016fm\u011br 345 mm<\/td>\n<\/tr>\n<tr>\n<td width=\"97\">2011<\/td>\n<td width=\"130\">Chrysler<\/td>\n<td width=\"253\">300<\/td>\n<td width=\"482\">C<\/td>\n<td width=\"179\">5.7L<\/td>\n<td width=\"157\">Pr\u016fm\u011br 345 mm<\/td>\n<\/tr>\n<tr>\n<td width=\"97\">2011<\/td>\n<td width=\"130\">Dodge<\/td>\n<td width=\"253\">Challenger<\/td>\n<td width=\"482\">R\/T, SE<\/td>\n<td width=\"179\">5.7L<\/td>\n<td width=\"157\">Pr\u016fm\u011br 345 mm<\/td>\n<\/tr>\n<tr>\n<td width=\"97\">2011<\/td>\n<td width=\"130\">Dodge<\/td>\n<td width=\"253\">Charger<\/td>\n<td width=\"482\">Pursuit, R\/T, SE<\/td>\n<td width=\"179\">5.7L<\/td>\n<td width=\"157\">Pr\u016fm\u011br 345 mm<\/td>\n<\/tr>\n<tr>\n<td width=\"97\">2010<\/td>\n<td width=\"130\">Chrysler<\/td>\n<td width=\"253\">300<\/td>\n<td width=\"482\">C, Limited, S, Touring<\/td>\n<td width=\"179\">3.0 CRD, 3.5L, 5.7L<\/td>\n<td width=\"157\">Pr\u016fm\u011br 345 mm<\/td>\n<\/tr>\n<tr>\n<td width=\"97\">2010<\/td>\n<td width=\"130\">Dodge<\/td>\n<td width=\"253\">Challenger<\/td>\n<td width=\"482\">R\/T<\/td>\n<td width=\"179\">5.7L<\/td>\n<td width=\"157\">Pr\u016fm\u011br 345 mm<\/td>\n<\/tr>\n<tr>\n<td width=\"97\">2010<\/td>\n<td width=\"130\">Dodge<\/td>\n<td width=\"253\">Charger<\/td>\n<td width=\"482\">Pursuit, R\/T, SE, SXT<\/td>\n<td width=\"179\">3,5 L, 5,7 L<\/td>\n<td width=\"157\">Pr\u016fm\u011br 345 mm<\/td>\n<\/tr>\n<tr>\n<td width=\"97\">2009<\/td>\n<td width=\"130\">Chrysler<\/td>\n<td width=\"253\">300<\/td>\n<td width=\"482\">C, Limited, Signature Series, Touring<\/td>\n<td width=\"179\">3.0 CRD, 3.5L, 5.7L<\/td>\n<td width=\"157\">Pr\u016fm\u011br 345 mm<\/td>\n<\/tr>\n<tr>\n<td width=\"97\">2009<\/td>\n<td width=\"130\">Dodge<\/td>\n<td width=\"253\">Challenger<\/td>\n<td width=\"482\">R\/T<\/td>\n<td width=\"179\">5.7L<\/td>\n<td width=\"157\">Pr\u016fm\u011br 345 mm<\/td>\n<\/tr>\n<tr>\n<td width=\"97\">2009<\/td>\n<td width=\"130\">Dodge<\/td>\n<td width=\"253\">Charger<\/td>\n<td width=\"482\">Pursuit, R\/T, SE, SXT<\/td>\n<td width=\"179\">3,5 L, 5,7 L<\/td>\n<td width=\"157\">Pr\u016fm\u011br 345 mm<\/td>\n<\/tr>\n<tr>\n<td width=\"97\">2008<\/td>\n<td width=\"130\">Chrysler<\/td>\n<td width=\"253\">300<\/td>\n<td width=\"482\">C, Limited, Touring<\/td>\n<td width=\"179\">3.0 CRD, 3.5L, 5.7L<\/td>\n<td width=\"157\">Pr\u016fm\u011br 345 mm<\/td>\n<\/tr>\n<tr>\n<td width=\"97\">2008<\/td>\n<td width=\"130\">Dodge<\/td>\n<td width=\"253\">Charger<\/td>\n<td width=\"482\">Pursuit, R\/T, SE, SXT<\/td>\n<td width=\"179\">3,5 L, 5,7 L<\/td>\n<td width=\"157\">Pr\u016fm\u011br 345 mm<\/td>\n<\/tr>\n<tr>\n<td width=\"97\">2008<\/td>\n<td width=\"130\">Dodge<\/td>\n<td width=\"253\">Magnum<\/td>\n<td width=\"482\">R\/T, SE, SXT<\/td>\n<td width=\"179\">3,5 L, 5,7 L<\/td>\n<td width=\"157\">Pr\u016fm\u011br 345 mm<\/td>\n<\/tr>\n<tr>\n<td width=\"97\">2007<\/td>\n<td width=\"130\">Chrysler<\/td>\n<td width=\"253\">300<\/td>\n<td width=\"482\">C, Limited, Touring<\/td>\n<td width=\"179\">3.0 CRD, 3.5L, 5.7L<\/td>\n<td width=\"157\">Pr\u016fm\u011br 345 mm<\/td>\n<\/tr>\n<tr>\n<td width=\"97\">2007<\/td>\n<td width=\"130\">Dodge<\/td>\n<td width=\"253\">Charger<\/td>\n<td width=\"482\">Pursuit, R\/T, SE, SXT<\/td>\n<td width=\"179\">2.7L, 3.5L, 5.7L<\/td>\n<td width=\"157\">Pr\u016fm\u011br 345 mm<\/td>\n<\/tr>\n<tr>\n<td width=\"97\">2007<\/td>\n<td width=\"130\">Dodge<\/td>\n<td width=\"253\">Magnum<\/td>\n<td width=\"482\">R\/T, SE, SXT<\/td>\n<td width=\"179\">3,5 L, 5,7 L<\/td>\n<td width=\"157\">Pr\u016fm\u011br 345 mm<\/td>\n<\/tr>\n<tr>\n<td width=\"97\">2006<\/td>\n<td width=\"130\">Chrysler<\/td>\n<td width=\"253\">300<\/td>\n<td width=\"482\">C, Limited, Touring<\/td>\n<td width=\"179\">3.0 CRD, 3.5L, 5.7L<\/td>\n<td width=\"157\">Pr\u016fm\u011br 345 mm<\/td>\n<\/tr>\n<tr>\n<td width=\"97\">2006<\/td>\n<td width=\"130\">Dodge<\/td>\n<td width=\"253\">Charger<\/td>\n<td width=\"482\">Daytona R\/T, Pursuit, R\/T<\/td>\n<td width=\"179\">3,5 L, 5,7 L<\/td>\n<td width=\"157\">Pr\u016fm\u011br 345 mm<\/td>\n<\/tr>\n<tr>\n<td width=\"97\">2006<\/td>\n<td width=\"130\">Dodge<\/td>\n<td width=\"253\">Magnum<\/td>\n<td width=\"482\">R\/T, SXT<\/td>\n<td width=\"179\">3,5 L, 5,7 L<\/td>\n<td width=\"157\">Pr\u016fm\u011br 345 mm<\/td>\n<\/tr>\n<tr>\n<td width=\"97\">2005<\/td>\n<td width=\"130\">Chrysler<\/td>\n<td width=\"253\">300<\/td>\n<td width=\"482\">C, Limited, Touring<\/td>\n<td width=\"179\">3.0 CRD, 3.5L, 5.7L<\/td>\n<td width=\"157\">Pr\u016fm\u011br 345 mm<\/td>\n<\/tr>\n<tr>\n<td width=\"97\">2005<\/td>\n<td width=\"130\">Dodge<\/td>\n<td width=\"253\">Magnum<\/td>\n<td width=\"482\">R\/T, SXT, SXT Special Edition<\/td>\n<td width=\"179\">3,5 L, 5,7 L<\/td>\n<td width=\"157\">Pr\u016fm\u011br 345 mm<\/td>\n<\/tr>\n<\/tbody>\n<\/table>\n<p>&nbsp;<\/p>\n<p><strong>Pozn\u00e1mka:<\/strong><\/p>\n<p>P\u0159ed objedn\u00e1n\u00edm zkontrolujte, zda jsou na p\u0159edn\u00ed \u010d\u00e1sti va\u0161eho vozidla namontov\u00e1ny brzdov\u00e9 kotou\u010de o pr\u016fm\u011bru 345 mm nebo 320 mm.<br \/>\nPro orientaci m\u016f\u017eete porovnat velikost p\u0159edn\u00edch a zadn\u00edch brzdov\u00fdch kotou\u010d\u016f.<br \/>\nZadn\u00ed brzdov\u00e9 kotou\u010de maj\u00ed v\u017edy pr\u016fm\u011br 320 mm.<\/p>\n<p>&nbsp;<\/p>\n<p>&nbsp;<\/p>\n<h4>Pro\u010d jsou origin\u00e1ln\u00ed d\u00edly Mopar tou nejlep\u0161\u00ed volbou<\/h4>\n<p><strong>P\u0159\u00edmo od v\u00fdrobce - dokonale slad\u011bn\u00e9<\/strong>Jako origin\u00e1ln\u00ed v\u00fdrobce dod\u00e1v\u00e1 spole\u010dnost Mopar p\u0159esn\u011b ty d\u00edly, kter\u00e9 ji\u017e byly do va\u0161eho vozidla namontov\u00e1ny. Ka\u017ed\u00fd d\u00edl je speci\u00e1ln\u011b vyvinut pro v\u00e1\u0161 model a odpov\u00edd\u00e1 100 % technick\u00fdm specifikac\u00edm - pro dokonal\u00e9 uchycen\u00ed, optim\u00e1ln\u00ed v\u00fdkon a maxim\u00e1ln\u00ed bezpe\u010dnost.<\/p>\n<p><strong>Kvalita, kter\u00e9 m\u016f\u017eete d\u016fv\u011b\u0159ovat:<\/strong> Spole\u010dnost Mopar s\u00e1z\u00ed na p\u0159\u00edsn\u011b testovan\u00e9 materi\u00e1ly a nejvy\u0161\u0161\u00ed v\u00fdrobn\u00ed standardy. V\u00fdsledkem jsou odoln\u00e9 a spolehliv\u00e9 komponenty, kter\u00e9 funguj\u00ed i v extr\u00e9mn\u00edch podm\u00ednk\u00e1ch, tak\u017ee va\u0161e vozidlo dlouhodob\u011b funguje tak, jak m\u00e1.<\/p>\n<p>&nbsp;<\/p>","protected":false},"excerpt":{"rendered":"<p>Origin\u00e1ln\u00ed d\u00edl Mopar<br \/>\nVhodn\u00e9 pro brzdov\u00e9 kotou\u010de o pr\u016fm\u011bru 345 mm<\/p>\n<p>2005 - 2018<\/p>","protected":false},"featured_media":68332314,"comment_status":"open","ping_status":"closed","template":"","meta":{"_acf_changed":false},"product_brand":[16270],"product_cat":[17712,17715,17719,17723,17727,17709,17703,17701,17739,17743,17747,17751,17767,17771],"product_tag":[2481,2482,18835,87,572,88,52,91,2170,2171,17623,2153,2172,17624,17622,17625,838,590,795,839,840,54,53,48,536,49,3853,3854,692,126,36,55,31,7221,842,841],"class_list":{"0":"post-68328924","1":"product","2":"type-product","3":"status-publish","4":"has-post-thumbnail","6":"product_brand-mopar","7":"product_cat-300c-30-diesel-bremsbelaege-vorne","8":"product_cat-300c-35-bremsbelaege-vorne","9":"product_cat-300c-36-bremsbelaege-vorne","10":"product_cat-300c-57-2005-2010-bremsbelaege-vorne","11":"product_cat-300c-57-2011-2023-bremsbelaege-vorne","12":"product_cat-challenger-35-bremsbelaege-vorne","13":"product_cat-challenger-36-bremsbelaege-vorne","14":"product_cat-challenger-57-bremsbelaege-vorne","15":"product_cat-charger-35-bremsbelaege-vorne","16":"product_cat-charger-36-bremsbelaege-vorne","17":"product_cat-charger-57-bremsbelaege-vorne","18":"product_cat-charger-57-2011-2023-bremsbelaege-vorne","19":"product_cat-magnum-35-bremsbelaege-vorne","20":"product_cat-magnum-57-bremsbelaege-vorne","21":"product_tag-05142559aa","22":"product_tag-05142559ab","23":"product_tag-05175208aa","24":"product_tag-2-7","25":"product_tag-3-0-crd","26":"product_tag-3-5","27":"product_tag-300c","28":"product_tag-5-7","29":"product_tag-5142559aa","30":"product_tag-5142559ab","31":"product_tag-5175208aa","32":"product_tag-68147681aa","33":"product_tag-68147681ab","34":"product_tag-68147681ac","35":"product_tag-68147681ad","36":"product_tag-68185434aa","37":"product_tag-bremsbelag","38":"product_tag-bremsbelaege","39":"product_tag-bremse","40":"product_tag-bremsklotz","41":"product_tag-bremskloetze","42":"product_tag-challenger","43":"product_tag-charger","44":"product_tag-chrysler","45":"product_tag-chrysler-300c","46":"product_tag-dodge","47":"product_tag-dodge-challenger","48":"product_tag-dodge-charger","49":"product_tag-ersatzteil","50":"product_tag-hemi","51":"product_tag-kraftwerk","52":"product_tag-magnum","53":"product_tag-mopar","54":"product_tag-mopar10","55":"product_tag-vorderachse","56":"product_tag-vorne","58":"first","59":"instock","60":"taxable","61":"shipping-taxable","62":"purchasable","63":"product-type-simple"},"bundled_by":[],"bundle_stock_status":"instock","bundle_stock_quantity":1,"bundle_virtual":false,"bundle_layout":"","bundle_add_to_cart_form_location":"","bundle_editable_in_cart":false,"bundle_sold_individually_context":"","bundle_item_grouping":"","bundle_min_size":"","bundle_max_size":"","bundle_price":[],"bundled_items":[],"bundle_sell_ids":[],"exclude_global_add_ons":[],"addons":[],"acf":[],"_links":{"self":[{"href":"https:\/\/kraftwerk-shop.cc\/cs\/wp-json\/wp\/v2\/product\/68328924","targetHints":{"allow":["GET"]}}],"collection":[{"href":"https:\/\/kraftwerk-shop.cc\/cs\/wp-json\/wp\/v2\/product"}],"about":[{"href":"https:\/\/kraftwerk-shop.cc\/cs\/wp-json\/wp\/v2\/types\/product"}],"replies":[{"embeddable":true,"href":"https:\/\/kraftwerk-shop.cc\/cs\/wp-json\/wp\/v2\/comments?post=68328924"}],"version-history":[{"count":0,"href":"https:\/\/kraftwerk-shop.cc\/cs\/wp-json\/wp\/v2\/product\/68328924\/revisions"}],"wp:featuredmedia":[{"embeddable":true,"href":"https:\/\/kraftwerk-shop.cc\/cs\/wp-json\/wp\/v2\/media\/68332314"}],"wp:attachment":[{"href":"https:\/\/kraftwerk-shop.cc\/cs\/wp-json\/wp\/v2\/media?parent=68328924"}],"wp:term":[{"taxonomy":"product_brand","embeddable":true,"href":"https:\/\/kraftwerk-shop.cc\/cs\/wp-json\/wp\/v2\/product_brand?post=68328924"},{"taxonomy":"product_cat","embeddable":true,"href":"https:\/\/kraftwerk-shop.cc\/cs\/wp-json\/wp\/v2\/product_cat?post=68328924"},{"taxonomy":"product_tag","embeddable":true,"href":"https:\/\/kraftwerk-shop.cc\/cs\/wp-json\/wp\/v2\/product_tag?post=68328924"}],"curies":[{"name":"wp","href":"https:\/\/api.w.org\/{rel}","templated":true}]}}