{"id":68328977,"date":"2025-06-08T21:03:52","date_gmt":"2025-06-08T19:03:52","guid":{"rendered":"https:\/\/kraftwerk-shop.cc\/?post_type=product&#038;p=68328977"},"modified":"2026-02-15T01:20:43","modified_gmt":"2026-02-15T00:20:43","slug":"brzdove-desticky-mopar-68504575ab","status":"publish","type":"product","link":"https:\/\/kraftwerk-shop.cc\/cs\/produkt\/mopar-bremsbelaege-68504575ab\/","title":{"rendered":"Brzdov\u00e9 desti\u010dky Mopar (68504575AB)"},"content":{"rendered":"<h1>Brzdov\u00e9 desti\u010dky Mopar (68504575AB) pro Chrysler 300C, Dodge Challenger a Charger 3.6 a 5.7 (p\u0159edn\u00ed n\u00e1prava) od roku 2021 do roku 2023<\/h1>\n<p>&nbsp;<\/p>\n<p><span lang=\"DE\"><strong>\u010c\u00edslo d\u00edlu Mopar:<\/strong>\u00a068504575AB<br \/>\n<strong>Nahrazeno: <\/strong><\/span>68504575AA<\/p>\n<p>&nbsp;<\/p>\n<p><strong>Vhodn\u00e9 pro:<\/strong><\/p>\n<table width=\"1298\">\n<tbody>\n<tr>\n<td width=\"97\"><strong>Rok v\u00fdstavby<\/strong><\/td>\n<td width=\"130\"><strong>Zna\u010dka<\/strong><\/td>\n<td width=\"253\"><strong>Model<\/strong><\/td>\n<td width=\"482\"><strong>Verze<\/strong><\/td>\n<td width=\"179\"><strong>Motor<\/strong><\/td>\n<td width=\"157\"><strong>N\u00e1pov\u011bda<\/strong><\/td>\n<\/tr>\n<tr>\n<td width=\"97\">2023<\/td>\n<td width=\"130\">Chrysler<\/td>\n<td width=\"253\">300<\/td>\n<td width=\"482\">S, Touring, Touring L<\/td>\n<td width=\"179\">3,6 L, 5,7 L<\/td>\n<td width=\"157\">Pr\u016fm\u011br 345 mm<\/td>\n<\/tr>\n<tr>\n<td width=\"97\">2023<\/td>\n<td width=\"130\">Dodge<\/td>\n<td width=\"253\">Challenger<\/td>\n<td width=\"482\">GT, R\/T, SXT<\/td>\n<td width=\"179\">3,6 L, 5,7 L<\/td>\n<td width=\"157\">Pr\u016fm\u011br 345 mm<\/td>\n<\/tr>\n<tr>\n<td width=\"97\">2023<\/td>\n<td width=\"130\">Dodge<\/td>\n<td width=\"253\">Charger<\/td>\n<td width=\"482\">GT, R\/T, SXT<\/td>\n<td width=\"179\">3,6 L, 5,7 L<\/td>\n<td width=\"157\">Pr\u016fm\u011br 345 mm<\/td>\n<\/tr>\n<tr>\n<td width=\"97\">2022<\/td>\n<td width=\"130\">Chrysler<\/td>\n<td width=\"253\">300<\/td>\n<td width=\"482\">S, Touring, Touring L<\/td>\n<td width=\"179\">3,6 L, 5,7 L<\/td>\n<td width=\"157\">Pr\u016fm\u011br 345 mm<\/td>\n<\/tr>\n<tr>\n<td width=\"97\">2022<\/td>\n<td width=\"130\">Dodge<\/td>\n<td width=\"253\">Challenger<\/td>\n<td width=\"482\">GT, R\/T, SXT<\/td>\n<td width=\"179\">3,6 L, 5,7 L<\/td>\n<td width=\"157\">Pr\u016fm\u011br 345 mm<\/td>\n<\/tr>\n<tr>\n<td width=\"97\">2022<\/td>\n<td width=\"130\">Dodge<\/td>\n<td width=\"253\">Charger<\/td>\n<td width=\"482\">GT, R\/T, SXT<\/td>\n<td width=\"179\">3,6 L, 5,7 L<\/td>\n<td width=\"157\">Pr\u016fm\u011br 345 mm<\/td>\n<\/tr>\n<tr>\n<td width=\"97\">2021<\/td>\n<td width=\"130\">Chrysler<\/td>\n<td width=\"253\">300<\/td>\n<td width=\"482\">S, Touring, Touring L<\/td>\n<td width=\"179\">3,6 L, 5,7 L<\/td>\n<td width=\"157\">Pr\u016fm\u011br 345 mm<\/td>\n<\/tr>\n<tr>\n<td width=\"97\">2021<\/td>\n<td width=\"130\">Dodge<\/td>\n<td width=\"253\">Challenger<\/td>\n<td width=\"482\">GT, R\/T, SXT<\/td>\n<td width=\"179\">3,6 L, 5,7 L<\/td>\n<td width=\"157\">Pr\u016fm\u011br 345 mm<\/td>\n<\/tr>\n<tr>\n<td width=\"97\">2021<\/td>\n<td width=\"130\">Dodge<\/td>\n<td width=\"253\">Charger<\/td>\n<td width=\"482\">GT, R\/T, SXT<\/td>\n<td width=\"179\">3,6 L, 5,7 L<\/td>\n<td width=\"157\">Pr\u016fm\u011br 345 mm<\/td>\n<\/tr>\n<\/tbody>\n<\/table>\n<p>&nbsp;<\/p>\n<p><strong>Pozn\u00e1mka:<\/strong><\/p>\n<p>P\u0159ed objedn\u00e1n\u00edm zkontrolujte, zda jsou na p\u0159edn\u00ed \u010d\u00e1sti va\u0161eho vozidla namontov\u00e1ny brzdov\u00e9 kotou\u010de o pr\u016fm\u011bru 345 mm nebo 320 mm.<br \/>\nPro orientaci m\u016f\u017eete porovnat velikost p\u0159edn\u00edch a zadn\u00edch brzdov\u00fdch kotou\u010d\u016f.<br \/>\nZadn\u00ed brzdov\u00e9 kotou\u010de maj\u00ed v\u017edy pr\u016fm\u011br 320 mm.<\/p>\n<p>&nbsp;<\/p>\n<p>&nbsp;<\/p>\n<h4>Pro\u010d jsou origin\u00e1ln\u00ed d\u00edly Mopar tou nejlep\u0161\u00ed volbou<\/h4>\n<p><strong>P\u0159\u00edmo od v\u00fdrobce - dokonale slad\u011bn\u00e9<\/strong>Jako origin\u00e1ln\u00ed v\u00fdrobce dod\u00e1v\u00e1 spole\u010dnost Mopar p\u0159esn\u011b ty d\u00edly, kter\u00e9 ji\u017e byly do va\u0161eho vozidla namontov\u00e1ny. Ka\u017ed\u00fd d\u00edl je speci\u00e1ln\u011b vyvinut pro v\u00e1\u0161 model a odpov\u00edd\u00e1 100 % technick\u00fdm specifikac\u00edm - pro dokonal\u00e9 uchycen\u00ed, optim\u00e1ln\u00ed v\u00fdkon a maxim\u00e1ln\u00ed bezpe\u010dnost.<\/p>\n<p><strong>Kvalita, kter\u00e9 m\u016f\u017eete d\u016fv\u011b\u0159ovat:<\/strong> Spole\u010dnost Mopar s\u00e1z\u00ed na p\u0159\u00edsn\u011b testovan\u00e9 materi\u00e1ly a nejvy\u0161\u0161\u00ed v\u00fdrobn\u00ed standardy. V\u00fdsledkem jsou odoln\u00e9 a spolehliv\u00e9 komponenty, kter\u00e9 funguj\u00ed i v extr\u00e9mn\u00edch podm\u00ednk\u00e1ch, tak\u017ee va\u0161e vozidlo dlouhodob\u011b funguje tak, jak m\u00e1.<\/p>\n<p>&nbsp;<\/p>","protected":false},"excerpt":{"rendered":"<p>Origin\u00e1ln\u00ed d\u00edl Mopar<br \/>\nVhodn\u00e9 pro brzdov\u00e9 kotou\u010de o pr\u016fm\u011bru 345 mm<\/p>\n<p>2021\u20132023<\/p>","protected":false},"featured_media":68332308,"comment_status":"open","ping_status":"closed","template":"","meta":{"_acf_changed":false},"product_brand":[16270],"product_cat":[17719,17727,17703,17701,17743,17751],"product_tag":[87,572,88,52,91,17630,838,590,795,839,840,54,53,48,536,49,3853,3854,692,126,36,55,31,7221,842,841],"class_list":{"0":"post-68328977","1":"product","2":"type-product","3":"status-publish","4":"has-post-thumbnail","6":"product_brand-mopar","7":"product_cat-300c-36-bremsbelaege-vorne","8":"product_cat-300c-57-2011-2023-bremsbelaege-vorne","9":"product_cat-challenger-36-bremsbelaege-vorne","10":"product_cat-challenger-57-bremsbelaege-vorne","11":"product_cat-charger-36-bremsbelaege-vorne","12":"product_cat-charger-57-2011-2023-bremsbelaege-vorne","13":"product_tag-2-7","14":"product_tag-3-0-crd","15":"product_tag-3-5","16":"product_tag-300c","17":"product_tag-5-7","18":"product_tag-68504575ab","19":"product_tag-bremsbelag","20":"product_tag-bremsbelaege","21":"product_tag-bremse","22":"product_tag-bremsklotz","23":"product_tag-bremskloetze","24":"product_tag-challenger","25":"product_tag-charger","26":"product_tag-chrysler","27":"product_tag-chrysler-300c","28":"product_tag-dodge","29":"product_tag-dodge-challenger","30":"product_tag-dodge-charger","31":"product_tag-ersatzteil","32":"product_tag-hemi","33":"product_tag-kraftwerk","34":"product_tag-magnum","35":"product_tag-mopar","36":"product_tag-mopar10","37":"product_tag-vorderachse","38":"product_tag-vorne","40":"first","41":"instock","42":"taxable","43":"shipping-taxable","44":"purchasable","45":"product-type-simple"},"bundled_by":[],"bundle_stock_status":"instock","bundle_stock_quantity":1,"bundle_virtual":false,"bundle_layout":"","bundle_add_to_cart_form_location":"","bundle_editable_in_cart":false,"bundle_sold_individually_context":"","bundle_item_grouping":"","bundle_min_size":"","bundle_max_size":"","bundle_price":[],"bundled_items":[],"bundle_sell_ids":[],"exclude_global_add_ons":[],"addons":[],"acf":[],"_links":{"self":[{"href":"https:\/\/kraftwerk-shop.cc\/cs\/wp-json\/wp\/v2\/product\/68328977","targetHints":{"allow":["GET"]}}],"collection":[{"href":"https:\/\/kraftwerk-shop.cc\/cs\/wp-json\/wp\/v2\/product"}],"about":[{"href":"https:\/\/kraftwerk-shop.cc\/cs\/wp-json\/wp\/v2\/types\/product"}],"replies":[{"embeddable":true,"href":"https:\/\/kraftwerk-shop.cc\/cs\/wp-json\/wp\/v2\/comments?post=68328977"}],"version-history":[{"count":0,"href":"https:\/\/kraftwerk-shop.cc\/cs\/wp-json\/wp\/v2\/product\/68328977\/revisions"}],"wp:featuredmedia":[{"embeddable":true,"href":"https:\/\/kraftwerk-shop.cc\/cs\/wp-json\/wp\/v2\/media\/68332308"}],"wp:attachment":[{"href":"https:\/\/kraftwerk-shop.cc\/cs\/wp-json\/wp\/v2\/media?parent=68328977"}],"wp:term":[{"taxonomy":"product_brand","embeddable":true,"href":"https:\/\/kraftwerk-shop.cc\/cs\/wp-json\/wp\/v2\/product_brand?post=68328977"},{"taxonomy":"product_cat","embeddable":true,"href":"https:\/\/kraftwerk-shop.cc\/cs\/wp-json\/wp\/v2\/product_cat?post=68328977"},{"taxonomy":"product_tag","embeddable":true,"href":"https:\/\/kraftwerk-shop.cc\/cs\/wp-json\/wp\/v2\/product_tag?post=68328977"}],"curies":[{"name":"wp","href":"https:\/\/api.w.org\/{rel}","templated":true}]}}