{"id":68332565,"date":"2025-06-15T23:31:34","date_gmt":"2025-06-15T21:31:34","guid":{"rendered":"https:\/\/kraftwerk-shop.cc\/?post_type=product&#038;p=68332565"},"modified":"2026-02-15T01:20:59","modified_gmt":"2026-02-15T00:20:59","slug":"alcon-velka-brzdova-sada-ram-trx","status":"publish","type":"product","link":"https:\/\/kraftwerk-shop.cc\/cs\/produkt\/alcon-big-brake-kit-ram-trx\/","title":{"rendered":"Sada velk\u00fdch brzd Alcon RAM TRX"},"content":{"rendered":"<h1>Sada velk\u00fdch brzd Alcon, speci\u00e1ln\u011b vyvinut\u00e1 pro RAM 1500 TRX<\/h1>\n<h2>Modernizace standardn\u00edch brzd pro v\u011bt\u0161\u00ed bezpe\u010dnost, v\u00fdkon a spolehlivost<\/h2>\n<p>&nbsp;<\/p>\n<p><strong>Pro\u010d modernizovat brzdy TRX?<\/strong><\/p>\n<p>Pokud chcete zlep\u0161it brzdn\u00fd v\u00fdkon sv\u00e9ho vozu RAM TRX, spole\u010dnost Alcon pro v\u00e1s m\u00e1 vysoce v\u00fdkonn\u00e9 brzdy. Model RAM TRX je v\u00fdkonn\u00fd pickup, kter\u00fd vy\u017eaduje vysok\u00fd brzdn\u00fd v\u00fdkon, zejm\u00e9na pokud jej chcete pou\u017e\u00edvat pro ta\u017een\u00ed p\u0159\u00edv\u011bsu nebo dobrodru\u017estv\u00ed v ter\u00e9nu. Upgrade brzd Alcon je navr\u017een tak, aby poskytoval lep\u0161\u00ed brzdn\u00fd v\u00fdkon a spolehlivost, tak\u017ee si snadno porad\u00edte s jak\u00fdmkoli ter\u00e9nem.<\/p>\n<p>Modernizace brzd Alcon zahrnuje \u0159adu komponent\u016f, jako jsou brzdov\u00e9 t\u0159meny, brzdov\u00e9 desti\u010dky a brzdov\u00e9 kotou\u010de, kter\u00e9 byly speci\u00e1ln\u011b vyvinuty pro lep\u0161\u00ed v\u00fdkon a \u017eivotnost. Brzdov\u00e9 t\u0159meny jsou vyrobeny z vysoce kvalitn\u00edch materi\u00e1l\u016f a jsou navr\u017eeny tak, aby poskytovaly maxim\u00e1ln\u00ed up\u00ednac\u00ed s\u00edlu a zaji\u0161\u0165ovaly optim\u00e1ln\u00ed brzdn\u00fd v\u00fdkon. Brzdov\u00e9 kotou\u010de jsou rovn\u011b\u017e vyrobeny z vysoce kvalitn\u00edch materi\u00e1l\u016f, kter\u00e9 zaji\u0161\u0165uj\u00ed lep\u0161\u00ed odvod tepla a omezuj\u00ed vadnut\u00ed brzd i v extr\u00e9mn\u00edch podm\u00ednk\u00e1ch.<\/p>\n<p>Brzdov\u00e9 desti\u010dky, kter\u00e9 jsou sou\u010d\u00e1st\u00ed modernizace brzd Alcon, jsou tak\u00e9 speci\u00e1ln\u011b navr\u017eeny pro konzistentn\u00ed v\u00fdkon a vynikaj\u00edc\u00ed modulaci. D\u00edky tomu m\u016f\u017eete p\u0159esn\u011b ovl\u00e1dat brzdy a u\u017e\u00edvat si pohodlnou a bezpe\u010dnou j\u00edzdu. Brzdov\u00e9 kotou\u010de jsou nav\u00edc navr\u017eeny tak, aby poskytovaly lep\u0161\u00ed chlazen\u00ed, co\u017e sni\u017euje riziko vadnut\u00ed brzd a prodlu\u017euje \u017eivotnost va\u0161eho brzdov\u00e9ho syst\u00e9mu.<\/p>\n<p>Upgrade brzd od spole\u010dnosti Alcon je navr\u017een nejen pro lep\u0161\u00ed v\u00fdkon, ale tak\u00e9 pro snadnou instalaci. Sada brzd obsahuje v\u0161e, co pot\u0159ebujete k modernizaci st\u00e1vaj\u00edc\u00edho brzdov\u00e9ho syst\u00e9mu. D\u00edky tomu je instalace jednoduch\u00e1 a bezprobl\u00e9mov\u00e1.<\/p>\n<p>Pokud chcete zlep\u0161it brzdn\u00fd v\u00fdkon sv\u00e9ho motocyklu RAM TRX, je upgrade brzd Alcon vynikaj\u00edc\u00ed volbou. D\u00edky vysoce kvalitn\u00edm komponent\u016fm a snadn\u00e9 instalaci z\u00edsk\u00e1te lep\u0161\u00ed brzdn\u00fd v\u00fdkon a spolehlivost, tak\u017ee se m\u016f\u017eete bez obav pustit do jak\u00e9hokoli dobrodru\u017estv\u00ed. Tak pro\u010d \u010dekat? Vylep\u0161ete sv\u00e9 brzdy RAM TRX s Alconem je\u0161t\u011b dnes.<\/p>\n<p>Je vybaven \u0161estip\u00edstkov\u00fdmi brzdov\u00fdmi t\u0159meny HD s masivn\u00edmi rotory o rozm\u011brech 376 \u00d7 42 mm (14,8 \u00d7 1,65\u2033). Hod\u00ed se pod standardn\u00ed 18palcov\u00e1 kola a mnoho kol z trhu s n\u00e1hradn\u00edmi d\u00edly.<\/p>\n<p>&nbsp;<\/p>\n<p><strong>V\u00fdhody ve srovn\u00e1n\u00ed se standardn\u00edm brzdov\u00fdm syst\u00e9mem:<\/strong><\/p>\n<ul>\n<li>A\u017e o 12% v\u00edce dostupn\u00e9 tepeln\u00e9 hmoty<\/li>\n<li>A\u017e 8 % ni\u017e\u0161\u00ed v\u00fdkon brzdov\u00e9ho oblo\u017een\u00ed<\/li>\n<li>A\u017e o 7% vy\u0161\u0161\u00ed dostupn\u00fd brzdn\u00fd moment<\/li>\n<li>Kryt brzdov\u00e9ho t\u0159menu z litiny s kuli\u010dkov\u00fdm grafitem pro maxim\u00e1ln\u00ed pevnost a tuhost a vysokou odolnost proti n\u00e1razu a \u00fanav\u011b.<\/li>\n<li>Epoxidov\u00fd akrylov\u00fd lak na zinkov\u00e9 povrchov\u00e9 \u00faprav\u011b pro maxim\u00e1ln\u00ed ochranu proti korozi<\/li>\n<li>Brzdov\u00e9 desti\u010dky s vysok\u00fdm t\u0159en\u00edm zvy\u0161uj\u00ed brzdn\u00fd v\u00fdkon<\/li>\n<li>V\u011bt\u0161\u00ed rotory zvy\u0161uj\u00ed brzdn\u00fd moment a tepelnou kapacitu a sni\u017euj\u00ed mo\u017enost zat\u00ed\u017een\u00ed brzd.<\/li>\n<li>Zv\u011bt\u0161en\u00fd povrch podlo\u017eek sni\u017euje teplotu a prodlu\u017euje \u017eivotnost podlo\u017eek.<\/li>\n<\/ul>\n<p>&nbsp;<\/p>\n<p><strong>Vlastnosti modernizace brzd Alcon RAM TRX:<\/strong><\/p>\n<ul>\n<li>Upgrade brzd Alcon RAM TRX nab\u00edz\u00ed n\u011bkolik funkc\u00ed, kter\u00e9 z n\u011bj \u010din\u00ed v\u00fdjime\u010dnou volbu pro ty, kte\u0159\u00ed hledaj\u00ed vynikaj\u00edc\u00ed brzdn\u00fd v\u00fdkon:<\/li>\n<li>Odvod tepla: Sada pou\u017e\u00edv\u00e1 v\u011bt\u0161\u00ed pr\u016fm\u011br rotoru a v\u011bt\u0161\u00ed brzdov\u00fd t\u0159men, co\u017e zlep\u0161uje odvod tepla a umo\u017e\u0148uje rovnom\u011brn\u011bj\u0161\u00ed brzdn\u00fd v\u00fdkon p\u0159i velk\u00e9m zat\u00ed\u017een\u00ed.<\/li>\n<li>Sn\u00ed\u017een\u00ed vadnut\u00ed brzd: Vysoce v\u00fdkonn\u00e9 brzdov\u00e9 desti\u010dky a v\u011bt\u0161\u00ed plocha rotor\u016f zaji\u0161\u0165uj\u00ed, \u017ee brzdy nevadnou tak rychle, co\u017e m\u016f\u017ee v\u00e9st ke sn\u00ed\u017een\u00ed \u00fa\u010dinnosti brzd a jejich v\u011bt\u0161\u00edmu opot\u0159eben\u00ed.<\/li>\n<li>Vysoce kvalitn\u00ed materi\u00e1ly: Brzdov\u00e9 komponenty jsou vyrobeny z vysoce kvalitn\u00edch materi\u00e1l\u016f, jako je hlin\u00edk a nerezov\u00e1 ocel, kter\u00e9 zaji\u0161\u0165uj\u00ed dlouhou \u017eivotnost a odolnost proti korozi.<\/li>\n<li>Pokro\u010dil\u00e1 technologie: Brzdy byly vyvinuty pomoc\u00ed pokro\u010dil\u00e9ho softwaru CAD a simula\u010dn\u00edch n\u00e1stroj\u016f, aby byl zaji\u0161t\u011bn optim\u00e1ln\u00ed v\u00fdkon a bezpe\u010dnost.<\/li>\n<li>Snadn\u00e1 instalace: Upgrade brzd Alcon RAM TRX byl navr\u017een jako p\u0159\u00edm\u00e1 n\u00e1hrada tov\u00e1rn\u00edch brzd, tak\u017ee instalace je jednoduch\u00e1 a bezprobl\u00e9mov\u00e1.<\/li>\n<li>Celkov\u011b lze \u0159\u00edci, \u017ee brzdov\u00fd syst\u00e9m Alcon RAM TRX nab\u00edz\u00ed v\u00fdjime\u010dn\u00fd brzdn\u00fd v\u00fdkon, men\u0161\u00ed vadnut\u00ed brzd a dlouhou \u017eivotnost, tak\u017ee je vynikaj\u00edc\u00ed volbou pro ka\u017ed\u00e9ho, kdo chce vylep\u0161it brzdov\u00fd syst\u00e9m sv\u00e9ho TRX.<\/li>\n<\/ul>\n<p>&nbsp;<\/p>\n<p><strong>Rozsah dod\u00e1vky:<\/strong><\/p>\n<ul>\n<li>Lev\u00fd brzdov\u00fd t\u0159men<\/li>\n<li>Prav\u00fd brzdov\u00fd t\u0159men<\/li>\n<li>Brzdov\u00e9 desti\u010dky<\/li>\n<li>Lev\u00fd brzdov\u00fd kotou\u010d<\/li>\n<li>Prav\u00fd brzdov\u00fd kotou\u010d<\/li>\n<li>Sada dr\u017e\u00e1k\u016f<\/li>\n<\/ul>\n<p>&nbsp;<\/p>","protected":false},"excerpt":{"rendered":"<p>Alcon Big Brake Kit, speziell entwickelt f\u00fcr RAM\u202f1500\u202fTRX Upgrade der Serienbremsen f\u00fcr mehr Sicherheit, Performance und Zuverl\u00e4ssigkeit &nbsp; Warum ein<\/p>","protected":false},"featured_media":68332570,"comment_status":"open","ping_status":"closed","template":"","meta":{"_acf_changed":false},"product_brand":[20092],"product_cat":[4704],"product_tag":[17635,17637,17679,17652,17675,17661,17668,17665,17638,17639,17646,17670,17660,17656,17647,17642,17649,17674,17636,17653,590,795,591,7221,86,17654,4444,17676,17672,17680,17640,17663,17666,2353,17673,17657,17643,17650,17662,17669,17651,17664,17644,17677,17641,17667,17659,17658,17648,17645,17655,17678,17671,216],"class_list":{"0":"post-68332565","1":"product","2":"type-product","3":"status-publish","4":"has-post-thumbnail","6":"product_brand-alcon","7":"product_cat-trx-bremsen-vorne","8":"product_tag-alcon","9":"product_tag-alcon-big-brake","10":"product_tag-alcon-brake-kaufen","11":"product_tag-alcon-brake-kit","12":"product_tag-alcon-brake-ram","13":"product_tag-alcon-brake-system","14":"product_tag-alcon-brake-upgrade","15":"product_tag-alcon-brakes-trx","16":"product_tag-alcon-bremsanlage-trx","17":"product_tag-alcon-bremskit-trx","18":"product_tag-alcon-bremssystem-trx","19":"product_tag-alcon-bremsteile-trx","20":"product_tag-alcon-front-brake","21":"product_tag-alcon-ram-trx","22":"product_tag-alcon-trx-bremsen","23":"product_tag-alcon-trx-kaufen","24":"product_tag-alcon-trx-kit","25":"product_tag-alcon-trx-performance","26":"product_tag-big-brake-kit","27":"product_tag-big-brake-trx","28":"product_tag-bremsbelaege","29":"product_tag-bremse","30":"product_tag-bremsscheiben","31":"product_tag-mopar10","32":"product_tag-ram","33":"product_tag-ram-1500-trx-bremsen","34":"product_tag-ram-trx","35":"product_tag-ram-trx-alcon","36":"product_tag-ram-trx-big-brake","37":"product_tag-ram-trx-brake-kit","38":"product_tag-ram-trx-bremsen","39":"product_tag-ram-trx-bremspaket","40":"product_tag-ram-trx-zubehoer","41":"product_tag-trx","42":"product_tag-trx-alcon-bremsen","43":"product_tag-trx-alcon-kit","44":"product_tag-trx-big-brake","45":"product_tag-trx-brake-kit","46":"product_tag-trx-brake-package","47":"product_tag-trx-brake-parts","48":"product_tag-trx-brake-upgrade","49":"product_tag-trx-bremsanlage-alcon","50":"product_tag-trx-bremsanlage-kaufen","51":"product_tag-trx-bremsen-bestellen","52":"product_tag-trx-bremsen-kaufen","53":"product_tag-trx-bremsen-nachruesten","54":"product_tag-trx-bremsen-set","55":"product_tag-trx-bremsen-shop","56":"product_tag-trx-bremsen-upgrade","57":"product_tag-trx-bremskit-kaufen","58":"product_tag-trx-performance-bremsen","59":"product_tag-trx-sportbremsen-kaufen","60":"product_tag-trx-tuning-bremsen","61":"product_tag-upgrade","62":"product_shipping_class-spedition-1","64":"first","65":"onbackorder","66":"taxable","67":"shipping-taxable","68":"purchasable","69":"product-type-simple"},"bundled_by":[],"bundle_stock_status":"onbackorder","bundle_stock_quantity":0,"bundle_virtual":false,"bundle_layout":"","bundle_add_to_cart_form_location":"","bundle_editable_in_cart":false,"bundle_sold_individually_context":"","bundle_item_grouping":"","bundle_min_size":"","bundle_max_size":"","bundle_price":[],"bundled_items":[],"bundle_sell_ids":[],"exclude_global_add_ons":[],"addons":[],"acf":[],"_links":{"self":[{"href":"https:\/\/kraftwerk-shop.cc\/cs\/wp-json\/wp\/v2\/product\/68332565","targetHints":{"allow":["GET"]}}],"collection":[{"href":"https:\/\/kraftwerk-shop.cc\/cs\/wp-json\/wp\/v2\/product"}],"about":[{"href":"https:\/\/kraftwerk-shop.cc\/cs\/wp-json\/wp\/v2\/types\/product"}],"replies":[{"embeddable":true,"href":"https:\/\/kraftwerk-shop.cc\/cs\/wp-json\/wp\/v2\/comments?post=68332565"}],"version-history":[{"count":0,"href":"https:\/\/kraftwerk-shop.cc\/cs\/wp-json\/wp\/v2\/product\/68332565\/revisions"}],"wp:featuredmedia":[{"embeddable":true,"href":"https:\/\/kraftwerk-shop.cc\/cs\/wp-json\/wp\/v2\/media\/68332570"}],"wp:attachment":[{"href":"https:\/\/kraftwerk-shop.cc\/cs\/wp-json\/wp\/v2\/media?parent=68332565"}],"wp:term":[{"taxonomy":"product_brand","embeddable":true,"href":"https:\/\/kraftwerk-shop.cc\/cs\/wp-json\/wp\/v2\/product_brand?post=68332565"},{"taxonomy":"product_cat","embeddable":true,"href":"https:\/\/kraftwerk-shop.cc\/cs\/wp-json\/wp\/v2\/product_cat?post=68332565"},{"taxonomy":"product_tag","embeddable":true,"href":"https:\/\/kraftwerk-shop.cc\/cs\/wp-json\/wp\/v2\/product_tag?post=68332565"}],"curies":[{"name":"wp","href":"https:\/\/api.w.org\/{rel}","templated":true}]}}