{"id":68334353,"date":"2025-06-22T15:34:24","date_gmt":"2025-06-22T13:34:24","guid":{"rendered":"https:\/\/kraftwerk-shop.cc\/?post_type=product&#038;p=68334353"},"modified":"2026-02-15T01:21:09","modified_gmt":"2026-02-15T00:21:09","slug":"hawk-keramicke-brzdove-desticky-challenger-srt8","status":"publish","type":"product","link":"https:\/\/kraftwerk-shop.cc\/cs\/produkt\/hawk-ceramic-bremsbelaege-challenger-srt8\/","title":{"rendered":"Hawk Performance Keramick\u00e9 brzdov\u00e9 desti\u010dky Challenger SRT8"},"content":{"rendered":"<h1>Vysoce v\u00fdkonn\u00e9 keramick\u00e9 brzdov\u00e9 desti\u010dky Hawk Performance <span class=\"sku\">HB194Z.570<\/span> pro Dodge Challenger 6.1 SRT8 (zadn\u00ed n\u00e1prava)<\/h1>\n<p>&nbsp;<\/p>\n<p>Spole\u010dnost Hawk si uv\u011bdomuje pot\u0159eby dne\u0161n\u00edch u\u017eivatel\u016f keramick\u00fdch brzdov\u00fdch desti\u010dek a speci\u00e1ln\u011b vyvinula kompozitn\u00ed materi\u00e1l tak, aby spl\u0148oval a p\u0159ekra\u010doval po\u017eadavky na vysokou hlu\u010dnost a n\u00edzkou pra\u0161nost, kter\u00e9 si sama stanovila.<br \/>\nBrzdov\u00e9 desti\u010dky Hawk PC (Performance Ceramic) jsou navr\u017eeny tak, aby sni\u017eovaly NVH (hluk, vibrace a drsnost) a poskytovaly vynikaj\u00edc\u00ed v\u00fdkon kilometr za kilometrem.<br \/>\nJedine\u010dn\u00e1 sm\u011bs nab\u00edz\u00ed line\u00e1rn\u00ed t\u0159ec\u00ed profil, kter\u00fd umo\u017e\u0148uje syst\u00e9mu ABS va\u0161eho vozu Durango pracovat co nejefektivn\u011bji a jeho\u017e v\u00fdhodou je, \u017ee ve srovn\u00e1n\u00ed s b\u011b\u017en\u00fdmi keramick\u00fdmi desti\u010dkami nedoch\u00e1z\u00ed ke ztr\u00e1t\u011b v\u00fdkonu.<br \/>\nS brzdov\u00fdmi desti\u010dkami Performance Ceramic od spole\u010dnosti Hawk m\u016f\u017eete dos\u00e1hnout ni\u017e\u0161\u00edho opot\u0159eben\u00ed brzdov\u00fdch desti\u010dek, del\u0161\u00ed \u017eivotnosti brzdov\u00fdch kotou\u010d\u016f a velmi n\u00edzk\u00e9 hladiny hluku.<\/p>\n<p>Sm\u011bs Hawk Performance Ceramic je skv\u011bl\u00e1, pokud je va\u0161\u00ed prioritou minimalizace brzdov\u00e9ho prachu. Tato sm\u011bs je velmi obl\u00edbenou n\u00e1hradou za OEM brzdy Brembo pou\u017e\u00edvan\u00e9 v Dodge Challenger.<br \/>\nPokud nechcete zv\u00fd\u0161it brzdn\u00fd v\u00fdkon ve srovn\u00e1n\u00ed se standardn\u00ed v\u00fdbavou a chcete prakticky eliminovat brzdov\u00fd prach, jsou pro v\u00e1s vhodn\u00e9 brzdov\u00e9 desti\u010dky Hawk Performance Ceramic.<\/p>\n<p>&nbsp;<\/p>\n<p><strong>Vlastnosti:<\/strong><\/p>\n<ul>\n<li>Extr\u00e9mn\u011b tich\u00fd<\/li>\n<li>Extr\u00e9mn\u011b n\u00edzk\u00e1 pra\u0161nost<\/li>\n<li>Zlep\u0161en\u00e1 brzdn\u00e1 s\u00edla<\/li>\n<li>\u0160etrn\u00e9 zach\u00e1zen\u00ed s brzdov\u00fdmi kotou\u010di<\/li>\n<li>Stabiln\u00ed brzdn\u00fd v\u00fdkon<\/li>\n<li>35-345 \u00b0C Rozsah pracovn\u00edch teplot<\/li>\n<li>35-235 \u00b0C Optim\u00e1ln\u00ed teplotn\u00ed rozsah<\/li>\n<\/ul>\n<p>&nbsp;<\/p>\n<p>\u010c\u00edslo OE (pouze pro \u00fa\u010dely porovn\u00e1n\u00ed):\u00a0<span class=\"list-value sku-display\">5174327AA, 5174327AB, 05174327AA, 05174327AB, 5174327AC<br \/>\n<\/span>Autorizace: ne<\/p>\n<p>&nbsp;<\/p>\n<p><strong>Vhodn\u00e9 pro:<\/strong><\/p>\n<table width=\"1052\">\n<tbody>\n<tr>\n<td width=\"80\">Dodge<\/td>\n<td width=\"80\">Challenger<\/td>\n<td width=\"121\">6.1<\/td>\n<td colspan=\"3\" width=\"771\">2008\u20132010<\/td>\n<\/tr>\n<\/tbody>\n<\/table>\n<p>&nbsp;<\/p>\n<p>Cena se vztahuje na 1 sadu pro kompletn\u00ed zadn\u00ed n\u00e1pravu.<\/p>","protected":false},"excerpt":{"rendered":"<p>Hawk Performance Hochleistungs-Keramikbremsbel\u00e4ge HB194Z.570 f\u00fcr Dodge Challenger 6.1 SRT8 (Hinterachse) &nbsp; Hawk kennt die Bed\u00fcrfnisse der heutigen Benutzer von Keramikbremsbel\u00e4gen<\/p>","protected":false},"featured_media":68340243,"comment_status":"open","ping_status":"closed","template":"","meta":{"_acf_changed":false},"product_brand":[17621],"product_cat":[17696],"product_tag":[101,93,928,949,950,933,2754,2436,7035,6371,590,10803,840,6922,54,49,3853,1070,7614,100,798,799,1166,186,96],"class_list":{"0":"post-68334353","1":"product","2":"type-product","3":"status-publish","4":"has-post-thumbnail","6":"product_brand-hawk-performance","7":"product_cat-challenger-61-bremsbelaege-hinten","8":"product_tag-6-2","9":"product_tag-6-4","10":"product_tag-68144223aa","11":"product_tag-68144223ab","12":"product_tag-68144223ac","13":"product_tag-68144432aa","14":"product_tag-68399102aa","15":"product_tag-68399102ab","16":"product_tag-68501808ab","17":"product_tag-68526411aa","18":"product_tag-bremsbelaege","19":"product_tag-bremsbelaege-fuer-dodge-challenger-6-4","20":"product_tag-bremskloetze","21":"product_tag-ceramic","22":"product_tag-challenger","23":"product_tag-dodge","24":"product_tag-dodge-challenger","25":"product_tag-hawk","26":"product_tag-hawk10","27":"product_tag-hellcat","28":"product_tag-hinten","29":"product_tag-hinterachse","30":"product_tag-keramik","31":"product_tag-performance","32":"product_tag-srt","34":"first","35":"instock","36":"taxable","37":"shipping-taxable","38":"purchasable","39":"product-type-simple"},"bundled_by":[],"bundle_stock_status":"instock","bundle_stock_quantity":1,"bundle_virtual":false,"bundle_layout":"","bundle_add_to_cart_form_location":"","bundle_editable_in_cart":false,"bundle_sold_individually_context":"","bundle_item_grouping":"","bundle_min_size":"","bundle_max_size":"","bundle_price":[],"bundled_items":[],"bundle_sell_ids":[],"exclude_global_add_ons":[],"addons":[],"acf":[],"_links":{"self":[{"href":"https:\/\/kraftwerk-shop.cc\/cs\/wp-json\/wp\/v2\/product\/68334353","targetHints":{"allow":["GET"]}}],"collection":[{"href":"https:\/\/kraftwerk-shop.cc\/cs\/wp-json\/wp\/v2\/product"}],"about":[{"href":"https:\/\/kraftwerk-shop.cc\/cs\/wp-json\/wp\/v2\/types\/product"}],"replies":[{"embeddable":true,"href":"https:\/\/kraftwerk-shop.cc\/cs\/wp-json\/wp\/v2\/comments?post=68334353"}],"version-history":[{"count":0,"href":"https:\/\/kraftwerk-shop.cc\/cs\/wp-json\/wp\/v2\/product\/68334353\/revisions"}],"wp:featuredmedia":[{"embeddable":true,"href":"https:\/\/kraftwerk-shop.cc\/cs\/wp-json\/wp\/v2\/media\/68340243"}],"wp:attachment":[{"href":"https:\/\/kraftwerk-shop.cc\/cs\/wp-json\/wp\/v2\/media?parent=68334353"}],"wp:term":[{"taxonomy":"product_brand","embeddable":true,"href":"https:\/\/kraftwerk-shop.cc\/cs\/wp-json\/wp\/v2\/product_brand?post=68334353"},{"taxonomy":"product_cat","embeddable":true,"href":"https:\/\/kraftwerk-shop.cc\/cs\/wp-json\/wp\/v2\/product_cat?post=68334353"},{"taxonomy":"product_tag","embeddable":true,"href":"https:\/\/kraftwerk-shop.cc\/cs\/wp-json\/wp\/v2\/product_tag?post=68334353"}],"curies":[{"name":"wp","href":"https:\/\/api.w.org\/{rel}","templated":true}]}}