{"id":68343080,"date":"2025-07-12T11:20:15","date_gmt":"2025-07-12T09:20:15","guid":{"rendered":"https:\/\/kraftwerk-shop.cc\/?post_type=product&#038;p=68343080"},"modified":"2026-02-15T01:22:19","modified_gmt":"2026-02-15T00:22:19","slug":"mopar-strikajici-deska-4779795ab","status":"publish","type":"product","link":"https:\/\/kraftwerk-shop.cc\/cs\/produkt\/mopar-spritzblech-4779795ab\/","title":{"rendered":"St\u0159\u00edkac\u00ed deska Mopar (4779795AB)"},"content":{"rendered":"<h1>Origin\u00e1ln\u00ed lev\u00e1 p\u0159edn\u00ed st\u0159\u00edkac\u00ed deska Mopar (4779795AB) pro Chrysler 300C, Dodge Challenger a Charger z let 2012 a\u017e 2023<\/h1>\n<p>&nbsp;<\/p>\n<p><span lang=\"DE\"><strong>\u010c\u00edslo d\u00edlu Mopar:<\/strong>\u00a0<span class=\"list-value sku-display\">4779795AB<\/span><br \/>\n<strong>Nahrazeno: <\/strong>4779795AA<\/span><\/p>\n<p>&nbsp;<\/p>\n<p><strong>Vhodn\u00e9 pro:<\/strong><\/p>\n<table width=\"956\">\n<tbody>\n<tr>\n<td width=\"81\"><strong>Rok v\u00fdstavby<\/strong><\/td>\n<td width=\"81\"><strong>Zna\u010dka<\/strong><\/td>\n<td width=\"125\"><strong>Model<\/strong><\/td>\n<td width=\"338\"><strong>Motor<\/strong><\/td>\n<td width=\"331\"><strong>Brzdy<\/strong><\/td>\n<\/tr>\n<tr>\n<td width=\"81\">2023<\/td>\n<td width=\"81\">Chrysler<\/td>\n<td width=\"125\">300<\/td>\n<td width=\"338\">3,6 L, 5,7 L<\/td>\n<td width=\"331\">Brzdov\u00e9 kotou\u010de 345 mm<\/td>\n<\/tr>\n<tr>\n<td width=\"81\">2023<\/td>\n<td width=\"81\">Dodge<\/td>\n<td width=\"125\">Challenger<\/td>\n<td width=\"338\">3,6 L, 5,7 L<\/td>\n<td width=\"331\">Brzdov\u00e9 kotou\u010de 345 mm<\/td>\n<\/tr>\n<tr>\n<td width=\"81\">2023<\/td>\n<td width=\"81\">Dodge<\/td>\n<td width=\"125\">Charger<\/td>\n<td width=\"338\">3,6 L, 5,7 L<\/td>\n<td width=\"331\">Brzdov\u00e9 kotou\u010de 345 mm<\/td>\n<\/tr>\n<tr>\n<td width=\"81\">2022<\/td>\n<td width=\"81\">Chrysler<\/td>\n<td width=\"125\">300<\/td>\n<td width=\"338\">3,6 L, 5,7 L<\/td>\n<td width=\"331\">Brzdov\u00e9 kotou\u010de 345 mm<\/td>\n<\/tr>\n<tr>\n<td width=\"81\">2022<\/td>\n<td width=\"81\">Dodge<\/td>\n<td width=\"125\">Challenger<\/td>\n<td width=\"338\">3,6 L, 5,7 L<\/td>\n<td width=\"331\">Brzdov\u00e9 kotou\u010de 345 mm<\/td>\n<\/tr>\n<tr>\n<td width=\"81\">2022<\/td>\n<td width=\"81\">Dodge<\/td>\n<td width=\"125\">Charger<\/td>\n<td width=\"338\">3,6 L, 5,7 L<\/td>\n<td width=\"331\">Brzdov\u00e9 kotou\u010de 345 mm<\/td>\n<\/tr>\n<tr>\n<td width=\"81\">2021<\/td>\n<td width=\"81\">Chrysler<\/td>\n<td width=\"125\">300<\/td>\n<td width=\"338\">3,6 L, 5,7 L<\/td>\n<td width=\"331\">Brzdov\u00e9 kotou\u010de 345 mm<\/td>\n<\/tr>\n<tr>\n<td width=\"81\">2021<\/td>\n<td width=\"81\">Dodge<\/td>\n<td width=\"125\">Challenger<\/td>\n<td width=\"338\">3,6 L, 5,7 L<\/td>\n<td width=\"331\">Brzdov\u00e9 kotou\u010de 345 mm<\/td>\n<\/tr>\n<tr>\n<td width=\"81\">2021<\/td>\n<td width=\"81\">Dodge<\/td>\n<td width=\"125\">Charger<\/td>\n<td width=\"338\">3,6 L, 5,7 L<\/td>\n<td width=\"331\">Brzdov\u00e9 kotou\u010de 345 mm<\/td>\n<\/tr>\n<tr>\n<td width=\"81\">2020<\/td>\n<td width=\"81\">Chrysler<\/td>\n<td width=\"125\">300<\/td>\n<td width=\"338\">3,6 L, 5,7 L<\/td>\n<td width=\"331\">Brzdov\u00e9 kotou\u010de 345 mm<\/td>\n<\/tr>\n<tr>\n<td width=\"81\">2020<\/td>\n<td width=\"81\">Dodge<\/td>\n<td width=\"125\">Challenger<\/td>\n<td width=\"338\">3,6 L, 5,7 L<\/td>\n<td width=\"331\">Brzdov\u00e9 kotou\u010de 345 mm<\/td>\n<\/tr>\n<tr>\n<td width=\"81\">2020<\/td>\n<td width=\"81\">Dodge<\/td>\n<td width=\"125\">Charger<\/td>\n<td width=\"338\">3,6 L, 5,7 L<\/td>\n<td width=\"331\">Brzdov\u00e9 kotou\u010de 345 mm<\/td>\n<\/tr>\n<tr>\n<td width=\"81\">2019<\/td>\n<td width=\"81\">Chrysler<\/td>\n<td width=\"125\">300<\/td>\n<td width=\"338\">3,6 L, 5,7 L<\/td>\n<td width=\"331\">Brzdov\u00e9 kotou\u010de 345 mm<\/td>\n<\/tr>\n<tr>\n<td width=\"81\">2019<\/td>\n<td width=\"81\">Dodge<\/td>\n<td width=\"125\">Challenger<\/td>\n<td width=\"338\">3,6 L, 5,7 L<\/td>\n<td width=\"331\">Brzdov\u00e9 kotou\u010de 345 mm<\/td>\n<\/tr>\n<tr>\n<td width=\"81\">2019<\/td>\n<td width=\"81\">Dodge<\/td>\n<td width=\"125\">Charger<\/td>\n<td width=\"338\">3,6 L, 5,7 L<\/td>\n<td width=\"331\">Brzdov\u00e9 kotou\u010de 345 mm<\/td>\n<\/tr>\n<tr>\n<td width=\"81\">2018<\/td>\n<td width=\"81\">Chrysler<\/td>\n<td width=\"125\">300<\/td>\n<td width=\"338\">3,6 L, 5,7 L<\/td>\n<td width=\"331\">Brzdov\u00e9 kotou\u010de 345 mm<\/td>\n<\/tr>\n<tr>\n<td width=\"81\">2018<\/td>\n<td width=\"81\">Dodge<\/td>\n<td width=\"125\">Challenger<\/td>\n<td width=\"338\">3,6 L, 5,7 L<\/td>\n<td width=\"331\">Brzdov\u00e9 kotou\u010de 345 mm<\/td>\n<\/tr>\n<tr>\n<td width=\"81\">2018<\/td>\n<td width=\"81\">Dodge<\/td>\n<td width=\"125\">Charger<\/td>\n<td width=\"338\">3,6 L, 5,7 L<\/td>\n<td width=\"331\">Brzdov\u00e9 kotou\u010de 345 mm<\/td>\n<\/tr>\n<tr>\n<td width=\"81\">2017<\/td>\n<td width=\"81\">Chrysler<\/td>\n<td width=\"125\">300<\/td>\n<td width=\"338\">3,6 L, 5,7 L<\/td>\n<td width=\"331\">Brzdov\u00e9 kotou\u010de 345 mm<\/td>\n<\/tr>\n<tr>\n<td width=\"81\">2017<\/td>\n<td width=\"81\">Dodge<\/td>\n<td width=\"125\">Challenger<\/td>\n<td width=\"338\">3,6 L, 5,7 L<\/td>\n<td width=\"331\">Brzdov\u00e9 kotou\u010de 345 mm<\/td>\n<\/tr>\n<tr>\n<td width=\"81\">2017<\/td>\n<td width=\"81\">Dodge<\/td>\n<td width=\"125\">Charger<\/td>\n<td width=\"338\">3,6 L, 5,7 L<\/td>\n<td width=\"331\">Brzdov\u00e9 kotou\u010de 345 mm<\/td>\n<\/tr>\n<tr>\n<td width=\"81\">2016<\/td>\n<td width=\"81\">Chrysler<\/td>\n<td width=\"125\">300<\/td>\n<td width=\"338\">3,6 L, 5,7 L<\/td>\n<td width=\"331\">Brzdov\u00e9 kotou\u010de 345 mm<\/td>\n<\/tr>\n<tr>\n<td width=\"81\">2016<\/td>\n<td width=\"81\">Dodge<\/td>\n<td width=\"125\">Challenger<\/td>\n<td width=\"338\">3,6 L, 5,7 L<\/td>\n<td width=\"331\">Brzdov\u00e9 kotou\u010de 345 mm<\/td>\n<\/tr>\n<tr>\n<td width=\"81\">2016<\/td>\n<td width=\"81\">Dodge<\/td>\n<td width=\"125\">Charger<\/td>\n<td width=\"338\">3,6 L, 5,7 L<\/td>\n<td width=\"331\">Brzdov\u00e9 kotou\u010de 345 mm<\/td>\n<\/tr>\n<tr>\n<td width=\"81\">2015<\/td>\n<td width=\"81\">Chrysler<\/td>\n<td width=\"125\">300<\/td>\n<td width=\"338\">3,6 L, 5,7 L<\/td>\n<td width=\"331\">Brzdov\u00e9 kotou\u010de 345 mm<\/td>\n<\/tr>\n<tr>\n<td width=\"81\">2015<\/td>\n<td width=\"81\">Dodge<\/td>\n<td width=\"125\">Challenger<\/td>\n<td width=\"338\">3,6 L, 5,7 L<\/td>\n<td width=\"331\">Brzdov\u00e9 kotou\u010de 345 mm<\/td>\n<\/tr>\n<tr>\n<td width=\"81\">2015<\/td>\n<td width=\"81\">Dodge<\/td>\n<td width=\"125\">Charger<\/td>\n<td width=\"338\">3,6 L, 5,7 L<\/td>\n<td width=\"331\">Brzdov\u00e9 kotou\u010de 345 mm<\/td>\n<\/tr>\n<tr>\n<td width=\"81\">2014<\/td>\n<td width=\"81\">Chrysler<\/td>\n<td width=\"125\">300<\/td>\n<td width=\"338\">3,6 L, 5,7 L<\/td>\n<td width=\"331\">Brzdov\u00e9 kotou\u010de 345 mm<\/td>\n<\/tr>\n<tr>\n<td width=\"81\">2014<\/td>\n<td width=\"81\">Dodge<\/td>\n<td width=\"125\">Challenger<\/td>\n<td width=\"338\">3,6 L, 5,7 L<\/td>\n<td width=\"331\">Brzdov\u00e9 kotou\u010de 345 mm<\/td>\n<\/tr>\n<tr>\n<td width=\"81\">2014<\/td>\n<td width=\"81\">Dodge<\/td>\n<td width=\"125\">Charger<\/td>\n<td width=\"338\">3,6 L, 5,7 L<\/td>\n<td width=\"331\">Brzdov\u00e9 kotou\u010de 345 mm<\/td>\n<\/tr>\n<tr>\n<td width=\"81\">2013<\/td>\n<td width=\"81\">Chrysler<\/td>\n<td width=\"125\">300<\/td>\n<td width=\"338\">3,6 L, 5,7 L<\/td>\n<td width=\"331\">Brzdov\u00e9 kotou\u010de 345 mm<\/td>\n<\/tr>\n<tr>\n<td width=\"81\">2013<\/td>\n<td width=\"81\">Dodge<\/td>\n<td width=\"125\">Challenger<\/td>\n<td width=\"338\">3,6 L, 5,7 L<\/td>\n<td width=\"331\">Brzdov\u00e9 kotou\u010de 345 mm<\/td>\n<\/tr>\n<tr>\n<td width=\"81\">2013<\/td>\n<td width=\"81\">Dodge<\/td>\n<td width=\"125\">Charger<\/td>\n<td width=\"338\">3,6 L, 5,7 L<\/td>\n<td width=\"331\">Brzdov\u00e9 kotou\u010de 345 mm<\/td>\n<\/tr>\n<tr>\n<td width=\"81\">2012<\/td>\n<td width=\"81\">Chrysler<\/td>\n<td width=\"125\">300<\/td>\n<td width=\"338\">3,6 L, 5,7 L<\/td>\n<td width=\"331\">Brzdov\u00e9 kotou\u010de 345 mm<\/td>\n<\/tr>\n<tr>\n<td width=\"81\">2012<\/td>\n<td width=\"81\">Dodge<\/td>\n<td width=\"125\">Challenger<\/td>\n<td width=\"338\">3,6 L, 5,7 L<\/td>\n<td width=\"331\">Brzdov\u00e9 kotou\u010de 345 mm<\/td>\n<\/tr>\n<tr>\n<td width=\"81\">2012<\/td>\n<td width=\"81\">Dodge<\/td>\n<td width=\"125\">Charger<\/td>\n<td width=\"338\">3,6 L, 5,7 L<\/td>\n<td width=\"331\">Brzdov\u00e9 kotou\u010de 345 mm<\/td>\n<\/tr>\n<\/tbody>\n<\/table>\n<p>&nbsp;<\/p>\n<p>&nbsp;<\/p>\n<h4>Pro\u010d si vybrat origin\u00e1ln\u00ed n\u00e1hradn\u00ed d\u00edly Mopar?<\/h4>\n<p><strong>Perfektn\u011b padnouc\u00ed a \u0161pi\u010dkov\u00e9 kvality:<\/strong> Origin\u00e1ln\u00ed n\u00e1hradn\u00ed d\u00edly Mopar jsou vyr\u00e1b\u011bny podle p\u0159\u00edsn\u00fdch specifikac\u00ed v\u00fdrobce, co\u017e znamen\u00e1, \u017ee do va\u0161eho vozidla dokonale pasuj\u00ed. T\u00edm je zaji\u0161t\u011bna nejen snadn\u00e1 instalace, ale tak\u00e9 optim\u00e1ln\u00ed funkce a bezpe\u010dnost.<\/p>\n<p><strong>Spolehlivost a trvanlivost:<\/strong> D\u00edky pou\u017eit\u00ed vysoce kvalitn\u00edch materi\u00e1l\u016f a p\u0159\u00edsn\u00e9 kontrole kvality zaji\u0161\u0165uj\u00ed n\u00e1hradn\u00ed d\u00edly Mopar spolehlivou funkci va\u0161eho vozidla i v extr\u00e9mn\u00edch podm\u00ednk\u00e1ch. Jsou navr\u017eeny tak, aby vydr\u017eely a maximalizovaly v\u00fdkon va\u0161eho vozidla.<\/p>\n<p>&nbsp;<\/p>","protected":false},"excerpt":{"rendered":"<p>Origin\u00e1ln\u00ed d\u00edl Mopar<\/p>\n<p>Vlevo vp\u0159edu<\/p>\n<p>Vhodn\u00e9 pro brzdov\u00e9 kotou\u010de o pr\u016fm\u011bru 345 mm<\/p>","protected":false},"featured_media":68343648,"comment_status":"open","ping_status":"closed","template":"","meta":{"_acf_changed":false},"product_brand":[16270],"product_cat":[17807,17809,17817,17813,17819,17821],"product_tag":[18832,18831,17888,17887,17880,17881,17882,31,8813,9424,16271,16273,16275,16272,16274,7221,17879],"class_list":{"0":"post-68343080","1":"product","2":"type-product","3":"status-publish","4":"has-post-thumbnail","6":"product_brand-mopar","7":"product_cat-300c-36-bremsenteile-zubehoer","8":"product_cat-300c-57-2011-2023-bremsenteile-zubehoer","9":"product_cat-challenger-36-bremsenteile-zubehoer","10":"product_cat-challenger-57-bremsenteile-zubehoer","11":"product_cat-charger-36-bremsenteile-zubehoer","12":"product_cat-charger-57-2011-2023-bremsenteile-zubehoer","13":"product_tag-04779795aa","14":"product_tag-04779795ab","15":"product_tag-4779795aa","16":"product_tag-4779795ab","17":"product_tag-ankerblech","18":"product_tag-bremsschutzblech","19":"product_tag-bremsstaubblech","20":"product_tag-mopar","21":"product_tag-mopar-autoteile","22":"product_tag-mopar-ersatzteile","23":"product_tag-mopar-ersatzteile-kaufen","24":"product_tag-mopar-performance-teile","25":"product_tag-mopar-teile-katalog","26":"product_tag-mopar-teile-online","27":"product_tag-mopar-tuningteile","28":"product_tag-mopar10","29":"product_tag-spritzblech","31":"first","32":"instock","33":"taxable","34":"shipping-taxable","35":"purchasable","36":"product-type-simple"},"bundled_by":[],"bundle_stock_status":"instock","bundle_stock_quantity":3,"bundle_virtual":false,"bundle_layout":"","bundle_add_to_cart_form_location":"","bundle_editable_in_cart":false,"bundle_sold_individually_context":"","bundle_item_grouping":"","bundle_min_size":"","bundle_max_size":"","bundle_price":[],"bundled_items":[],"bundle_sell_ids":[],"exclude_global_add_ons":[],"addons":[],"acf":[],"_links":{"self":[{"href":"https:\/\/kraftwerk-shop.cc\/cs\/wp-json\/wp\/v2\/product\/68343080","targetHints":{"allow":["GET"]}}],"collection":[{"href":"https:\/\/kraftwerk-shop.cc\/cs\/wp-json\/wp\/v2\/product"}],"about":[{"href":"https:\/\/kraftwerk-shop.cc\/cs\/wp-json\/wp\/v2\/types\/product"}],"replies":[{"embeddable":true,"href":"https:\/\/kraftwerk-shop.cc\/cs\/wp-json\/wp\/v2\/comments?post=68343080"}],"version-history":[{"count":0,"href":"https:\/\/kraftwerk-shop.cc\/cs\/wp-json\/wp\/v2\/product\/68343080\/revisions"}],"wp:featuredmedia":[{"embeddable":true,"href":"https:\/\/kraftwerk-shop.cc\/cs\/wp-json\/wp\/v2\/media\/68343648"}],"wp:attachment":[{"href":"https:\/\/kraftwerk-shop.cc\/cs\/wp-json\/wp\/v2\/media?parent=68343080"}],"wp:term":[{"taxonomy":"product_brand","embeddable":true,"href":"https:\/\/kraftwerk-shop.cc\/cs\/wp-json\/wp\/v2\/product_brand?post=68343080"},{"taxonomy":"product_cat","embeddable":true,"href":"https:\/\/kraftwerk-shop.cc\/cs\/wp-json\/wp\/v2\/product_cat?post=68343080"},{"taxonomy":"product_tag","embeddable":true,"href":"https:\/\/kraftwerk-shop.cc\/cs\/wp-json\/wp\/v2\/product_tag?post=68343080"}],"curies":[{"name":"wp","href":"https:\/\/api.w.org\/{rel}","templated":true}]}}