{"id":68343110,"date":"2025-07-12T12:39:19","date_gmt":"2025-07-12T10:39:19","guid":{"rendered":"https:\/\/kraftwerk-shop.cc\/?post_type=product&#038;p=68343110"},"modified":"2026-02-15T01:22:23","modified_gmt":"2026-02-15T00:22:23","slug":"strikaci-deska-mopar-5137620aa","status":"publish","type":"product","link":"https:\/\/kraftwerk-shop.cc\/cs\/produkt\/mopar-spritzblech-5137620aa\/","title":{"rendered":"St\u0159\u00edkac\u00ed deska Mopar (5137620AA)"},"content":{"rendered":"<h1>Origin\u00e1ln\u00ed zadn\u00ed prav\u00e1 st\u0159\u00edkac\u00ed deska Mopar (5137620AA) pro Chrysler 300C, Dodge Challenger, Charger a Magnum od roku 2005 do roku 2023.<\/h1>\n<p>&nbsp;<\/p>\n<p><span lang=\"DE\"><strong>\u010c\u00edslo d\u00edlu Mopar:<\/strong>\u00a05137620AA<br \/>\n<strong>Nahrazeno: <\/strong><span class=\"list-value\">\u2014<\/span><\/span><\/p>\n<p>&nbsp;<\/p>\n<p><strong>Vhodn\u00e9 pro:<\/strong><\/p>\n<table width=\"1552\">\n<tbody>\n<tr>\n<td width=\"81\"><strong>Rok v\u00fdstavby<\/strong><\/td>\n<td width=\"81\"><strong>Zna\u010dka<\/strong><\/td>\n<td width=\"125\"><strong>Model<\/strong><\/td>\n<td width=\"934\"><strong>Motor<\/strong><\/td>\n<td width=\"331\"><strong>Brzdy<\/strong><\/td>\n<\/tr>\n<tr>\n<td width=\"81\">2023<\/td>\n<td width=\"81\">Chrysler<\/td>\n<td width=\"125\">300<\/td>\n<td width=\"934\">3,6 L, 5,7 L<\/td>\n<td width=\"331\">Brzdov\u00e9 kotou\u010de 320 mm<\/td>\n<\/tr>\n<tr>\n<td width=\"81\">2023<\/td>\n<td width=\"81\">Dodge<\/td>\n<td width=\"125\">Challenger<\/td>\n<td width=\"934\">3,6 L, 5,7 L<\/td>\n<td width=\"331\">Brzdov\u00e9 kotou\u010de 320 mm<\/td>\n<\/tr>\n<tr>\n<td width=\"81\">2023<\/td>\n<td width=\"81\">Dodge<\/td>\n<td width=\"125\">Charger<\/td>\n<td width=\"934\">3,6 L, 5,7 L<\/td>\n<td width=\"331\">Brzdov\u00e9 kotou\u010de 320 mm<\/td>\n<\/tr>\n<tr>\n<td width=\"81\">2022<\/td>\n<td width=\"81\">Chrysler<\/td>\n<td width=\"125\">300<\/td>\n<td width=\"934\">3,6 L, 5,7 L<\/td>\n<td width=\"331\">Brzdov\u00e9 kotou\u010de 320 mm<\/td>\n<\/tr>\n<tr>\n<td width=\"81\">2022<\/td>\n<td width=\"81\">Dodge<\/td>\n<td width=\"125\">Challenger<\/td>\n<td width=\"934\">3,6 L, 5,7 L<\/td>\n<td width=\"331\">Brzdov\u00e9 kotou\u010de 320 mm<\/td>\n<\/tr>\n<tr>\n<td width=\"81\">2022<\/td>\n<td width=\"81\">Dodge<\/td>\n<td width=\"125\">Charger<\/td>\n<td width=\"934\">3,6 L, 5,7 L<\/td>\n<td width=\"331\">Brzdov\u00e9 kotou\u010de 320 mm<\/td>\n<\/tr>\n<tr>\n<td width=\"81\">2021<\/td>\n<td width=\"81\">Chrysler<\/td>\n<td width=\"125\">300<\/td>\n<td width=\"934\">3,6 L, 5,7 L<\/td>\n<td width=\"331\">Brzdov\u00e9 kotou\u010de 320 mm<\/td>\n<\/tr>\n<tr>\n<td width=\"81\">2021<\/td>\n<td width=\"81\">Dodge<\/td>\n<td width=\"125\">Challenger<\/td>\n<td width=\"934\">3,6 L, 5,7 L<\/td>\n<td width=\"331\">Brzdov\u00e9 kotou\u010de 320 mm<\/td>\n<\/tr>\n<tr>\n<td width=\"81\">2021<\/td>\n<td width=\"81\">Dodge<\/td>\n<td width=\"125\">Charger<\/td>\n<td width=\"934\">3,6 L, 5,7 L<\/td>\n<td width=\"331\">Brzdov\u00e9 kotou\u010de 320 mm<\/td>\n<\/tr>\n<tr>\n<td width=\"81\">2020<\/td>\n<td width=\"81\">Chrysler<\/td>\n<td width=\"125\">300<\/td>\n<td width=\"934\">3,6 L, 5,7 L<\/td>\n<td width=\"331\">Brzdov\u00e9 kotou\u010de 320 mm<\/td>\n<\/tr>\n<tr>\n<td width=\"81\">2020<\/td>\n<td width=\"81\">Dodge<\/td>\n<td width=\"125\">Challenger<\/td>\n<td width=\"934\">3,6 L, 5,7 L<\/td>\n<td width=\"331\">Brzdov\u00e9 kotou\u010de 320 mm<\/td>\n<\/tr>\n<tr>\n<td width=\"81\">2020<\/td>\n<td width=\"81\">Dodge<\/td>\n<td width=\"125\">Charger<\/td>\n<td width=\"934\">3,6 L, 5,7 L<\/td>\n<td width=\"331\">Brzdov\u00e9 kotou\u010de 320 mm<\/td>\n<\/tr>\n<tr>\n<td width=\"81\">2019<\/td>\n<td width=\"81\">Chrysler<\/td>\n<td width=\"125\">300<\/td>\n<td width=\"934\">3,6 L, 5,7 L<\/td>\n<td width=\"331\">Brzdov\u00e9 kotou\u010de 320 mm<\/td>\n<\/tr>\n<tr>\n<td width=\"81\">2019<\/td>\n<td width=\"81\">Dodge<\/td>\n<td width=\"125\">Challenger<\/td>\n<td width=\"934\">3,6 L, 5,7 L<\/td>\n<td width=\"331\">Brzdov\u00e9 kotou\u010de 320 mm<\/td>\n<\/tr>\n<tr>\n<td width=\"81\">2019<\/td>\n<td width=\"81\">Dodge<\/td>\n<td width=\"125\">Charger<\/td>\n<td width=\"934\">3,6 L, 5,7 L<\/td>\n<td width=\"331\">Brzdov\u00e9 kotou\u010de 320 mm<\/td>\n<\/tr>\n<tr>\n<td width=\"81\">2018<\/td>\n<td width=\"81\">Chrysler<\/td>\n<td width=\"125\">300<\/td>\n<td width=\"934\">3,6 L, 5,7 L<\/td>\n<td width=\"331\">Brzdov\u00e9 kotou\u010de 320 mm<\/td>\n<\/tr>\n<tr>\n<td width=\"81\">2018<\/td>\n<td width=\"81\">Dodge<\/td>\n<td width=\"125\">Challenger<\/td>\n<td width=\"934\">3,6 L, 5,7 L<\/td>\n<td width=\"331\">Brzdov\u00e9 kotou\u010de 320 mm<\/td>\n<\/tr>\n<tr>\n<td width=\"81\">2018<\/td>\n<td width=\"81\">Dodge<\/td>\n<td width=\"125\">Charger<\/td>\n<td width=\"934\">3,6 L, 5,7 L<\/td>\n<td width=\"331\">Brzdov\u00e9 kotou\u010de 320 mm<\/td>\n<\/tr>\n<tr>\n<td width=\"81\">2017<\/td>\n<td width=\"81\">Chrysler<\/td>\n<td width=\"125\">300<\/td>\n<td width=\"934\">3,6 L, 5,7 L<\/td>\n<td width=\"331\">Brzdov\u00e9 kotou\u010de 320 mm<\/td>\n<\/tr>\n<tr>\n<td width=\"81\">2017<\/td>\n<td width=\"81\">Dodge<\/td>\n<td width=\"125\">Challenger<\/td>\n<td width=\"934\">3,6 L, 5,7 L<\/td>\n<td width=\"331\">Brzdov\u00e9 kotou\u010de 320 mm<\/td>\n<\/tr>\n<tr>\n<td width=\"81\">2017<\/td>\n<td width=\"81\">Dodge<\/td>\n<td width=\"125\">Charger<\/td>\n<td width=\"934\">3,6 L, 5,7 L<\/td>\n<td width=\"331\">Brzdov\u00e9 kotou\u010de 320 mm<\/td>\n<\/tr>\n<tr>\n<td width=\"81\">2016<\/td>\n<td width=\"81\">Chrysler<\/td>\n<td width=\"125\">300<\/td>\n<td width=\"934\">3,6 L, 5,7 L<\/td>\n<td width=\"331\">Brzdov\u00e9 kotou\u010de 320 mm<\/td>\n<\/tr>\n<tr>\n<td width=\"81\">2016<\/td>\n<td width=\"81\">Dodge<\/td>\n<td width=\"125\">Challenger<\/td>\n<td width=\"934\">3,6 L, 5,7 L<\/td>\n<td width=\"331\">Brzdov\u00e9 kotou\u010de 320 mm<\/td>\n<\/tr>\n<tr>\n<td width=\"81\">2016<\/td>\n<td width=\"81\">Dodge<\/td>\n<td width=\"125\">Charger<\/td>\n<td width=\"934\">3,6 L, 5,7 L<\/td>\n<td width=\"331\">Brzdov\u00e9 kotou\u010de 320 mm<\/td>\n<\/tr>\n<tr>\n<td width=\"81\">2015<\/td>\n<td width=\"81\">Chrysler<\/td>\n<td width=\"125\">300<\/td>\n<td width=\"934\">3,6 L, 5,7 L<\/td>\n<td width=\"331\">Brzdov\u00e9 kotou\u010de 320 mm<\/td>\n<\/tr>\n<tr>\n<td width=\"81\">2015<\/td>\n<td width=\"81\">Dodge<\/td>\n<td width=\"125\">Challenger<\/td>\n<td width=\"934\">3,6 L, 5,7 L<\/td>\n<td width=\"331\">Brzdov\u00e9 kotou\u010de 320 mm<\/td>\n<\/tr>\n<tr>\n<td width=\"81\">2015<\/td>\n<td width=\"81\">Dodge<\/td>\n<td width=\"125\">Charger<\/td>\n<td width=\"934\">3,6 L, 5,7 L<\/td>\n<td width=\"331\">Brzdov\u00e9 kotou\u010de 320 mm<\/td>\n<\/tr>\n<tr>\n<td width=\"81\">2014<\/td>\n<td width=\"81\">Chrysler<\/td>\n<td width=\"125\">300<\/td>\n<td width=\"934\">3,6 L, 5,7 L<\/td>\n<td width=\"331\">Brzdov\u00e9 kotou\u010de 320 mm<\/td>\n<\/tr>\n<tr>\n<td width=\"81\">2014<\/td>\n<td width=\"81\">Dodge<\/td>\n<td width=\"125\">Challenger<\/td>\n<td width=\"934\">3,6 L, 5,7 L<\/td>\n<td width=\"331\">Brzdov\u00e9 kotou\u010de 320 mm<\/td>\n<\/tr>\n<tr>\n<td width=\"81\">2014<\/td>\n<td width=\"81\">Dodge<\/td>\n<td width=\"125\">Charger<\/td>\n<td width=\"934\">3,6 L, 5,7 L<\/td>\n<td width=\"331\">Brzdov\u00e9 kotou\u010de 320 mm<\/td>\n<\/tr>\n<tr>\n<td width=\"81\">2013<\/td>\n<td width=\"81\">Chrysler<\/td>\n<td width=\"125\">300<\/td>\n<td width=\"934\">3,6 L, 5,7 L<\/td>\n<td width=\"331\">Brzdov\u00e9 kotou\u010de 320 mm<\/td>\n<\/tr>\n<tr>\n<td width=\"81\">2013<\/td>\n<td width=\"81\">Dodge<\/td>\n<td width=\"125\">Challenger<\/td>\n<td width=\"934\">3,6 L, 5,7 L<\/td>\n<td width=\"331\">Brzdov\u00e9 kotou\u010de 320 mm<\/td>\n<\/tr>\n<tr>\n<td width=\"81\">2013<\/td>\n<td width=\"81\">Dodge<\/td>\n<td width=\"125\">Charger<\/td>\n<td width=\"934\">3,6 L, 5,7 L<\/td>\n<td width=\"331\">Brzdov\u00e9 kotou\u010de 320 mm<\/td>\n<\/tr>\n<tr>\n<td width=\"81\">2012<\/td>\n<td width=\"81\">Chrysler<\/td>\n<td width=\"125\">300<\/td>\n<td width=\"934\">3,6 L, 5,7 L<\/td>\n<td width=\"331\">Brzdov\u00e9 kotou\u010de 320 mm<\/td>\n<\/tr>\n<tr>\n<td width=\"81\">2012<\/td>\n<td width=\"81\">Dodge<\/td>\n<td width=\"125\">Challenger<\/td>\n<td width=\"934\">3,6 L, 5,7 L<\/td>\n<td width=\"331\">Brzdov\u00e9 kotou\u010de 320 mm<\/td>\n<\/tr>\n<tr>\n<td width=\"81\">2012<\/td>\n<td width=\"81\">Dodge<\/td>\n<td width=\"125\">Charger<\/td>\n<td width=\"934\">3,6 L, 5,7 L<\/td>\n<td width=\"331\">Brzdov\u00e9 kotou\u010de 320 mm<\/td>\n<\/tr>\n<tr>\n<td width=\"81\">2011<\/td>\n<td width=\"81\">Chrysler<\/td>\n<td width=\"125\">300<\/td>\n<td width=\"934\">3,6 L, 5,7 L<\/td>\n<td width=\"331\">Brzdov\u00e9 kotou\u010de 320 mm<\/td>\n<\/tr>\n<tr>\n<td width=\"81\">2011<\/td>\n<td width=\"81\">Dodge<\/td>\n<td width=\"125\">Challenger<\/td>\n<td width=\"934\">3,6 L, 5,7 L<\/td>\n<td width=\"331\">Brzdov\u00e9 kotou\u010de 320 mm<\/td>\n<\/tr>\n<tr>\n<td width=\"81\">2011<\/td>\n<td width=\"81\">Dodge<\/td>\n<td width=\"125\">Charger<\/td>\n<td width=\"934\">3,6 L, 5,7 L<\/td>\n<td width=\"331\">Brzdov\u00e9 kotou\u010de 320 mm<\/td>\n<\/tr>\n<tr>\n<td width=\"81\">2010<\/td>\n<td width=\"81\">Chrysler<\/td>\n<td width=\"125\">300<\/td>\n<td width=\"934\">2.7L, 3.5L, 5.7L<\/td>\n<td width=\"331\">Brzdov\u00e9 kotou\u010de 320 mm<\/td>\n<\/tr>\n<tr>\n<td width=\"81\">2010<\/td>\n<td width=\"81\">Dodge<\/td>\n<td width=\"125\">Challenger<\/td>\n<td width=\"934\">2.7L, 3.5L, 5.7L<\/td>\n<td width=\"331\">Brzdov\u00e9 kotou\u010de 320 mm<\/td>\n<\/tr>\n<tr>\n<td width=\"81\">2010<\/td>\n<td width=\"81\">Dodge<\/td>\n<td width=\"125\">Charger<\/td>\n<td width=\"934\">2.7L, 3.5L, 5.7L<\/td>\n<td width=\"331\">Brzdov\u00e9 kotou\u010de 320 mm<\/td>\n<\/tr>\n<tr>\n<td width=\"81\">2009<\/td>\n<td width=\"81\">Chrysler<\/td>\n<td width=\"125\">300<\/td>\n<td width=\"934\">2.7L, 3.5L, 5.7L<\/td>\n<td width=\"331\">Brzdov\u00e9 kotou\u010de 320 mm<\/td>\n<\/tr>\n<tr>\n<td width=\"81\">2009<\/td>\n<td width=\"81\">Dodge<\/td>\n<td width=\"125\">Challenger<\/td>\n<td width=\"934\">2.7L, 3.5L, 5.7L<\/td>\n<td width=\"331\">Brzdov\u00e9 kotou\u010de 320 mm<\/td>\n<\/tr>\n<tr>\n<td width=\"81\">2009<\/td>\n<td width=\"81\">Dodge<\/td>\n<td width=\"125\">Charger<\/td>\n<td width=\"934\">2.7L, 3.5L, 5.7L<\/td>\n<td width=\"331\">Brzdov\u00e9 kotou\u010de 320 mm<\/td>\n<\/tr>\n<tr>\n<td width=\"81\">2008<\/td>\n<td width=\"81\">Chrysler<\/td>\n<td width=\"125\">300<\/td>\n<td width=\"934\">2.7L, 3.5L, 5.7L<\/td>\n<td width=\"331\">Brzdov\u00e9 kotou\u010de 320 mm<\/td>\n<\/tr>\n<tr>\n<td width=\"81\">2008<\/td>\n<td width=\"81\">Dodge<\/td>\n<td width=\"125\">Charger<\/td>\n<td width=\"934\">2.7L, 3.5L, 5.7L<\/td>\n<td width=\"331\">Brzdov\u00e9 kotou\u010de 320 mm<\/td>\n<\/tr>\n<tr>\n<td width=\"81\">2008<\/td>\n<td width=\"81\">Dodge<\/td>\n<td width=\"125\">Magnum<\/td>\n<td width=\"934\">2.7L, 3.5L, 5.7L<\/td>\n<td width=\"331\">Brzdov\u00e9 kotou\u010de 320 mm<\/td>\n<\/tr>\n<tr>\n<td width=\"81\">2007<\/td>\n<td width=\"81\">Chrysler<\/td>\n<td width=\"125\">300<\/td>\n<td width=\"934\">2.7L, 3.5L, 5.7L<\/td>\n<td width=\"331\">Brzdov\u00e9 kotou\u010de 320 mm<\/td>\n<\/tr>\n<tr>\n<td width=\"81\">2007<\/td>\n<td width=\"81\">Dodge<\/td>\n<td width=\"125\">Charger<\/td>\n<td width=\"934\">2.7L, 3.5L, 5.7L<\/td>\n<td width=\"331\">Brzdov\u00e9 kotou\u010de 320 mm<\/td>\n<\/tr>\n<tr>\n<td width=\"81\">2007<\/td>\n<td width=\"81\">Dodge<\/td>\n<td width=\"125\">Magnum<\/td>\n<td width=\"934\">2.7L, 3.5L, 5.7L<\/td>\n<td width=\"331\">Brzdov\u00e9 kotou\u010de 320 mm<\/td>\n<\/tr>\n<tr>\n<td width=\"81\">2006<\/td>\n<td width=\"81\">Chrysler<\/td>\n<td width=\"125\">300<\/td>\n<td width=\"934\">2.7L, 3.5L, 5.7L<\/td>\n<td width=\"331\">Brzdov\u00e9 kotou\u010de 320 mm<\/td>\n<\/tr>\n<tr>\n<td width=\"81\">2006<\/td>\n<td width=\"81\">Dodge<\/td>\n<td width=\"125\">Charger<\/td>\n<td width=\"934\">2.7L, 3.5L, 5.7L<\/td>\n<td width=\"331\">Brzdov\u00e9 kotou\u010de 320 mm<\/td>\n<\/tr>\n<tr>\n<td width=\"81\">2006<\/td>\n<td width=\"81\">Dodge<\/td>\n<td width=\"125\">Magnum<\/td>\n<td width=\"934\">2.7L, 3.5L, 5.7L<\/td>\n<td width=\"331\">Brzdov\u00e9 kotou\u010de 320 mm<\/td>\n<\/tr>\n<tr>\n<td width=\"81\">2005<\/td>\n<td width=\"81\">Chrysler<\/td>\n<td width=\"125\">300<\/td>\n<td width=\"934\">2.7L, 3.5L, 5.7L<\/td>\n<td width=\"331\">Brzdov\u00e9 kotou\u010de 320 mm<\/td>\n<\/tr>\n<tr>\n<td width=\"81\">2005<\/td>\n<td width=\"81\">Dodge<\/td>\n<td width=\"125\">Magnum<\/td>\n<td width=\"934\">2.7L, 3.5L, 5.7L<\/td>\n<td width=\"331\">Brzdov\u00e9 kotou\u010de 320 mm<\/td>\n<\/tr>\n<\/tbody>\n<\/table>\n<p>&nbsp;<\/p>\n<p>&nbsp;<\/p>\n<h4>Va\u0161e prvn\u00ed volba: origin\u00e1ln\u00ed d\u00edly Mopar<\/h4>\n<p><strong>Origin\u00e1ln\u00ed kvalita od v\u00fdrobce:<\/strong> Spole\u010dnost Mopar zn\u00e1 va\u0161e vozidlo do nejmen\u0161\u00edho detailu - v\u017edy\u0165 ka\u017ed\u00fd origin\u00e1ln\u00ed d\u00edl poch\u00e1z\u00ed p\u0159\u00edmo od v\u00fdrobce. Komponenty jsou p\u0159esn\u011b p\u0159izp\u016fsobeny va\u0161emu modelu a spl\u0148uj\u00ed v\u0161echny tov\u00e1rn\u00ed specifikace. To znamen\u00e1: p\u0159esn\u00e1 mont\u00e1\u017e, optim\u00e1ln\u00ed funkce a maxim\u00e1ln\u00ed bezpe\u010dnost.<\/p>\n<p><strong>Osv\u011bd\u010den\u00e1 odolnost a spolehlivost<\/strong>Origin\u00e1ln\u00ed d\u00edly Mopar jsou z\u00e1rukou ov\u011b\u0159en\u00e9 kvality a robustn\u00edch materi\u00e1l\u016f. Byly testov\u00e1ny a vyv\u00edjeny v re\u00e1ln\u00fdch podm\u00ednk\u00e1ch, aby dlouhodob\u011b poskytovaly vysok\u00fd v\u00fdkon - bez ohledu na to, jak n\u00e1ro\u010dn\u00e9 jsou provozn\u00ed podm\u00ednky.<\/p>\n<p>&nbsp;<\/p>","protected":false},"excerpt":{"rendered":"<p>Origin\u00e1ln\u00ed d\u00edl Mopar<\/p>\n<p>Zadn\u00ed prav\u00e1 strana<\/p>\n<p>Brzdov\u00e9 kotou\u010de 320 mm<\/p>","protected":false},"featured_media":68343640,"comment_status":"open","ping_status":"closed","template":"","meta":{"_acf_changed":false},"product_brand":[16270],"product_cat":[17805,10262,17806,17807,17808,17809,17812,17817,17813,17818,17819,17820,17821,17831,17832],"product_tag":[18858,17885,17880,17881,17882,31,8813,9424,16271,16273,16275,16272,16274,7221,17879],"class_list":{"0":"post-68343110","1":"product","2":"type-product","3":"status-publish","4":"has-post-thumbnail","6":"product_brand-mopar","7":"product_cat-300c-30-diesel-bremsenteile-zubehoer","8":"product_cat-alle-produkte","9":"product_cat-300c-35-bremsenteile-zubehoer","10":"product_cat-300c-36-bremsenteile-zubehoer","11":"product_cat-300c-57-2005-2010-bremsenteile-zubehoer","12":"product_cat-300c-57-2011-2023-bremsenteile-zubehoer","13":"product_cat-challenger-35-bremsenteile-zubehoer","14":"product_cat-challenger-36-bremsenteile-zubehoer","15":"product_cat-challenger-57-bremsenteile-zubehoer","16":"product_cat-charger-35-bremsenteile-zubehoer","17":"product_cat-charger-36-bremsenteile-zubehoer","18":"product_cat-charger-57-2005-2010-bremsenteile-zubehoer","19":"product_cat-charger-57-2011-2023-bremsenteile-zubehoer","20":"product_cat-magnum-35-bremsenteile-zubehoer","21":"product_cat-magnum-57-bremsenteile-zubehoer","22":"product_tag-05137620aa","23":"product_tag-5137620aa","24":"product_tag-ankerblech","25":"product_tag-bremsschutzblech","26":"product_tag-bremsstaubblech","27":"product_tag-mopar","28":"product_tag-mopar-autoteile","29":"product_tag-mopar-ersatzteile","30":"product_tag-mopar-ersatzteile-kaufen","31":"product_tag-mopar-performance-teile","32":"product_tag-mopar-teile-katalog","33":"product_tag-mopar-teile-online","34":"product_tag-mopar-tuningteile","35":"product_tag-mopar10","36":"product_tag-spritzblech","38":"first","39":"instock","40":"taxable","41":"shipping-taxable","42":"purchasable","43":"product-type-simple"},"bundled_by":[],"bundle_stock_status":"instock","bundle_stock_quantity":1,"bundle_virtual":false,"bundle_layout":"","bundle_add_to_cart_form_location":"","bundle_editable_in_cart":false,"bundle_sold_individually_context":"","bundle_item_grouping":"","bundle_min_size":"","bundle_max_size":"","bundle_price":[],"bundled_items":[],"bundle_sell_ids":[],"exclude_global_add_ons":[],"addons":[],"acf":[],"_links":{"self":[{"href":"https:\/\/kraftwerk-shop.cc\/cs\/wp-json\/wp\/v2\/product\/68343110","targetHints":{"allow":["GET"]}}],"collection":[{"href":"https:\/\/kraftwerk-shop.cc\/cs\/wp-json\/wp\/v2\/product"}],"about":[{"href":"https:\/\/kraftwerk-shop.cc\/cs\/wp-json\/wp\/v2\/types\/product"}],"replies":[{"embeddable":true,"href":"https:\/\/kraftwerk-shop.cc\/cs\/wp-json\/wp\/v2\/comments?post=68343110"}],"version-history":[{"count":0,"href":"https:\/\/kraftwerk-shop.cc\/cs\/wp-json\/wp\/v2\/product\/68343110\/revisions"}],"wp:featuredmedia":[{"embeddable":true,"href":"https:\/\/kraftwerk-shop.cc\/cs\/wp-json\/wp\/v2\/media\/68343640"}],"wp:attachment":[{"href":"https:\/\/kraftwerk-shop.cc\/cs\/wp-json\/wp\/v2\/media?parent=68343110"}],"wp:term":[{"taxonomy":"product_brand","embeddable":true,"href":"https:\/\/kraftwerk-shop.cc\/cs\/wp-json\/wp\/v2\/product_brand?post=68343110"},{"taxonomy":"product_cat","embeddable":true,"href":"https:\/\/kraftwerk-shop.cc\/cs\/wp-json\/wp\/v2\/product_cat?post=68343110"},{"taxonomy":"product_tag","embeddable":true,"href":"https:\/\/kraftwerk-shop.cc\/cs\/wp-json\/wp\/v2\/product_tag?post=68343110"}],"curies":[{"name":"wp","href":"https:\/\/api.w.org\/{rel}","templated":true}]}}