{"id":68343123,"date":"2025-07-12T12:47:42","date_gmt":"2025-07-12T10:47:42","guid":{"rendered":"https:\/\/kraftwerk-shop.cc\/?post_type=product&#038;p=68343123"},"modified":"2026-02-15T01:22:09","modified_gmt":"2026-02-15T00:22:09","slug":"mopar-strikajici-deska-5170482aa","status":"publish","type":"product","link":"https:\/\/kraftwerk-shop.cc\/cs\/produkt\/mopar-spritzblech-5170482aa\/","title":{"rendered":"St\u0159\u00edkac\u00ed deska Mopar (5170482AA)"},"content":{"rendered":"<h1>P\u016fvodn\u00ed Mopar st\u0159\u00edkaj\u00edc\u00ed deska zadn\u00ed lev\u00e1 (<span class=\"list-value sku-display\">5170482AA<\/span>) pro Chrysler 300C, Dodge Challenger, Charger a Magnum od roku 2008 do roku 2023<\/h1>\n<p>&nbsp;<\/p>\n<p><span lang=\"DE\"><strong>\u010c\u00edslo d\u00edlu Mopar:<\/strong>\u00a0<span class=\"list-value sku-display\">5170482AA<\/span><br \/>\n<strong>Nahrazeno: <\/strong><span class=\"list-value\">\u2014<\/span><\/span><\/p>\n<p>&nbsp;<\/p>\n<p><strong>Vhodn\u00e9 pro:<\/strong><\/p>\n<table width=\"1034\">\n<tbody>\n<tr>\n<td width=\"81\"><strong>Rok v\u00fdstavby<\/strong><\/td>\n<td width=\"81\"><strong>Zna\u010dka<\/strong><\/td>\n<td width=\"125\"><strong>Model<\/strong><\/td>\n<td width=\"416\"><strong>Motor<\/strong><\/td>\n<td width=\"331\"><strong>Brzdy<\/strong><\/td>\n<\/tr>\n<tr>\n<td width=\"81\">2023<\/td>\n<td width=\"81\">Chrysler<\/td>\n<td width=\"125\">300<\/td>\n<td width=\"416\">6.4L<\/td>\n<td>Brzdov\u00e9 kotou\u010de 350 mm<\/td>\n<\/tr>\n<tr>\n<td width=\"81\">2023<\/td>\n<td width=\"81\">Dodge<\/td>\n<td width=\"125\">Challenger<\/td>\n<td width=\"416\">6,2 L, 6,4 L<\/td>\n<td>Brzdov\u00e9 kotou\u010de 350 mm<\/td>\n<\/tr>\n<tr>\n<td width=\"81\">2023<\/td>\n<td width=\"81\">Dodge<\/td>\n<td width=\"125\">Charger<\/td>\n<td width=\"416\">6,2 L, 6,4 L<\/td>\n<td>Brzdov\u00e9 kotou\u010de 350 mm<\/td>\n<\/tr>\n<tr>\n<td width=\"81\">2022<\/td>\n<td width=\"81\">Dodge<\/td>\n<td width=\"125\">Challenger<\/td>\n<td width=\"416\">6,2 L, 6,4 L<\/td>\n<td>Brzdov\u00e9 kotou\u010de 350 mm<\/td>\n<\/tr>\n<tr>\n<td width=\"81\">2022<\/td>\n<td width=\"81\">Dodge<\/td>\n<td width=\"125\">Charger<\/td>\n<td width=\"416\">6,2 L, 6,4 L<\/td>\n<td>Brzdov\u00e9 kotou\u010de 350 mm<\/td>\n<\/tr>\n<tr>\n<td width=\"81\">2021<\/td>\n<td width=\"81\">Dodge<\/td>\n<td width=\"125\">Challenger<\/td>\n<td width=\"416\">6,2 L, 6,4 L<\/td>\n<td>Brzdov\u00e9 kotou\u010de 350 mm<\/td>\n<\/tr>\n<tr>\n<td width=\"81\">2021<\/td>\n<td width=\"81\">Dodge<\/td>\n<td width=\"125\">Charger<\/td>\n<td width=\"416\">6,2 L, 6,4 L<\/td>\n<td>Brzdov\u00e9 kotou\u010de 350 mm<\/td>\n<\/tr>\n<tr>\n<td width=\"81\">2020<\/td>\n<td width=\"81\">Dodge<\/td>\n<td width=\"125\">Challenger<\/td>\n<td width=\"416\">6,2 L, 6,4 L<\/td>\n<td>Brzdov\u00e9 kotou\u010de 350 mm<\/td>\n<\/tr>\n<tr>\n<td width=\"81\">2020<\/td>\n<td width=\"81\">Dodge<\/td>\n<td width=\"125\">Charger<\/td>\n<td width=\"416\">6,2 L, 6,4 L<\/td>\n<td>Brzdov\u00e9 kotou\u010de 350 mm<\/td>\n<\/tr>\n<tr>\n<td width=\"81\">2019<\/td>\n<td width=\"81\">Dodge<\/td>\n<td width=\"125\">Challenger<\/td>\n<td width=\"416\">6,2 L, 6,4 L<\/td>\n<td>Brzdov\u00e9 kotou\u010de 350 mm<\/td>\n<\/tr>\n<tr>\n<td width=\"81\">2019<\/td>\n<td width=\"81\">Dodge<\/td>\n<td width=\"125\">Charger<\/td>\n<td width=\"416\">6,2 L, 6,4 L<\/td>\n<td>Brzdov\u00e9 kotou\u010de 350 mm<\/td>\n<\/tr>\n<tr>\n<td width=\"81\">2018<\/td>\n<td width=\"81\">Dodge<\/td>\n<td width=\"125\">Challenger<\/td>\n<td width=\"416\">6,2 L, 6,4 L<\/td>\n<td>Brzdov\u00e9 kotou\u010de 350 mm<\/td>\n<\/tr>\n<tr>\n<td width=\"81\">2018<\/td>\n<td width=\"81\">Dodge<\/td>\n<td width=\"125\">Charger<\/td>\n<td width=\"416\">6,2 L, 6,4 L<\/td>\n<td>Brzdov\u00e9 kotou\u010de 350 mm<\/td>\n<\/tr>\n<tr>\n<td width=\"81\">2017<\/td>\n<td width=\"81\">Dodge<\/td>\n<td width=\"125\">Challenger<\/td>\n<td width=\"416\">6,2 L, 6,4 L<\/td>\n<td>Brzdov\u00e9 kotou\u010de 350 mm<\/td>\n<\/tr>\n<tr>\n<td width=\"81\">2017<\/td>\n<td width=\"81\">Dodge<\/td>\n<td width=\"125\">Charger<\/td>\n<td width=\"416\">6,2 L, 6,4 L<\/td>\n<td>Brzdov\u00e9 kotou\u010de 350 mm<\/td>\n<\/tr>\n<tr>\n<td width=\"81\">2016<\/td>\n<td width=\"81\">Dodge<\/td>\n<td width=\"125\">Challenger<\/td>\n<td width=\"416\">6,2 L, 6,4 L<\/td>\n<td>Brzdov\u00e9 kotou\u010de 350 mm<\/td>\n<\/tr>\n<tr>\n<td width=\"81\">2016<\/td>\n<td width=\"81\">Dodge<\/td>\n<td width=\"125\">Charger<\/td>\n<td width=\"416\">6,2 L, 6,4 L<\/td>\n<td>Brzdov\u00e9 kotou\u010de 350 mm<\/td>\n<\/tr>\n<tr>\n<td width=\"81\">2015<\/td>\n<td width=\"81\">Dodge<\/td>\n<td width=\"125\">Challenger<\/td>\n<td width=\"416\">6,2 L, 6,4 L<\/td>\n<td>Brzdov\u00e9 kotou\u010de 350 mm<\/td>\n<\/tr>\n<tr>\n<td width=\"81\">2015<\/td>\n<td width=\"81\">Dodge<\/td>\n<td width=\"125\">Charger<\/td>\n<td width=\"416\">6,2 L, 6,4 L<\/td>\n<td>Brzdov\u00e9 kotou\u010de 350 mm<\/td>\n<\/tr>\n<tr>\n<td width=\"81\">2014<\/td>\n<td width=\"81\">Chrysler<\/td>\n<td width=\"125\">300<\/td>\n<td width=\"416\">6.4L<\/td>\n<td>Brzdov\u00e9 kotou\u010de 350 mm<\/td>\n<\/tr>\n<tr>\n<td width=\"81\">2014<\/td>\n<td width=\"81\">Dodge<\/td>\n<td width=\"125\">Challenger<\/td>\n<td width=\"416\">6.4L<\/td>\n<td>Brzdov\u00e9 kotou\u010de 350 mm<\/td>\n<\/tr>\n<tr>\n<td width=\"81\">2014<\/td>\n<td width=\"81\">Dodge<\/td>\n<td width=\"125\">Charger<\/td>\n<td width=\"416\">6.4L<\/td>\n<td>Brzdov\u00e9 kotou\u010de 350 mm<\/td>\n<\/tr>\n<tr>\n<td width=\"81\">2013<\/td>\n<td width=\"81\">Chrysler<\/td>\n<td width=\"125\">300<\/td>\n<td width=\"416\">6.4L<\/td>\n<td>Brzdov\u00e9 kotou\u010de 350 mm<\/td>\n<\/tr>\n<tr>\n<td width=\"81\">2013<\/td>\n<td width=\"81\">Dodge<\/td>\n<td width=\"125\">Challenger<\/td>\n<td width=\"416\">6.4L<\/td>\n<td>Brzdov\u00e9 kotou\u010de 350 mm<\/td>\n<\/tr>\n<tr>\n<td width=\"81\">2013<\/td>\n<td width=\"81\">Dodge<\/td>\n<td width=\"125\">Charger<\/td>\n<td width=\"416\">6.4L<\/td>\n<td>Brzdov\u00e9 kotou\u010de 350 mm<\/td>\n<\/tr>\n<tr>\n<td width=\"81\">2012<\/td>\n<td width=\"81\">Chrysler<\/td>\n<td width=\"125\">300<\/td>\n<td width=\"416\">6.4L<\/td>\n<td>Brzdov\u00e9 kotou\u010de 350 mm<\/td>\n<\/tr>\n<tr>\n<td width=\"81\">2012<\/td>\n<td width=\"81\">Dodge<\/td>\n<td width=\"125\">Challenger<\/td>\n<td width=\"416\">6.4L<\/td>\n<td>Brzdov\u00e9 kotou\u010de 350 mm<\/td>\n<\/tr>\n<tr>\n<td width=\"81\">2012<\/td>\n<td width=\"81\">Dodge<\/td>\n<td width=\"125\">Charger<\/td>\n<td width=\"416\">6.4L<\/td>\n<td>Brzdov\u00e9 kotou\u010de 350 mm<\/td>\n<\/tr>\n<tr>\n<td width=\"81\">2011<\/td>\n<td width=\"81\">Dodge<\/td>\n<td width=\"125\">Challenger<\/td>\n<td width=\"416\">6.4L<\/td>\n<td>Brzdov\u00e9 kotou\u010de 350 mm<\/td>\n<\/tr>\n<tr>\n<td width=\"81\">2010<\/td>\n<td width=\"81\">Chrysler<\/td>\n<td width=\"125\">300<\/td>\n<td width=\"416\">6.1L<\/td>\n<td>Brzdov\u00e9 kotou\u010de 350 mm<\/td>\n<\/tr>\n<tr>\n<td width=\"81\">2010<\/td>\n<td width=\"81\">Dodge<\/td>\n<td width=\"125\">Challenger<\/td>\n<td width=\"416\">6.1L<\/td>\n<td>Brzdov\u00e9 kotou\u010de 350 mm<\/td>\n<\/tr>\n<tr>\n<td width=\"81\">2010<\/td>\n<td width=\"81\">Dodge<\/td>\n<td width=\"125\">Charger<\/td>\n<td width=\"416\">6.1L<\/td>\n<td>Brzdov\u00e9 kotou\u010de 350 mm<\/td>\n<\/tr>\n<tr>\n<td width=\"81\">2009<\/td>\n<td width=\"81\">Chrysler<\/td>\n<td width=\"125\">300<\/td>\n<td width=\"416\">6.1L<\/td>\n<td>Brzdov\u00e9 kotou\u010de 350 mm<\/td>\n<\/tr>\n<tr>\n<td width=\"81\">2009<\/td>\n<td width=\"81\">Dodge<\/td>\n<td width=\"125\">Charger<\/td>\n<td width=\"416\">6.1L<\/td>\n<td>Brzdov\u00e9 kotou\u010de 350 mm<\/td>\n<\/tr>\n<tr>\n<td width=\"81\">2008<\/td>\n<td width=\"81\">Chrysler<\/td>\n<td width=\"125\">300<\/td>\n<td width=\"416\">6.1L<\/td>\n<td>Brzdov\u00e9 kotou\u010de 350 mm<\/td>\n<\/tr>\n<tr>\n<td width=\"81\">2008<\/td>\n<td width=\"81\">Dodge<\/td>\n<td width=\"125\">Challenger<\/td>\n<td width=\"416\">6.1L<\/td>\n<td>Brzdov\u00e9 kotou\u010de 350 mm<\/td>\n<\/tr>\n<tr>\n<td width=\"81\">2008<\/td>\n<td width=\"81\">Dodge<\/td>\n<td width=\"125\">Charger<\/td>\n<td width=\"416\">6.1L<\/td>\n<td>Brzdov\u00e9 kotou\u010de 350 mm<\/td>\n<\/tr>\n<tr>\n<td width=\"81\">2008<\/td>\n<td width=\"81\">Dodge<\/td>\n<td width=\"125\">Magnum<\/td>\n<td width=\"416\">6.1L<\/td>\n<td>Brzdov\u00e9 kotou\u010de 350 mm<\/td>\n<\/tr>\n<\/tbody>\n<\/table>\n<p>&nbsp;<\/p>\n<p>&nbsp;<\/p>\n<h4>Vsa\u010fte na origin\u00e1ln\u00ed d\u00edly Mopar<\/h4>\n<p><strong>P\u0159esn\u00e9 uchycen\u00ed a testovan\u00e1 kvalita v\u00fdrobce:<\/strong> Spole\u010dnost Mopar v\u00e1m dod\u00e1v\u00e1 origin\u00e1ln\u00ed d\u00edly, kter\u00e9 byly vyvinuty speci\u00e1ln\u011b pro va\u0161e vozidlo - ne upraven\u00e9, ale origin\u00e1ln\u00ed. Ka\u017ed\u00fd d\u00edl p\u0159esn\u011b odpov\u00edd\u00e1 tov\u00e1rn\u00edm norm\u00e1m, a proto zaru\u010duje bezprobl\u00e9movou mont\u00e1\u017e, plnou funk\u010dnost a maxim\u00e1ln\u00ed bezpe\u010dnost.<\/p>\n<p><strong>Dlouh\u00e1 \u017eivotnost, na kterou se m\u016f\u017eete spolehnout:<\/strong> Origin\u00e1ln\u00ed d\u00edly Mopar jsou vyr\u00e1b\u011bny z odoln\u00fdch materi\u00e1l\u016f a podl\u00e9haj\u00ed p\u0159\u00edsn\u00fdm test\u016fm kvality. V\u00fdsledek: maxim\u00e1ln\u00ed spolehlivost i p\u0159i n\u00e1ro\u010dn\u00e9m pou\u017e\u00edv\u00e1n\u00ed - pro dlouhodob\u00e9 zachov\u00e1n\u00ed hodnoty a st\u00e1l\u00fd v\u00fdkon vozidla.<\/p>\n<p>&nbsp;<\/p>","protected":false},"excerpt":{"rendered":"<p>Origin\u00e1ln\u00ed d\u00edl Mopar<\/p>\n<p>Vlevo vzadu<\/p>\n<p>Brzdov\u00e9 kotou\u010de 350 mm<\/p>","protected":false},"featured_media":68343610,"comment_status":"open","ping_status":"closed","template":"","meta":{"_acf_changed":false},"product_brand":[16270],"product_cat":[10262,17810,17811,17814,17815,17816,17822,17823,17824,17833],"product_tag":[18864,17883,17880,17881,17882,798,31,8813,9424,16271,16273,16275,16272,16274,7221,2793,17879],"class_list":{"0":"post-68343123","1":"product","2":"type-product","3":"status-publish","4":"has-post-thumbnail","6":"product_brand-mopar","7":"product_cat-alle-produkte","8":"product_cat-300c-61-bremsenteile-zubehoer","9":"product_cat-300c-64-bremsenteile-zubehoer","10":"product_cat-challenger-61-bremsenteile-zubehoer","11":"product_cat-challenger-62-hellcat-bremsenteile-zubehoer","12":"product_cat-challenger-64-bremsenteile-zubehoer","13":"product_cat-charger-61-bremsenteile-zubehoer","14":"product_cat-charger-62-hellcat-bremsenteile-zubehoer","15":"product_cat-charger-64-bremsenteile-zubehoer","16":"product_cat-magnum-61-bremsenteile-zubehoer","17":"product_tag-05170482aa","18":"product_tag-5170482aa","19":"product_tag-ankerblech","20":"product_tag-bremsschutzblech","21":"product_tag-bremsstaubblech","22":"product_tag-hinten","23":"product_tag-mopar","24":"product_tag-mopar-autoteile","25":"product_tag-mopar-ersatzteile","26":"product_tag-mopar-ersatzteile-kaufen","27":"product_tag-mopar-performance-teile","28":"product_tag-mopar-teile-katalog","29":"product_tag-mopar-teile-online","30":"product_tag-mopar-tuningteile","31":"product_tag-mopar10","32":"product_tag-rechts","33":"product_tag-spritzblech","35":"first","36":"instock","37":"taxable","38":"shipping-taxable","39":"purchasable","40":"product-type-simple"},"bundled_by":[],"bundle_stock_status":"instock","bundle_stock_quantity":1,"bundle_virtual":false,"bundle_layout":"","bundle_add_to_cart_form_location":"","bundle_editable_in_cart":false,"bundle_sold_individually_context":"","bundle_item_grouping":"","bundle_min_size":"","bundle_max_size":"","bundle_price":[],"bundled_items":[],"bundle_sell_ids":[],"exclude_global_add_ons":[],"addons":[],"acf":[],"_links":{"self":[{"href":"https:\/\/kraftwerk-shop.cc\/cs\/wp-json\/wp\/v2\/product\/68343123","targetHints":{"allow":["GET"]}}],"collection":[{"href":"https:\/\/kraftwerk-shop.cc\/cs\/wp-json\/wp\/v2\/product"}],"about":[{"href":"https:\/\/kraftwerk-shop.cc\/cs\/wp-json\/wp\/v2\/types\/product"}],"replies":[{"embeddable":true,"href":"https:\/\/kraftwerk-shop.cc\/cs\/wp-json\/wp\/v2\/comments?post=68343123"}],"version-history":[{"count":0,"href":"https:\/\/kraftwerk-shop.cc\/cs\/wp-json\/wp\/v2\/product\/68343123\/revisions"}],"wp:featuredmedia":[{"embeddable":true,"href":"https:\/\/kraftwerk-shop.cc\/cs\/wp-json\/wp\/v2\/media\/68343610"}],"wp:attachment":[{"href":"https:\/\/kraftwerk-shop.cc\/cs\/wp-json\/wp\/v2\/media?parent=68343123"}],"wp:term":[{"taxonomy":"product_brand","embeddable":true,"href":"https:\/\/kraftwerk-shop.cc\/cs\/wp-json\/wp\/v2\/product_brand?post=68343123"},{"taxonomy":"product_cat","embeddable":true,"href":"https:\/\/kraftwerk-shop.cc\/cs\/wp-json\/wp\/v2\/product_cat?post=68343123"},{"taxonomy":"product_tag","embeddable":true,"href":"https:\/\/kraftwerk-shop.cc\/cs\/wp-json\/wp\/v2\/product_tag?post=68343123"}],"curies":[{"name":"wp","href":"https:\/\/api.w.org\/{rel}","templated":true}]}}