{"id":68343192,"date":"2025-07-12T13:25:18","date_gmt":"2025-07-12T11:25:18","guid":{"rendered":"https:\/\/kraftwerk-shop.cc\/?post_type=product&#038;p=68343192"},"modified":"2026-03-12T15:40:57","modified_gmt":"2026-03-12T14:40:57","slug":"odvzdusnovaci-sroub-brzd-mopar-68203104aa","status":"publish","type":"product","link":"https:\/\/kraftwerk-shop.cc\/cs\/produkt\/mopar-entluefterschraube-bremse-68203104aa\/","title":{"rendered":"Odvzdu\u0161\u0148ovac\u00ed \u0161roub brzd Mopar (68203104AA)"},"content":{"rendered":"<h1>Origin\u00e1ln\u00ed odvzdu\u0161\u0148ovac\u00ed \u0161roub brzd Mopar (68203104AA) pro \u0161estip\u00edstkov\u00fd brzdov\u00fd t\u0159men Brembo<\/h1>\n<p>&nbsp;<\/p>\n<p><span lang=\"DE\"><strong>\u010c\u00edslo d\u00edlu Mopar:<\/strong>\u00a068203104AA<br \/>\n<strong>Nahrazeno: <\/strong>5174331AA<\/span><\/p>\n<p>&nbsp;<\/p>\n<p><strong>Vhodn\u00e9 pro:<\/strong><\/p>\n<table width=\"971\">\n<tbody>\n<tr>\n<td width=\"81\"><strong>Rok v\u00fdstavby<\/strong><\/td>\n<td width=\"81\"><strong>Zna\u010dka<\/strong><\/td>\n<td width=\"125\"><strong>Model<\/strong><\/td>\n<td width=\"353\"><strong>Motor<\/strong><\/td>\n<td width=\"331\"><strong>Brzdy<\/strong><\/td>\n<\/tr>\n<tr>\n<td width=\"81\">2025<\/td>\n<td width=\"81\">Dodge<\/td>\n<td width=\"125\">Durango<\/td>\n<td width=\"353\">6.2L<\/td>\n<td width=\"331\">Brembo 6 p\u00edst\u016f<\/td>\n<\/tr>\n<tr>\n<td width=\"81\">2024<\/td>\n<td width=\"81\">Dodge<\/td>\n<td width=\"125\">Durango<\/td>\n<td width=\"353\">6,2 L, 6,4 L<\/td>\n<td width=\"331\">Brembo 6 p\u00edst\u016f<\/td>\n<\/tr>\n<tr>\n<td width=\"81\">2023<\/td>\n<td width=\"81\">Dodge<\/td>\n<td width=\"125\">Challenger<\/td>\n<td width=\"353\">6,2 L, 6,4 L<\/td>\n<td width=\"331\">Brembo 6 p\u00edst\u016f<\/td>\n<\/tr>\n<tr>\n<td width=\"81\">2023<\/td>\n<td width=\"81\">Dodge<\/td>\n<td width=\"125\">Charger<\/td>\n<td width=\"353\">6,2 L, 6,4 L<\/td>\n<td width=\"331\">Brembo 6 p\u00edst\u016f<\/td>\n<\/tr>\n<tr>\n<td width=\"81\">2023<\/td>\n<td width=\"81\">Dodge<\/td>\n<td width=\"125\">Durango<\/td>\n<td width=\"353\">6,2 L, 6,4 L<\/td>\n<td width=\"331\">Brembo 6 p\u00edst\u016f<\/td>\n<\/tr>\n<tr>\n<td width=\"81\">2022<\/td>\n<td width=\"81\">Dodge<\/td>\n<td width=\"125\">Challenger<\/td>\n<td width=\"353\">6,2 L, 6,4 L<\/td>\n<td width=\"331\">Brembo 6 p\u00edst\u016f<\/td>\n<\/tr>\n<tr>\n<td width=\"81\">2022<\/td>\n<td width=\"81\">Dodge<\/td>\n<td width=\"125\">Charger<\/td>\n<td width=\"353\">6,2 L, 6,4 L<\/td>\n<td width=\"331\">Brembo 6 p\u00edst\u016f<\/td>\n<\/tr>\n<tr>\n<td width=\"81\">2022<\/td>\n<td width=\"81\">Dodge<\/td>\n<td width=\"125\">Durango<\/td>\n<td width=\"353\">6.4L<\/td>\n<td width=\"331\">Brembo 6 p\u00edst\u016f<\/td>\n<\/tr>\n<tr>\n<td width=\"81\">2021<\/td>\n<td width=\"81\">Dodge<\/td>\n<td width=\"125\">Challenger<\/td>\n<td width=\"353\">6,2 L, 6,4 L<\/td>\n<td width=\"331\">Brembo 6 p\u00edst\u016f<\/td>\n<\/tr>\n<tr>\n<td width=\"81\">2021<\/td>\n<td width=\"81\">Dodge<\/td>\n<td width=\"125\">Charger<\/td>\n<td width=\"353\">6,2 L, 6,4 L<\/td>\n<td width=\"331\">Brembo 6 p\u00edst\u016f<\/td>\n<\/tr>\n<tr>\n<td width=\"81\">2021<\/td>\n<td width=\"81\">Dodge<\/td>\n<td width=\"125\">Durango<\/td>\n<td width=\"353\">6,2 L, 6,4 L<\/td>\n<td width=\"331\">Brembo 6 p\u00edst\u016f<\/td>\n<\/tr>\n<tr>\n<td width=\"81\">2021<\/td>\n<td width=\"81\">Jeep<\/td>\n<td width=\"125\">Grand Cherokee<\/td>\n<td width=\"353\">6,2 L, 6,4 L<\/td>\n<td width=\"331\">Brembo 6 p\u00edst\u016f<\/td>\n<\/tr>\n<tr>\n<td width=\"81\">2020<\/td>\n<td width=\"81\">Dodge<\/td>\n<td width=\"125\">Challenger<\/td>\n<td width=\"353\">6,2 L, 6,4 L<\/td>\n<td width=\"331\">Brembo 6 p\u00edst\u016f<\/td>\n<\/tr>\n<tr>\n<td width=\"81\">2020<\/td>\n<td width=\"81\">Dodge<\/td>\n<td width=\"125\">Charger<\/td>\n<td width=\"353\">6,2 L, 6,4 L<\/td>\n<td width=\"331\">Brembo 6 p\u00edst\u016f<\/td>\n<\/tr>\n<tr>\n<td width=\"81\">2020<\/td>\n<td width=\"81\">Dodge<\/td>\n<td width=\"125\">Durango<\/td>\n<td width=\"353\">6.4L<\/td>\n<td width=\"331\">Brembo 6 p\u00edst\u016f<\/td>\n<\/tr>\n<tr>\n<td width=\"81\">2020<\/td>\n<td width=\"81\">Jeep<\/td>\n<td width=\"125\">Grand Cherokee<\/td>\n<td width=\"353\">6,2 L, 6,4 L<\/td>\n<td width=\"331\">Brembo 6 p\u00edst\u016f<\/td>\n<\/tr>\n<tr>\n<td width=\"81\">2019<\/td>\n<td width=\"81\">Dodge<\/td>\n<td width=\"125\">Challenger<\/td>\n<td width=\"353\">6,2 L, 6,4 L<\/td>\n<td width=\"331\">Brembo 6 p\u00edst\u016f<\/td>\n<\/tr>\n<tr>\n<td width=\"81\">2019<\/td>\n<td width=\"81\">Dodge<\/td>\n<td width=\"125\">Charger<\/td>\n<td width=\"353\">6,2 L, 6,4 L<\/td>\n<td width=\"331\">Brembo 6 p\u00edst\u016f<\/td>\n<\/tr>\n<tr>\n<td width=\"81\">2019<\/td>\n<td width=\"81\">Dodge<\/td>\n<td width=\"125\">Durango<\/td>\n<td width=\"353\">6.4L<\/td>\n<td width=\"331\">Brembo 6 p\u00edst\u016f<\/td>\n<\/tr>\n<tr>\n<td width=\"81\">2019<\/td>\n<td width=\"81\">Jeep<\/td>\n<td width=\"125\">Grand Cherokee<\/td>\n<td width=\"353\">6,2 L, 6,4 L<\/td>\n<td width=\"331\">Brembo 6 p\u00edst\u016f<\/td>\n<\/tr>\n<tr>\n<td width=\"81\">2018<\/td>\n<td width=\"81\">Dodge<\/td>\n<td width=\"125\">Challenger<\/td>\n<td width=\"353\">6,2 L, 6,4 L<\/td>\n<td width=\"331\">Brembo 6 p\u00edst\u016f<\/td>\n<\/tr>\n<tr>\n<td width=\"81\">2018<\/td>\n<td width=\"81\">Dodge<\/td>\n<td width=\"125\">Charger<\/td>\n<td width=\"353\">6,2 L, 6,4 L<\/td>\n<td width=\"331\">Brembo 6 p\u00edst\u016f<\/td>\n<\/tr>\n<tr>\n<td width=\"81\">2018<\/td>\n<td width=\"81\">Dodge<\/td>\n<td width=\"125\">Durango<\/td>\n<td width=\"353\">6.4L<\/td>\n<td width=\"331\">Brembo 6 p\u00edst\u016f<\/td>\n<\/tr>\n<tr>\n<td width=\"81\">2018<\/td>\n<td width=\"81\">Jeep<\/td>\n<td width=\"125\">Grand Cherokee<\/td>\n<td width=\"353\">6,2 L, 6,4 L<\/td>\n<td width=\"331\">Brembo 6 p\u00edst\u016f<\/td>\n<\/tr>\n<tr>\n<td width=\"81\">2017<\/td>\n<td width=\"81\">Dodge<\/td>\n<td width=\"125\">Challenger<\/td>\n<td width=\"353\">6,2 L, 6,4 L<\/td>\n<td width=\"331\">Brembo 6 p\u00edst\u016f<\/td>\n<\/tr>\n<tr>\n<td width=\"81\">2017<\/td>\n<td width=\"81\">Dodge<\/td>\n<td width=\"125\">Charger<\/td>\n<td width=\"353\">6,2 L, 6,4 L<\/td>\n<td width=\"331\">Brembo 6 p\u00edst\u016f<\/td>\n<\/tr>\n<tr>\n<td width=\"81\">2017<\/td>\n<td width=\"81\">Jeep<\/td>\n<td width=\"125\">Grand Cherokee<\/td>\n<td width=\"353\">6.4L<\/td>\n<td width=\"331\">Brembo 6 p\u00edst\u016f<\/td>\n<\/tr>\n<tr>\n<td width=\"81\">2016<\/td>\n<td width=\"81\">Dodge<\/td>\n<td width=\"125\">Challenger<\/td>\n<td width=\"353\">6,2 L, 6,4 L<\/td>\n<td width=\"331\">Brembo 6 p\u00edst\u016f<\/td>\n<\/tr>\n<tr>\n<td width=\"81\">2016<\/td>\n<td width=\"81\">Dodge<\/td>\n<td width=\"125\">Charger<\/td>\n<td width=\"353\">6,2 L, 6,4 L<\/td>\n<td width=\"331\">Brembo 6 p\u00edst\u016f<\/td>\n<\/tr>\n<tr>\n<td width=\"81\">2016<\/td>\n<td width=\"81\">Jeep<\/td>\n<td width=\"125\">Grand Cherokee<\/td>\n<td width=\"353\">6.4L<\/td>\n<td width=\"331\">Brembo 6 p\u00edst\u016f<\/td>\n<\/tr>\n<tr>\n<td width=\"81\">2015<\/td>\n<td width=\"81\">Dodge<\/td>\n<td width=\"125\">Challenger<\/td>\n<td width=\"353\">6,2 L, 6,4 L<\/td>\n<td width=\"331\">Brembo 6 p\u00edst\u016f<\/td>\n<\/tr>\n<tr>\n<td width=\"81\">2015<\/td>\n<td width=\"81\">Dodge<\/td>\n<td width=\"125\">Charger<\/td>\n<td width=\"353\">6,2 L, 6,4 L<\/td>\n<td width=\"331\">Brembo 6 p\u00edst\u016f<\/td>\n<\/tr>\n<tr>\n<td width=\"81\">2015<\/td>\n<td width=\"81\">Jeep<\/td>\n<td width=\"125\">Grand Cherokee<\/td>\n<td width=\"353\">6.4L<\/td>\n<td width=\"331\">Brembo 6 p\u00edst\u016f<\/td>\n<\/tr>\n<tr>\n<td width=\"81\">2014<\/td>\n<td width=\"81\">Jeep<\/td>\n<td width=\"125\">Grand Cherokee<\/td>\n<td width=\"353\">6.4L<\/td>\n<td width=\"331\">Brembo 6 p\u00edst\u016f<\/td>\n<\/tr>\n<tr>\n<td width=\"81\">2013<\/td>\n<td width=\"81\">Jeep<\/td>\n<td width=\"125\">Grand Cherokee<\/td>\n<td width=\"353\">6.4L<\/td>\n<td width=\"331\">Brembo 6 p\u00edst\u016f<\/td>\n<\/tr>\n<tr>\n<td width=\"81\">2012<\/td>\n<td width=\"81\">Jeep<\/td>\n<td width=\"125\">Grand Cherokee<\/td>\n<td width=\"353\">6.4L<\/td>\n<td width=\"331\">Brembo 6 p\u00edst\u016f<\/td>\n<\/tr>\n<\/tbody>\n<\/table>\n<p>&nbsp;<\/p>\n<p>&nbsp;<\/p>\n<h4>Vsa\u010fte na origin\u00e1ln\u00ed d\u00edly Mopar<\/h4>\n<p><strong>P\u0159esn\u00e9 uchycen\u00ed a testovan\u00e1 kvalita v\u00fdrobce:<\/strong> Spole\u010dnost Mopar v\u00e1m dod\u00e1v\u00e1 origin\u00e1ln\u00ed d\u00edly, kter\u00e9 byly vyvinuty speci\u00e1ln\u011b pro va\u0161e vozidlo - ne upraven\u00e9, ale origin\u00e1ln\u00ed. Ka\u017ed\u00fd d\u00edl p\u0159esn\u011b odpov\u00edd\u00e1 tov\u00e1rn\u00edm norm\u00e1m, a proto zaru\u010duje bezprobl\u00e9movou mont\u00e1\u017e, plnou funk\u010dnost a maxim\u00e1ln\u00ed bezpe\u010dnost.<\/p>\n<p><strong>Dlouh\u00e1 \u017eivotnost, na kterou se m\u016f\u017eete spolehnout:<\/strong> Origin\u00e1ln\u00ed d\u00edly Mopar jsou vyr\u00e1b\u011bny z odoln\u00fdch materi\u00e1l\u016f a podl\u00e9haj\u00ed p\u0159\u00edsn\u00fdm test\u016fm kvality. V\u00fdsledek: maxim\u00e1ln\u00ed spolehlivost i p\u0159i n\u00e1ro\u010dn\u00e9m pou\u017e\u00edv\u00e1n\u00ed - pro dlouhodob\u00e9 zachov\u00e1n\u00ed hodnoty a st\u00e1l\u00fd v\u00fdkon vozidla.<\/p>\n<p>&nbsp;<\/p>","protected":false},"excerpt":{"rendered":"<p>Origin\u00e1ln\u00ed d\u00edl Mopar<\/p>\n<p>p\u0159edn\u00ed<\/p>\n<p>Brzdov\u00e9 kotou\u010de 380, 390 a 400 mm<\/p>","protected":false},"featured_media":68343287,"comment_status":"open","ping_status":"closed","template":"","meta":{"_acf_changed":false},"product_brand":[16270],"product_cat":[17815,17816,17823,17824,17826,17830],"product_tag":[18850,17793,17794,17796,17797,17795,31,8813,9424,16271,16273,16275,16272,16274,7221],"class_list":{"0":"post-68343192","1":"product","2":"type-product","3":"status-publish","4":"has-post-thumbnail","6":"product_brand-mopar","7":"product_cat-challenger-62-hellcat-bremsenteile-zubehoer","8":"product_cat-challenger-64-bremsenteile-zubehoer","9":"product_cat-charger-62-hellcat-bremsenteile-zubehoer","10":"product_cat-charger-64-bremsenteile-zubehoer","11":"product_cat-durango-hellcat-bremsenteile-zubehoer","12":"product_cat-durango-64-bremsenteile-zubehoer","13":"product_tag-05174331aa","14":"product_tag-5174331aa","15":"product_tag-68203104aa","16":"product_tag-bremsentluefterschraube","17":"product_tag-entluefterschraube","18":"product_tag-entluefterschraube-bremse","19":"product_tag-mopar","20":"product_tag-mopar-autoteile","21":"product_tag-mopar-ersatzteile","22":"product_tag-mopar-ersatzteile-kaufen","23":"product_tag-mopar-performance-teile","24":"product_tag-mopar-teile-katalog","25":"product_tag-mopar-teile-online","26":"product_tag-mopar-tuningteile","27":"product_tag-mopar10","29":"first","30":"instock","31":"taxable","32":"shipping-taxable","33":"purchasable","34":"product-type-simple"},"bundled_by":[],"bundle_stock_status":"instock","bundle_stock_quantity":4,"bundle_virtual":false,"bundle_layout":"","bundle_add_to_cart_form_location":"","bundle_editable_in_cart":false,"bundle_sold_individually_context":"","bundle_item_grouping":"","bundle_min_size":"","bundle_max_size":"","bundle_price":[],"bundled_items":[],"bundle_sell_ids":[],"exclude_global_add_ons":[],"addons":[],"acf":[],"_links":{"self":[{"href":"https:\/\/kraftwerk-shop.cc\/cs\/wp-json\/wp\/v2\/product\/68343192","targetHints":{"allow":["GET"]}}],"collection":[{"href":"https:\/\/kraftwerk-shop.cc\/cs\/wp-json\/wp\/v2\/product"}],"about":[{"href":"https:\/\/kraftwerk-shop.cc\/cs\/wp-json\/wp\/v2\/types\/product"}],"replies":[{"embeddable":true,"href":"https:\/\/kraftwerk-shop.cc\/cs\/wp-json\/wp\/v2\/comments?post=68343192"}],"version-history":[{"count":0,"href":"https:\/\/kraftwerk-shop.cc\/cs\/wp-json\/wp\/v2\/product\/68343192\/revisions"}],"wp:featuredmedia":[{"embeddable":true,"href":"https:\/\/kraftwerk-shop.cc\/cs\/wp-json\/wp\/v2\/media\/68343287"}],"wp:attachment":[{"href":"https:\/\/kraftwerk-shop.cc\/cs\/wp-json\/wp\/v2\/media?parent=68343192"}],"wp:term":[{"taxonomy":"product_brand","embeddable":true,"href":"https:\/\/kraftwerk-shop.cc\/cs\/wp-json\/wp\/v2\/product_brand?post=68343192"},{"taxonomy":"product_cat","embeddable":true,"href":"https:\/\/kraftwerk-shop.cc\/cs\/wp-json\/wp\/v2\/product_cat?post=68343192"},{"taxonomy":"product_tag","embeddable":true,"href":"https:\/\/kraftwerk-shop.cc\/cs\/wp-json\/wp\/v2\/product_tag?post=68343192"}],"curies":[{"name":"wp","href":"https:\/\/api.w.org\/{rel}","templated":true}]}}