{"id":68346153,"date":"2025-07-20T00:58:41","date_gmt":"2025-07-19T22:58:41","guid":{"rendered":"https:\/\/kraftwerk-shop.cc\/?post_type=product&#038;p=68346153"},"modified":"2026-03-24T14:28:07","modified_gmt":"2026-03-24T13:28:07","slug":"brzdove-desticky-bproauto-1bp00303aa","status":"publish","type":"product","link":"https:\/\/kraftwerk-shop.cc\/cs\/produkt\/bproauto-bremsbelaege-1bp00303aa\/","title":{"rendered":"brzdov\u00e9 desti\u010dky bproauto (1BP00303AA)"},"content":{"rendered":"<h1>bproauto brzdov\u00e9 desti\u010dky 1BP00303AA pro Chrysler 300C, Dodge Challenger, Charger a Magnum 3.5, 3.6 a 5.7 z let 2005 a\u017e 2023 (zadn\u00ed n\u00e1prava)<\/h1>\n<p>&nbsp;<\/p>\n<p><span lang=\"DE\"><strong>Srovn\u00e1vac\u00ed \u010d\u00edsla Mopar:<\/strong> 5139191AA , 5142561AA, 5142561AB, 5142566AA, 5142566AB, 5142566AC, <span class=\"list-value sku-display\">68504576AA<\/span>, <span class=\"list-value sku-display\">68504576AB<\/span><\/span><\/p>\n<p>&nbsp;<\/p>\n<p><strong>Vhodn\u00e9 pro:<\/strong><\/p>\n<table width=\"0\">\n<tbody>\n<tr>\n<td width=\"64\">Chrysler<\/td>\n<td width=\"100\">300C<\/td>\n<td width=\"163\">3.0 CRD, 3.5, 3.6, 5.7<\/td>\n<td width=\"305\">v\u0161echny roky v\u00fdroby, 320 mm brzdov\u00fd kotou\u010d<\/td>\n<\/tr>\n<tr>\n<td width=\"64\">Dodge<\/td>\n<td width=\"100\">Challenger<\/td>\n<td width=\"163\">3.5, 3.6, 5.7<\/td>\n<td width=\"305\">v\u0161echny roky v\u00fdroby, 320 mm brzdov\u00fd kotou\u010d<\/td>\n<\/tr>\n<tr>\n<td width=\"64\">Dodge<\/td>\n<td width=\"100\">Charger<\/td>\n<td width=\"163\">3.5, 3.6, 5.7<\/td>\n<td width=\"305\">v\u0161echny roky v\u00fdroby, 320 mm brzdov\u00fd kotou\u010d<\/td>\n<\/tr>\n<tr>\n<td width=\"64\">Dodge<\/td>\n<td width=\"100\">Magnum<\/td>\n<td width=\"163\">3.5, 5.7<\/td>\n<td width=\"305\">v\u0161echny roky v\u00fdroby, 320 mm brzdov\u00fd kotou\u010d<\/td>\n<\/tr>\n<tr>\n<td width=\"64\">Lancia<\/td>\n<td width=\"100\">T\u00e9ma<\/td>\n<td width=\"163\">3.0 MultiJet, 3.6<\/td>\n<td width=\"305\">v\u0161echny roky v\u00fdroby, 320 mm brzdov\u00fd kotou\u010d<\/td>\n<\/tr>\n<\/tbody>\n<\/table>\n<p>&nbsp;<\/p>\n<p>&nbsp;<\/p>\n<p>&nbsp;<\/p>\n<h4>O spole\u010dnosti bproauto<\/h4>\n<p>bproauto je poprodejn\u00ed zna\u010dka spole\u010dnosti Stellantis, kter\u00e1 byla vyvinuta speci\u00e1ln\u011b pro poskytov\u00e1n\u00ed vysoce kvalitn\u00edch n\u00e1hradn\u00edch d\u00edl\u016f pro vozidla koncernov\u00fdch zna\u010dek Chrysler, Dodge, Jeep a RAM. C\u00edl: nab\u00eddnout majitel\u016fm vozidel cenov\u011b v\u00fdhodnou, spolehlivou a vysoce kvalitn\u00ed alternativu k origin\u00e1ln\u00edm n\u00e1hradn\u00edm d\u00edl\u016fm - bez kompromis\u016f v oblasti kvality, p\u0159esnosti ulo\u017een\u00ed nebo bezpe\u010dnosti.<br \/>\nKvalita OEM pro trh s n\u00e1hradn\u00edmi d\u00edly.<\/p>\n<p>bproauto nab\u00edz\u00ed \u0161irokou \u0161k\u00e1lu n\u00e1hradn\u00edch d\u00edl\u016f, kter\u00e9 jsou vyr\u00e1b\u011bny a podrobn\u011b testov\u00e1ny podle p\u0159\u00edsn\u00fdch norem pro origin\u00e1ln\u00ed vybaven\u00ed (O.E.). V\u00fdrobky jsou navr\u017eeny tak, aby p\u0159esn\u011b odpov\u00eddaly specifikac\u00edm p\u0159\u00edslu\u0161n\u00fdch model\u016f vozidel - a to jak z hlediska v\u00fdkonu, tak i ulo\u017een\u00ed.<\/p>\n<p>&nbsp;<\/p>","protected":false},"excerpt":{"rendered":"<p>2005\u20132023<\/p>","protected":false},"featured_media":68346155,"comment_status":"open","ping_status":"closed","template":"","meta":{"_acf_changed":false},"product_brand":[16873],"product_cat":[17711,17716,17720,17724,17728,17710,17704,17702,17740,17744,17748,17752,17768,17772],"product_tag":[18219,18220,18221,18222,18224,17911,88,169,52,91,2140,2141,2142,2143,2144,2145,21021,21020,16871,590,795,54,53,48,49,798,799,55,31,8813,9424,16271,16273,16275,16272,16274,7221],"class_list":{"0":"post-68346153","1":"product","2":"type-product","3":"status-publish","4":"has-post-thumbnail","6":"product_brand-bproauto","7":"product_cat-300c-30-diesel-bremsbelaege-hinten","8":"product_cat-300c-35-bremsbelaege-hinten","9":"product_cat-300c-36-bremsbelaege-hinten","10":"product_cat-300c-57-2005-2010-bremsbelaege-hinten","11":"product_cat-300c-57-2011-2023-bremsbelaege-hinten","12":"product_cat-challenger-35-bremsbelaege-hinten","13":"product_cat-challenger-36-bremsbelaege-hinten","14":"product_cat-challenger-57-bremsbelaege-hinten","15":"product_cat-charger-35-bremsbelaege-hinten","16":"product_cat-charger-36-bremsbelaege-hinten","17":"product_cat-charger-57-bremsbelaege-hinten","18":"product_cat-charger-57-2011-2023-bremsbelaege-hinten","19":"product_cat-magnum-35-bremsbelaege-hinten","20":"product_cat-magnum-57-bremsbelaege-hinten","21":"product_tag-05139191aa","22":"product_tag-05142561aa","23":"product_tag-05142561ab","24":"product_tag-05142566aa","25":"product_tag-05142566ac","26":"product_tag-1bp00303aa","27":"product_tag-3-5","28":"product_tag-3-6","29":"product_tag-300c","30":"product_tag-5-7","31":"product_tag-5139191aa","32":"product_tag-5142561aa","33":"product_tag-5142561ab","34":"product_tag-5142566aa","35":"product_tag-5142566ab","36":"product_tag-5142566ac","37":"product_tag-68504576aa","38":"product_tag-68504576ab","39":"product_tag-bproauto","40":"product_tag-bremsbelaege","41":"product_tag-bremse","42":"product_tag-challenger","43":"product_tag-charger","44":"product_tag-chrysler","45":"product_tag-dodge","46":"product_tag-hinten","47":"product_tag-hinterachse","48":"product_tag-magnum","49":"product_tag-mopar","50":"product_tag-mopar-autoteile","51":"product_tag-mopar-ersatzteile","52":"product_tag-mopar-ersatzteile-kaufen","53":"product_tag-mopar-performance-teile","54":"product_tag-mopar-teile-katalog","55":"product_tag-mopar-teile-online","56":"product_tag-mopar-tuningteile","57":"product_tag-mopar10","59":"first","60":"instock","61":"taxable","62":"shipping-taxable","63":"purchasable","64":"product-type-simple"},"bundled_by":[],"bundle_stock_status":"instock","bundle_stock_quantity":2,"bundle_virtual":false,"bundle_layout":"","bundle_add_to_cart_form_location":"","bundle_editable_in_cart":false,"bundle_sold_individually_context":"","bundle_item_grouping":"","bundle_min_size":"","bundle_max_size":"","bundle_price":[],"bundled_items":[],"bundle_sell_ids":[],"exclude_global_add_ons":[],"addons":[],"acf":[],"_links":{"self":[{"href":"https:\/\/kraftwerk-shop.cc\/cs\/wp-json\/wp\/v2\/product\/68346153","targetHints":{"allow":["GET"]}}],"collection":[{"href":"https:\/\/kraftwerk-shop.cc\/cs\/wp-json\/wp\/v2\/product"}],"about":[{"href":"https:\/\/kraftwerk-shop.cc\/cs\/wp-json\/wp\/v2\/types\/product"}],"replies":[{"embeddable":true,"href":"https:\/\/kraftwerk-shop.cc\/cs\/wp-json\/wp\/v2\/comments?post=68346153"}],"version-history":[{"count":0,"href":"https:\/\/kraftwerk-shop.cc\/cs\/wp-json\/wp\/v2\/product\/68346153\/revisions"}],"wp:featuredmedia":[{"embeddable":true,"href":"https:\/\/kraftwerk-shop.cc\/cs\/wp-json\/wp\/v2\/media\/68346155"}],"wp:attachment":[{"href":"https:\/\/kraftwerk-shop.cc\/cs\/wp-json\/wp\/v2\/media?parent=68346153"}],"wp:term":[{"taxonomy":"product_brand","embeddable":true,"href":"https:\/\/kraftwerk-shop.cc\/cs\/wp-json\/wp\/v2\/product_brand?post=68346153"},{"taxonomy":"product_cat","embeddable":true,"href":"https:\/\/kraftwerk-shop.cc\/cs\/wp-json\/wp\/v2\/product_cat?post=68346153"},{"taxonomy":"product_tag","embeddable":true,"href":"https:\/\/kraftwerk-shop.cc\/cs\/wp-json\/wp\/v2\/product_tag?post=68346153"}],"curies":[{"name":"wp","href":"https:\/\/api.w.org\/{rel}","templated":true}]}}