{"id":68346811,"date":"2025-08-03T13:16:15","date_gmt":"2025-08-03T11:16:15","guid":{"rendered":"https:\/\/kraftwerk-shop.cc\/?post_type=product&#038;p=68346811"},"modified":"2026-04-02T15:11:45","modified_gmt":"2026-04-02T13:11:45","slug":"brzdove-desticky-mopar-srt-68144213ac","status":"publish","type":"product","link":"https:\/\/kraftwerk-shop.cc\/cs\/produkt\/mopar-bremsbelaege-srt-68144213ac\/","title":{"rendered":"Brzdov\u00e9 desti\u010dky Mopar SRT (68144213AC)"},"content":{"rendered":"<h1>Origin\u00e1ln\u00ed brzdov\u00e9 desti\u010dky Mopar (68144213AC) pro Chrysler 300C, Dodge Challenger a Charger 6.4 z let 2012 a\u017e 2020 (p\u0159edn\u00ed n\u00e1prava)<\/h1>\n<p>&nbsp;<\/p>\n<p><strong>\u010c\u00edslo d\u00edlu Mopar:<\/strong>\u00a068144213AC<br \/>\n<strong>Nahrazeno:<\/strong> 68144213AA, 68144213AB<\/p>\n<p>&nbsp;<\/p>\n<p><strong>Vhodn\u00e9 pro:<\/strong><\/p>\n<table width=\"919\">\n<tbody>\n<tr>\n<td width=\"81\">Chrysler<\/td>\n<td width=\"199\">300C<\/td>\n<td width=\"174\">6.4<\/td>\n<td width=\"465\">2012 a\u017e 2020 s brzdov\u00fdmi kotou\u010di 360 mm<\/td>\n<\/tr>\n<tr>\n<td width=\"81\">Dodge<\/td>\n<td width=\"199\">Challenger<\/td>\n<td width=\"174\">6.4<\/td>\n<td width=\"465\">2012 a\u017e 2020 s brzdov\u00fdmi kotou\u010di 360 mm<\/td>\n<\/tr>\n<tr>\n<td width=\"81\">Dodge<\/td>\n<td width=\"199\">Charger<\/td>\n<td width=\"174\">6.4<\/td>\n<td width=\"465\">2012 a\u017e 2020 s brzdov\u00fdmi kotou\u010di 360 mm<\/td>\n<\/tr>\n<\/tbody>\n<\/table>\n<p><strong>\u00a0<\/strong><\/p>\n<p>&nbsp;<\/p>\n<p>Vhodn\u00e9 od roku 2012 do modelu 2020 v\u010detn\u011b, pokud byl brzdov\u00fd kotou\u010d 360 mm namontov\u00e1n z v\u00fdroby.<\/p>\n<p>Cena se vztahuje na 1 sadu pro kompletn\u00ed p\u0159edn\u00ed n\u00e1pravu.<\/p>\n<p>&nbsp;<\/p>\n<p>&nbsp;<\/p>","protected":false},"excerpt":{"rendered":"<p>Origin\u00e1ln\u00ed d\u00edl Mopar, vhodn\u00fd pro brzdov\u00e9 kotou\u010de 360 mm<br \/>\n2012 - 2020<\/p>","protected":false},"featured_media":68346996,"comment_status":"open","ping_status":"closed","template":"","meta":{"_acf_changed":false},"product_brand":[16270],"product_cat":[17735,17687,17763],"product_tag":[52,2156,832,838,590,10803,795,839,840,54,53,48,536,49,3853,3854,692,36,55,31,34,794,842,841,673],"class_list":{"0":"post-68346811","1":"product","2":"type-product","3":"status-publish","4":"has-post-thumbnail","6":"product_brand-mopar","7":"product_cat-300c-64-bremsbelaege-vorne","8":"product_cat-challenger-64-bremsbelaege-vorne","9":"product_cat-charger-64-bremsbelaege-vorne","10":"product_tag-300c","11":"product_tag-360-mm","12":"product_tag-brembo","13":"product_tag-bremsbelag","14":"product_tag-bremsbelaege","15":"product_tag-bremsbelaege-fuer-dodge-challenger-6-4","16":"product_tag-bremse","17":"product_tag-bremsklotz","18":"product_tag-bremskloetze","19":"product_tag-challenger","20":"product_tag-charger","21":"product_tag-chrysler","22":"product_tag-chrysler-300c","23":"product_tag-dodge","24":"product_tag-dodge-challenger","25":"product_tag-dodge-charger","26":"product_tag-ersatzteil","27":"product_tag-kraftwerk","28":"product_tag-magnum","29":"product_tag-mopar","30":"product_tag-original","31":"product_tag-premium","32":"product_tag-vorderachse","33":"product_tag-vorne","34":"product_tag-zubehoer","36":"first","37":"instock","38":"taxable","39":"shipping-taxable","40":"purchasable","41":"product-type-simple"},"bundled_by":[],"bundle_stock_status":"instock","bundle_stock_quantity":3,"bundle_virtual":false,"bundle_layout":"","bundle_add_to_cart_form_location":"","bundle_editable_in_cart":false,"bundle_sold_individually_context":"","bundle_item_grouping":"","bundle_min_size":"","bundle_max_size":"","bundle_price":[],"bundled_items":[],"bundle_sell_ids":[],"exclude_global_add_ons":[],"addons":[],"acf":[],"_links":{"self":[{"href":"https:\/\/kraftwerk-shop.cc\/cs\/wp-json\/wp\/v2\/product\/68346811","targetHints":{"allow":["GET"]}}],"collection":[{"href":"https:\/\/kraftwerk-shop.cc\/cs\/wp-json\/wp\/v2\/product"}],"about":[{"href":"https:\/\/kraftwerk-shop.cc\/cs\/wp-json\/wp\/v2\/types\/product"}],"replies":[{"embeddable":true,"href":"https:\/\/kraftwerk-shop.cc\/cs\/wp-json\/wp\/v2\/comments?post=68346811"}],"version-history":[{"count":0,"href":"https:\/\/kraftwerk-shop.cc\/cs\/wp-json\/wp\/v2\/product\/68346811\/revisions"}],"wp:featuredmedia":[{"embeddable":true,"href":"https:\/\/kraftwerk-shop.cc\/cs\/wp-json\/wp\/v2\/media\/68346996"}],"wp:attachment":[{"href":"https:\/\/kraftwerk-shop.cc\/cs\/wp-json\/wp\/v2\/media?parent=68346811"}],"wp:term":[{"taxonomy":"product_brand","embeddable":true,"href":"https:\/\/kraftwerk-shop.cc\/cs\/wp-json\/wp\/v2\/product_brand?post=68346811"},{"taxonomy":"product_cat","embeddable":true,"href":"https:\/\/kraftwerk-shop.cc\/cs\/wp-json\/wp\/v2\/product_cat?post=68346811"},{"taxonomy":"product_tag","embeddable":true,"href":"https:\/\/kraftwerk-shop.cc\/cs\/wp-json\/wp\/v2\/product_tag?post=68346811"}],"curies":[{"name":"wp","href":"https:\/\/api.w.org\/{rel}","templated":true}]}}