{"id":68347728,"date":"2025-08-16T15:14:29","date_gmt":"2025-08-16T13:14:29","guid":{"rendered":"https:\/\/kraftwerk-shop.cc\/?post_type=product&#038;p=68347728"},"modified":"2026-02-15T01:22:38","modified_gmt":"2026-02-15T00:22:38","slug":"oracle-lighting-colourshift-interierove-osvetleni-ram","status":"publish","type":"product","link":"https:\/\/kraftwerk-shop.cc\/cs\/produkt\/oracle-lighting-colorshift-innenraumbeleuchtung-ram\/","title":{"rendered":"Vnit\u0159n\u00ed osv\u011btlen\u00ed Oracle Lighting ColorSHIFT RAM"},"content":{"rendered":"<h1>Kompletn\u00ed konverzn\u00ed sada ColorSHIFT spole\u010dnosti Oracle Lighting pro vnit\u0159n\u00ed osv\u011btlen\u00ed RAM<\/h1>\n<p>&nbsp;<\/p>\n<p>Nejste spokojeni s nudn\u00fdm b\u00edl\u00fdm sv\u011btlem na palubn\u00ed desce va\u0161eho nov\u00e9ho vozu RAM nebo hled\u00e1te snadn\u00fd zp\u016fsob, jak dodat interi\u00e9ru va\u0161eho vozidla jedine\u010dn\u00fd styl?<br \/>\nS novou sadou ORACLE Lighting Interior Ambient Lighting ColorSHIFT\u00ae RGB pro 5. generaci RAM m\u016f\u017eete zm\u011bnit nudn\u00e9 standardn\u00ed osv\u011btlen\u00ed interi\u00e9ru na jasn\u00e9 barevn\u00e9 akcenty - a to v\u0161e pomoc\u00ed sv\u00e9ho chytr\u00e9ho telefonu!<br \/>\nTato sada p\u0159edstavuje dokonal\u00fd zp\u016fsob, jak \u010dist\u011b a harmonicky osv\u011btlit v\u00e1\u0161 interi\u00e9r. Pomoc\u00ed snadno pou\u017eiteln\u00e9 aplikace pro chytr\u00fd telefon m\u016f\u017eete sv\u00e1 nov\u00e1 sv\u011btla RAM RGB na p\u0159\u00edstrojov\u00e9 desce rozsv\u00edtit v jak\u00e9koli p\u0159edstaviteln\u00e9 barv\u011b a vytvo\u0159it si tak vlastn\u00ed styl.<\/p>\n<p>Sada vnit\u0159n\u00edho osv\u011btlen\u00ed RAM vyu\u017e\u00edv\u00e1 v\u00fdkonn\u00e9 desky ColourSHIFT\u00ae LED RGB, kter\u00e9 nahrazuj\u00ed st\u00e1vaj\u00edc\u00ed desky namontovan\u00e9 z v\u00fdroby.<br \/>\nJednodu\u0161e se p\u0159ipojte k na\u0161emu dodan\u00e9mu ovlada\u010di RGB Bluetooth pomoc\u00ed p\u0159ipojen\u00ed plug-and-play. P\u0159ipojte ovlada\u010d pomoc\u00ed dodan\u00fdch konektor\u016f a m\u016f\u017eete ovl\u00e1dat osv\u011btlen\u00ed prost\u0159ednictv\u00edm bezplatn\u00e9 aplikace ve sv\u00e9m chytr\u00e9m telefonu.<br \/>\nAplikace umo\u017e\u0148uje pln\u011b ovl\u00e1dat stovky barev, vzor\u016f a \u00farovn\u00ed jasu. Na\u0161e nejmodern\u011bj\u0161\u00ed sada interi\u00e9rov\u00e9ho osv\u011btlen\u00ed RGB pro vozy RAM 5. generace je skv\u011bl\u00fdm zp\u016fsobem, jak si p\u0159izp\u016fsobit vozidlo s \u00fa\u017easn\u00fdm vzhledem a \u0161pi\u010dkov\u00fdm v\u00fdkonem. Vystupte z davu s nov\u00fdm, modern\u00edm designem LED od spole\u010dnosti ORACLE Lighting.<\/p>\n<p>&nbsp;<\/p>\n<p><strong>Vlastnosti produktu:<\/strong><\/p>\n<ul>\n<li>\u017div\u00e9 barvy, kter\u00e9 zv\u00fdrazn\u00ed interi\u00e9r va\u0161eho vozidla<\/li>\n<li>Nahrazuje desky plo\u0161n\u00fdch spoj\u016f osazen\u00e9 z v\u00fdroby.<\/li>\n<li>Funkce Bluetooth - ovl\u00e1d\u00e1n\u00ed pomoc\u00ed chytr\u00e9ho telefonu s bezplatnou aplikac\u00ed<\/li>\n<\/ul>\n<p>&nbsp;<\/p>\n<p><strong>Sada obsahuje:<\/strong><\/p>\n<ul>\n<li>Celkem 19 vysoce v\u00fdkonn\u00fdch n\u00e1hradn\u00edch desek ColorSHIFT\n<ul>\n<li>(3) Desky ColourSHIFT\u00ae RGB v p\u0159\u00edstrojov\u00e9 desce<\/li>\n<li>(2) desky ColourSHIFT\u00ae RGB v prostoru pro nohy vp\u0159edu<\/li>\n<li>(2) tabule ColorSHIFT\u00ae RGB v prostoru pro nohy vzadu<\/li>\n<li>(2) desky ColorSHIFT\u00ae RGB v horn\u00edch p\u0159ihr\u00e1dk\u00e1ch p\u0159edn\u00edch dve\u0159\u00ed<\/li>\n<li>(2) desky ColorSHIFT\u00ae RGB ve spodn\u00edch p\u0159ihr\u00e1dk\u00e1ch p\u0159edn\u00edch dve\u0159\u00ed<\/li>\n<li>(2) desky obvod\u016f ColourSHIFT\u00ae RGB pro kliky p\u0159edn\u00edch dve\u0159\u00ed<\/li>\n<li>(2) desky plo\u0161n\u00fdch spoj\u016f ColorSHIFT\u00ae RGB pro horn\u00ed \u00falo\u017en\u00e9 prostory zadn\u00edch dve\u0159\u00ed<\/li>\n<li>(2) desky plo\u0161n\u00fdch spoj\u016f ColorSHIFT\u00ae RGB pro spodn\u00ed odkl\u00e1dac\u00ed prostory zadn\u00edch dve\u0159\u00ed<\/li>\n<li>(2) desky obvod\u016f ColorSHIFT\u00ae RGB pro kliky zadn\u00edch dve\u0159\u00ed<\/li>\n<li>(1) Ovlada\u010d LED ColorSHIFT\u00ae Bluetooth<\/li>\n<\/ul>\n<\/li>\n<li>P\u0159ipojen\u00ed a u\u017eivatelsk\u00e1 p\u0159\u00edru\u010dka k \u0159\u00eddic\u00ed jednotce<\/li>\n<\/ul>\n<p>&nbsp;<\/p>\n<p><strong>Pozn\u00e1mky:<\/strong><\/p>\n<ul>\n<li>Uveden\u00e9 modely mus\u00ed b\u00fdt vybaveny bal\u00ed\u010dkem vnit\u0159n\u00edho osv\u011btlen\u00ed.<\/li>\n<li>Nen\u00ed vhodn\u00e9 pro modely 2500\/3500<\/li>\n<li>N\u011bkter\u00e9 modely TRX od roku 23 nejsou vybaveny ambientn\u00edm osv\u011btlen\u00edm LED na stran\u011b \u0159idi\u010de a\/nebo klikami dve\u0159\u00ed.<b><br \/>\nP\u0159ed objedn\u00e1n\u00edm si pros\u00edm ov\u011b\u0159te, zda jsou k dispozici<\/b><\/li>\n<\/ul>\n<p>&nbsp;<\/p>\n<p><iframe loading=\"lazy\" title=\"P\u0159ehr\u00e1va\u010d vide\u00ed YouTube\" src=\"https:\/\/www.youtube.com\/embed\/OgBajAN5BNY?si=Om-E5zdV87qvFHdE\" width=\"560\" height=\"315\" frameborder=\"0\" allowfullscreen=\"allowfullscreen\"><\/iframe><\/p>","protected":false},"excerpt":{"rendered":"<p>2019\u20132024<\/p>","protected":false},"featured_media":68347731,"comment_status":"open","ping_status":"closed","template":"","meta":{"_acf_changed":false},"product_brand":[18906],"product_cat":[10262,19680,7445,7450],"product_tag":[475,18893,18899,18896,18897,18900,476,18907,18898,18894,6974,18098,18100,18099,86,18901,818,18895],"class_list":{"0":"post-68347728","1":"product","2":"type-product","3":"status-publish","4":"has-post-thumbnail","6":"product_brand-oracle-lighting","7":"product_cat-alle-produkte","8":"product_cat-1500-36-dt-beleuchtung","9":"product_cat-1500-57-dt-beleuchtung","10":"product_cat-trx-beleuchtung","11":"product_tag-475","12":"product_tag-4235-333","13":"product_tag-ablagefaecher","14":"product_tag-ambient-lighting","15":"product_tag-armaturenbrett","16":"product_tag-controller","17":"product_tag-dt","18":"product_tag-fahrzeugbeleuchtung","19":"product_tag-fussraum","20":"product_tag-innenraumbeleuchtung","21":"product_tag-led","22":"product_tag-mopar-10","23":"product_tag-oracle","24":"product_tag-oracle-lighting","25":"product_tag-ram","26":"product_tag-tuergriffe","27":"product_tag-umbausatz","28":"product_tag-umruestsatz","30":"first","31":"instock","32":"taxable","33":"shipping-taxable","34":"purchasable","35":"product-type-simple"},"bundled_by":[],"bundle_stock_status":"instock","bundle_stock_quantity":1,"bundle_virtual":false,"bundle_layout":"","bundle_add_to_cart_form_location":"","bundle_editable_in_cart":false,"bundle_sold_individually_context":"","bundle_item_grouping":"","bundle_min_size":"","bundle_max_size":"","bundle_price":[],"bundled_items":[],"bundle_sell_ids":[],"exclude_global_add_ons":[],"addons":[],"acf":[],"_links":{"self":[{"href":"https:\/\/kraftwerk-shop.cc\/cs\/wp-json\/wp\/v2\/product\/68347728","targetHints":{"allow":["GET"]}}],"collection":[{"href":"https:\/\/kraftwerk-shop.cc\/cs\/wp-json\/wp\/v2\/product"}],"about":[{"href":"https:\/\/kraftwerk-shop.cc\/cs\/wp-json\/wp\/v2\/types\/product"}],"replies":[{"embeddable":true,"href":"https:\/\/kraftwerk-shop.cc\/cs\/wp-json\/wp\/v2\/comments?post=68347728"}],"version-history":[{"count":0,"href":"https:\/\/kraftwerk-shop.cc\/cs\/wp-json\/wp\/v2\/product\/68347728\/revisions"}],"wp:featuredmedia":[{"embeddable":true,"href":"https:\/\/kraftwerk-shop.cc\/cs\/wp-json\/wp\/v2\/media\/68347731"}],"wp:attachment":[{"href":"https:\/\/kraftwerk-shop.cc\/cs\/wp-json\/wp\/v2\/media?parent=68347728"}],"wp:term":[{"taxonomy":"product_brand","embeddable":true,"href":"https:\/\/kraftwerk-shop.cc\/cs\/wp-json\/wp\/v2\/product_brand?post=68347728"},{"taxonomy":"product_cat","embeddable":true,"href":"https:\/\/kraftwerk-shop.cc\/cs\/wp-json\/wp\/v2\/product_cat?post=68347728"},{"taxonomy":"product_tag","embeddable":true,"href":"https:\/\/kraftwerk-shop.cc\/cs\/wp-json\/wp\/v2\/product_tag?post=68347728"}],"curies":[{"name":"wp","href":"https:\/\/api.w.org\/{rel}","templated":true}]}}