{"id":68347832,"date":"2025-08-17T16:59:23","date_gmt":"2025-08-17T14:59:23","guid":{"rendered":"https:\/\/kraftwerk-shop.cc\/?post_type=product&#038;p=68347832"},"modified":"2026-03-04T12:57:05","modified_gmt":"2026-03-04T11:57:05","slug":"ati-6-overdrive-tlumic-57-64","status":"publish","type":"product","link":"https:\/\/kraftwerk-shop.cc\/cs\/produkt\/ati-6-overdrive-damper-57-64\/","title":{"rendered":"ATI 6% Overdrive Super Damper 5.7 &amp; 6.4"},"content":{"rendered":"<h1>6% Tlumi\u010d vibrac\u00ed ATI pro Chrysler 300C, Dodge Challenger, Charger, Durango a Jeep Grand Cherokee 5.7 a 6.4 od 2011 do 2023<\/h1>\n<h2>V\u011bt\u0161\u00ed plnic\u00ed tlak pro p\u0159epl\u0148ovan\u00e9 motory HEMI<\/h2>\n<p>&nbsp;<\/p>\n<p>Super tlumi\u010d ATI 6 % Overdrive je ide\u00e1ln\u00edm \u0159e\u0161en\u00edm pro v\u0161echny, kte\u0159\u00ed cht\u011bj\u00ed z motoru 5,7 L nebo 6,4 L HEMI v dodate\u010dn\u011b instalovan\u00e9m syst\u00e9mu p\u0159epl\u0148ov\u00e1n\u00ed z\u00edskat je\u0161t\u011b vy\u0161\u0161\u00ed v\u00fdkon.<br \/>\nZv\u00fd\u0161en\u00fd p\u0159evodov\u00fd pom\u011br znamen\u00e1, \u017ee p\u0159epl\u0148ovac\u00ed turbodmychadlo je poh\u00e1n\u011bno rychleji, co\u017e zvy\u0161uje plnic\u00ed tlak a uvol\u0148uje znateln\u011b vy\u0161\u0161\u00ed v\u00fdkon - a z\u00e1rove\u0148 maximalizuje ochranu motoru.<br \/>\nTlumi\u010d ATI Super Damper byl vyvinut speci\u00e1ln\u011b pro vysoce v\u00fdkonn\u00e9 aplikace a zaji\u0161\u0165uje vyv\u00e1\u017een\u00e9 tlumen\u00ed torzn\u00edch vibrac\u00ed klikov\u00e9ho h\u0159\u00eddele p\u0159i v\u0161ech ot\u00e1\u010dk\u00e1ch motoru.<br \/>\nDoporu\u010duje se zejm\u00e9na pro p\u0159estavby turbodmychadel, kdy je zapot\u0159eb\u00ed vy\u0161\u0161\u00ed plnic\u00ed tlak a vy\u0161\u0161\u00ed v\u00fdkon - a\u0165 u\u017e p\u0159i ka\u017edodenn\u00edm pou\u017e\u00edv\u00e1n\u00ed, na \u010dtvrtm\u00edli nebo na z\u00e1vodn\u00ed trati.<\/p>\n<p>&nbsp;<\/p>\n<p>&nbsp;<\/p>\n<p><strong>Vlastnosti:<\/strong><\/p>\n<ul>\n<li>+6 % v\u00edce ot\u00e1\u010dek turbodmychadla - zv\u00fd\u0161en\u00fd plnic\u00ed tlak a znateln\u00e9 zv\u00fd\u0161en\u00ed v\u00fdkonu<\/li>\n<li>Chr\u00e1n\u00ed lo\u017eiska, pohon rozvod\u016f a pomocn\u00e9 jednotky p\u0159ed torzn\u00edmi vibracemi.<\/li>\n<li>Nahrazuje standardn\u00ed tlumi\u010d, odstra\u0148uje zn\u00e1m\u00e9 nedostatky OEM.<\/li>\n<li>Certifik\u00e1t SFI 18.1 \u2192 bezpe\u010dn\u00fd p\u0159i vysok\u00fdch rychlostech, vhodn\u00fd pro z\u00e1vod\u011bn\u00ed<\/li>\n<li>Modul\u00e1rn\u00ed a servisn\u011b nen\u00e1ro\u010dn\u00e1 konstrukce \u2192 p\u0159estaviteln\u00e1 konstrukce s vym\u011bniteln\u00fdmi O-krou\u017eky<\/li>\n<li>Laserem grav\u00edrovan\u00e9 360stup\u0148ov\u00e9 zna\u010den\u00ed<\/li>\n<li>\u010cern\u00fd chromovan\u00fd zinkov\u00fd povlak<\/li>\n<\/ul>\n<p>&nbsp;<\/p>\n<p><strong>Rozsah dod\u00e1vky<\/strong>:<\/p>\n<ul>\n<li>ATI 6% Tlumi\u010d p\u0159eb\u011bhu<\/li>\n<\/ul>\n<p>&nbsp;<\/p>\n<p><strong>Pozn\u00e1mky:<\/strong><\/p>\n<ul>\n<li>Tento d\u00edl je ur\u010den pouze pro odbornou instalaci<\/li>\n<li>Pokyny k instalaci jsou dod\u00e1v\u00e1ny v angli\u010dtin\u011b<\/li>\n<li>M\u016f\u017ee b\u00fdt vy\u017eadov\u00e1n del\u0161\u00ed popruh, kter\u00fd nen\u00ed sou\u010d\u00e1st\u00ed dod\u00e1vky.<\/li>\n<li>Doporu\u010duje se sada klikov\u00fdch \u010dep\u016f ATI<\/li>\n<li>Nevhodn\u00e9 pro roky 2009 a 2010 5.7<\/li>\n<\/ul>\n<p>&nbsp;<\/p>\n<p>&nbsp;<\/p>\n<p><strong>O v\u00fdrobci ATI Performance Products:<\/strong><\/p>\n<p>Spole\u010dnost ATI Performance Products, Inc. byla zalo\u017eena v roce 1961 v Baltimoru (Maryland, USA) a dnes je jedn\u00edm z p\u0159edn\u00edch specialist\u016f na vysoce v\u00fdkonn\u00e9 komponenty v motorsportu.<br \/>\nSpole\u010dnost je ji\u017e des\u00edtky let zn\u00e1m\u00e1 sv\u00fdmi inovativn\u00edmi technologiemi, nekompromisn\u00ed kvalitou a zku\u0161enostmi ze z\u00e1vod\u016f.<\/p>\n<p>Portfolio v\u00fdrobk\u016f sah\u00e1 od p\u0159evodovek, m\u011bni\u010d\u016f to\u010div\u00e9ho momentu a sou\u010d\u00e1st\u00ed diferenci\u00e1l\u016f a\u017e po mezin\u00e1rodn\u011b uzn\u00e1van\u00e9 super tlumi\u010de ATI. Ty jsou pova\u017eov\u00e1ny za pr\u016fmyslov\u00fd standard pro profesion\u00e1ln\u00ed z\u00e1vodn\u00ed t\u00fdmy a n\u00e1ro\u010dn\u00e9 ladi\u010de po cel\u00e9m sv\u011bt\u011b. Maj\u00ed n\u011bkolik certifikac\u00ed SFI 18.1, modul\u00e1rn\u00ed konstrukci a lze je podle pot\u0159eby p\u0159et\u011bsnit nebo opravit.<br \/>\nD\u00edky sv\u00e9 vynikaj\u00edc\u00ed kvalit\u011b jsou pova\u017eov\u00e1ny nejen za standard pro tuning, ale pou\u017e\u00edvaj\u00ed se tak\u00e9 v r\u016fzn\u00fdch v\u00fdrobn\u00edch z\u00e1vodech Mopar Crate Engines.<\/p>\n<p>Spole\u010dnost se vyzna\u010duje preciznost\u00ed \"Made in USA\" v kombinaci s des\u00edtkami let zku\u0161enost\u00ed v profesion\u00e1ln\u00edm motorsportu. Ka\u017ed\u00fd, kdo se rozhodne pro tyto v\u00fdrobky, z\u00edsk\u00e1 sou\u010d\u00e1stku, kter\u00e1 v sob\u011b spojuje maxim\u00e1ln\u00ed bezpe\u010dnost, dlouhou \u017eivotnost a maxim\u00e1ln\u00ed v\u00fdkon - jak p\u0159i ka\u017edodenn\u00edm pou\u017e\u00edv\u00e1n\u00ed, tak v nejn\u00e1ro\u010dn\u011bj\u0161\u00edch z\u00e1vodn\u00edch podm\u00ednk\u00e1ch.<\/p>\n<p>&nbsp;<\/p>","protected":false},"excerpt":{"rendered":"<p>6% Tlumi\u010d vibrac\u00ed ATI pro Chrysler 300C, Dodge Challenger, Charger, Durango a Jeep Grand Cherokee 5,7 a 6,4 od<\/p>","protected":false},"featured_media":68347782,"comment_status":"open","ping_status":"closed","template":"","meta":{"_acf_changed":false},"product_brand":[18918],"product_cat":[10262,4979,6724,1794,6490,2508,6729,1792,6484,5158,6734,1795,6495,2553,6739,2552,6500,2555,6744,2557,6505],"product_tag":[52,91,1049,93,18915,18914,2840,54,53,48,49,3853,3854,95,56,50,4425,36,2847,397,86,721,2842,2841,246],"class_list":{"0":"post-68347832","1":"product","2":"type-product","3":"status-publish","4":"has-post-thumbnail","6":"product_brand-ati-performance","7":"product_cat-alle-produkte","8":"product_cat-300c-57-2011-2023-kompressor","9":"product_cat-300c-57-2011-2023-kurbelwelle-kolben","10":"product_cat-300c-64-kompressor","11":"product_cat-300c-64-kurbelwelle-kolben","12":"product_cat-challenger-57-kompressor","13":"product_cat-challenger-57-kurbelwelle-kolben","14":"product_cat-challenger-64-kompressor","15":"product_cat-challenger-64-kurbelwelle-kolben","16":"product_cat-charger-57-2011-2023-kompressor","17":"product_cat-charger-57-2011-2023-kurbelwelle-kolben","18":"product_cat-charger-64-kompressor","19":"product_cat-charger-64-kurbelwelle-kolben","20":"product_cat-durango-57-kompressor","21":"product_cat-durango-57-kurbelwelle-kolben","22":"product_cat-durango-64-kompressor","23":"product_cat-durango-64-kurbelwelle-kolben","24":"product_cat-grand-cherokee-57-2011-2021-kompressor","25":"product_cat-grand-cherokee-57-2011-2021-kurbelwelle-kolben","26":"product_cat-grand-cherokee-64-kompressor","27":"product_cat-grand-cherokee-64-kurbelwelle-kolben","28":"product_tag-300c","29":"product_tag-5-7","30":"product_tag-1049","31":"product_tag-6-4","32":"product_tag-6-overdrive","33":"product_tag-18914","34":"product_tag-ati","35":"product_tag-challenger","36":"product_tag-charger","37":"product_tag-chrysler","38":"product_tag-dodge","39":"product_tag-dodge-challenger","40":"product_tag-dodge-charger","41":"product_tag-durango","42":"product_tag-grand-cherokee","43":"product_tag-jeep","44":"product_tag-jeep-grand-cherokee","45":"product_tag-kraftwerk","46":"product_tag-overdrive","47":"product_tag-pulley","48":"product_tag-ram","49":"product_tag-riemenscheibe","50":"product_tag-schwingungsdaempfer","51":"product_tag-super-damper","52":"product_tag-supercharger","54":"first","55":"onbackorder","56":"taxable","57":"shipping-taxable","58":"purchasable","59":"product-type-variable","60":"has-default-attributes"},"bundled_by":[],"bundle_stock_status":"onbackorder","bundle_stock_quantity":0,"bundle_virtual":false,"bundle_layout":"","bundle_add_to_cart_form_location":"","bundle_editable_in_cart":false,"bundle_sold_individually_context":"","bundle_item_grouping":"","bundle_min_size":"","bundle_max_size":"","bundle_price":[],"bundled_items":[],"bundle_sell_ids":[],"exclude_global_add_ons":[],"addons":[],"acf":[],"_links":{"self":[{"href":"https:\/\/kraftwerk-shop.cc\/cs\/wp-json\/wp\/v2\/product\/68347832","targetHints":{"allow":["GET"]}}],"collection":[{"href":"https:\/\/kraftwerk-shop.cc\/cs\/wp-json\/wp\/v2\/product"}],"about":[{"href":"https:\/\/kraftwerk-shop.cc\/cs\/wp-json\/wp\/v2\/types\/product"}],"replies":[{"embeddable":true,"href":"https:\/\/kraftwerk-shop.cc\/cs\/wp-json\/wp\/v2\/comments?post=68347832"}],"version-history":[{"count":0,"href":"https:\/\/kraftwerk-shop.cc\/cs\/wp-json\/wp\/v2\/product\/68347832\/revisions"}],"wp:featuredmedia":[{"embeddable":true,"href":"https:\/\/kraftwerk-shop.cc\/cs\/wp-json\/wp\/v2\/media\/68347782"}],"wp:attachment":[{"href":"https:\/\/kraftwerk-shop.cc\/cs\/wp-json\/wp\/v2\/media?parent=68347832"}],"wp:term":[{"taxonomy":"product_brand","embeddable":true,"href":"https:\/\/kraftwerk-shop.cc\/cs\/wp-json\/wp\/v2\/product_brand?post=68347832"},{"taxonomy":"product_cat","embeddable":true,"href":"https:\/\/kraftwerk-shop.cc\/cs\/wp-json\/wp\/v2\/product_cat?post=68347832"},{"taxonomy":"product_tag","embeddable":true,"href":"https:\/\/kraftwerk-shop.cc\/cs\/wp-json\/wp\/v2\/product_tag?post=68347832"}],"curies":[{"name":"wp","href":"https:\/\/api.w.org\/{rel}","templated":true}]}}