{"id":68347838,"date":"2025-08-17T17:02:24","date_gmt":"2025-08-17T15:02:24","guid":{"rendered":"https:\/\/kraftwerk-shop.cc\/?post_type=product&#038;p=68347838"},"modified":"2026-03-04T12:57:06","modified_gmt":"2026-03-04T11:57:06","slug":"ati-tlumic-spodniho-nahonu-57-64","status":"publish","type":"product","link":"https:\/\/kraftwerk-shop.cc\/cs\/produkt\/ati-underdrive-damper-57-64\/","title":{"rendered":"ATI 15% Underdrive Super Damper 5.7 &amp; 6.4"},"content":{"rendered":"<h1>15% Tlumi\u010d vibrac\u00ed spodn\u00edho pohonu od ATI pro Chrysler 300C, Dodge Challenger, Charger, Durango a Jeep Grand Cherokee 5.7 a 6.4 od 2011 do 2023<\/h1>\n<p>&nbsp;<\/p>\n<p>Pokud chcete uvolnit dal\u0161\u00ed v\u00fdkon sn\u00ed\u017een\u00edm ot\u00e1\u010dek pomocn\u00fdch jednotek, je pro v\u00e1s ATI 15 % Underdrive Super Damper to prav\u00e9.<br \/>\nTento tlumi\u010d vibrac\u00ed m\u00e1 7palcov\u00e9 kyvn\u00e9 z\u00e1va\u017e\u00ed pro maxim\u00e1ln\u00ed ochranu klikov\u00e9ho h\u0159\u00eddele a ventilov\u00e9ho rozvodu!<\/p>\n<p>Super tlumi\u010d ATI 15 % Underdrive je nejen v\u00fdkonnostn\u00ed vylep\u0161en\u00ed, ale tak\u00e9 d\u016fle\u017eit\u00e1 sou\u010d\u00e1st pro bezpe\u010dnost motoru 5.7 nebo 6.4 Hemi.<\/p>\n<p>Tlumi\u010d ATI Super Damper je schv\u00e1len SFI pro silni\u010dn\u00ed i z\u00e1vodn\u00ed pou\u017eit\u00ed. Tlumi\u010d ATI Super Damper byl speci\u00e1ln\u011b vyvinut pro vysoce v\u00fdkonn\u00e9 aplikace a zaji\u0161\u0165uje vyv\u00e1\u017een\u00e9 tlumen\u00ed torzn\u00edch vibrac\u00ed klikov\u00e9ho h\u0159\u00eddele p\u0159i v\u0161ech ot\u00e1\u010dk\u00e1ch motoru. S 360stup\u0148ov\u00fdm laserov\u00fdm grav\u00edrov\u00e1n\u00edm pro vyzna\u010den\u00ed \u010dasov\u00e1n\u00ed zapalov\u00e1n\u00ed.<\/p>\n<p>Patentovan\u00fd tlumi\u010d ATI Super Damper je jedin\u00fd tlumi\u010d vyvinut\u00fd v\u00fdhradn\u011b pro vysoce v\u00fdkonn\u00e9 motory.<\/p>\n<p>&nbsp;<\/p>\n<ul>\n<li>Eliminuje torzn\u00ed vibrace klikov\u00e9ho h\u0159\u00eddele, chr\u00e1n\u00ed lo\u017eiska a pohon rozvod\u016f.<\/li>\n<li>Certifik\u00e1t SFI-18.1: Vhodn\u00e9 pro z\u00e1vod\u011bn\u00ed, bezpe\u010dn\u00e9 p\u0159i vysok\u00fdch rychlostech.<\/li>\n<li>Odleh\u010duje z\u00e1t\u011b\u017e pomocn\u00fdch jednotek, poskytuje znateln\u00fd dodate\u010dn\u00fd v\u00fdkon (a\u017e 10-15 k).<\/li>\n<li>Lep\u0161\u00ed chov\u00e1n\u00ed p\u0159i reakci: Z\u0159eteln\u011b rychlej\u0161\u00ed ot\u00e1\u010dky, agiln\u011bj\u0161\u00ed pocit z j\u00edzdy<\/li>\n<li>Odolnost a snadn\u00fd servis: P\u0159estaviteln\u00e1 konstrukce s vym\u011bniteln\u00fdmi O-krou\u017eky.<\/li>\n<li>Vylep\u0161en\u00ed ochrany motoru: Zabra\u0148uje zn\u00e1m\u00fdm nedostatk\u016fm standardn\u00edho tlumi\u010de Hemi.<\/li>\n<li>Laserem grav\u00edrovan\u00e9 360stup\u0148ov\u00e9 zna\u010den\u00ed<\/li>\n<li>\u010cern\u00fd chromovan\u00fd zinkov\u00fd povlak<\/li>\n<\/ul>\n<p>&nbsp;<\/p>\n<p><strong>Rozsah dod\u00e1vky<\/strong>:<\/p>\n<ul>\n<li>ATI 15% Tlumi\u010d spodn\u00edho n\u00e1honu<\/li>\n<\/ul>\n<p>&nbsp;<\/p>\n<p><strong>Pozn\u00e1mky:<\/strong><\/p>\n<ul>\n<li>Tento d\u00edl je ur\u010den pouze pro odbornou instalaci<\/li>\n<li>Vy\u017eaduje drobn\u00e9 brou\u0161en\u00ed u\u0161\u00ed olejov\u00e9 vany\/sk\u0159\u00edn\u011b ovl\u00e1d\u00e1n\u00ed, aby se vytvo\u0159il prostor.<\/li>\n<li>Doporu\u010duje se minim\u00e1ln\u00ed vzd\u00e1lenost 0,060 mezi zadn\u00ed deskou tlumi\u010de a ovl\u00e1dac\u00ed sk\u0159\u00edn\u00ed\/olejovou vanou.<\/li>\n<li>Pokyny k instalaci jsou dod\u00e1v\u00e1ny v angli\u010dtin\u011b<\/li>\n<li>M\u016f\u017ee b\u00fdt vy\u017eadov\u00e1n krat\u0161\u00ed popruh, kter\u00fd nen\u00ed sou\u010d\u00e1st\u00ed dod\u00e1vky.<\/li>\n<li>Nevhodn\u00e9 pro roky 2009 a 2010 5.7<\/li>\n<\/ul>\n<p>&nbsp;<\/p>\n<p>&nbsp;<\/p>\n<p><strong>O v\u00fdrobci ATI Performance Products:<\/strong><\/p>\n<p>Spole\u010dnost ATI Performance Products, Inc. byla zalo\u017eena v roce 1961 v Baltimoru (Maryland, USA) a dnes je jedn\u00edm z p\u0159edn\u00edch specialist\u016f na vysoce v\u00fdkonn\u00e9 komponenty v motorsportu.<br \/>\nSpole\u010dnost je ji\u017e des\u00edtky let zn\u00e1m\u00e1 sv\u00fdmi inovativn\u00edmi technologiemi, nekompromisn\u00ed kvalitou a zku\u0161enostmi ze z\u00e1vod\u016f.<\/p>\n<p>Portfolio v\u00fdrobk\u016f sah\u00e1 od p\u0159evodovek, m\u011bni\u010d\u016f to\u010div\u00e9ho momentu a sou\u010d\u00e1st\u00ed diferenci\u00e1l\u016f a\u017e po mezin\u00e1rodn\u011b uzn\u00e1van\u00e9 super tlumi\u010de ATI. Ty jsou pova\u017eov\u00e1ny za pr\u016fmyslov\u00fd standard pro profesion\u00e1ln\u00ed z\u00e1vodn\u00ed t\u00fdmy a n\u00e1ro\u010dn\u00e9 ladi\u010de po cel\u00e9m sv\u011bt\u011b. Maj\u00ed n\u011bkolik certifikac\u00ed SFI 18.1, modul\u00e1rn\u00ed konstrukci a lze je podle pot\u0159eby p\u0159et\u011bsnit nebo opravit.<br \/>\nD\u00edky sv\u00e9 vynikaj\u00edc\u00ed kvalit\u011b jsou pova\u017eov\u00e1ny nejen za standard pro tuning, ale pou\u017e\u00edvaj\u00ed se tak\u00e9 v r\u016fzn\u00fdch v\u00fdrobn\u00edch z\u00e1vodech Mopar Crate Engines.<\/p>\n<p>Spole\u010dnost se vyzna\u010duje preciznost\u00ed \"Made in USA\" v kombinaci s des\u00edtkami let zku\u0161enost\u00ed v profesion\u00e1ln\u00edm motorsportu. Ka\u017ed\u00fd, kdo se rozhodne pro tyto v\u00fdrobky, z\u00edsk\u00e1 sou\u010d\u00e1stku, kter\u00e1 v sob\u011b spojuje maxim\u00e1ln\u00ed bezpe\u010dnost, dlouhou \u017eivotnost a maxim\u00e1ln\u00ed v\u00fdkon - jak p\u0159i ka\u017edodenn\u00edm pou\u017e\u00edv\u00e1n\u00ed, tak v nejn\u00e1ro\u010dn\u011bj\u0161\u00edch z\u00e1vodn\u00edch podm\u00ednk\u00e1ch.<\/p>\n<p>&nbsp;<\/p>","protected":false},"excerpt":{"rendered":"<p>15% Tlumi\u010d vibrac\u00ed spodn\u00edho pohonu od ATI pro Chrysler 300C, Dodge Challenger, Charger, Durango a Jeep Grand Cherokee 5.7 a 6.4 od<\/p>","protected":false},"featured_media":68347778,"comment_status":"open","ping_status":"closed","template":"","meta":{"_acf_changed":false},"product_brand":[18918],"product_cat":[10262,6724,6490,6729,6484,6734,6495,6739,6500,6744,6505],"product_tag":[18911,18913,52,91,93,18917,2840,54,53,48,49,3853,3854,95,56,50,4425,36,31,397,86,721,18919,2842,2841,246,18912,4440],"class_list":{"0":"post-68347838","1":"product","2":"type-product","3":"status-publish","4":"has-post-thumbnail","6":"product_brand-ati-performance","7":"product_cat-alle-produkte","8":"product_cat-300c-57-2011-2023-kurbelwelle-kolben","9":"product_cat-300c-64-kurbelwelle-kolben","10":"product_cat-challenger-57-kurbelwelle-kolben","11":"product_cat-challenger-64-kurbelwelle-kolben","12":"product_cat-charger-57-2011-2023-kurbelwelle-kolben","13":"product_cat-charger-64-kurbelwelle-kolben","14":"product_cat-durango-57-kurbelwelle-kolben","15":"product_cat-durango-64-kurbelwelle-kolben","16":"product_cat-grand-cherokee-57-2011-2021-kurbelwelle-kolben","17":"product_cat-grand-cherokee-64-kurbelwelle-kolben","18":"product_tag-18911","19":"product_tag-15-underdrive","20":"product_tag-300c","21":"product_tag-5-7","22":"product_tag-6-4","23":"product_tag-18917","24":"product_tag-ati","25":"product_tag-challenger","26":"product_tag-charger","27":"product_tag-chrysler","28":"product_tag-dodge","29":"product_tag-dodge-challenger","30":"product_tag-dodge-charger","31":"product_tag-durango","32":"product_tag-grand-cherokee","33":"product_tag-jeep","34":"product_tag-jeep-grand-cherokee","35":"product_tag-kraftwerk","36":"product_tag-mopar","37":"product_tag-pulley","38":"product_tag-ram","39":"product_tag-riemenscheibe","40":"product_tag-schraube-vibrationsdaempfer-riemenscheibe-kurbelwelle","41":"product_tag-schwingungsdaempfer","42":"product_tag-super-damper","43":"product_tag-supercharger","44":"product_tag-underdrive","45":"product_tag-vibrationsdaempfer","47":"first","48":"onbackorder","49":"taxable","50":"shipping-taxable","51":"purchasable","52":"product-type-variable","53":"has-default-attributes"},"bundled_by":[],"bundle_stock_status":"onbackorder","bundle_stock_quantity":0,"bundle_virtual":false,"bundle_layout":"","bundle_add_to_cart_form_location":"","bundle_editable_in_cart":false,"bundle_sold_individually_context":"","bundle_item_grouping":"","bundle_min_size":"","bundle_max_size":"","bundle_price":[],"bundled_items":[],"bundle_sell_ids":[],"exclude_global_add_ons":[],"addons":[],"acf":[],"_links":{"self":[{"href":"https:\/\/kraftwerk-shop.cc\/cs\/wp-json\/wp\/v2\/product\/68347838","targetHints":{"allow":["GET"]}}],"collection":[{"href":"https:\/\/kraftwerk-shop.cc\/cs\/wp-json\/wp\/v2\/product"}],"about":[{"href":"https:\/\/kraftwerk-shop.cc\/cs\/wp-json\/wp\/v2\/types\/product"}],"replies":[{"embeddable":true,"href":"https:\/\/kraftwerk-shop.cc\/cs\/wp-json\/wp\/v2\/comments?post=68347838"}],"version-history":[{"count":0,"href":"https:\/\/kraftwerk-shop.cc\/cs\/wp-json\/wp\/v2\/product\/68347838\/revisions"}],"wp:featuredmedia":[{"embeddable":true,"href":"https:\/\/kraftwerk-shop.cc\/cs\/wp-json\/wp\/v2\/media\/68347778"}],"wp:attachment":[{"href":"https:\/\/kraftwerk-shop.cc\/cs\/wp-json\/wp\/v2\/media?parent=68347838"}],"wp:term":[{"taxonomy":"product_brand","embeddable":true,"href":"https:\/\/kraftwerk-shop.cc\/cs\/wp-json\/wp\/v2\/product_brand?post=68347838"},{"taxonomy":"product_cat","embeddable":true,"href":"https:\/\/kraftwerk-shop.cc\/cs\/wp-json\/wp\/v2\/product_cat?post=68347838"},{"taxonomy":"product_tag","embeddable":true,"href":"https:\/\/kraftwerk-shop.cc\/cs\/wp-json\/wp\/v2\/product_tag?post=68347838"}],"curies":[{"name":"wp","href":"https:\/\/api.w.org\/{rel}","templated":true}]}}