{"id":68348231,"date":"2025-08-24T16:24:41","date_gmt":"2025-08-24T14:24:41","guid":{"rendered":"https:\/\/kraftwerk-shop.cc\/?post_type=product&#038;p=68348231"},"modified":"2026-02-15T01:22:51","modified_gmt":"2026-02-15T00:22:51","slug":"klinovy-remen-continental-36","status":"publish","type":"product","link":"https:\/\/kraftwerk-shop.cc\/cs\/produkt\/continental-keilriemen-36\/","title":{"rendered":"Continental kl\u00ednov\u00fd \u0159emen 3.6"},"content":{"rendered":"<h1>Kl\u00ednov\u00fd \u0159emen Continental CONTI\u00aeV pro Chrysler 300C, Dodge Challenger, Charger a RAM 1500 od roku 2014 do roku 2024<\/h1>\n<p>&nbsp;<\/p>\n<p><strong>Srovn\u00e1vac\u00ed \u010d\u00edslo Mopar:<\/strong> 4861928AA<\/p>\n<p>&nbsp;<\/p>\n<p><strong><br \/>\nVhodn\u00e9 pro:<\/strong><\/p>\n<table width=\"1229\">\n<tbody>\n<tr>\n<td width=\"81\"><strong>Rok v\u00fdstavby<\/strong><\/td>\n<td width=\"81\"><strong>Zna\u010dka<\/strong><\/td>\n<td width=\"125\"><strong>Model<\/strong><\/td>\n<td width=\"611\"><strong>Verze<\/strong><\/td>\n<td width=\"331\"><strong>Motor<\/strong><\/td>\n<\/tr>\n<tr>\n<td width=\"81\">2024<\/td>\n<td width=\"81\">Ram<\/td>\n<td width=\"125\">1500 Classic<\/td>\n<td width=\"611\">Tradesman, Warlock<\/td>\n<td width=\"331\">3.6L V6 - Flex<\/td>\n<\/tr>\n<tr>\n<td width=\"81\">2023<\/td>\n<td width=\"81\">Chrysler<\/td>\n<td width=\"125\">300<\/td>\n<td width=\"611\">S, Touring, Touring L<\/td>\n<td width=\"331\">3.6L V6 - Flex, 3.6L<\/td>\n<\/tr>\n<tr>\n<td width=\"81\">2023<\/td>\n<td width=\"81\">Dodge<\/td>\n<td width=\"125\">Challenger<\/td>\n<td width=\"611\">GT, SXT<\/td>\n<td width=\"331\">3.6L<\/td>\n<\/tr>\n<tr>\n<td width=\"81\">2023<\/td>\n<td width=\"81\">Dodge<\/td>\n<td width=\"125\">Charger<\/td>\n<td width=\"611\">GT, Pursuit, SXT<\/td>\n<td width=\"331\">3.6L V6 - Flex, 3.6L<\/td>\n<\/tr>\n<tr>\n<td width=\"81\">2023<\/td>\n<td width=\"81\">Ram<\/td>\n<td width=\"125\">1500 Classic<\/td>\n<td width=\"611\">Tradesman, Warlock<\/td>\n<td width=\"331\">3.6L V6 - Flex<\/td>\n<\/tr>\n<tr>\n<td width=\"81\">2022<\/td>\n<td width=\"81\">Chrysler<\/td>\n<td width=\"125\">300<\/td>\n<td width=\"611\">S, Touring, Touring L<\/td>\n<td width=\"331\">3.6L V6 - Flex, 3.6L<\/td>\n<\/tr>\n<tr>\n<td width=\"81\">2022<\/td>\n<td width=\"81\">Dodge<\/td>\n<td width=\"125\">Challenger<\/td>\n<td width=\"611\">GT, SXT<\/td>\n<td width=\"331\">3.6L<\/td>\n<\/tr>\n<tr>\n<td width=\"81\">2022<\/td>\n<td width=\"81\">Dodge<\/td>\n<td width=\"125\">Charger<\/td>\n<td width=\"611\">GT, SXT<\/td>\n<td width=\"331\">3.6L V6 - Flex, 3.6L<\/td>\n<\/tr>\n<tr>\n<td width=\"81\">2022<\/td>\n<td width=\"81\">Ram<\/td>\n<td width=\"125\">1500 Classic<\/td>\n<td width=\"611\">Express, SLT, Tradesman, Warlock<\/td>\n<td width=\"331\">3.6L V6 - Flex<\/td>\n<\/tr>\n<tr>\n<td width=\"81\">2021<\/td>\n<td width=\"81\">Chrysler<\/td>\n<td width=\"125\">300<\/td>\n<td width=\"611\">S, Touring, Touring L<\/td>\n<td width=\"331\">3.6L V6 - Flex, 3.6L<\/td>\n<\/tr>\n<tr>\n<td width=\"81\">2021<\/td>\n<td width=\"81\">Dodge<\/td>\n<td width=\"125\">Challenger<\/td>\n<td width=\"611\">GT, SXT<\/td>\n<td width=\"331\">3.6L<\/td>\n<\/tr>\n<tr>\n<td width=\"81\">2021<\/td>\n<td width=\"81\">Dodge<\/td>\n<td width=\"125\">Charger<\/td>\n<td width=\"611\">GT, SXT<\/td>\n<td width=\"331\">3.6L V6 - Flex, 3.6L<\/td>\n<\/tr>\n<tr>\n<td width=\"81\">2021<\/td>\n<td width=\"81\">Ram<\/td>\n<td width=\"125\">1500 Classic<\/td>\n<td width=\"611\">Express, SLT, Tradesman, Warlock<\/td>\n<td width=\"331\">3.6L V6 - Flex<\/td>\n<\/tr>\n<tr>\n<td width=\"81\">2020<\/td>\n<td width=\"81\">Chrysler<\/td>\n<td width=\"125\">300<\/td>\n<td width=\"611\">Limited, S, Touring, Touring L<\/td>\n<td width=\"331\">3.6L V6 - Flex, 3.6L<\/td>\n<\/tr>\n<tr>\n<td width=\"81\">2020<\/td>\n<td width=\"81\">Dodge<\/td>\n<td width=\"125\">Challenger<\/td>\n<td width=\"611\">GT, SXT<\/td>\n<td width=\"331\">3.6L<\/td>\n<\/tr>\n<tr>\n<td width=\"81\">2020<\/td>\n<td width=\"81\">Dodge<\/td>\n<td width=\"125\">Charger<\/td>\n<td width=\"611\">GT, Pursuit, SXT<\/td>\n<td width=\"331\">3.6L V6 - Flex, 3.6L<\/td>\n<\/tr>\n<tr>\n<td width=\"81\">2020<\/td>\n<td width=\"81\">Ram<\/td>\n<td width=\"125\">1500 Classic<\/td>\n<td width=\"611\">Express, SLT, Tradesman, Warlock<\/td>\n<td width=\"331\">3.6L V6 - Flex<\/td>\n<\/tr>\n<tr>\n<td width=\"81\">2019<\/td>\n<td width=\"81\">Chrysler<\/td>\n<td width=\"125\">300<\/td>\n<td width=\"611\">Limited, S, Touring, Touring L<\/td>\n<td width=\"331\">3.6L V6 - Flex, 3.6L<\/td>\n<\/tr>\n<tr>\n<td width=\"81\">2019<\/td>\n<td width=\"81\">Dodge<\/td>\n<td width=\"125\">Challenger<\/td>\n<td width=\"611\">GT, SXT<\/td>\n<td width=\"331\">3.6L<\/td>\n<\/tr>\n<tr>\n<td width=\"81\">2019<\/td>\n<td width=\"81\">Dodge<\/td>\n<td width=\"125\">Charger<\/td>\n<td width=\"611\">GT, Pursuit, SXT<\/td>\n<td width=\"331\">3.6L V6 - Flex, 3.6L<\/td>\n<\/tr>\n<tr>\n<td width=\"81\">2019<\/td>\n<td width=\"81\">Ram<\/td>\n<td width=\"125\">1500 Classic<\/td>\n<td width=\"611\">Big Horn, Express, Lone Star, SLT, Tradesman, Warlock<\/td>\n<td width=\"331\">3.6L V6 - Flex<\/td>\n<\/tr>\n<tr>\n<td width=\"81\">2018<\/td>\n<td width=\"81\">Chrysler<\/td>\n<td width=\"125\">300<\/td>\n<td width=\"611\">Limited, S, Touring, Touring L<\/td>\n<td width=\"331\">3.6L V6 - Flex, 3.6L<\/td>\n<\/tr>\n<tr>\n<td width=\"81\">2018<\/td>\n<td width=\"81\">Dodge<\/td>\n<td width=\"125\">Challenger<\/td>\n<td width=\"611\">GT, SXT, SXT Plus<\/td>\n<td width=\"331\">3.6L<\/td>\n<\/tr>\n<tr>\n<td width=\"81\">2018<\/td>\n<td width=\"81\">Dodge<\/td>\n<td width=\"125\">Charger<\/td>\n<td width=\"611\">GT, GT Plus, Pursuit, SXT, SXT Plus, SXT Plus Leather<\/td>\n<td width=\"331\">3.6L V6 - Flex, 3.6L<\/td>\n<\/tr>\n<tr>\n<td width=\"81\">2018<\/td>\n<td width=\"81\">Ram<\/td>\n<td width=\"125\">1500<\/td>\n<td width=\"611\">Big Horn, Express, Laramie, Lone Star, Rebel, SLT, Sport, Tradesman<\/td>\n<td width=\"331\">3.6L V6 - Flex<\/td>\n<\/tr>\n<tr>\n<td width=\"81\">2017<\/td>\n<td width=\"81\">Chrysler<\/td>\n<td width=\"125\">300<\/td>\n<td width=\"611\">C, C Platinum, Limited, S<\/td>\n<td width=\"331\">3.6L V6 - Flex, 3.6L<\/td>\n<\/tr>\n<tr>\n<td width=\"81\">2017<\/td>\n<td width=\"81\">Dodge<\/td>\n<td width=\"125\">Challenger<\/td>\n<td width=\"611\">GT, SXT, SXT Plus<\/td>\n<td width=\"331\">3.6L<\/td>\n<\/tr>\n<tr>\n<td width=\"81\">2017<\/td>\n<td width=\"81\">Dodge<\/td>\n<td width=\"125\">Charger<\/td>\n<td width=\"611\">Pursuit, SE, SXT<\/td>\n<td width=\"331\">3.6L V6 - Flex<\/td>\n<\/tr>\n<tr>\n<td width=\"81\">2017<\/td>\n<td width=\"81\">Ram<\/td>\n<td width=\"125\">1500<\/td>\n<td width=\"611\">Big Horn, Express, Laramie, Lone Star, Rebel, SLT, Sport, Tradesman<\/td>\n<td width=\"331\">3.6L V6 - Flex<\/td>\n<\/tr>\n<tr>\n<td width=\"81\">2016<\/td>\n<td width=\"81\">Chrysler<\/td>\n<td width=\"125\">300<\/td>\n<td width=\"611\">C, C Platinum, Limited, S<\/td>\n<td width=\"331\">3.6L V6 - Flex, 3.6L<\/td>\n<\/tr>\n<tr>\n<td width=\"81\">2016<\/td>\n<td width=\"81\">Dodge<\/td>\n<td width=\"125\">Challenger<\/td>\n<td width=\"611\">SXT, SXT Plus<\/td>\n<td width=\"331\">3.6L<\/td>\n<\/tr>\n<tr>\n<td width=\"81\">2016<\/td>\n<td width=\"81\">Dodge<\/td>\n<td width=\"125\">Charger<\/td>\n<td width=\"611\">Pursuit, SE, SXT<\/td>\n<td width=\"331\">3.6L V6 - Flex<\/td>\n<\/tr>\n<tr>\n<td width=\"81\">2016<\/td>\n<td width=\"81\">Ram<\/td>\n<td width=\"125\">1500<\/td>\n<td width=\"611\">Big Horn, Express, HFE, Laramie, Lone Star, Outdoorsman, Rebel, SLT, Tradesman<\/td>\n<td width=\"331\">3.6L V6 - Flex<\/td>\n<\/tr>\n<tr>\n<td width=\"81\">2015<\/td>\n<td width=\"81\">Chrysler<\/td>\n<td width=\"125\">300<\/td>\n<td width=\"611\">C, C Platinum, Limited, S<\/td>\n<td width=\"331\">3.6L V6 - Flex, 3.6L<\/td>\n<\/tr>\n<tr>\n<td width=\"81\">2015<\/td>\n<td width=\"81\">Dodge<\/td>\n<td width=\"125\">Challenger<\/td>\n<td width=\"611\">SXT, SXT Plus<\/td>\n<td width=\"331\">3.6L<\/td>\n<\/tr>\n<tr>\n<td width=\"81\">2015<\/td>\n<td width=\"81\">Dodge<\/td>\n<td width=\"125\">Charger<\/td>\n<td width=\"611\">Pursuit, SE, SXT<\/td>\n<td width=\"331\">3.6L V6 - Flex<\/td>\n<\/tr>\n<tr>\n<td width=\"81\">2015<\/td>\n<td width=\"81\">Ram<\/td>\n<td width=\"125\">1500<\/td>\n<td width=\"611\">Big Horn, Express, HFE, Laramie, Lone Star, Outdoorsman, Rebel, SLT, Tradesman<\/td>\n<td width=\"331\">3.6L V6 - Flex<\/td>\n<\/tr>\n<tr>\n<td width=\"81\">2014<\/td>\n<td width=\"81\">Chrysler<\/td>\n<td width=\"125\">300<\/td>\n<td width=\"611\">Base, C, C Luxury, S<\/td>\n<td width=\"331\">3.6L V6 - Flex, 3.6L<\/td>\n<\/tr>\n<tr>\n<td width=\"81\">2014<\/td>\n<td width=\"81\">Dodge<\/td>\n<td width=\"125\">Charger<\/td>\n<td width=\"611\">Pursuit, SE, SXT<\/td>\n<td width=\"331\">3.6L V6 - Flex, 3.6L<\/td>\n<\/tr>\n<tr>\n<td width=\"81\">2014<\/td>\n<td width=\"81\">Ram<\/td>\n<td width=\"125\">1500<\/td>\n<td width=\"611\">Big Horn, Express, HFE, Laramie, Lone Star, Outdoorsman, SLT, Tradesman<\/td>\n<td width=\"331\">3.6L V6 - Flex<\/td>\n<\/tr>\n<\/tbody>\n<\/table>\n<p>&nbsp;<\/p>","protected":false},"excerpt":{"rendered":"<p>Continental CONTI\u00aeV Keilriemen f\u00fcr Chrysler 300C, Dodge Challenger, Charger und RAM 1500 von 2014 bis 2024 &nbsp; Mopar Vergleichsnummer: 4861928AA<\/p>","protected":false},"featured_media":68348236,"comment_status":"open","ping_status":"closed","template":"","meta":{"_acf_changed":false},"product_brand":[19994],"product_cat":[1562,1667,1602,4758],"product_tag":[18939,475,169,52,18940,18930,54,53,48,2219,4436,4435,49,4965,736,7613,36,31,8813,9424,16271,16273,16275,16272,16274,7221,34,35,86,735,674,38,37,673],"class_list":{"0":"post-68348231","1":"product","2":"type-product","3":"status-publish","4":"has-post-thumbnail","6":"product_brand-continental","7":"product_cat-300c-36-motor","8":"product_cat-challenger-36-motor","9":"product_cat-charger-36-motor","10":"product_cat-1500-36-motor","11":"product_tag-04861928aa","12":"product_tag-475","13":"product_tag-3-6","14":"product_tag-300c","15":"product_tag-18940","16":"product_tag-4861928aa","17":"product_tag-challenger","18":"product_tag-charger","19":"product_tag-chrysler","20":"product_tag-classic","21":"product_tag-contiv","22":"product_tag-continental","23":"product_tag-dodge","24":"product_tag-dodge-ram","25":"product_tag-keilriemen","26":"product_tag-keilrippenriemen","27":"product_tag-kraftwerk","28":"product_tag-mopar","29":"product_tag-mopar-autoteile","30":"product_tag-mopar-ersatzteile","31":"product_tag-mopar-ersatzteile-kaufen","32":"product_tag-mopar-performance-teile","33":"product_tag-mopar-teile-katalog","34":"product_tag-mopar-teile-online","35":"product_tag-mopar-tuningteile","36":"product_tag-mopar10","37":"product_tag-original","38":"product_tag-originalersatzteil","39":"product_tag-ram","40":"product_tag-riemen","41":"product_tag-service","42":"product_tag-teile","43":"product_tag-wartung","44":"product_tag-zubehoer","46":"first","47":"instock","48":"taxable","49":"shipping-taxable","50":"purchasable","51":"product-type-simple"},"bundled_by":[],"bundle_stock_status":"instock","bundle_stock_quantity":2,"bundle_virtual":false,"bundle_layout":"","bundle_add_to_cart_form_location":"","bundle_editable_in_cart":false,"bundle_sold_individually_context":"","bundle_item_grouping":"","bundle_min_size":"","bundle_max_size":"","bundle_price":[],"bundled_items":[],"bundle_sell_ids":[],"exclude_global_add_ons":[],"addons":[],"acf":[],"_links":{"self":[{"href":"https:\/\/kraftwerk-shop.cc\/cs\/wp-json\/wp\/v2\/product\/68348231","targetHints":{"allow":["GET"]}}],"collection":[{"href":"https:\/\/kraftwerk-shop.cc\/cs\/wp-json\/wp\/v2\/product"}],"about":[{"href":"https:\/\/kraftwerk-shop.cc\/cs\/wp-json\/wp\/v2\/types\/product"}],"replies":[{"embeddable":true,"href":"https:\/\/kraftwerk-shop.cc\/cs\/wp-json\/wp\/v2\/comments?post=68348231"}],"version-history":[{"count":0,"href":"https:\/\/kraftwerk-shop.cc\/cs\/wp-json\/wp\/v2\/product\/68348231\/revisions"}],"wp:featuredmedia":[{"embeddable":true,"href":"https:\/\/kraftwerk-shop.cc\/cs\/wp-json\/wp\/v2\/media\/68348236"}],"wp:attachment":[{"href":"https:\/\/kraftwerk-shop.cc\/cs\/wp-json\/wp\/v2\/media?parent=68348231"}],"wp:term":[{"taxonomy":"product_brand","embeddable":true,"href":"https:\/\/kraftwerk-shop.cc\/cs\/wp-json\/wp\/v2\/product_brand?post=68348231"},{"taxonomy":"product_cat","embeddable":true,"href":"https:\/\/kraftwerk-shop.cc\/cs\/wp-json\/wp\/v2\/product_cat?post=68348231"},{"taxonomy":"product_tag","embeddable":true,"href":"https:\/\/kraftwerk-shop.cc\/cs\/wp-json\/wp\/v2\/product_tag?post=68348231"}],"curies":[{"name":"wp","href":"https:\/\/api.w.org\/{rel}","templated":true}]}}