{"id":68348238,"date":"2025-08-24T18:03:11","date_gmt":"2025-08-24T16:03:11","guid":{"rendered":"https:\/\/kraftwerk-shop.cc\/?post_type=product&#038;p=68348238"},"modified":"2026-04-02T15:05:40","modified_gmt":"2026-04-02T13:05:40","slug":"vodni-cerpadlo-pro-chlazeni-mopar-68346916ab","status":"publish","type":"product","link":"https:\/\/kraftwerk-shop.cc\/cs\/produkt\/mopar-kuehlwasserpumpe-68346916ab\/","title":{"rendered":"Chladic\u00ed vodn\u00ed \u010derpadlo Mopar 5.7 a 6.4 (68346916AB)"},"content":{"rendered":"<h1>Origin\u00e1ln\u00ed chladic\u00ed vodn\u00ed \u010derpadlo Mopar pro motory Chrysler 300C, Dodge Challenger, Charger, Durango a Grand Cherokee 5.7 a 6.4 s chladi\u010dem oleje z let 2011 - 2025.<\/h1>\n<p>&nbsp;<\/p>\n<p><strong>\u010c\u00edslo d\u00edlu Mopar:<\/strong> 68346916AB<br \/>\n<strong>Nahrazuje \u010d\u00edslo d\u00edlu:\u00a0<\/strong> 5038677AA, 5038677AB, 5038677AC, 5038677AD, 68346916AA<\/p>\n<p>&nbsp;<\/p>\n<p>Toto chladic\u00ed vodn\u00ed \u010derpadlo Mopar bylo speci\u00e1ln\u011b vyvinuto tak, aby spl\u0148ovalo nejvy\u0161\u0161\u00ed standardy a po\u017eadavky va\u0161eho vozidla.<br \/>\nSe zna\u010dkou Mopar z\u00edsk\u00e1te nejen kvalitu, ale tak\u00e9 jistotu, \u017ee je vodn\u00ed \u010derpadlo dokonale p\u0159izp\u016fsobeno va\u0161emu vozidlu.<br \/>\nPrecizn\u00ed konstrukce a pou\u017eit\u00ed vysoce kvalitn\u00edch materi\u00e1l\u016f zaru\u010duj\u00ed vynikaj\u00edc\u00ed v\u00fdkon a odolnost.<br \/>\nToto vodn\u00ed \u010derpadlo zaji\u0161\u0165uje, \u017ee v\u00e1\u0161 motor v\u017edy dos\u00e1hne optim\u00e1ln\u00ed provozn\u00ed teploty bez ohledu na n\u00e1strahy na silnici.<br \/>\nChr\u00e1n\u00ed motor p\u0159ed p\u0159eh\u0159\u00e1t\u00edm a pom\u00e1h\u00e1 p\u0159edch\u00e1zet n\u00e1kladn\u00fdm oprav\u00e1m.<\/p>\n<p>Vodn\u00ed pumpa Mopar je p\u0159\u00edmou n\u00e1hradou p\u016fvodn\u00edho d\u00edlu. Spolehn\u011bte se na osv\u011bd\u010denou kvalitu zna\u010dky Mopar a zachovejte v\u00fdkon a spolehlivost sv\u00e9ho vozidla.<\/p>\n<p>&nbsp;<\/p>\n<p>&nbsp;<\/p>\n<p><strong>Vhodn\u00e9 pro:<\/strong><\/p>\n<table width=\"1229\">\n<tbody>\n<tr>\n<td width=\"81\"><strong>Rok v\u00fdstavby<\/strong><\/td>\n<td width=\"81\"><strong>Zna\u010dka<\/strong><\/td>\n<td width=\"125\"><strong>Model<\/strong><\/td>\n<td width=\"611\"><strong>Verze<\/strong><\/td>\n<td width=\"331\"><strong>Motor<\/strong><\/td>\n<\/tr>\n<tr>\n<td width=\"81\">2025<\/td>\n<td width=\"81\">Dodge<\/td>\n<td width=\"125\">Durango<\/td>\n<td width=\"611\">R\/T, R\/T Plus, R\/T Premium, Special Service<\/td>\n<td width=\"331\">5.7L<\/td>\n<\/tr>\n<tr>\n<td width=\"81\">2024<\/td>\n<td width=\"81\">Dodge<\/td>\n<td width=\"125\">Durango<\/td>\n<td width=\"611\">Citadela, Pursuit, R\/T, R\/T Plus, R\/T Premium, SRT 392, SRT 392 Plus, SRT 392 Premium, Special Service<\/td>\n<td width=\"331\">5,7 L, 6,4 L<\/td>\n<\/tr>\n<tr>\n<td width=\"81\">2023<\/td>\n<td width=\"81\">Chrysler<\/td>\n<td width=\"125\">300<\/td>\n<td width=\"611\">C<\/td>\n<td width=\"331\">6.4L<\/td>\n<\/tr>\n<tr>\n<td width=\"81\">2023<\/td>\n<td width=\"81\">Dodge<\/td>\n<td width=\"125\">Challenger<\/td>\n<td width=\"611\">R\/T Scat Pack, R\/T Scat Pack Widebody<\/td>\n<td width=\"331\">6.4L<\/td>\n<\/tr>\n<tr>\n<td width=\"81\">2023<\/td>\n<td width=\"81\">Dodge<\/td>\n<td width=\"125\">Charger<\/td>\n<td width=\"611\">Scat Pack, Scat Pack Widebody<\/td>\n<td width=\"331\">6.4L<\/td>\n<\/tr>\n<tr>\n<td width=\"81\">2023<\/td>\n<td width=\"81\">Dodge<\/td>\n<td width=\"125\">Durango<\/td>\n<td width=\"611\">Citadel, R\/T, R\/T Hemi Orange, R\/T Plus, R\/T Premium, SRT 392, SRT 392 Plus, SRT 392 Premium<\/td>\n<td width=\"331\">5,7 L, 6,4 L<\/td>\n<\/tr>\n<tr>\n<td width=\"81\">2022<\/td>\n<td width=\"81\">Dodge<\/td>\n<td width=\"125\">Challenger<\/td>\n<td width=\"611\">R\/T Scat Pack, R\/T Scat Pack Widebody<\/td>\n<td width=\"331\">6.4L<\/td>\n<\/tr>\n<tr>\n<td width=\"81\">2022<\/td>\n<td width=\"81\">Dodge<\/td>\n<td width=\"125\">Charger<\/td>\n<td width=\"611\">Scat Pack, Scat Pack Widebody<\/td>\n<td width=\"331\">6.4L<\/td>\n<\/tr>\n<tr>\n<td width=\"81\">2022<\/td>\n<td width=\"81\">Dodge<\/td>\n<td width=\"125\">Durango<\/td>\n<td width=\"611\">Citadela, R\/T, R\/T Plus, SRT 392<\/td>\n<td width=\"331\">5,7 L, 6,4 L<\/td>\n<\/tr>\n<tr>\n<td width=\"81\">2021<\/td>\n<td width=\"81\">Dodge<\/td>\n<td width=\"125\">Challenger<\/td>\n<td width=\"611\">R\/T Scat Pack, R\/T Scat Pack Widebody<\/td>\n<td width=\"331\">6.4L<\/td>\n<\/tr>\n<tr>\n<td width=\"81\">2021<\/td>\n<td width=\"81\">Dodge<\/td>\n<td width=\"125\">Charger<\/td>\n<td width=\"611\">Scat Pack<\/td>\n<td width=\"331\">6.4L<\/td>\n<\/tr>\n<tr>\n<td width=\"81\">2021<\/td>\n<td width=\"81\">Dodge<\/td>\n<td width=\"125\">Durango<\/td>\n<td width=\"611\">Citadel, Pursuit, R\/T, SRT, Special Service<\/td>\n<td width=\"331\">5,7 L, 6,4 L<\/td>\n<\/tr>\n<tr>\n<td width=\"81\">2021<\/td>\n<td width=\"81\">Jeep<\/td>\n<td width=\"125\">Grand Cherokee<\/td>\n<td width=\"611\">SRT<\/td>\n<td width=\"331\">6.4L<\/td>\n<\/tr>\n<tr>\n<td width=\"81\">2020<\/td>\n<td width=\"81\">Dodge<\/td>\n<td width=\"125\">Challenger<\/td>\n<td width=\"611\">R\/T Scat Pack, R\/T Scat Pack Widebody<\/td>\n<td width=\"331\">6.4L<\/td>\n<\/tr>\n<tr>\n<td width=\"81\">2020<\/td>\n<td width=\"81\">Dodge<\/td>\n<td width=\"125\">Charger<\/td>\n<td width=\"611\">Scat Pack<\/td>\n<td width=\"331\">6.4L<\/td>\n<\/tr>\n<tr>\n<td width=\"81\">2020<\/td>\n<td width=\"81\">Dodge<\/td>\n<td width=\"125\">Durango<\/td>\n<td width=\"611\">Citadel, Pursuit, R\/T, SRT, Special Service<\/td>\n<td width=\"331\">5,7 L, 6,4 L<\/td>\n<\/tr>\n<tr>\n<td width=\"81\">2020<\/td>\n<td width=\"81\">Jeep<\/td>\n<td width=\"125\">Grand Cherokee<\/td>\n<td width=\"611\">SRT<\/td>\n<td width=\"331\">6.4L<\/td>\n<\/tr>\n<tr>\n<td width=\"81\">2019<\/td>\n<td width=\"81\">Dodge<\/td>\n<td width=\"125\">Challenger<\/td>\n<td width=\"611\">R\/T Scat Pack, R\/T Scat Pack Widebody<\/td>\n<td width=\"331\">6.4L<\/td>\n<\/tr>\n<tr>\n<td width=\"81\">2019<\/td>\n<td width=\"81\">Dodge<\/td>\n<td width=\"125\">Charger<\/td>\n<td width=\"611\">Scat Pack<\/td>\n<td width=\"331\">6.4L<\/td>\n<\/tr>\n<tr>\n<td width=\"81\">2019<\/td>\n<td width=\"81\">Dodge<\/td>\n<td width=\"125\">Durango<\/td>\n<td width=\"611\">Citadel, Pursuit, R\/T, SRT, Special Service<\/td>\n<td width=\"331\">5,7 L, 6,4 L<\/td>\n<\/tr>\n<tr>\n<td width=\"81\">2019<\/td>\n<td width=\"81\">Jeep<\/td>\n<td width=\"125\">Grand Cherokee<\/td>\n<td width=\"611\">SRT<\/td>\n<td width=\"331\">6.4L<\/td>\n<\/tr>\n<tr>\n<td width=\"81\">2018<\/td>\n<td width=\"81\">Dodge<\/td>\n<td width=\"125\">Challenger<\/td>\n<td width=\"611\">R\/T Scat Pack, SRT 392, T\/A 392<\/td>\n<td width=\"331\">6.4L<\/td>\n<\/tr>\n<tr>\n<td width=\"81\">2018<\/td>\n<td width=\"81\">Dodge<\/td>\n<td width=\"125\">Charger<\/td>\n<td width=\"611\">R\/T Scat Pack, SRT 392<\/td>\n<td width=\"331\">6.4L<\/td>\n<\/tr>\n<tr>\n<td width=\"81\">2018<\/td>\n<td width=\"81\">Dodge<\/td>\n<td width=\"125\">Durango<\/td>\n<td width=\"611\">Citadela, GT, R\/T, SRT, SXT, Special Service<\/td>\n<td width=\"331\">5,7 L, 6,4 L<\/td>\n<\/tr>\n<tr>\n<td width=\"81\">2018<\/td>\n<td width=\"81\">Jeep<\/td>\n<td width=\"125\">Grand Cherokee<\/td>\n<td width=\"611\">SRT<\/td>\n<td width=\"331\">6.4L<\/td>\n<\/tr>\n<tr>\n<td width=\"81\">2017<\/td>\n<td width=\"81\">Dodge<\/td>\n<td width=\"125\">Challenger<\/td>\n<td width=\"611\">R\/T Scat Pack, SRT 392, T\/A 392<\/td>\n<td width=\"331\">6.4L<\/td>\n<\/tr>\n<tr>\n<td width=\"81\">2017<\/td>\n<td width=\"81\">Dodge<\/td>\n<td width=\"125\">Charger<\/td>\n<td width=\"611\">R\/T Scat Pack, SRT 392<\/td>\n<td width=\"331\">6.4L<\/td>\n<\/tr>\n<tr>\n<td width=\"81\">2017<\/td>\n<td width=\"81\">Dodge<\/td>\n<td width=\"125\">Durango<\/td>\n<td width=\"611\">Citadel, R\/T, Special Service<\/td>\n<td width=\"331\">5.7L<\/td>\n<\/tr>\n<tr>\n<td width=\"81\">2017<\/td>\n<td width=\"81\">Jeep<\/td>\n<td width=\"125\">Grand Cherokee<\/td>\n<td width=\"611\">SRT<\/td>\n<td width=\"331\">6.4L<\/td>\n<\/tr>\n<tr>\n<td width=\"81\">2016<\/td>\n<td width=\"81\">Dodge<\/td>\n<td width=\"125\">Challenger<\/td>\n<td width=\"611\">392 Hemi Scat Pack Shaker, R\/T Scat Pack, SRT 392<\/td>\n<td width=\"331\">6.4L<\/td>\n<\/tr>\n<tr>\n<td width=\"81\">2016<\/td>\n<td width=\"81\">Dodge<\/td>\n<td width=\"125\">Charger<\/td>\n<td width=\"611\">R\/T Scat Pack, SRT 392<\/td>\n<td width=\"331\">6.4L<\/td>\n<\/tr>\n<tr>\n<td width=\"81\">2016<\/td>\n<td width=\"81\">Dodge<\/td>\n<td width=\"125\">Durango<\/td>\n<td width=\"611\">Citadel, R\/T, Special Service<\/td>\n<td width=\"331\">5.7L<\/td>\n<\/tr>\n<tr>\n<td width=\"81\">2016<\/td>\n<td width=\"81\">Jeep<\/td>\n<td width=\"125\">Grand Cherokee<\/td>\n<td width=\"611\">SRT<\/td>\n<td width=\"331\">6.4L<\/td>\n<\/tr>\n<tr>\n<td width=\"81\">2015<\/td>\n<td width=\"81\">Dodge<\/td>\n<td width=\"125\">Challenger<\/td>\n<td width=\"611\">SRT 392, Scat Pack<\/td>\n<td width=\"331\">6.4L<\/td>\n<\/tr>\n<tr>\n<td width=\"81\">2015<\/td>\n<td width=\"81\">Dodge<\/td>\n<td width=\"125\">Charger<\/td>\n<td width=\"611\">R\/T Scat Pack, SRT 392<\/td>\n<td width=\"331\">6.4L<\/td>\n<\/tr>\n<tr>\n<td width=\"81\">2015<\/td>\n<td width=\"81\">Dodge<\/td>\n<td width=\"125\">Durango<\/td>\n<td width=\"611\">Citadel, Limited, R\/T, Special Service<\/td>\n<td width=\"331\">5.7L<\/td>\n<\/tr>\n<tr>\n<td width=\"81\">2015<\/td>\n<td width=\"81\">Jeep<\/td>\n<td width=\"125\">Grand Cherokee<\/td>\n<td width=\"611\">SRT<\/td>\n<td width=\"331\">6.4L<\/td>\n<\/tr>\n<tr>\n<td width=\"81\">2014<\/td>\n<td width=\"81\">Dodge<\/td>\n<td width=\"125\">Durango<\/td>\n<td width=\"611\">Citadel, Limited, R\/T, Special Service<\/td>\n<td width=\"331\">5.7L<\/td>\n<\/tr>\n<tr>\n<td width=\"81\">2014<\/td>\n<td width=\"81\">Jeep<\/td>\n<td width=\"125\">Grand Cherokee<\/td>\n<td width=\"611\">SRT<\/td>\n<td width=\"331\">6.4L<\/td>\n<\/tr>\n<tr>\n<td width=\"81\">2013<\/td>\n<td width=\"81\">Chrysler<\/td>\n<td width=\"125\">300<\/td>\n<td width=\"611\">C, C Luxury, S, SRT8, SRT8 Core<\/td>\n<td width=\"331\">5,7 L, 6,4 L<\/td>\n<\/tr>\n<tr>\n<td width=\"81\">2013<\/td>\n<td width=\"81\">Dodge<\/td>\n<td width=\"125\">Challenger<\/td>\n<td width=\"611\">R\/T, SRT8<\/td>\n<td width=\"331\">5,7 L, 6,4 L<\/td>\n<\/tr>\n<tr>\n<td width=\"81\">2013<\/td>\n<td width=\"81\">Dodge<\/td>\n<td width=\"125\">Charger<\/td>\n<td width=\"611\">Pursuit, R\/T, SE, SRT8<\/td>\n<td width=\"331\">5,7 L, 6,4 L<\/td>\n<\/tr>\n<tr>\n<td width=\"81\">2013<\/td>\n<td width=\"81\">Dodge<\/td>\n<td width=\"125\">Durango<\/td>\n<td width=\"611\">Citadel, Crew, R\/T, Special Service<\/td>\n<td width=\"331\">5.7L<\/td>\n<\/tr>\n<tr>\n<td width=\"81\">2013<\/td>\n<td width=\"81\">Jeep<\/td>\n<td width=\"125\">Grand Cherokee<\/td>\n<td width=\"611\">Laredo, Limited, Overland, SRT8<\/td>\n<td width=\"331\">5,7 L, 6,4 L<\/td>\n<\/tr>\n<tr>\n<td width=\"81\">2012<\/td>\n<td width=\"81\">Chrysler<\/td>\n<td width=\"125\">300<\/td>\n<td width=\"611\">C, C Luxury, S, SRT8<\/td>\n<td width=\"331\">5,7 L, 6,4 L<\/td>\n<\/tr>\n<tr>\n<td width=\"81\">2012<\/td>\n<td width=\"81\">Dodge<\/td>\n<td width=\"125\">Challenger<\/td>\n<td width=\"611\">R\/T, R\/T Classic, SRT8<\/td>\n<td width=\"331\">5,7 L, 6,4 L<\/td>\n<\/tr>\n<tr>\n<td width=\"81\">2012<\/td>\n<td width=\"81\">Dodge<\/td>\n<td width=\"125\">Charger<\/td>\n<td width=\"611\">Pursuit, R\/T, SE, SRT8<\/td>\n<td width=\"331\">5,7 L, 6,4 L<\/td>\n<\/tr>\n<tr>\n<td width=\"81\">2012<\/td>\n<td width=\"81\">Dodge<\/td>\n<td width=\"125\">Durango<\/td>\n<td width=\"611\">Citadel, Crew, R\/T, Special Service<\/td>\n<td width=\"331\">5.7L<\/td>\n<\/tr>\n<tr>\n<td width=\"81\">2012<\/td>\n<td width=\"81\">Jeep<\/td>\n<td width=\"125\">Grand Cherokee<\/td>\n<td width=\"611\">Laredo, Limited, Overland, Overland Summit, SRT8<\/td>\n<td width=\"331\">5,7 L, 6,4 L<\/td>\n<\/tr>\n<tr>\n<td width=\"81\">2011<\/td>\n<td width=\"81\">Chrysler<\/td>\n<td width=\"125\">300<\/td>\n<td width=\"611\">C<\/td>\n<td width=\"331\">5.7L<\/td>\n<\/tr>\n<tr>\n<td width=\"81\">2011<\/td>\n<td width=\"81\">Dodge<\/td>\n<td width=\"125\">Challenger<\/td>\n<td width=\"611\">R\/T, SRT8<\/td>\n<td width=\"331\">5,7 L, 6,4 L<\/td>\n<\/tr>\n<tr>\n<td width=\"81\">2011<\/td>\n<td width=\"81\">Dodge<\/td>\n<td width=\"125\">Charger<\/td>\n<td width=\"611\">Pursuit, R\/T, SE<\/td>\n<td width=\"331\">5.7L<\/td>\n<\/tr>\n<tr>\n<td width=\"81\">2011<\/td>\n<td width=\"81\">Dodge<\/td>\n<td width=\"125\">Durango<\/td>\n<td width=\"611\">Citadel, Crew, R\/T<\/td>\n<td width=\"331\">5.7L<\/td>\n<\/tr>\n<tr>\n<td width=\"81\">2011<\/td>\n<td width=\"81\">Jeep<\/td>\n<td width=\"125\">Grand Cherokee<\/td>\n<td width=\"611\">Laredo, Limited, Overland<\/td>\n<td width=\"331\">5.7L<\/td>\n<\/tr>\n<\/tbody>\n<\/table>\n<p>&nbsp;<\/p>\n<h4>Pro\u010d si vybrat origin\u00e1ln\u00ed n\u00e1hradn\u00ed d\u00edly Mopar?<\/h4>\n<p><strong>Perfektn\u011b padnouc\u00ed a \u0161pi\u010dkov\u00e9 kvality:<\/strong> Origin\u00e1ln\u00ed n\u00e1hradn\u00ed d\u00edly Mopar jsou vyr\u00e1b\u011bny podle p\u0159\u00edsn\u00fdch specifikac\u00ed v\u00fdrobce, co\u017e znamen\u00e1, \u017ee do va\u0161eho vozidla dokonale pasuj\u00ed. T\u00edm je zaji\u0161t\u011bna nejen snadn\u00e1 instalace, ale tak\u00e9 optim\u00e1ln\u00ed funkce a bezpe\u010dnost.<\/p>\n<p><strong>Spolehlivost a trvanlivost:<\/strong> D\u00edky pou\u017eit\u00ed vysoce kvalitn\u00edch materi\u00e1l\u016f a p\u0159\u00edsn\u00e9 kontrole kvality zaji\u0161\u0165uj\u00ed n\u00e1hradn\u00ed d\u00edly Mopar spolehlivou funkci va\u0161eho vozidla i v extr\u00e9mn\u00edch podm\u00ednk\u00e1ch. Jsou navr\u017eeny tak, aby vydr\u017eely a maximalizovaly v\u00fdkon va\u0161eho vozidla.<\/p>\n<p>&nbsp;<\/p>","protected":false},"excerpt":{"rendered":"<p>Origin\u00e1ln\u00ed d\u00edl Mopar<\/p>\n<p>2011\u20132025<\/p>","protected":false},"featured_media":68348243,"comment_status":"open","ping_status":"closed","template":"","meta":{"_acf_changed":false},"product_brand":[16270],"product_cat":[10262,4981,2546,2530,2547,6606,5160,2534,2533,2531,2541,2538],"product_tag":[18402,18403,18404,18405,52,91,5261,5262,5263,5264,93,5267,18941,10094,10099,10088,10116,10110,10106,10120,10102,54,53,48,49,3853,95,10117,10098,10089,10109,56,10108,10091,50,10101,10114,10095,10105,5255,5269,5268,5270,10118,9424,10111,10087,7221,10107,10097,10090,10115,10093,216,10086,6430,5254,10113,10104,10096,10100,10119],"class_list":{"0":"post-68348238","1":"product","2":"type-product","3":"status-publish","4":"has-post-thumbnail","6":"product_brand-mopar","7":"product_cat-alle-produkte","8":"product_cat-300c-57-2011-2023-kuehlung","9":"product_cat-300c-64-kuehlung","10":"product_cat-challenger-57-kuehlung","11":"product_cat-challenger-64-kuehlung","12":"product_cat-charger-57-abgaskruemmer-katalysatoren","13":"product_cat-charger-57-2011-2023-kuehlung","14":"product_cat-charger-64-kuehlung","15":"product_cat-durango-57-kuehlung","16":"product_cat-durango-64-kuehlung","17":"product_cat-grand-cherokee-57-2011-2021-kuehlung","18":"product_cat-grand-cherokee-64-kuehlung","19":"product_tag-05038677aa","20":"product_tag-05038677ab","21":"product_tag-05038677ac","22":"product_tag-05038677ad","23":"product_tag-300c","24":"product_tag-5-7","25":"product_tag-5038677aa","26":"product_tag-5038677ab","27":"product_tag-5038677ac","28":"product_tag-5038677ad","29":"product_tag-6-4","30":"product_tag-68346916aa","31":"product_tag-68346916ab","32":"product_tag-auto-ersatzteile","33":"product_tag-auto-kuehlmittel","34":"product_tag-auto-kuehlmittelpumpe","35":"product_tag-auto-kuehlmittelpumpe-ersatz","36":"product_tag-auto-kuehlmittelpumpe-ersatzteil","37":"product_tag-auto-kuehlmittelpumpe-kaufen","38":"product_tag-auto-kuehlmittelpumpe-upgrade","39":"product_tag-auto-wasserpumpe-ersatzteil","40":"product_tag-challenger","41":"product_tag-charger","42":"product_tag-chrysler","43":"product_tag-dodge","44":"product_tag-dodge-challenger","45":"product_tag-durango","46":"product_tag-fahrzeug-kuehlmittelpumpe-ersatzteil","47":"product_tag-fahrzeug-kuehlung","48":"product_tag-fahrzeug-wasserpumpe","49":"product_tag-fahrzeug-wasserpumpe-kaufen","50":"product_tag-grand-cherokee","51":"product_tag-hochleistungs-kuehlmittelpumpe","52":"product_tag-hochleistungs-wasserpumpe","53":"product_tag-jeep","54":"product_tag-kuehlmittelpumpe-ersatz","55":"product_tag-kuehlmittelpumpe-fuer-fahrzeuge","56":"product_tag-kuehlmittelpumpe-upgrade","57":"product_tag-kuehlmittelpumpe-wartung","58":"product_tag-kuehlwasserpumpe","59":"product_tag-laufrad","60":"product_tag-metall","61":"product_tag-metalllaufrad","62":"product_tag-mopar-53022340ac","63":"product_tag-mopar-ersatzteile","64":"product_tag-mopar-kuehlmittelpumpe","65":"product_tag-mopar-wasserpumpe","66":"product_tag-mopar10","67":"product_tag-motor-kuehlmittelpumpe-ersatz","68":"product_tag-motor-kuehlung","69":"product_tag-motor-kuehlwasserpumpe","70":"product_tag-motor-wasserpumpe-kaufen","71":"product_tag-original-mopar-pumpe","72":"product_tag-upgrade","73":"product_tag-upgrade-wasserpumpe","74":"product_tag-usmotor","75":"product_tag-wasserpumpe","76":"product_tag-wasserpumpe-fuer-autos","77":"product_tag-wasserpumpe-installation","78":"product_tag-wasserpumpe-kaufen","79":"product_tag-wasserpumpe-reparatur","80":"product_tag-wasserpumpe-upgrade-kit","82":"first","83":"instock","84":"taxable","85":"shipping-taxable","86":"purchasable","87":"product-type-simple"},"bundled_by":[],"bundle_stock_status":"instock","bundle_stock_quantity":4,"bundle_virtual":false,"bundle_layout":"","bundle_add_to_cart_form_location":"","bundle_editable_in_cart":false,"bundle_sold_individually_context":"","bundle_item_grouping":"","bundle_min_size":"","bundle_max_size":"","bundle_price":[],"bundled_items":[],"bundle_sell_ids":[],"exclude_global_add_ons":[],"addons":[],"acf":[],"_links":{"self":[{"href":"https:\/\/kraftwerk-shop.cc\/cs\/wp-json\/wp\/v2\/product\/68348238","targetHints":{"allow":["GET"]}}],"collection":[{"href":"https:\/\/kraftwerk-shop.cc\/cs\/wp-json\/wp\/v2\/product"}],"about":[{"href":"https:\/\/kraftwerk-shop.cc\/cs\/wp-json\/wp\/v2\/types\/product"}],"replies":[{"embeddable":true,"href":"https:\/\/kraftwerk-shop.cc\/cs\/wp-json\/wp\/v2\/comments?post=68348238"}],"version-history":[{"count":0,"href":"https:\/\/kraftwerk-shop.cc\/cs\/wp-json\/wp\/v2\/product\/68348238\/revisions"}],"wp:featuredmedia":[{"embeddable":true,"href":"https:\/\/kraftwerk-shop.cc\/cs\/wp-json\/wp\/v2\/media\/68348243"}],"wp:attachment":[{"href":"https:\/\/kraftwerk-shop.cc\/cs\/wp-json\/wp\/v2\/media?parent=68348238"}],"wp:term":[{"taxonomy":"product_brand","embeddable":true,"href":"https:\/\/kraftwerk-shop.cc\/cs\/wp-json\/wp\/v2\/product_brand?post=68348238"},{"taxonomy":"product_cat","embeddable":true,"href":"https:\/\/kraftwerk-shop.cc\/cs\/wp-json\/wp\/v2\/product_cat?post=68348238"},{"taxonomy":"product_tag","embeddable":true,"href":"https:\/\/kraftwerk-shop.cc\/cs\/wp-json\/wp\/v2\/product_tag?post=68348238"}],"curies":[{"name":"wp","href":"https:\/\/api.w.org\/{rel}","templated":true}]}}