{"id":68348262,"date":"2025-08-25T12:42:06","date_gmt":"2025-08-25T10:42:06","guid":{"rendered":"https:\/\/kraftwerk-shop.cc\/?post_type=product&#038;p=68348262"},"modified":"2026-04-03T00:13:58","modified_gmt":"2026-04-02T22:13:58","slug":"sada-prekryti-mopar-5181565ab","status":"publish","type":"product","link":"https:\/\/kraftwerk-shop.cc\/cs\/produkt\/mopar-overlay-kit-5181565ab\/","title":{"rendered":"P\u0159ekryvn\u00e1 sada ped\u00e1l\u016f Mopar (plynov\u00fd a brzdov\u00fd ped\u00e1l)"},"content":{"rendered":"<h1>Origin\u00e1ln\u00ed p\u0159ekryvn\u00e1 sada Mopar (5181565AB) ped\u00e1lu plynu a brzdy pro Chrysler 300C, Dodge Challenger a Charger z let 2012 a\u017e 2023<\/h1>\n<p>&nbsp;<\/p>\n<p><span lang=\"DE\"><strong>\u010c\u00edslo d\u00edlu Mopar:<\/strong>\u00a05181565AB<br \/>\n<strong>Nahrazeno: <\/strong>5181565AA<\/span><\/p>\n<p>&nbsp;<\/p>\n<p><strong>Vhodn\u00e9 pro:<\/strong><\/p>\n<table width=\"1495\">\n<tbody>\n<tr>\n<td width=\"81\"><strong>Rok v\u00fdstavby<\/strong><\/td>\n<td width=\"81\"><strong>Zna\u010dka<\/strong><\/td>\n<td width=\"125\"><strong>Model<\/strong><\/td>\n<td width=\"877\"><strong>Verze<\/strong><\/td>\n<td width=\"331\"><strong>Motor<\/strong><\/td>\n<\/tr>\n<tr>\n<td width=\"81\">2023<\/td>\n<td width=\"81\">Chrysler<\/td>\n<td width=\"125\">300<\/td>\n<td width=\"877\">C, S, Touring, Touring L<\/td>\n<td width=\"331\">3.6L V6 - Flex, 3.6L, 5.7L, 6.4L<\/td>\n<\/tr>\n<tr>\n<td width=\"81\">2023<\/td>\n<td width=\"81\">Dodge<\/td>\n<td width=\"125\">Challenger<\/td>\n<td width=\"877\">GT, R\/T, R\/T Scat Pack, R\/T Scat Pack Widebody, SRT Hellcat Jailbreak, SRT Hellcat Redeye Jailbreak, SRT Hellcat Redeye Widebody Jailbreak, SRT Hellcat Widebody Jailbreak, SRT Super Stock, SXT<\/td>\n<td width=\"331\">3.6L, 5.7L, 6.2L, 6.4L<\/td>\n<\/tr>\n<tr>\n<td width=\"81\">2023<\/td>\n<td width=\"81\">Dodge<\/td>\n<td width=\"125\">Charger<\/td>\n<td width=\"877\">GT, Pursuit, R\/T, SRT Hellcat Redeye Widebody, SRT Hellcat Widebody, SRT Hellcat Widebody Jailbreak, SXT, Scat Pack, Scat Pack Widebody<\/td>\n<td width=\"331\">3.6L V6 - Flex, 3.6L, 5.7L, 6.2L, 6.4L<\/td>\n<\/tr>\n<tr>\n<td width=\"81\">2022<\/td>\n<td width=\"81\">Chrysler<\/td>\n<td width=\"125\">300<\/td>\n<td width=\"877\">S, Touring, Touring L<\/td>\n<td width=\"331\">3.6L V6 - Flex, 3.6L, 5.7L<\/td>\n<\/tr>\n<tr>\n<td width=\"81\">2022<\/td>\n<td width=\"81\">Dodge<\/td>\n<td width=\"125\">Challenger<\/td>\n<td width=\"877\">GT, R\/T, R\/T Scat Pack, R\/T Scat Pack Widebody, SRT Hellcat, SRT Hellcat Redeye, SRT Hellcat Redeye Widebody, SRT Hellcat Widebody, SRT Jailbreak, SRT Super Stock, SXT<\/td>\n<td width=\"331\">3.6L, 5.7L, 6.2L, 6.4L<\/td>\n<\/tr>\n<tr>\n<td width=\"81\">2022<\/td>\n<td width=\"81\">Dodge<\/td>\n<td width=\"125\">Charger<\/td>\n<td width=\"877\">GT, R\/T, SRT Hellcat Redeye Widebody, SRT Hellcat Widebody, SRT Jailbreak, SXT, Scat Pack, Scat Pack Widebody<\/td>\n<td width=\"331\">3.6L V6 - Flex, 3.6L, 5.7L, 6.2L, 6.4L<\/td>\n<\/tr>\n<tr>\n<td width=\"81\">2021<\/td>\n<td width=\"81\">Chrysler<\/td>\n<td width=\"125\">300<\/td>\n<td width=\"877\">S, Touring, Touring L<\/td>\n<td width=\"331\">3.6L V6 - Flex, 3.6L, 5.7L<\/td>\n<\/tr>\n<tr>\n<td width=\"81\">2021<\/td>\n<td width=\"81\">Dodge<\/td>\n<td width=\"125\">Challenger<\/td>\n<td width=\"877\">GT, R\/T, R\/T Scat Pack, R\/T Scat Pack Widebody, SRT Hellcat, SRT Hellcat Redeye, SRT Hellcat Redeye Widebody, SRT Hellcat Widebody, SRT Super Stock, SXT<\/td>\n<td width=\"331\">3.6L, 5.7L, 6.2L, 6.4L<\/td>\n<\/tr>\n<tr>\n<td width=\"81\">2021<\/td>\n<td width=\"81\">Dodge<\/td>\n<td width=\"125\">Charger<\/td>\n<td width=\"877\">GT, R\/T, SRT Hellcat Redeye Widebody, SRT Hellcat Widebody, SXT, Scat Pack<\/td>\n<td width=\"331\">3.6L V6 - Flex, 3.6L, 5.7L, 6.2L, 6.4L<\/td>\n<\/tr>\n<tr>\n<td width=\"81\">2020<\/td>\n<td width=\"81\">Chrysler<\/td>\n<td width=\"125\">300<\/td>\n<td width=\"877\">C, Limited, S, Touring, Touring L<\/td>\n<td width=\"331\">3.6L V6 - Flex, 3.6L, 5.7L<\/td>\n<\/tr>\n<tr>\n<td width=\"81\">2020<\/td>\n<td width=\"81\">Dodge<\/td>\n<td width=\"125\">Challenger<\/td>\n<td width=\"877\">GT, R\/T, R\/T Scat Pack, R\/T Scat Pack Widebody, SRT Hellcat, SRT Hellcat Redeye, SRT Hellcat Redeye Widebody, SRT Hellcat Widebody, SXT<\/td>\n<td width=\"331\">3.6L, 5.7L, 6.2L, 6.4L<\/td>\n<\/tr>\n<tr>\n<td width=\"81\">2020<\/td>\n<td width=\"81\">Dodge<\/td>\n<td width=\"125\">Charger<\/td>\n<td width=\"877\">GT, Pursuit, R\/T, SRT Hellcat Widebody, SXT, Scat Pack<\/td>\n<td width=\"331\">3.6L V6 - Flex, 3.6L, 5.7L, 6.2L, 6.4L<\/td>\n<\/tr>\n<tr>\n<td width=\"81\">2019<\/td>\n<td width=\"81\">Chrysler<\/td>\n<td width=\"125\">300<\/td>\n<td width=\"877\">C, Limited, S, Touring, Touring L<\/td>\n<td width=\"331\">3.6L V6 - Flex, 3.6L, 5.7L<\/td>\n<\/tr>\n<tr>\n<td width=\"81\">2019<\/td>\n<td width=\"81\">Dodge<\/td>\n<td width=\"125\">Challenger<\/td>\n<td width=\"877\">GT, R\/T, R\/T Scat Pack, R\/T Scat Pack Widebody, SRT Hellcat, SRT Hellcat Redeye, SRT Hellcat Redeye Widebody, SRT Hellcat Widebody, SXT<\/td>\n<td width=\"331\">3.6L, 5.7L, 6.2L, 6.4L<\/td>\n<\/tr>\n<tr>\n<td width=\"81\">2019<\/td>\n<td width=\"81\">Dodge<\/td>\n<td width=\"125\">Charger<\/td>\n<td width=\"877\">GT, Pursuit, R\/T, SRT Hellcat, SXT, Scat Pack<\/td>\n<td width=\"331\">3.6L V6 - Flex, 3.6L, 5.7L, 6.2L, 6.4L<\/td>\n<\/tr>\n<tr>\n<td width=\"81\">2018<\/td>\n<td width=\"81\">Chrysler<\/td>\n<td width=\"125\">300<\/td>\n<td width=\"877\">C, Limited, S, Touring, Touring L<\/td>\n<td width=\"331\">3.6L V6 - Flex, 3.6L, 5.7L<\/td>\n<\/tr>\n<tr>\n<td width=\"81\">2018<\/td>\n<td width=\"81\">Dodge<\/td>\n<td width=\"125\">Challenger<\/td>\n<td width=\"877\">GT, R\/T, R\/T Scat Pack, SRT 392, SRT Demon, SRT Hellcat, SRT Hellcat Widebody, SXT, SXT Plus, T\/A, T\/A 392<\/td>\n<td width=\"331\">3.6L, 5.7L, 6.2L, 6.4L<\/td>\n<\/tr>\n<tr>\n<td width=\"81\">2018<\/td>\n<td width=\"81\">Dodge<\/td>\n<td width=\"125\">Charger<\/td>\n<td width=\"877\">GT, GT Plus, Pursuit, R\/T, R\/T Scat Pack, SRT 392, SRT Hellcat, SXT, SXT Plus, SXT Plus Leather<\/td>\n<td width=\"331\">3.6L V6 - Flex, 3.6L, 5.7L, 6.2L, 6.4L<\/td>\n<\/tr>\n<tr>\n<td width=\"81\">2017<\/td>\n<td width=\"81\">Chrysler<\/td>\n<td width=\"125\">300<\/td>\n<td width=\"877\">C, C Platinum, Limited, S<\/td>\n<td width=\"331\">3.6L V6 - Flex, 3.6L, 5.7L<\/td>\n<\/tr>\n<tr>\n<td width=\"81\">2017<\/td>\n<td width=\"81\">Dodge<\/td>\n<td width=\"125\">Challenger<\/td>\n<td width=\"877\">GT, R\/T, R\/T Scat Pack, SRT 392, SRT Hellcat, SXT, SXT Plus, T\/A, T\/A 392<\/td>\n<td width=\"331\">3.6L, 5.7L, 6.2L, 6.4L<\/td>\n<\/tr>\n<tr>\n<td width=\"81\">2017<\/td>\n<td width=\"81\">Dodge<\/td>\n<td width=\"125\">Charger<\/td>\n<td width=\"877\">Pursuit, R\/T, R\/T Scat Pack, SE, SRT 392, SRT Hellcat, SXT<\/td>\n<td width=\"331\">3.6L V6 - Flex, 5.7L, 6.2L, 6.4L<\/td>\n<\/tr>\n<tr>\n<td width=\"81\">2016<\/td>\n<td width=\"81\">Chrysler<\/td>\n<td width=\"125\">300<\/td>\n<td width=\"877\">C, C Platinum, Limited, S<\/td>\n<td width=\"331\">3.6L V6 - Flex, 3.6L, 5.7L<\/td>\n<\/tr>\n<tr>\n<td width=\"81\">2016<\/td>\n<td width=\"81\">Dodge<\/td>\n<td width=\"125\">Challenger<\/td>\n<td width=\"877\">392 Hemi Scat Pack Shaker, R\/T, R\/T Plus, R\/T Plus Shaker, R\/T Scat Pack, R\/T Shaker, SRT 392, SRT Hellcat, SXT, SXT Plus<\/td>\n<td width=\"331\">3.6L, 5.7L, 6.2L, 6.4L<\/td>\n<\/tr>\n<tr>\n<td width=\"81\">2016<\/td>\n<td width=\"81\">Dodge<\/td>\n<td width=\"125\">Charger<\/td>\n<td width=\"877\">Pursuit, R\/T, R\/T Road &amp; Track, R\/T Scat Pack, SE, SRT 392, SRT Hellcat, SXT<\/td>\n<td width=\"331\">3.6L V6 - Flex, 5.7L, 6.2L, 6.4L<\/td>\n<\/tr>\n<tr>\n<td width=\"81\">2015<\/td>\n<td width=\"81\">Chrysler<\/td>\n<td width=\"125\">300<\/td>\n<td width=\"877\">C, C Platinum, Limited, S<\/td>\n<td width=\"331\">3.6L V6 - Flex, 3.6L, 5.7L<\/td>\n<\/tr>\n<tr>\n<td width=\"81\">2015<\/td>\n<td width=\"81\">Dodge<\/td>\n<td width=\"125\">Challenger<\/td>\n<td width=\"877\">R\/T, R\/T Plus, SRT 392, SRT Hellcat, SXT, SXT Plus, Scat Pack<\/td>\n<td width=\"331\">3.6L, 5.7L, 6.2L, 6.4L<\/td>\n<\/tr>\n<tr>\n<td width=\"81\">2015<\/td>\n<td width=\"81\">Dodge<\/td>\n<td width=\"125\">Charger<\/td>\n<td width=\"877\">Pursuit, R\/T, R\/T Road &amp; Track, R\/T Scat Pack, SE, SRT 392, SRT Hellcat, SXT<\/td>\n<td width=\"331\">3.6L V6 - Flex, 5.7L, 6.2L, 6.4L<\/td>\n<\/tr>\n<tr>\n<td width=\"81\">2014<\/td>\n<td width=\"81\">Chrysler<\/td>\n<td width=\"125\">300<\/td>\n<td width=\"877\">Z\u00e1kladn\u00ed verze, C, C Luxury, S, SRT8<\/td>\n<td width=\"331\">3.6L V6 - Flex, 3.6L, 5.7L, 6.4L<\/td>\n<\/tr>\n<tr>\n<td width=\"81\">2014<\/td>\n<td width=\"81\">Dodge<\/td>\n<td width=\"125\">Challenger<\/td>\n<td width=\"877\">R\/T, Rallye Redline, SXT<\/td>\n<td width=\"331\">3,6 L, 5,7 L<\/td>\n<\/tr>\n<tr>\n<td width=\"81\">2014<\/td>\n<td width=\"81\">Dodge<\/td>\n<td width=\"125\">Charger<\/td>\n<td width=\"877\">Pursuit, R\/T, SE, SRT8, SXT<\/td>\n<td width=\"331\">3.6L V6 - Flex, 3.6L, 5.7L, 6.4L<\/td>\n<\/tr>\n<tr>\n<td width=\"81\">2013<\/td>\n<td width=\"81\">Chrysler<\/td>\n<td width=\"125\">300<\/td>\n<td width=\"877\">Z\u00e1kladn\u00ed verze, C, C Luxury, S, SRT8, SRT8 Core<\/td>\n<td width=\"331\">3.6L V6 - Flex, 3.6L, 5.7L, 6.4L<\/td>\n<\/tr>\n<tr>\n<td width=\"81\">2013<\/td>\n<td width=\"81\">Dodge<\/td>\n<td width=\"125\">Challenger<\/td>\n<td width=\"877\">R\/T, SRT8, SXT<\/td>\n<td width=\"331\">3.6L, 5.7L, 6.4L<\/td>\n<\/tr>\n<tr>\n<td width=\"81\">2013<\/td>\n<td width=\"81\">Dodge<\/td>\n<td width=\"125\">Charger<\/td>\n<td width=\"877\">Pursuit, R\/T, SE, SRT8, SXT<\/td>\n<td width=\"331\">3.6L V6 - Flex, 3.6L, 5.7L, 6.4L<\/td>\n<\/tr>\n<tr>\n<td width=\"81\">2012<\/td>\n<td width=\"81\">Chrysler<\/td>\n<td width=\"125\">300<\/td>\n<td width=\"877\">Base, C, C Luxury, Limited, S, SRT8<\/td>\n<td width=\"331\">3.6L V6 - Flex, 3.6L, 5.7L, 6.4L<\/td>\n<\/tr>\n<tr>\n<td width=\"81\">2012<\/td>\n<td width=\"81\">Dodge<\/td>\n<td width=\"125\">Challenger<\/td>\n<td width=\"877\">R\/T, R\/T Classic, SRT8, SXT, SXT Plus<\/td>\n<td width=\"331\">3.6L, 5.7L, 6.4L<\/td>\n<\/tr>\n<tr>\n<td width=\"81\">2012<\/td>\n<td width=\"81\">Dodge<\/td>\n<td width=\"125\">Charger<\/td>\n<td width=\"877\">Pursuit, R\/T, SE, SRT8, SXT, SXT Plus<\/td>\n<td width=\"331\">3.6L V6 - Flex, 3.6L, 5.7L, 6.4L<\/td>\n<\/tr>\n<\/tbody>\n<\/table>\n<p>&nbsp;<\/p>\n<p>&nbsp;<\/p>\n<h4>Va\u0161e prvn\u00ed volba: origin\u00e1ln\u00ed d\u00edly Mopar<\/h4>\n<p><strong>Origin\u00e1ln\u00ed kvalita od v\u00fdrobce:<\/strong> Spole\u010dnost Mopar zn\u00e1 va\u0161e vozidlo do nejmen\u0161\u00edho detailu - v\u017edy\u0165 ka\u017ed\u00fd origin\u00e1ln\u00ed d\u00edl poch\u00e1z\u00ed p\u0159\u00edmo od v\u00fdrobce. Komponenty jsou p\u0159esn\u011b p\u0159izp\u016fsobeny va\u0161emu modelu a spl\u0148uj\u00ed v\u0161echny tov\u00e1rn\u00ed specifikace. To znamen\u00e1: p\u0159esn\u00e1 mont\u00e1\u017e, optim\u00e1ln\u00ed funkce a maxim\u00e1ln\u00ed bezpe\u010dnost.<\/p>\n<p><strong>Osv\u011bd\u010den\u00e1 odolnost a spolehlivost<\/strong>Origin\u00e1ln\u00ed d\u00edly Mopar jsou z\u00e1rukou ov\u011b\u0159en\u00e9 kvality a robustn\u00edch materi\u00e1l\u016f. Byly testov\u00e1ny a vyv\u00edjeny v re\u00e1ln\u00fdch podm\u00ednk\u00e1ch, aby dlouhodob\u011b poskytovaly vysok\u00fd v\u00fdkon - bez ohledu na to, jak n\u00e1ro\u010dn\u00e9 jsou provozn\u00ed podm\u00ednky.<\/p>","protected":false},"excerpt":{"rendered":"<p>Origin\u00e1ln\u00ed d\u00edl Mopar<\/p>\n<p>2012\u20132023<\/p>","protected":false},"featured_media":68348265,"comment_status":"open","ping_status":"closed","template":"","meta":{"_acf_changed":false},"product_brand":[16270],"product_cat":[1567,4986,1591,1672,1680,1696,1704,1607,5164,1631,1639],"product_tag":[18944,18942,18945,18943,31,8813,9424,16271,16273,16275,16272,16274,7221],"class_list":{"0":"post-68348262","1":"product","2":"type-product","3":"status-publish","4":"has-post-thumbnail","6":"product_brand-mopar","7":"product_cat-300c-36-zubehoer","8":"product_cat-300c-57-2011-2023-zubehoer","9":"product_cat-300c-64-zubehoer","10":"product_cat-challenger-36-zubehoer","11":"product_cat-challenger-57-zubehoer","12":"product_cat-challenger-hellcat-zubehoer","13":"product_cat-challenger-64-zubehoer","14":"product_cat-charger-36-zubehoer","15":"product_cat-dodge-charger-57-2011-2023-zubehoer","16":"product_cat-charger-hellcat-zubehoer","17":"product_cat-charger-64-zubehoer","18":"product_tag-05181565aa","19":"product_tag-05181565ab","20":"product_tag-5181565aa","21":"product_tag-5181565ab","22":"product_tag-mopar","23":"product_tag-mopar-autoteile","24":"product_tag-mopar-ersatzteile","25":"product_tag-mopar-ersatzteile-kaufen","26":"product_tag-mopar-performance-teile","27":"product_tag-mopar-teile-katalog","28":"product_tag-mopar-teile-online","29":"product_tag-mopar-tuningteile","30":"product_tag-mopar10","32":"first","33":"instock","34":"taxable","35":"shipping-taxable","36":"purchasable","37":"product-type-simple"},"bundled_by":[],"bundle_stock_status":"instock","bundle_stock_quantity":4,"bundle_virtual":false,"bundle_layout":"","bundle_add_to_cart_form_location":"","bundle_editable_in_cart":false,"bundle_sold_individually_context":"","bundle_item_grouping":"","bundle_min_size":"","bundle_max_size":"","bundle_price":[],"bundled_items":[],"bundle_sell_ids":[],"exclude_global_add_ons":[],"addons":[],"acf":[],"_links":{"self":[{"href":"https:\/\/kraftwerk-shop.cc\/cs\/wp-json\/wp\/v2\/product\/68348262","targetHints":{"allow":["GET"]}}],"collection":[{"href":"https:\/\/kraftwerk-shop.cc\/cs\/wp-json\/wp\/v2\/product"}],"about":[{"href":"https:\/\/kraftwerk-shop.cc\/cs\/wp-json\/wp\/v2\/types\/product"}],"replies":[{"embeddable":true,"href":"https:\/\/kraftwerk-shop.cc\/cs\/wp-json\/wp\/v2\/comments?post=68348262"}],"version-history":[{"count":0,"href":"https:\/\/kraftwerk-shop.cc\/cs\/wp-json\/wp\/v2\/product\/68348262\/revisions"}],"wp:featuredmedia":[{"embeddable":true,"href":"https:\/\/kraftwerk-shop.cc\/cs\/wp-json\/wp\/v2\/media\/68348265"}],"wp:attachment":[{"href":"https:\/\/kraftwerk-shop.cc\/cs\/wp-json\/wp\/v2\/media?parent=68348262"}],"wp:term":[{"taxonomy":"product_brand","embeddable":true,"href":"https:\/\/kraftwerk-shop.cc\/cs\/wp-json\/wp\/v2\/product_brand?post=68348262"},{"taxonomy":"product_cat","embeddable":true,"href":"https:\/\/kraftwerk-shop.cc\/cs\/wp-json\/wp\/v2\/product_cat?post=68348262"},{"taxonomy":"product_tag","embeddable":true,"href":"https:\/\/kraftwerk-shop.cc\/cs\/wp-json\/wp\/v2\/product_tag?post=68348262"}],"curies":[{"name":"wp","href":"https:\/\/api.w.org\/{rel}","templated":true}]}}