{"id":68348302,"date":"2025-08-26T00:56:02","date_gmt":"2025-08-25T22:56:02","guid":{"rendered":"https:\/\/kraftwerk-shop.cc\/?post_type=product&#038;p=68348302"},"modified":"2026-02-15T01:22:59","modified_gmt":"2026-02-15T00:22:59","slug":"oracle-lighting-colourshift-denni-svetlo-challenger","status":"publish","type":"product","link":"https:\/\/kraftwerk-shop.cc\/cs\/produkt\/oracle-lighting-colorshift-tagfahrlicht-challenger\/","title":{"rendered":"Sv\u011btla pro denn\u00ed sv\u00edcen\u00ed Oracle Lighting ColorSHIFT Challenger"},"content":{"rendered":"<h1>ORACLE Lighting ColorSHIFT\u00ae RGB+W sada sv\u011btel pro denn\u00ed sv\u00edcen\u00ed pro Dodge Challenger od 2015 do 2023<\/h1>\n<p>&nbsp;<\/p>\n<p>D\u00edky nov\u00e9mu \u010dipu RGB+W m\u016f\u017eete s touto novou sadou pou\u017e\u00edt st\u00e1vaj\u00edc\u00ed funkci DRL (denn\u00ed sv\u00edcen\u00ed) va\u0161eho vozu Dodge Challenger z modelov\u00fdch let 2015 a\u017e 2023 a snadno ji p\u0159em\u011bnit na DRL m\u011bn\u00edc\u00ed barvu.<br \/>\nTento syst\u00e9m je vybaven technologi\u00ed RGB ColorSHIFT\u00ae a dal\u0161\u00ed \"b\u00edlou LED diodou\", kter\u00e1 poskytuje \u010dist\u0161\u00ed b\u00edl\u00e9 t\u00f3ny, mo\u017enost volby jasn\u011b b\u00edl\u00e9 barvy DRL a mo\u017enost okam\u017eit\u00e9ho p\u0159epnut\u00ed pro j\u00edzdu v souladu se z\u00e1konem.<br \/>\nTyto DRL desky mohou generovat stovky r\u016fzn\u00fdch barev a des\u00edtky vzor\u016f, \u0159\u00eddit jas a dokonce i rychlost funkc\u00ed.<br \/>\nDodejte sv\u00e9mu vozu Challenger vzhled, po kter\u00e9m jste v\u017edy tou\u017eili, pomoc\u00ed nov\u00e9 konverzn\u00ed sady ORACLE ColorSHIFT RGB+W DRL.<\/p>\n<p>&nbsp;<\/p>\n<p><b>Vlastnosti:<\/b><\/p>\n<ul>\n<li>Skute\u010dn\u011b b\u00edl\u00e9 DRL + ColorSHIFT\u00ae<\/li>\n<li>Dokonal\u00e1 p\u0159esnost ulo\u017een\u00ed<\/li>\n<li>Ovl\u00e1d\u00e1n\u00ed barev, rychlosti, jasu a dal\u0161\u00edch funkc\u00ed pomoc\u00ed ovlada\u010de RGB<\/li>\n<li>Spou\u0161t\u011bc\u00ed kabel DRL pro okam\u017eit\u00e9 b\u00edl\u00e9 denn\u00ed sv\u011btlo pro silni\u010dn\u00ed provoz<\/li>\n<\/ul>\n<p>&nbsp;<\/p>\n<p>Zcela nov\u00fd ovlada\u010d ORACLE Lighting BC2 ColorSHIFT\u00ae je nejnov\u011bj\u0161\u00ed mo\u017enost\u00ed ovl\u00e1d\u00e1n\u00ed LED pomoc\u00ed Bluetooth, kter\u00e1 vyu\u017e\u00edv\u00e1 novou aplikaci ORACLE ColorSHIFT\u00ae PRO pro chytr\u00e9 telefony.<br \/>\nDokonal\u00fd ovlada\u010d pro integraci rozs\u00e1hl\u00e9 \u0159ady produkt\u016f ORACLE RGB ColorSHIFT\u00ae do va\u0161eho vozidla.<br \/>\nSta\u010d\u00ed p\u0159ipojit nap\u00e1jec\u00ed zdroj a pot\u00e9 pomoc\u00ed bezplatn\u00e9 aplikace p\u0159ipojit chytr\u00fd telefon a ovl\u00e1dat osv\u011btlen\u00ed. \u0158\u00eddic\u00ed jednotka m\u00e1 celkem 6 v\u00fdstup\u016f s vodot\u011bsn\u00fdmi konektory pro snadn\u00e9 p\u0159ipojen\u00ed k va\u0161im osv\u011btlovac\u00edm produkt\u016fm ColorSHIFT\u00ae.<br \/>\nPomoc\u00ed nov\u00e9 aplikace ORACLE ColorSHIFT\u00ae PRO m\u016f\u017eete osv\u011btlen\u00ed zap\u00ednat a vyp\u00ednat, vyb\u00edrat z des\u00edtek barevn\u00fdch variant a sv\u011bteln\u00fdch vzor\u016f, ovl\u00e1dat jas za\u0159\u00edzen\u00ed, nastavovat rychlost vzor\u016f a dokonce ovl\u00e1dat osv\u011btlen\u00ed pomoc\u00ed zvuku nebo hudby.<\/p>\n<p>&nbsp;<\/p>\n<p><strong>Sada obsahuje:<\/strong><\/p>\n<ul>\n<li>(4) 2015-2023 Dodge Challenger ColorSHIFT RGB+W DRL n\u00e1hradn\u00ed d\u00edly -<\/li>\n<li>(2) Ovlada\u010d LED s konstantn\u00edm proudem<\/li>\n<li>(2) Kabelov\u00fd adapt\u00e9r IP67<\/li>\n<li>(1) BC2 Bluetooth ColourSHIFT\u00ae RGB LED ovlada\u010d<\/li>\n<\/ul>\n<p>&nbsp;<\/p>\n<p><strong>Pozn\u00e1mky:<\/strong><\/p>\n<ul>\n<li>Nutn\u00e1 demont\u00e1\u017e a otev\u0159en\u00ed sv\u011btlometu<\/li>\n<li>Doporu\u010dujeme profesion\u00e1ln\u00ed instalaci s na\u0161\u00edm vysoce kvalitn\u00edm silikonov\u00fdm tmelem.<\/li>\n<li>Ne v\u0161echny barvy jsou schv\u00e1leny pro pou\u017eit\u00ed na silnic\u00edch, dodr\u017eujte pros\u00edm p\u0159\u00edslu\u0161n\u00e9 dopravn\u00ed p\u0159edpisy.<\/li>\n<\/ul>\n<p>&nbsp;<\/p>\n<p>&nbsp;<\/p>\n<p><iframe loading=\"lazy\" title=\"P\u0159ehr\u00e1va\u010d vide\u00ed YouTube\" src=\"https:\/\/www.youtube.com\/embed\/Zc2HOjzBHWw?si=FRFr9W2U2k2b-2_w\" width=\"560\" height=\"315\" frameborder=\"0\" allowfullscreen=\"allowfullscreen\"><\/iframe><\/p>\n<p><iframe loading=\"lazy\" title=\"P\u0159ehr\u00e1va\u010d vide\u00ed YouTube\" src=\"https:\/\/www.youtube.com\/embed\/k6blOX4g0LE?si=oyXTvQKbtZduDhZy\" width=\"560\" height=\"315\" frameborder=\"0\" allowfullscreen=\"allowfullscreen\"><\/iframe><\/p>","protected":false},"excerpt":{"rendered":"<p>2015\u20132023<\/p>","protected":false},"featured_media":68347709,"comment_status":"open","ping_status":"closed","template":"","meta":{"_acf_changed":false},"product_brand":[18906],"product_cat":[10262,6983,6984,6986,6987],"product_tag":[18108,54,18889,49,18890,18104,18907,6974,18098,18100,18099,18892,10708,18888,18891],"class_list":{"0":"post-68348302","1":"product","2":"type-product","3":"status-publish","4":"has-post-thumbnail","6":"product_brand-oracle-lighting","7":"product_cat-alle-produkte","8":"product_cat-challenger-36-beleuchtung","9":"product_cat-challenger-57-beleuchtung","10":"product_cat-challenger-hellcat-beleuchtung","11":"product_cat-challenger-64-beleuchtung","12":"product_tag-1329-335","13":"product_tag-challenger","14":"product_tag-colorshift","15":"product_tag-dodge","16":"product_tag-drl","17":"product_tag-einbauwerkzeug","18":"product_tag-fahrzeugbeleuchtung","19":"product_tag-led","20":"product_tag-mopar-10","21":"product_tag-oracle","22":"product_tag-oracle-lighting","23":"product_tag-rgb-controller","24":"product_tag-tagfahrlicht","25":"product_tag-tfl","26":"product_tag-umruestkit","28":"first","29":"instock","30":"taxable","31":"shipping-taxable","32":"purchasable","33":"product-type-simple"},"bundled_by":[],"bundle_stock_status":"instock","bundle_stock_quantity":1,"bundle_virtual":false,"bundle_layout":"","bundle_add_to_cart_form_location":"","bundle_editable_in_cart":false,"bundle_sold_individually_context":"","bundle_item_grouping":"","bundle_min_size":"","bundle_max_size":"","bundle_price":[],"bundled_items":[],"bundle_sell_ids":[],"exclude_global_add_ons":[],"addons":[],"acf":[],"_links":{"self":[{"href":"https:\/\/kraftwerk-shop.cc\/cs\/wp-json\/wp\/v2\/product\/68348302","targetHints":{"allow":["GET"]}}],"collection":[{"href":"https:\/\/kraftwerk-shop.cc\/cs\/wp-json\/wp\/v2\/product"}],"about":[{"href":"https:\/\/kraftwerk-shop.cc\/cs\/wp-json\/wp\/v2\/types\/product"}],"replies":[{"embeddable":true,"href":"https:\/\/kraftwerk-shop.cc\/cs\/wp-json\/wp\/v2\/comments?post=68348302"}],"version-history":[{"count":0,"href":"https:\/\/kraftwerk-shop.cc\/cs\/wp-json\/wp\/v2\/product\/68348302\/revisions"}],"wp:featuredmedia":[{"embeddable":true,"href":"https:\/\/kraftwerk-shop.cc\/cs\/wp-json\/wp\/v2\/media\/68347709"}],"wp:attachment":[{"href":"https:\/\/kraftwerk-shop.cc\/cs\/wp-json\/wp\/v2\/media?parent=68348302"}],"wp:term":[{"taxonomy":"product_brand","embeddable":true,"href":"https:\/\/kraftwerk-shop.cc\/cs\/wp-json\/wp\/v2\/product_brand?post=68348302"},{"taxonomy":"product_cat","embeddable":true,"href":"https:\/\/kraftwerk-shop.cc\/cs\/wp-json\/wp\/v2\/product_cat?post=68348302"},{"taxonomy":"product_tag","embeddable":true,"href":"https:\/\/kraftwerk-shop.cc\/cs\/wp-json\/wp\/v2\/product_tag?post=68348302"}],"curies":[{"name":"wp","href":"https:\/\/api.w.org\/{rel}","templated":true}]}}