{"id":68348397,"date":"2025-08-28T18:33:16","date_gmt":"2025-08-28T16:33:16","guid":{"rendered":"https:\/\/kraftwerk-shop.cc\/?post_type=product&#038;p=68348397"},"modified":"2026-02-27T16:35:20","modified_gmt":"2026-02-27T15:35:20","slug":"palivove-cerpadlo-bproauto-1bp00985aa","status":"publish","type":"product","link":"https:\/\/kraftwerk-shop.cc\/cs\/produkt\/bproauto-kraftstoffpumpe-1bp00985aa\/","title":{"rendered":"palivov\u00e9 \u010derpadlo bproauto Grand Cherokee &amp; Durango 6.4 (1BP00985AA)"},"content":{"rendered":"<h1>bproauto palivov\u00e9 \u010derpadlo \/ benz\u00ednov\u00e9 \u010derpadlo (1BP00985AA) pro Jeep Grand Cherokee SRT a Dodge Durango 6.4 SRT<\/h1>\n<p>&nbsp;<\/p>\n<p><span lang=\"DE\"><strong>Srovn\u00e1vac\u00ed \u010d\u00edsla Mopar:<\/strong> 68154305AA, 68154305AB, 68154305AC<\/span><\/p>\n<p>&nbsp;<\/p>\n<p><strong>Vhodn\u00e9 pro:<\/strong><\/p>\n<table width=\"1073\">\n<tbody>\n<tr>\n<td width=\"81\"><strong>Rok v\u00fdstavby<\/strong><\/td>\n<td width=\"121\"><strong>Zna\u010dka<\/strong><\/td>\n<td width=\"211\"><strong>Model<\/strong><\/td>\n<td width=\"309\"><strong>Verze<\/strong><\/td>\n<td width=\"351\"><strong>Motor<\/strong><\/td>\n<\/tr>\n<tr>\n<td width=\"81\">2024<\/td>\n<td width=\"121\">Dodge<\/td>\n<td width=\"211\">Durango<\/td>\n<td width=\"309\">SRT 392, SRT 392 Plus, SRT 392 Premium<\/td>\n<td width=\"351\">6.4L<\/td>\n<\/tr>\n<tr>\n<td width=\"81\">2023<\/td>\n<td width=\"121\">Dodge<\/td>\n<td width=\"211\">Durango<\/td>\n<td width=\"309\">SRT 392, SRT 392 Plus, SRT 392 Premium<\/td>\n<td width=\"351\">6.4L<\/td>\n<\/tr>\n<tr>\n<td width=\"81\">2022<\/td>\n<td width=\"121\">Dodge<\/td>\n<td width=\"211\">Durango<\/td>\n<td width=\"309\">SRT 392<\/td>\n<td width=\"351\">6.4L<\/td>\n<\/tr>\n<tr>\n<td width=\"81\">2021<\/td>\n<td width=\"121\">Dodge<\/td>\n<td width=\"211\">Durango<\/td>\n<td width=\"309\">SRT<\/td>\n<td width=\"351\">6.4L<\/td>\n<\/tr>\n<tr>\n<td width=\"81\">2021<\/td>\n<td width=\"121\">Jeep<\/td>\n<td width=\"211\">Grand Cherokee<\/td>\n<td width=\"309\">SRT<\/td>\n<td width=\"351\">6.4L<\/td>\n<\/tr>\n<tr>\n<td width=\"81\">2020<\/td>\n<td width=\"121\">Dodge<\/td>\n<td width=\"211\">Durango<\/td>\n<td width=\"309\">SRT<\/td>\n<td width=\"351\">6.4L<\/td>\n<\/tr>\n<tr>\n<td width=\"81\">2020<\/td>\n<td width=\"121\">Jeep<\/td>\n<td width=\"211\">Grand Cherokee<\/td>\n<td width=\"309\">SRT<\/td>\n<td width=\"351\">6.4L<\/td>\n<\/tr>\n<tr>\n<td width=\"81\">2019<\/td>\n<td width=\"121\">Jeep<\/td>\n<td width=\"211\">Grand Cherokee<\/td>\n<td width=\"309\">SRT<\/td>\n<td width=\"351\">6.4L<\/td>\n<\/tr>\n<tr>\n<td width=\"81\">2017<\/td>\n<td width=\"121\">Jeep<\/td>\n<td width=\"211\">Grand Cherokee<\/td>\n<td width=\"309\">SRT<\/td>\n<td width=\"351\">6.4L<\/td>\n<\/tr>\n<tr>\n<td width=\"81\">2016<\/td>\n<td width=\"121\">Jeep<\/td>\n<td width=\"211\">Grand Cherokee<\/td>\n<td width=\"309\">SRT<\/td>\n<td width=\"351\">6.4L<\/td>\n<\/tr>\n<tr>\n<td width=\"81\">2015<\/td>\n<td width=\"121\">Jeep<\/td>\n<td width=\"211\">Grand Cherokee<\/td>\n<td width=\"309\">SRT<\/td>\n<td width=\"351\">6.4L<\/td>\n<\/tr>\n<tr>\n<td width=\"81\">2014<\/td>\n<td width=\"121\">Jeep<\/td>\n<td width=\"211\">Grand Cherokee<\/td>\n<td width=\"309\">SRT<\/td>\n<td width=\"351\">6.4L<\/td>\n<\/tr>\n<tr>\n<td width=\"81\">2013<\/td>\n<td width=\"121\">Jeep<\/td>\n<td width=\"211\">Grand Cherokee<\/td>\n<td width=\"309\">SRT8<\/td>\n<td width=\"351\">6.4L<\/td>\n<\/tr>\n<tr>\n<td width=\"81\">2012<\/td>\n<td width=\"121\">Jeep<\/td>\n<td width=\"211\">Grand Cherokee<\/td>\n<td width=\"309\">SRT8<\/td>\n<td width=\"351\">6.4L<\/td>\n<\/tr>\n<\/tbody>\n<\/table>\n<p>&nbsp;<\/p>\n<p>&nbsp;<\/p>\n<h4>O spole\u010dnosti bproauto<\/h4>\n<p>bproauto je poprodejn\u00ed zna\u010dka spole\u010dnosti Stellantis, kter\u00e1 byla vyvinuta speci\u00e1ln\u011b pro poskytov\u00e1n\u00ed vysoce kvalitn\u00edch n\u00e1hradn\u00edch d\u00edl\u016f pro vozidla koncernov\u00fdch zna\u010dek Chrysler, Dodge, Jeep a RAM. C\u00edl: nab\u00eddnout majitel\u016fm vozidel cenov\u011b v\u00fdhodnou, spolehlivou a vysoce kvalitn\u00ed alternativu k origin\u00e1ln\u00edm n\u00e1hradn\u00edm d\u00edl\u016fm - bez kompromis\u016f v oblasti kvality, p\u0159esnosti ulo\u017een\u00ed nebo bezpe\u010dnosti.<br \/>\nKvalita OEM pro trh s n\u00e1hradn\u00edmi d\u00edly.<\/p>\n<p>bproauto nab\u00edz\u00ed \u0161irokou \u0161k\u00e1lu n\u00e1hradn\u00edch d\u00edl\u016f, kter\u00e9 jsou vyr\u00e1b\u011bny a podrobn\u011b testov\u00e1ny podle p\u0159\u00edsn\u00fdch norem pro origin\u00e1ln\u00ed vybaven\u00ed (O.E.). V\u00fdrobky jsou navr\u017eeny tak, aby p\u0159esn\u011b odpov\u00eddaly specifikac\u00edm p\u0159\u00edslu\u0161n\u00fdch model\u016f vozidel - a to jak z hlediska v\u00fdkonu, tak i ulo\u017een\u00ed.<\/p>\n<p>&nbsp;<\/p>","protected":false},"excerpt":{"rendered":"<p>bproauto palivov\u00e9 \u010derpadlo \/ benz\u00ednov\u00e9 \u010derpadlo (1BP00985AA) pro Jeep Grand Cherokee SRT a Dodge Durango 6.4 SRT referen\u010dn\u00ed \u010d\u00edsla Mopar: 68154305AA, 68154305AB,<\/p>","protected":false},"featured_media":68348405,"comment_status":"open","ping_status":"closed","template":"","meta":{"_acf_changed":false},"product_brand":[16873],"product_cat":[10262,2887,2895],"product_tag":[18959,217,93,18954,18956,18955,4361,49,95,56,50,18957,31,8813,9424,16271,16273,16275,16272,16274,7221,18958,96],"class_list":{"0":"post-68348397","1":"product","2":"type-product","3":"status-publish","4":"has-post-thumbnail","6":"product_brand-bproauto","7":"product_cat-alle-produkte","8":"product_cat-durango-64-kraftstoffversorgung","9":"product_cat-grand-cherokee-64-kraftstoffversorgung","10":"product_tag-1bp00985aa","11":"product_tag-217","12":"product_tag-6-4","13":"product_tag-68154305aa","14":"product_tag-68154305ab","15":"product_tag-68154305ac","16":"product_tag-benzinpumpe","17":"product_tag-dodge","18":"product_tag-durango","19":"product_tag-grand-cherokee","20":"product_tag-jeep","21":"product_tag-kraftstoffpumpe","22":"product_tag-mopar","23":"product_tag-mopar-autoteile","24":"product_tag-mopar-ersatzteile","25":"product_tag-mopar-ersatzteile-kaufen","26":"product_tag-mopar-performance-teile","27":"product_tag-mopar-teile-katalog","28":"product_tag-mopar-teile-online","29":"product_tag-mopar-tuningteile","30":"product_tag-mopar10","31":"product_tag-spritpumpe","32":"product_tag-srt","34":"first","35":"instock","36":"taxable","37":"shipping-taxable","38":"purchasable","39":"product-type-simple"},"bundled_by":[],"bundle_stock_status":"instock","bundle_stock_quantity":2,"bundle_virtual":false,"bundle_layout":"","bundle_add_to_cart_form_location":"","bundle_editable_in_cart":false,"bundle_sold_individually_context":"","bundle_item_grouping":"","bundle_min_size":"","bundle_max_size":"","bundle_price":[],"bundled_items":[],"bundle_sell_ids":[],"exclude_global_add_ons":[],"addons":[],"acf":[],"_links":{"self":[{"href":"https:\/\/kraftwerk-shop.cc\/cs\/wp-json\/wp\/v2\/product\/68348397","targetHints":{"allow":["GET"]}}],"collection":[{"href":"https:\/\/kraftwerk-shop.cc\/cs\/wp-json\/wp\/v2\/product"}],"about":[{"href":"https:\/\/kraftwerk-shop.cc\/cs\/wp-json\/wp\/v2\/types\/product"}],"replies":[{"embeddable":true,"href":"https:\/\/kraftwerk-shop.cc\/cs\/wp-json\/wp\/v2\/comments?post=68348397"}],"version-history":[{"count":0,"href":"https:\/\/kraftwerk-shop.cc\/cs\/wp-json\/wp\/v2\/product\/68348397\/revisions"}],"wp:featuredmedia":[{"embeddable":true,"href":"https:\/\/kraftwerk-shop.cc\/cs\/wp-json\/wp\/v2\/media\/68348405"}],"wp:attachment":[{"href":"https:\/\/kraftwerk-shop.cc\/cs\/wp-json\/wp\/v2\/media?parent=68348397"}],"wp:term":[{"taxonomy":"product_brand","embeddable":true,"href":"https:\/\/kraftwerk-shop.cc\/cs\/wp-json\/wp\/v2\/product_brand?post=68348397"},{"taxonomy":"product_cat","embeddable":true,"href":"https:\/\/kraftwerk-shop.cc\/cs\/wp-json\/wp\/v2\/product_cat?post=68348397"},{"taxonomy":"product_tag","embeddable":true,"href":"https:\/\/kraftwerk-shop.cc\/cs\/wp-json\/wp\/v2\/product_tag?post=68348397"}],"curies":[{"name":"wp","href":"https:\/\/api.w.org\/{rel}","templated":true}]}}