{"id":68348912,"date":"2025-09-07T23:32:48","date_gmt":"2025-09-07T21:32:48","guid":{"rendered":"https:\/\/kraftwerk-shop.cc\/?post_type=product&#038;p=68348912"},"modified":"2026-02-15T01:23:22","modified_gmt":"2026-02-15T00:23:22","slug":"brzdove-kotouce-hawk-talon-htc4235","status":"publish","type":"product","link":"https:\/\/kraftwerk-shop.cc\/cs\/produkt\/hawk-talon-bremsscheiben-htc4235\/","title":{"rendered":"Hawk Brzdov\u00e9 kotou\u010de Talon HTC4235"},"content":{"rendered":"<h1>Hawk Talon HTC4235 Brzdov\u00e9 kotou\u010de pro Chrysler 300C, Dodge Challenger, Charger, Magnum a Lancia Thema 3.0 CRD, 3.5, 3.6 a 5.7 (zadn\u00ed n\u00e1prava)<\/h1>\n<p>&nbsp;<\/p>\n<p>Brzdov\u00e9 kotou\u010de Hawk Talon jsou vysoce kvalitn\u00ed a v\u00fdkonn\u00e9 silni\u010dn\u00ed kotou\u010de, kter\u00e9 byly speci\u00e1ln\u011b vyvinuty pro maxim\u00e1ln\u00ed brzdnou \u00fa\u010dinnost, odolnost a pot\u011b\u0161en\u00ed z j\u00edzdy. Kombinuj\u00ed modern\u00ed konstruk\u010dn\u00ed metody, prvot\u0159\u00eddn\u00ed materi\u00e1ly a specializovan\u00e9 povrchov\u00e9 \u00fapravy, aby poskytovaly \u0161pi\u010dkov\u00fd v\u00fdkon i v extr\u00e9mn\u00edch podm\u00ednk\u00e1ch.<\/p>\n<p>&nbsp;<\/p>\n<p><strong>Nejd\u016fle\u017eit\u011bj\u0161\u00ed informace a technologie<\/strong><\/p>\n<ul>\n<li>Vysoce kvalitn\u00ed materi\u00e1l: Vyrobeno z vysoce uhl\u00edkov\u00e9 litiny s metalurgi\u00ed G3000 - vynikaj\u00edc\u00ed stabilita, dlouh\u00e1 \u017eivotnost a minim\u00e1ln\u00ed deformace p\u0159i vysok\u00fdch teplot\u00e1ch.<\/li>\n<li>Optimalizovan\u00fd odvod tepla: P\u0159esn\u011b vrtan\u00e9 a dr\u00e1\u017ekovan\u00e9 struktury zaji\u0161\u0165uj\u00ed vynikaj\u00edc\u00ed tepeln\u00fd v\u00fdkon, \u00fa\u010dinn\u00e9 chlazen\u00ed, vysokou pevnost konstrukce a lep\u0161\u00ed brzdn\u00fd v\u00fdkon za mokra.<\/li>\n<li>N\u00edzk\u00e9 vibrace a hluk: p\u0159esn\u00e9 dr\u00e1\u017eky vyfr\u00e9zovan\u00e9 na CNC udr\u017euj\u00ed brzdov\u00e9 desti\u010dky \u010dist\u00e9, sni\u017euj\u00ed harmonickou rezonanci a minimalizuj\u00ed hluk p\u0159i brzd\u011bn\u00ed.<\/li>\n<li>Povlak Magni: Tento speci\u00e1ln\u00ed bari\u00e9rov\u00fd povlak poskytuje vynikaj\u00edc\u00ed ochranu proti korozi, usnad\u0148uje brzd\u011bn\u00ed a chr\u00e1n\u00ed p\u0159ed opot\u0159eben\u00edm.<\/li>\n<li>V souladu s normami IEC: Spl\u0148uje a p\u0159ekra\u010duje po\u017eadavky normy ISO-9227 pro zkou\u0161ku solnou mlhou (v\u00edce ne\u017e 240 hodin), ide\u00e1ln\u00ed pro pou\u017eit\u00ed v zimn\u00edch podm\u00ednk\u00e1ch.<\/li>\n<\/ul>\n<p>&nbsp;<\/p>\n<p><strong>Pro\u010d zvolit brzdov\u00e9 kotou\u010de Hawk Talon<\/strong><\/p>\n<ul>\n<li>Vynikaj\u00edc\u00ed v\u00fdkon: Ide\u00e1ln\u00ed pro n\u00e1ro\u010dn\u00fd styl j\u00edzdy, provoz s p\u0159\u00edv\u011bsem nebo p\u0159\u00edle\u017eitostn\u00e9 pou\u017eit\u00ed na trati.<\/li>\n<li>Odolnost: Vysoce kvalitn\u00ed materi\u00e1ly, n\u00e1t\u011bry a p\u0159esnost v\u00fdroby zaji\u0161\u0165uj\u00ed dlouhou \u017eivotnost.<\/li>\n<li>Snadn\u00e1 \u00fadr\u017eba: Rychl\u00e9 zatahov\u00e1n\u00ed, odolnost proti korozi, n\u00edzk\u00e9 vibrace a n\u00edzk\u00e1 hladina hluku.<\/li>\n<li>Spolehliv\u00e1 kvalita: v\u00fdkon testovan\u00fd na dynamometru a vysok\u00e1 konzistence v\u00fdroby<\/li>\n<\/ul>\n<p>&nbsp;<\/p>\n<p><strong>\u010c\u00edsla d\u00edl\u016f Mopar (pouze pro srovn\u00e1n\u00ed)<\/strong>4779209AB, 4779209AC, 4779209AD, 4779209AE, 4779209AF, 4779209AG, 68241042AA, 68241042AB, 68368072AA, 68368071AA<\/p>\n<p>&nbsp;<\/p>\n<p><strong>Vhodn\u00e9 pro:<\/strong><\/p>\n<table width=\"0\">\n<tbody>\n<tr>\n<td width=\"64\">Chrysler<\/td>\n<td width=\"100\">300C<\/td>\n<td width=\"163\">3.0 CRD, 3.5, 3.6, 5.7<\/td>\n<td width=\"305\">V\u0161echny modelov\u00e9 roky s ventilovan\u00fdmi brzdov\u00fdmi kotou\u010di<\/td>\n<\/tr>\n<tr>\n<td width=\"64\">Dodge<\/td>\n<td width=\"100\">Challenger<\/td>\n<td width=\"163\">3.5, 3.6, 5.7<\/td>\n<td width=\"305\">V\u0161echny modelov\u00e9 roky s ventilovan\u00fdmi brzdov\u00fdmi kotou\u010di<\/td>\n<\/tr>\n<tr>\n<td width=\"64\">Dodge<\/td>\n<td width=\"100\">Charger<\/td>\n<td width=\"163\">3.5, 3.6, 5.7<\/td>\n<td width=\"305\">V\u0161echny modelov\u00e9 roky s ventilovan\u00fdmi brzdov\u00fdmi kotou\u010di<\/td>\n<\/tr>\n<tr>\n<td width=\"64\">Dodge<\/td>\n<td width=\"100\">Magnum<\/td>\n<td width=\"163\">3.5, 5.7<\/td>\n<td width=\"305\">V\u0161echny modelov\u00e9 roky s ventilovan\u00fdmi brzdov\u00fdmi kotou\u010di<\/td>\n<\/tr>\n<tr>\n<td width=\"64\">Lancia<\/td>\n<td width=\"100\">T\u00e9ma<\/td>\n<td width=\"163\">3.0 MultiJet, 3.6<\/td>\n<td width=\"305\">V\u0161echny modelov\u00e9 roky s ventilovan\u00fdmi brzdov\u00fdmi kotou\u010di<\/td>\n<\/tr>\n<\/tbody>\n<\/table>\n<p><strong>\u00a0<\/strong><\/p>\n<p><strong><br \/>\nRozsah dod\u00e1vky: <\/strong><\/p>\n<ul>\n<li>2 brzdov\u00e9 kotou\u010de Hawk Talon (HTC4235) pro zadn\u00ed n\u00e1pravu<\/li>\n<\/ul>\n<p>&nbsp;<\/p>\n<p><strong>Pozn\u00e1mka:<\/strong><\/p>\n<p>P\u0159ed objedn\u00e1n\u00edm zkontrolujte, zda je va\u0161e vozidlo vybaveno ventilovan\u00fdmi nebo neventilovan\u00fdmi brzdov\u00fdmi kotou\u010di.<br \/>\nJen velmi m\u00e1lo vozidel m\u00e1 vzadu neventilovan\u00e9 brzdov\u00e9 kotou\u010de. Tato vozidla maj\u00ed obvykle mal\u00e9 brzdov\u00e9 kotou\u010de o pr\u016fm\u011bru 320 mm na p\u0159edn\u00ed n\u00e1prav\u011b.<\/p>","protected":false},"excerpt":{"rendered":"<div class=\"woocommerce-product-details__short-description\">\n<p>Odv\u011btr\u00e1van\u00e9 brzdov\u00e9 kotou\u010de<\/p>\n<\/div>","protected":false},"featured_media":68348916,"comment_status":"open","ping_status":"closed","template":"","meta":{"_acf_changed":false},"product_brand":[17621],"product_cat":[17713,17718,17722,17726,17730,17708,17706,17700,17742,17746,17750,17754,17770,17774],"product_tag":[18193,18194,18195,18196,18197,18198,87,572,88,52,2071,2072,2074,2073,2075,2077,91,17574,17575,17577,17576,795,796,54,53,48,536,49,3853,3854,692,942,2111,941,1070,126,798,799,18978,36,173,55,797,18976,174,216,673],"class_list":{"0":"post-68348912","1":"product","2":"type-product","3":"status-publish","4":"has-post-thumbnail","6":"product_brand-hawk-performance","7":"product_cat-300c-30-diesel-bremsscheiben-hinten","8":"product_cat-300c-35-bremsscheiben-hinten","9":"product_cat-300c-36-bremsscheiben-hinten","10":"product_cat-300c-57-2005-2010-bremsscheiben-hinten","11":"product_cat-300c-57-2011-2023-bremsscheiben-hinten","12":"product_cat-challenger-35-bremsscheiben-hinten","13":"product_cat-challenger-36-bremsscheiben-hinten","14":"product_cat-challenger-57-bremsscheiben-hinten","15":"product_cat-charger-35-bremsscheiben-hinten","16":"product_cat-charger-36-bremsscheiben-hinten","17":"product_cat-charger-57-bremsscheiben-hinten","18":"product_cat-charger-57-2011-2023-bremsscheiben-hinten","19":"product_cat-magnum-35-bremsscheiben-hinten","20":"product_cat-magnum-57-bremsscheiben-hinten","21":"product_tag-04779209ab","22":"product_tag-04779209ac","23":"product_tag-04779209ad","24":"product_tag-04779209ae","25":"product_tag-04779209af","26":"product_tag-04779209ag","27":"product_tag-2-7","28":"product_tag-3-0-crd","29":"product_tag-3-5","30":"product_tag-300c","31":"product_tag-4779209ab","32":"product_tag-4779209ac","33":"product_tag-4779209ad","34":"product_tag-4779209ae","35":"product_tag-4779209af","36":"product_tag-4779209ag","37":"product_tag-5-7","38":"product_tag-68241042aa","39":"product_tag-68241042ab","40":"product_tag-68368071aa","41":"product_tag-68368072aa","42":"product_tag-bremse","43":"product_tag-bremsscheibe","44":"product_tag-challenger","45":"product_tag-charger","46":"product_tag-chrysler","47":"product_tag-chrysler-300c","48":"product_tag-dodge","49":"product_tag-dodge-challenger","50":"product_tag-dodge-charger","51":"product_tag-ersatzteil","52":"product_tag-gelocht","53":"product_tag-genutet","54":"product_tag-geschlitzt","55":"product_tag-hawk","56":"product_tag-hemi","57":"product_tag-hinten","58":"product_tag-hinterachse","59":"product_tag-htc4235","60":"product_tag-kraftwerk","61":"product_tag-lancia","62":"product_tag-magnum","63":"product_tag-sportbremsscheibe","64":"product_tag-talon","65":"product_tag-thema","66":"product_tag-upgrade","67":"product_tag-zubehoer","69":"first","70":"instock","71":"taxable","72":"shipping-taxable","73":"purchasable","74":"product-type-simple"},"bundled_by":[],"bundle_stock_status":"instock","bundle_stock_quantity":2,"bundle_virtual":false,"bundle_layout":"","bundle_add_to_cart_form_location":"","bundle_editable_in_cart":false,"bundle_sold_individually_context":"","bundle_item_grouping":"","bundle_min_size":"","bundle_max_size":"","bundle_price":[],"bundled_items":[],"bundle_sell_ids":[],"exclude_global_add_ons":[],"addons":[],"acf":[],"_links":{"self":[{"href":"https:\/\/kraftwerk-shop.cc\/cs\/wp-json\/wp\/v2\/product\/68348912","targetHints":{"allow":["GET"]}}],"collection":[{"href":"https:\/\/kraftwerk-shop.cc\/cs\/wp-json\/wp\/v2\/product"}],"about":[{"href":"https:\/\/kraftwerk-shop.cc\/cs\/wp-json\/wp\/v2\/types\/product"}],"replies":[{"embeddable":true,"href":"https:\/\/kraftwerk-shop.cc\/cs\/wp-json\/wp\/v2\/comments?post=68348912"}],"version-history":[{"count":0,"href":"https:\/\/kraftwerk-shop.cc\/cs\/wp-json\/wp\/v2\/product\/68348912\/revisions"}],"wp:featuredmedia":[{"embeddable":true,"href":"https:\/\/kraftwerk-shop.cc\/cs\/wp-json\/wp\/v2\/media\/68348916"}],"wp:attachment":[{"href":"https:\/\/kraftwerk-shop.cc\/cs\/wp-json\/wp\/v2\/media?parent=68348912"}],"wp:term":[{"taxonomy":"product_brand","embeddable":true,"href":"https:\/\/kraftwerk-shop.cc\/cs\/wp-json\/wp\/v2\/product_brand?post=68348912"},{"taxonomy":"product_cat","embeddable":true,"href":"https:\/\/kraftwerk-shop.cc\/cs\/wp-json\/wp\/v2\/product_cat?post=68348912"},{"taxonomy":"product_tag","embeddable":true,"href":"https:\/\/kraftwerk-shop.cc\/cs\/wp-json\/wp\/v2\/product_tag?post=68348912"}],"curies":[{"name":"wp","href":"https:\/\/api.w.org\/{rel}","templated":true}]}}