{"id":68349241,"date":"2025-09-13T13:50:24","date_gmt":"2025-09-13T11:50:24","guid":{"rendered":"https:\/\/kraftwerk-shop.cc\/?post_type=product&#038;p=68349241"},"modified":"2026-02-15T01:23:30","modified_gmt":"2026-02-15T00:23:30","slug":"hawk-keramicke-brzdove-desticky-hb509z-678-challenger","status":"publish","type":"product","link":"https:\/\/kraftwerk-shop.cc\/cs\/produkt\/hawk-ceramic-bremsbelaege-hb509z-678-challenger\/","title":{"rendered":"Hawk Performance Keramick\u00e9 brzdov\u00e9 desti\u010dky Challenger 3.5, 3.6 a 5.7"},"content":{"rendered":"<h1>Hawk Performance Vysoce v\u00fdkonn\u00e9 keramick\u00e9 brzdov\u00e9 desti\u010dky HB509Z.678 pro Dodge Challenger 3.5, 3.6 a 5.7 (p\u0159edn\u00ed n\u00e1prava)<\/h1>\n<p>&nbsp;<\/p>\n<p>Spole\u010dnost Hawk si uv\u011bdomuje pot\u0159eby dne\u0161n\u00edch u\u017eivatel\u016f keramick\u00fdch brzdov\u00fdch desti\u010dek a speci\u00e1ln\u011b vyvinula kompozitn\u00ed materi\u00e1l tak, aby spl\u0148oval a p\u0159ekra\u010doval po\u017eadavky na vysokou hlu\u010dnost a n\u00edzkou pra\u0161nost, kter\u00e9 si sama stanovila.<br \/>\nBrzdov\u00e9 desti\u010dky Hawk PC (Performance Ceramic) jsou navr\u017eeny tak, aby sni\u017eovaly NVH (hluk, vibrace a drsnost) a poskytovaly vynikaj\u00edc\u00ed v\u00fdkon kilometr za kilometrem.<br \/>\nJedine\u010dn\u00e1 sm\u011bs nab\u00edz\u00ed line\u00e1rn\u00ed t\u0159ec\u00ed profil, kter\u00fd umo\u017e\u0148uje syst\u00e9mu ABS va\u0161eho vozu Durango pracovat co nejefektivn\u011bji a jeho\u017e v\u00fdhodou je, \u017ee ve srovn\u00e1n\u00ed s b\u011b\u017en\u00fdmi keramick\u00fdmi desti\u010dkami nedoch\u00e1z\u00ed ke ztr\u00e1t\u011b v\u00fdkonu.<br \/>\nS brzdov\u00fdmi desti\u010dkami Performance Ceramic od spole\u010dnosti Hawk m\u016f\u017eete dos\u00e1hnout ni\u017e\u0161\u00edho opot\u0159eben\u00ed brzdov\u00fdch desti\u010dek, del\u0161\u00ed \u017eivotnosti brzdov\u00fdch kotou\u010d\u016f a velmi n\u00edzk\u00e9 hladiny hluku.<\/p>\n<p>Sm\u011bs Hawk Performance Ceramic je skv\u011bl\u00e1, pokud je va\u0161\u00ed prioritou minimalizace brzdov\u00e9ho prachu. Tato sm\u011bs je velmi obl\u00edbenou n\u00e1hradou za brzdu OEM pou\u017e\u00edvanou v Dodge Challenger.<br \/>\nPokud nechcete zv\u00fd\u0161it brzdn\u00fd v\u00fdkon ve srovn\u00e1n\u00ed se standardn\u00ed v\u00fdbavou a chcete prakticky eliminovat brzdov\u00fd prach, jsou pro v\u00e1s vhodn\u00e9 brzdov\u00e9 desti\u010dky Hawk Performance Ceramic.<\/p>\n<p>&nbsp;<\/p>\n<p><strong>Vlastnosti:<\/strong><\/p>\n<ul>\n<li>Extr\u00e9mn\u011b tich\u00fd<\/li>\n<li>Extr\u00e9mn\u011b n\u00edzk\u00e1 pra\u0161nost<\/li>\n<li>Zlep\u0161en\u00e1 brzdn\u00e1 s\u00edla<\/li>\n<li>\u0160etrn\u00e9 zach\u00e1zen\u00ed s brzdov\u00fdmi kotou\u010di<\/li>\n<li>Stabiln\u00ed brzdn\u00fd v\u00fdkon<\/li>\n<li>35-345 \u00b0C Rozsah pracovn\u00edch teplot<\/li>\n<li>35-235 \u00b0C Optim\u00e1ln\u00ed teplotn\u00ed rozsah<\/li>\n<\/ul>\n<p>&nbsp;<\/p>\n<p><strong>Srovn\u00e1vac\u00ed \u010d\u00edsla Mopar: <\/strong><span lang=\"DE\">05142555AA, 05174001AA, 05174001AB, 05174001AC<strong>, <\/strong>68147681AA<\/span><\/p>\n<p>&nbsp;<\/p>\n<p><strong>Vhodn\u00e9 pro:<\/strong><\/p>\n<table>\n<tbody>\n<tr>\n<td width=\"81\">Dodge<\/td>\n<td width=\"199\">Challenger<\/td>\n<td width=\"174\">3.5, 3.6, 5.7<\/td>\n<td width=\"369\">V\u0161echny modelov\u00e9 roky s brzdov\u00fdmi kotou\u010di 345 mm<\/td>\n<\/tr>\n<\/tbody>\n<\/table>\n<p>&nbsp;<\/p>\n<p>Cena se vztahuje na 1 sadu pro kompletn\u00ed p\u0159edn\u00ed n\u00e1pravu.<\/p>","protected":false},"excerpt":{"rendered":"<p>Vhodn\u00e9 pro brzdov\u00e9 kotou\u010de o pr\u016fm\u011bru 345 mm<\/p>","protected":false},"featured_media":68349277,"comment_status":"open","ping_status":"closed","template":"","meta":{"_acf_changed":false},"product_brand":[17621],"product_cat":[17709,17703,17701],"product_tag":[2149,2150,2151,2152,18215,18216,18217,18218,2153,590,840,6922,54,49,3853,1070,7614,18981,100,1166,186,96,842,841],"class_list":{"0":"post-68349241","1":"product","2":"type-product","3":"status-publish","4":"has-post-thumbnail","6":"product_brand-hawk-performance","7":"product_cat-challenger-35-bremsbelaege-vorne","8":"product_cat-challenger-36-bremsbelaege-vorne","9":"product_cat-challenger-57-bremsbelaege-vorne","10":"product_tag-05142555aa","11":"product_tag-05174001aa","12":"product_tag-05174001ab","13":"product_tag-05174001ac","14":"product_tag-5142555aa","15":"product_tag-5174001aa","16":"product_tag-5174001ab","17":"product_tag-5174001ac","18":"product_tag-68147681aa","19":"product_tag-bremsbelaege","20":"product_tag-bremskloetze","21":"product_tag-ceramic","22":"product_tag-challenger","23":"product_tag-dodge","24":"product_tag-dodge-challenger","25":"product_tag-hawk","26":"product_tag-hawk10","27":"product_tag-hb509z-678","28":"product_tag-hellcat","29":"product_tag-keramik","30":"product_tag-performance","31":"product_tag-srt","32":"product_tag-vorderachse","33":"product_tag-vorne","35":"first","36":"instock","37":"taxable","38":"shipping-taxable","39":"purchasable","40":"product-type-simple"},"bundled_by":[],"bundle_stock_status":"instock","bundle_stock_quantity":1,"bundle_virtual":false,"bundle_layout":"","bundle_add_to_cart_form_location":"","bundle_editable_in_cart":false,"bundle_sold_individually_context":"","bundle_item_grouping":"","bundle_min_size":"","bundle_max_size":"","bundle_price":[],"bundled_items":[],"bundle_sell_ids":[],"exclude_global_add_ons":[],"addons":[],"acf":[],"_links":{"self":[{"href":"https:\/\/kraftwerk-shop.cc\/cs\/wp-json\/wp\/v2\/product\/68349241","targetHints":{"allow":["GET"]}}],"collection":[{"href":"https:\/\/kraftwerk-shop.cc\/cs\/wp-json\/wp\/v2\/product"}],"about":[{"href":"https:\/\/kraftwerk-shop.cc\/cs\/wp-json\/wp\/v2\/types\/product"}],"replies":[{"embeddable":true,"href":"https:\/\/kraftwerk-shop.cc\/cs\/wp-json\/wp\/v2\/comments?post=68349241"}],"version-history":[{"count":0,"href":"https:\/\/kraftwerk-shop.cc\/cs\/wp-json\/wp\/v2\/product\/68349241\/revisions"}],"wp:featuredmedia":[{"embeddable":true,"href":"https:\/\/kraftwerk-shop.cc\/cs\/wp-json\/wp\/v2\/media\/68349277"}],"wp:attachment":[{"href":"https:\/\/kraftwerk-shop.cc\/cs\/wp-json\/wp\/v2\/media?parent=68349241"}],"wp:term":[{"taxonomy":"product_brand","embeddable":true,"href":"https:\/\/kraftwerk-shop.cc\/cs\/wp-json\/wp\/v2\/product_brand?post=68349241"},{"taxonomy":"product_cat","embeddable":true,"href":"https:\/\/kraftwerk-shop.cc\/cs\/wp-json\/wp\/v2\/product_cat?post=68349241"},{"taxonomy":"product_tag","embeddable":true,"href":"https:\/\/kraftwerk-shop.cc\/cs\/wp-json\/wp\/v2\/product_tag?post=68349241"}],"curies":[{"name":"wp","href":"https:\/\/api.w.org\/{rel}","templated":true}]}}