{"id":68349290,"date":"2025-09-13T13:50:06","date_gmt":"2025-09-13T11:50:06","guid":{"rendered":"https:\/\/kraftwerk-shop.cc\/?post_type=product&#038;p=68349290"},"modified":"2026-02-15T01:23:32","modified_gmt":"2026-02-15T00:23:32","slug":"brzdove-desticky-hawk-hb509b-678-charger","status":"publish","type":"product","link":"https:\/\/kraftwerk-shop.cc\/cs\/produkt\/hawk-bremsbelaege-hb509b-678-charger\/","title":{"rendered":"Hawk Performance HPS 5.0 Brzdov\u00e9 desti\u010dky Charger 3.5, 3.6 a 5.7"},"content":{"rendered":"<h1>Hawk Performance HPS 5.0 Vysoce v\u00fdkonn\u00e9 brzdov\u00e9 desti\u010dky HB509B.678 pro Dodge Charger 3.5, 3.6 a 5.7 (p\u0159edn\u00ed n\u00e1prava)<\/h1>\n<p>&nbsp;<\/p>\n<p><strong>Hawk Performance HPS 5.0<\/strong><\/p>\n<p>Brzdov\u00e9 desti\u010dky Hawk Performance s nejnov\u011bj\u0161\u00edm slo\u017een\u00edm HPS 5.0 - vyvinut\u00e9 pro maxim\u00e1ln\u00ed v\u00fdkon na silnici s optimalizovan\u00fdm pocitem p\u0159i se\u0161l\u00e1pnut\u00ed ped\u00e1lu a vysok\u00fdm brzdn\u00fdm v\u00fdkonem, ani\u017e by ovliv\u0148ovaly ABS va\u0161eho vozu Dodge Charger.<br \/>\nHPS 5.0 je ferouhl\u00edkov\u00e1 sm\u011bs, kter\u00e1 nab\u00edz\u00ed pokro\u010dil\u00e9 brzdn\u00e9 vlastnosti pro zlep\u0161en\u00ed j\u00edzdn\u00edch vlastnost\u00ed. Tato sm\u011bs kombinuje bezpe\u010dnost a kvalitu leteck\u00e9 technologie s brzdnou technologi\u00ed pro motorsport. V\u00fdsledkem je krat\u0161\u00ed brzdn\u00e1 dr\u00e1ha, lep\u0161\u00ed v\u00fdkon p\u0159i intenzivn\u00edm brzd\u011bn\u00ed a vlastnosti p\u0159ipraven\u00e9 pro j\u00edzdu na silnici.<\/p>\n<p>&nbsp;<\/p>\n<p><strong>Doporu\u010den\u00ed<\/strong><\/p>\n<p>Brzdov\u00e9 desti\u010dky Hawk HPS 5.0 jsou dobrou volbou, pokud chcete zv\u00fd\u0161it sv\u016fj brzdn\u00fd v\u00fdkon na maxim\u00e1ln\u00ed mo\u017enou \u00farove\u0148, ani\u017e byste se museli sm\u00ed\u0159it s negativn\u00edmi vedlej\u0161\u00edmi \u00fa\u010dinky v podob\u011b hluku a velk\u00e9ho mno\u017estv\u00ed brzdov\u00e9ho prachu, kter\u00e9 jsou \u010dasto spojeny s v\u00fdkonn\u011bj\u0161\u00edmi brzdov\u00fdmi desti\u010dkami.<br \/>\nHPS 5.0 nab\u00edz\u00ed vy\u0161\u0161\u00ed brzdn\u00fd moment a vy\u0161\u0161\u00ed provozn\u00ed teplotu ve srovn\u00e1n\u00ed se sm\u011bs\u00ed HPS Hawk. Sm\u011bs HPS 5.0 vydr\u017e\u00ed lehk\u00e9 pou\u017eit\u00ed na okruhu, pokud si d\u00e1te pozor na zn\u00e1mky p\u0159eh\u0159\u00e1t\u00ed a nech\u00e1te brzdov\u00fdm desti\u010dk\u00e1m dostate\u010dn\u00fd \u010das na ochlazen\u00ed, kdy\u017e dos\u00e1hnou maxim\u00e1ln\u00ed teploty.<br \/>\nSm\u011bs Hawk HPS 5.0 nen\u00ed z\u00e1vodn\u00ed sm\u011bs\u00ed a nevydr\u017e\u00ed dlouhodob\u00e9 z\u00e1vod\u011bn\u00ed p\u0159i vysok\u00fdch teplot\u00e1ch. Sm\u011bs HPS 5.0 je \u010dist\u0161\u00ed ne\u017e v\u011bt\u0161ina brzdov\u00fdch desti\u010dek OEM, ale vytv\u00e1\u0159\u00ed v\u00edce brzdov\u00e9ho prachu ne\u017e sm\u011bsi Hawk Ceramic a Hawk HPS.<\/p>\n<p>&nbsp;<\/p>\n<p><strong>Hawk HPS Vlastnosti:<\/strong><\/p>\n<ul>\n<li>Agresivn\u00ed brzdn\u00fd moment<\/li>\n<li>N\u00edzk\u00e9 opot\u0159eben\u00ed brzdov\u00fdch kotou\u010d\u016f a brzdov\u00fdch desti\u010dek<\/li>\n<li>Konzistentn\u00ed, p\u0159edv\u00eddateln\u00e1 odezva<\/li>\n<li>Vysok\u00fd zpomalovac\u00ed v\u00fdkon<\/li>\n<li>Rozsah provozn\u00edch teplot: 40-400 \u00b0C<\/li>\n<li>Optim\u00e1ln\u00ed teplotn\u00ed rozsah: 40-290 \u00b0C<\/li>\n<\/ul>\n<p>&nbsp;<\/p>\n<p><strong>Srovn\u00e1vac\u00ed \u010d\u00edsla Mopar:<\/strong> <span lang=\"DE\">05142555AA, 05174001AA, 05174001AB, 05174001AC<strong>, <\/strong>68147681AA<\/span><\/p>\n<p>&nbsp;<\/p>\n<p><strong>Vhodn\u00e9 pro:<\/strong><\/p>\n<table width=\"823\">\n<tbody>\n<tr>\n<td width=\"81\">Dodge<\/td>\n<td width=\"199\">Charger<\/td>\n<td width=\"174\">3.5, 3.6, 5.7<\/td>\n<td width=\"369\">V\u0161echny modelov\u00e9 roky s brzdov\u00fdmi kotou\u010di 345 mm<\/td>\n<\/tr>\n<\/tbody>\n<\/table>\n<p>&nbsp;<\/p>\n<p>Cena se vztahuje na 1 sadu pro kompletn\u00ed p\u0159edn\u00ed n\u00e1pravu.<\/p>","protected":false},"excerpt":{"rendered":"<p>Vhodn\u00e9 pro brzdov\u00e9 kotou\u010de o pr\u016fm\u011bru 345 mm<\/p>","protected":false},"featured_media":68349303,"comment_status":"open","ping_status":"closed","template":"","meta":{"_acf_changed":false},"product_brand":[17621],"product_cat":[17739,17743,17747,17751],"product_tag":[2149,2150,2151,2152,88,169,91,18215,18216,18217,18218,2153,590,840,53,49,1070,7614,18982,100,18965,18983,186,842,841],"class_list":{"0":"post-68349290","1":"product","2":"type-product","3":"status-publish","4":"has-post-thumbnail","6":"product_brand-hawk-performance","7":"product_cat-charger-35-bremsbelaege-vorne","8":"product_cat-charger-36-bremsbelaege-vorne","9":"product_cat-charger-57-bremsbelaege-vorne","10":"product_cat-charger-57-2011-2023-bremsbelaege-vorne","11":"product_tag-05142555aa","12":"product_tag-05174001aa","13":"product_tag-05174001ab","14":"product_tag-05174001ac","15":"product_tag-3-5","16":"product_tag-3-6","17":"product_tag-5-7","18":"product_tag-5142555aa","19":"product_tag-5174001aa","20":"product_tag-5174001ab","21":"product_tag-5174001ac","22":"product_tag-68147681aa","23":"product_tag-bremsbelaege","24":"product_tag-bremskloetze","25":"product_tag-charger","26":"product_tag-dodge","27":"product_tag-hawk","28":"product_tag-hawk10","29":"product_tag-hb509b-678","30":"product_tag-hellcat","31":"product_tag-hps","32":"product_tag-hps-5-0","33":"product_tag-performance","34":"product_tag-vorderachse","35":"product_tag-vorne","37":"first","38":"instock","39":"taxable","40":"shipping-taxable","41":"purchasable","42":"product-type-simple"},"bundled_by":[],"bundle_stock_status":"instock","bundle_stock_quantity":2,"bundle_virtual":false,"bundle_layout":"","bundle_add_to_cart_form_location":"","bundle_editable_in_cart":false,"bundle_sold_individually_context":"","bundle_item_grouping":"","bundle_min_size":"","bundle_max_size":"","bundle_price":[],"bundled_items":[],"bundle_sell_ids":[],"exclude_global_add_ons":[],"addons":[],"acf":[],"_links":{"self":[{"href":"https:\/\/kraftwerk-shop.cc\/cs\/wp-json\/wp\/v2\/product\/68349290","targetHints":{"allow":["GET"]}}],"collection":[{"href":"https:\/\/kraftwerk-shop.cc\/cs\/wp-json\/wp\/v2\/product"}],"about":[{"href":"https:\/\/kraftwerk-shop.cc\/cs\/wp-json\/wp\/v2\/types\/product"}],"replies":[{"embeddable":true,"href":"https:\/\/kraftwerk-shop.cc\/cs\/wp-json\/wp\/v2\/comments?post=68349290"}],"version-history":[{"count":0,"href":"https:\/\/kraftwerk-shop.cc\/cs\/wp-json\/wp\/v2\/product\/68349290\/revisions"}],"wp:featuredmedia":[{"embeddable":true,"href":"https:\/\/kraftwerk-shop.cc\/cs\/wp-json\/wp\/v2\/media\/68349303"}],"wp:attachment":[{"href":"https:\/\/kraftwerk-shop.cc\/cs\/wp-json\/wp\/v2\/media?parent=68349290"}],"wp:term":[{"taxonomy":"product_brand","embeddable":true,"href":"https:\/\/kraftwerk-shop.cc\/cs\/wp-json\/wp\/v2\/product_brand?post=68349290"},{"taxonomy":"product_cat","embeddable":true,"href":"https:\/\/kraftwerk-shop.cc\/cs\/wp-json\/wp\/v2\/product_cat?post=68349290"},{"taxonomy":"product_tag","embeddable":true,"href":"https:\/\/kraftwerk-shop.cc\/cs\/wp-json\/wp\/v2\/product_tag?post=68349290"}],"curies":[{"name":"wp","href":"https:\/\/api.w.org\/{rel}","templated":true}]}}