{"id":68349347,"date":"2025-09-13T16:52:37","date_gmt":"2025-09-13T14:52:37","guid":{"rendered":"https:\/\/kraftwerk-shop.cc\/?post_type=product&#038;p=68349347"},"modified":"2026-03-08T00:10:33","modified_gmt":"2026-03-07T23:10:33","slug":"hawk-brzdove-desticky-hb508b-586-challenger","status":"publish","type":"product","link":"https:\/\/kraftwerk-shop.cc\/cs\/produkt\/hawk-bremsbelaege-hb508b-586-challenger\/","title":{"rendered":"Hawk Performance HPS 5.0 Brzdov\u00e9 desti\u010dky Challenger 3.5, 3.6 a 5.7"},"content":{"rendered":"<h1>Hawk Performance HPS 5.0 Vysoce v\u00fdkonn\u00e9 brzdov\u00e9 desti\u010dky HB508B.586 pro Dodge Challenger 3.5, 3.6 a 5.7 (zadn\u00ed n\u00e1prava)<\/h1>\n<p>&nbsp;<\/p>\n<p><strong>Hawk Performance HPS 5.0<\/strong><\/p>\n<p>Brzdov\u00e9 desti\u010dky Hawk Performance s nejnov\u011bj\u0161\u00ed recepturou HPS 5.0 - vyvinut\u00e9 pro maxim\u00e1ln\u00ed v\u00fdkon na silnici s optimalizovan\u00fdm pocitem p\u0159i se\u0161l\u00e1pnut\u00ed ped\u00e1lu a vysok\u00fdm brzdn\u00fdm v\u00fdkonem bez vlivu na ABS va\u0161eho vozu Dodge Challenger.<br \/>\nHPS 5.0 je ferouhl\u00edkov\u00e1 sm\u011bs, kter\u00e1 nab\u00edz\u00ed pokro\u010dil\u00e9 brzdn\u00e9 vlastnosti pro zlep\u0161en\u00ed j\u00edzdn\u00edch vlastnost\u00ed. Tato sm\u011bs kombinuje bezpe\u010dnost a kvalitu leteck\u00e9 technologie s brzdnou technologi\u00ed pro motorsport. V\u00fdsledkem je krat\u0161\u00ed brzdn\u00e1 dr\u00e1ha, lep\u0161\u00ed v\u00fdkon p\u0159i intenzivn\u00edm brzd\u011bn\u00ed a vlastnosti p\u0159ipraven\u00e9 pro j\u00edzdu na silnici.<\/p>\n<p>&nbsp;<\/p>\n<p><strong>Doporu\u010den\u00ed<\/strong><\/p>\n<p>Brzdov\u00e9 desti\u010dky Hawk HPS 5.0 jsou dobrou volbou, pokud chcete zv\u00fd\u0161it sv\u016fj brzdn\u00fd v\u00fdkon na maxim\u00e1ln\u00ed mo\u017enou \u00farove\u0148, ani\u017e byste se museli sm\u00ed\u0159it s negativn\u00edmi vedlej\u0161\u00edmi \u00fa\u010dinky v podob\u011b hluku a velk\u00e9ho mno\u017estv\u00ed brzdov\u00e9ho prachu, kter\u00e9 jsou \u010dasto spojeny s v\u00fdkonn\u011bj\u0161\u00edmi brzdov\u00fdmi desti\u010dkami.<br \/>\nHPS 5.0 nab\u00edz\u00ed vy\u0161\u0161\u00ed brzdn\u00fd moment a vy\u0161\u0161\u00ed provozn\u00ed teplotu ve srovn\u00e1n\u00ed se sm\u011bs\u00ed HPS Hawk. Sm\u011bs HPS 5.0 vydr\u017e\u00ed lehk\u00e9 pou\u017eit\u00ed na okruhu, pokud si d\u00e1te pozor na zn\u00e1mky p\u0159eh\u0159\u00e1t\u00ed a nech\u00e1te brzdov\u00fdm desti\u010dk\u00e1m dostate\u010dn\u00fd \u010das na ochlazen\u00ed, kdy\u017e dos\u00e1hnou maxim\u00e1ln\u00ed teploty.<br \/>\nSm\u011bs Hawk HPS 5.0 nen\u00ed z\u00e1vodn\u00ed sm\u011bs\u00ed a nevydr\u017e\u00ed dlouhodob\u00e9 z\u00e1vod\u011bn\u00ed p\u0159i vysok\u00fdch teplot\u00e1ch. Sm\u011bs HPS 5.0 je \u010dist\u0161\u00ed ne\u017e v\u011bt\u0161ina brzdov\u00fdch desti\u010dek OEM, ale vytv\u00e1\u0159\u00ed v\u00edce brzdov\u00e9ho prachu ne\u017e sm\u011bsi Hawk Ceramic a Hawk HPS.<\/p>\n<p>&nbsp;<\/p>\n<p><strong>Hawk HPS Vlastnosti:<\/strong><\/p>\n<ul>\n<li>Agresivn\u00ed brzdn\u00fd moment<\/li>\n<li>N\u00edzk\u00e9 opot\u0159eben\u00ed brzdov\u00fdch kotou\u010d\u016f a brzdov\u00fdch desti\u010dek<\/li>\n<li>Konzistentn\u00ed, p\u0159edv\u00eddateln\u00e1 odezva<\/li>\n<li>Vysok\u00fd zpomalovac\u00ed v\u00fdkon<\/li>\n<li>Rozsah provozn\u00edch teplot: 40-400 \u00b0C<\/li>\n<li>Optim\u00e1ln\u00ed teplotn\u00ed rozsah: 40-290 \u00b0C<\/li>\n<\/ul>\n<p>&nbsp;<\/p>\n<p><strong>Srovn\u00e1vac\u00ed \u010d\u00edsla Mopar:<\/strong> 5139191AA , 5142561AA, 5142561AB, 5142566AA, 5142566AB, 5142566AC, <span class=\"list-value sku-display\">68504576AA<\/span>, <span class=\"list-value sku-display\">68504576AB<\/span><\/p>\n<p>&nbsp;<\/p>\n<p><strong>Vhodn\u00e9 pro:<\/strong><\/p>\n<table width=\"823\">\n<tbody>\n<tr>\n<td width=\"81\">Dodge<\/td>\n<td width=\"199\">Challenger<\/td>\n<td width=\"174\">3.5, 3.6, 5.7<\/td>\n<td width=\"369\">V\u0161echny modelov\u00e9 roky s brzdov\u00fdmi kotou\u010di 320 mm<\/td>\n<\/tr>\n<\/tbody>\n<\/table>\n<p>&nbsp;<\/p>\n<p>Cena se vztahuje na 1 sadu pro kompletn\u00ed zadn\u00ed n\u00e1pravu.<\/p>","protected":false},"excerpt":{"rendered":"<p>Hawk Performance HPS 5.0 Hochleistungs-Bremsbel\u00e4ge HB508B.586 f\u00fcr Dodge Challenger 3.5, 3.6 und 5.7 (Hinterachse) &nbsp; Hawk Performance HPS 5.0 Hawk<\/p>","protected":false},"featured_media":68349359,"comment_status":"open","ping_status":"closed","template":"","meta":{"_acf_changed":false},"product_brand":[17621],"product_cat":[17710,17704,17702],"product_tag":[18219,18220,18221,18222,18223,18224,88,169,91,2140,2141,2142,2143,2144,2145,21021,21020,590,840,54,49,3853,1070,7614,18985,798,799,18965,18983,186],"class_list":{"0":"post-68349347","1":"product","2":"type-product","3":"status-publish","4":"has-post-thumbnail","6":"product_brand-hawk-performance","7":"product_cat-challenger-35-bremsbelaege-hinten","8":"product_cat-challenger-36-bremsbelaege-hinten","9":"product_cat-challenger-57-bremsbelaege-hinten","10":"product_tag-05139191aa","11":"product_tag-05142561aa","12":"product_tag-05142561ab","13":"product_tag-05142566aa","14":"product_tag-05142566ab","15":"product_tag-05142566ac","16":"product_tag-3-5","17":"product_tag-3-6","18":"product_tag-5-7","19":"product_tag-5139191aa","20":"product_tag-5142561aa","21":"product_tag-5142561ab","22":"product_tag-5142566aa","23":"product_tag-5142566ab","24":"product_tag-5142566ac","25":"product_tag-68504576aa","26":"product_tag-68504576ab","27":"product_tag-bremsbelaege","28":"product_tag-bremskloetze","29":"product_tag-challenger","30":"product_tag-dodge","31":"product_tag-dodge-challenger","32":"product_tag-hawk","33":"product_tag-hawk10","34":"product_tag-hb508b-586","35":"product_tag-hinten","36":"product_tag-hinterachse","37":"product_tag-hps","38":"product_tag-hps-5-0","39":"product_tag-performance","41":"first","42":"instock","43":"taxable","44":"shipping-taxable","45":"purchasable","46":"product-type-simple"},"bundled_by":[],"bundle_stock_status":"instock","bundle_stock_quantity":3,"bundle_virtual":false,"bundle_layout":"","bundle_add_to_cart_form_location":"","bundle_editable_in_cart":false,"bundle_sold_individually_context":"","bundle_item_grouping":"","bundle_min_size":"","bundle_max_size":"","bundle_price":[],"bundled_items":[],"bundle_sell_ids":[],"exclude_global_add_ons":[],"addons":[],"acf":[],"_links":{"self":[{"href":"https:\/\/kraftwerk-shop.cc\/cs\/wp-json\/wp\/v2\/product\/68349347","targetHints":{"allow":["GET"]}}],"collection":[{"href":"https:\/\/kraftwerk-shop.cc\/cs\/wp-json\/wp\/v2\/product"}],"about":[{"href":"https:\/\/kraftwerk-shop.cc\/cs\/wp-json\/wp\/v2\/types\/product"}],"replies":[{"embeddable":true,"href":"https:\/\/kraftwerk-shop.cc\/cs\/wp-json\/wp\/v2\/comments?post=68349347"}],"version-history":[{"count":0,"href":"https:\/\/kraftwerk-shop.cc\/cs\/wp-json\/wp\/v2\/product\/68349347\/revisions"}],"wp:featuredmedia":[{"embeddable":true,"href":"https:\/\/kraftwerk-shop.cc\/cs\/wp-json\/wp\/v2\/media\/68349359"}],"wp:attachment":[{"href":"https:\/\/kraftwerk-shop.cc\/cs\/wp-json\/wp\/v2\/media?parent=68349347"}],"wp:term":[{"taxonomy":"product_brand","embeddable":true,"href":"https:\/\/kraftwerk-shop.cc\/cs\/wp-json\/wp\/v2\/product_brand?post=68349347"},{"taxonomy":"product_cat","embeddable":true,"href":"https:\/\/kraftwerk-shop.cc\/cs\/wp-json\/wp\/v2\/product_cat?post=68349347"},{"taxonomy":"product_tag","embeddable":true,"href":"https:\/\/kraftwerk-shop.cc\/cs\/wp-json\/wp\/v2\/product_tag?post=68349347"}],"curies":[{"name":"wp","href":"https:\/\/api.w.org\/{rel}","templated":true}]}}