{"id":68349399,"date":"2025-09-13T23:21:45","date_gmt":"2025-09-13T21:21:45","guid":{"rendered":"https:\/\/kraftwerk-shop.cc\/?post_type=product&#038;p=68349399"},"modified":"2026-04-13T11:52:28","modified_gmt":"2026-04-13T09:52:28","slug":"dba-race-brzdove-desticky-db2375rp","status":"publish","type":"product","link":"https:\/\/kraftwerk-shop.cc\/cs\/produkt\/dba-race-bremsbelaege-db2375rp\/","title":{"rendered":"Brzdov\u00e9 desti\u010dky DBA Race Performance Dodge SRT, Hellcat a Grand Cherokee SRT"},"content":{"rendered":"<h1>Brzdov\u00e9 desti\u010dky DBA Race Performance DB2375RP pro Chrysler 300C, Dodge Challenger a Charger 6.2 Hellcat a 6.4 SRT, Dodge Durango 6.4 SRT a Jeep Grand Cherokee 6.4 SRT<\/h1>\n<p>&nbsp;<\/p>\n<p>Brzdov\u00e9 desti\u010dky Race Performance byly speci\u00e1ln\u011b vyvinuty pro vysok\u00e9 n\u00e1roky z\u00e1vod\u016f na z\u00e1vodn\u00edch trat\u00edch a okruz\u00edch a osv\u011bd\u010duj\u00ed se v extr\u00e9mn\u00edch tepeln\u00fdch podm\u00ednk\u00e1ch z\u00e1vodn\u00edho sportu s provozn\u00edmi teplotami a\u017e 350 \u00b0C a v\u00edce.<br \/>\nTyto brzdov\u00e9 desti\u010dky jsou vyrobeny na z\u00e1klad\u011b vzorce vyztu\u017een\u00e9ho uhl\u00edkov\u00fdmi vl\u00e1kny a nab\u00edzej\u00ed bezkonkuren\u010dn\u00ed pevnost a st\u00e1l\u00e9 t\u0159en\u00ed i v t\u011bch nejn\u00e1ro\u010dn\u011bj\u0161\u00edch podm\u00ednk\u00e1ch.<\/p>\n<p>&nbsp;<\/p>\n<p><strong>Vlastnosti:<\/strong><\/p>\n<ul>\n<li>Optimalizovan\u00fd vzorec t\u0159en\u00ed: Vyzkou\u0161ejte vynikaj\u00edc\u00ed brzdn\u00fd \u00fa\u010dinek d\u00edky z\u00e1vodn\u00ed sm\u011bsi, kter\u00e1 poskytuje vysok\u00fd koeficient t\u0159en\u00ed pro maxim\u00e1ln\u00ed kontrolu.<\/li>\n<li>Tepeln\u00e1 stabilita: Tyto brzdov\u00e9 desti\u010dky jsou navr\u017eeny pro extr\u00e9mn\u00ed teploty a zaji\u0161\u0165uj\u00ed st\u00e1l\u00fd v\u00fdkon a trvanlivost i v n\u00e1ro\u010dn\u00fdch z\u00e1vodn\u00edch podm\u00ednk\u00e1ch.<\/li>\n<li>Sn\u00ed\u017een\u00ed vadnut\u00ed brzd: Inovativn\u00ed sm\u011bs sni\u017euje riziko vadnut\u00ed brzd a zaji\u0161\u0165uje spolehliv\u00fd brzdn\u00fd v\u00fdkon, kdy\u017e ho nejv\u00edce pot\u0159ebujete.<\/li>\n<li>Optim\u00e1ln\u00ed rozsah pracovn\u00edch teplot: 250 \u00b0C a\u017e 750 \u00b0C<\/li>\n<li>Slo\u017een\u00ed z uhl\u00edkov\u00fdch vl\u00e1ken s n\u00edzk\u00fdm obsahem kov\u016f: Zlep\u0161uje brzdn\u00fd v\u00fdkon p\u0159i zachov\u00e1n\u00ed n\u00edzk\u00e9 hladiny brzdn\u00e9ho prachu a hluku.<\/li>\n<li>Vynikaj\u00edc\u00ed vlastnosti proti blednut\u00ed a opot\u0159eben\u00ed: Poskytuje dlouhotrvaj\u00edc\u00ed v\u00fdkon a minimalizuje opot\u0159eben\u00ed v extr\u00e9mn\u00edch j\u00edzdn\u00edch podm\u00ednk\u00e1ch.<\/li>\n<li>Tepeln\u00e1 podlo\u017eka: Zvy\u0161uje odvod tepla a p\u0159ilnavost a zaji\u0161\u0165uje bezpe\u010dnou funkci brzdov\u00fdch desti\u010dek i p\u0159i vysok\u00fdch teplot\u00e1ch.<\/li>\n<\/ul>\n<p>&nbsp;<\/p>\n<p><strong>Pozn\u00e1mka: <\/strong>\u0158ada Race Performance byla vyvinuta speci\u00e1ln\u011b pro z\u00e1vodn\u00ed \u00fa\u010dely a nen\u00ed vhodn\u00e1 pro silni\u010dn\u00ed pou\u017eit\u00ed.<\/p>\n<p>&nbsp;<\/p>\n<p>&nbsp;<\/p>\n<p><strong>Srovn\u00e1vac\u00ed \u010d\u00edsla Mopar:<\/strong> 68144427AA, 68144427AB, 68303052AA, 68248384AA, 68248384AB, 68248384AC, 68248384AD, 68525329AA, 68525329AB.<\/p>\n<p>&nbsp;<\/p>\n<p><strong>Vhodn\u00e9 pro:<\/strong><\/p>\n<table width=\"873\">\n<tbody>\n<tr>\n<td width=\"209\">Chrysler<\/td>\n<td width=\"133\">300C<\/td>\n<td width=\"206\">6.4<\/td>\n<td width=\"325\">2015 - 2020 s brzdov\u00fdmi kotou\u010di 390 mm<\/td>\n<\/tr>\n<tr>\n<td width=\"209\">Chrysler<\/td>\n<td width=\"133\">300C<\/td>\n<td width=\"206\">6.4<\/td>\n<td width=\"325\">2021 - 2023 s brzdov\u00fdmi kotou\u010di 400 mm<\/td>\n<\/tr>\n<tr>\n<td width=\"209\">Dodge<\/td>\n<td width=\"133\">Challenger<\/td>\n<td width=\"206\">6.4<\/td>\n<td width=\"325\">2015 - 2020 s brzdov\u00fdmi kotou\u010di 390 mm<\/td>\n<\/tr>\n<tr>\n<td width=\"209\">Dodge<\/td>\n<td width=\"133\">Challenger<\/td>\n<td width=\"206\">6.4<\/td>\n<td width=\"325\">2021 - 2023 s brzdov\u00fdmi kotou\u010di 400 mm<\/td>\n<\/tr>\n<tr>\n<td width=\"209\">Dodge<\/td>\n<td width=\"133\">Challenger Hellcat<\/td>\n<td width=\"206\">6.2<\/td>\n<td width=\"325\">2015 - 2020 s brzdov\u00fdmi kotou\u010di 390 mm<\/td>\n<\/tr>\n<tr>\n<td width=\"209\">Dodge<\/td>\n<td width=\"133\">Challenger Hellcat<\/td>\n<td width=\"206\">6.2<\/td>\n<td width=\"325\">2021 - 2023 s brzdov\u00fdmi kotou\u010di 400 mm<\/td>\n<\/tr>\n<tr>\n<td width=\"209\">Dodge<\/td>\n<td width=\"133\">Charger<\/td>\n<td width=\"206\">6.4<\/td>\n<td width=\"325\">2015 - 2020 s brzdov\u00fdmi kotou\u010di 390 mm<\/td>\n<\/tr>\n<tr>\n<td width=\"209\">Dodge<\/td>\n<td width=\"133\">Charger<\/td>\n<td width=\"206\">6.4<\/td>\n<td width=\"325\">2021 - 2023 s brzdov\u00fdmi kotou\u010di 400 mm<\/td>\n<\/tr>\n<tr>\n<td width=\"209\">Dodge<\/td>\n<td width=\"133\">Charger Hellcat<\/td>\n<td width=\"206\">6.2<\/td>\n<td width=\"325\">2015 - 2020 s brzdov\u00fdmi kotou\u010di 390 mm<\/td>\n<\/tr>\n<tr>\n<td width=\"209\">Dodge<\/td>\n<td width=\"133\">Charger Hellcat<\/td>\n<td width=\"206\">6.2<\/td>\n<td width=\"325\">2021 - 2023 s brzdov\u00fdmi kotou\u010di 400 mm<\/td>\n<\/tr>\n<tr>\n<td width=\"209\">Jeep<\/td>\n<td width=\"133\">Grand Cherokee<\/td>\n<td width=\"206\">6.4<\/td>\n<td width=\"325\">2011 - 2021 s brzdov\u00fdmi kotou\u010di 380 mm<\/td>\n<\/tr>\n<tr>\n<td width=\"209\">Dodge<\/td>\n<td width=\"133\">Durango<\/td>\n<td width=\"206\">6.4<\/td>\n<td width=\"325\">2018 - 2024 s brzdov\u00fdmi kotou\u010di 380 mm<\/td>\n<\/tr>\n<\/tbody>\n<\/table>\n<p>&nbsp;<\/p>\n<p><strong>Autorizace:<\/strong> ne<\/p>\n<p>Cena se vztahuje na 1 sadu pro kompletn\u00ed p\u0159edn\u00ed n\u00e1pravu.<\/p>\n<p>&nbsp;<\/p>","protected":false},"excerpt":{"rendered":"<p>Vhodn\u00e9 pro brzdov\u00e9 kotou\u010de o pr\u016fm\u011bru 380, 390 a 400 mm.<\/p>","protected":false},"featured_media":68349409,"comment_status":"open","ping_status":"closed","template":"","meta":{"_acf_changed":false},"product_brand":[18922],"product_cat":[17735,17691,17687,17759,17763,17932,17966],"product_tag":[929,930,945,943,944,6821,931,1046,832,838,590,10803,10805,795,839,840,54,53,18988,789,49,3853,3854,95,2325,692,56,1070,100,50,4425,31,18989,96,102,2139,842,841,673,2137],"class_list":{"0":"post-68349399","1":"product","2":"type-product","3":"status-publish","4":"has-post-thumbnail","6":"product_brand-dba","7":"product_cat-300c-64-bremsbelaege-vorne","8":"product_cat-challenger-hellcat-bremsbelaege-vorne","9":"product_cat-challenger-64-bremsbelaege-vorne","10":"product_cat-charger-hellcat-bremsbelaege-vorne","11":"product_cat-charger-64-bremsbelaege-vorne","12":"product_cat-durango-64-bremsbelaege-vorne","13":"product_cat-grand-cherokee-64-bremsbelaege-vorne","14":"product_tag-68144427aa","15":"product_tag-68144427ab","16":"product_tag-68248384aa","17":"product_tag-68248384ab","18":"product_tag-68248384ac","19":"product_tag-68248384ad","20":"product_tag-68303052aa","21":"product_tag-abe","22":"product_tag-brembo","23":"product_tag-bremsbelag","24":"product_tag-bremsbelaege","25":"product_tag-bremsbelaege-fuer-dodge-challenger-6-4","26":"product_tag-bremsbelaege-fuer-jeep-grand-cherokee-6-4-srt","27":"product_tag-bremse","28":"product_tag-bremsklotz","29":"product_tag-bremskloetze","30":"product_tag-challenger","31":"product_tag-charger","32":"product_tag-db2375rp","33":"product_tag-dba","34":"product_tag-dodge","35":"product_tag-dodge-challenger","36":"product_tag-dodge-charger","37":"product_tag-durango","38":"product_tag-eg","39":"product_tag-ersatzteil","40":"product_tag-grand-cherokee","41":"product_tag-hawk","42":"product_tag-hellcat","43":"product_tag-jeep","44":"product_tag-jeep-grand-cherokee","45":"product_tag-mopar","46":"product_tag-race-performance","47":"product_tag-srt","48":"product_tag-trackhawk","49":"product_tag-tuev","50":"product_tag-vorderachse","51":"product_tag-vorne","52":"product_tag-zubehoer","53":"product_tag-zulassung","55":"first","56":"onbackorder","57":"taxable","58":"shipping-taxable","59":"purchasable","60":"product-type-simple"},"bundled_by":[],"bundle_stock_status":"onbackorder","bundle_stock_quantity":0,"bundle_virtual":false,"bundle_layout":"","bundle_add_to_cart_form_location":"","bundle_editable_in_cart":false,"bundle_sold_individually_context":"","bundle_item_grouping":"","bundle_min_size":"","bundle_max_size":"","bundle_price":[],"bundled_items":[],"bundle_sell_ids":[],"exclude_global_add_ons":[],"addons":[],"acf":[],"_links":{"self":[{"href":"https:\/\/kraftwerk-shop.cc\/cs\/wp-json\/wp\/v2\/product\/68349399","targetHints":{"allow":["GET"]}}],"collection":[{"href":"https:\/\/kraftwerk-shop.cc\/cs\/wp-json\/wp\/v2\/product"}],"about":[{"href":"https:\/\/kraftwerk-shop.cc\/cs\/wp-json\/wp\/v2\/types\/product"}],"replies":[{"embeddable":true,"href":"https:\/\/kraftwerk-shop.cc\/cs\/wp-json\/wp\/v2\/comments?post=68349399"}],"version-history":[{"count":0,"href":"https:\/\/kraftwerk-shop.cc\/cs\/wp-json\/wp\/v2\/product\/68349399\/revisions"}],"wp:featuredmedia":[{"embeddable":true,"href":"https:\/\/kraftwerk-shop.cc\/cs\/wp-json\/wp\/v2\/media\/68349409"}],"wp:attachment":[{"href":"https:\/\/kraftwerk-shop.cc\/cs\/wp-json\/wp\/v2\/media?parent=68349399"}],"wp:term":[{"taxonomy":"product_brand","embeddable":true,"href":"https:\/\/kraftwerk-shop.cc\/cs\/wp-json\/wp\/v2\/product_brand?post=68349399"},{"taxonomy":"product_cat","embeddable":true,"href":"https:\/\/kraftwerk-shop.cc\/cs\/wp-json\/wp\/v2\/product_cat?post=68349399"},{"taxonomy":"product_tag","embeddable":true,"href":"https:\/\/kraftwerk-shop.cc\/cs\/wp-json\/wp\/v2\/product_tag?post=68349399"}],"curies":[{"name":"wp","href":"https:\/\/api.w.org\/{rel}","templated":true}]}}