{"id":68349466,"date":"2025-09-14T14:08:50","date_gmt":"2025-09-14T12:08:50","guid":{"rendered":"https:\/\/kraftwerk-shop.cc\/?post_type=product&#038;p=68349466"},"modified":"2026-02-15T01:23:46","modified_gmt":"2026-02-15T00:23:46","slug":"jlt-sani-studeneho-vzduchu-camaro-zl1","status":"publish","type":"product","link":"https:\/\/kraftwerk-shop.cc\/cs\/produkt\/jlt-cold-air-intake-camaro-zl1\/","title":{"rendered":"S\u00e1n\u00ed studen\u00e9ho vzduchu JLT Chevrolet Camaro ZL1"},"content":{"rendered":"<h1>JLT s\u00e1n\u00ed studen\u00e9ho vzduchu CAI-75-5179 Syst\u00e9m Chevrolet Camaro ZL1 2017 - 2024<\/h1>\n<p>&nbsp;<\/p>\n<p>Tento \u010disti\u010d vzduchu se dod\u00e1v\u00e1 jak s pevnou 5palcovou sac\u00ed trubic\u00ed (nutn\u00fd tuning), tak s trubic\u00ed ur\u010denou pro pou\u017eit\u00ed se s\u00e9riov\u00fdm tuningem. P\u011btipalcov\u00fd \u010disti\u010d vzduchu JLT m\u00e1 o 13,61 % lep\u0161\u00ed pr\u016ftok ne\u017e Roto-fab Big Gulp a o 22,72 % lep\u0161\u00ed pr\u016ftok ne\u017e model OEM.<\/p>\n<p>&nbsp;<\/p>\n<p><strong>Velk\u00fd vzduchov\u00fd filtr<\/strong><br \/>\nOv\u00e1ln\u00fd vstup 5,75\" x 7,75\" na filtru zaji\u0161\u0165uje neomezen\u00fd pr\u016ftok vzduchu do 4,5\" p\u0159\u00edpojky na kompresoru.<br \/>\nVzduchov\u00fd filtr se skl\u00e1d\u00e1 z bavln\u011bn\u00e9ho filtra\u010dn\u00edho materi\u00e1lu, kter\u00fd je sm\u00e1\u010den speci\u00e1ln\u00edm filtra\u010dn\u00edm olejem a lze jej vym\u00fdvat. T\u00edm se maximalizuje kapacita a v\u00fdkon filtru.<\/p>\n<p>&nbsp;<\/p>\n<p><strong>2 sac\u00ed potrub\u00ed<\/strong><br \/>\nSac\u00ed potrub\u00ed je vyrobeno z rota\u010dn\u011b tvarovan\u00e9ho plastu, kter\u00fd zaji\u0161\u0165uje vynikaj\u00edc\u00ed proud\u011bn\u00ed vzduchu a NEhromad\u00ed se v n\u011bm teplo jako u kovov\u00fdch potrub\u00ed.<br \/>\nSada obsahuje 2 sac\u00ed trubky:<\/p>\n<ul>\n<li>no Tune<\/li>\n<li>5\u2033 Vy\u017eaduje se lad\u011bn\u00ed<\/li>\n<\/ul>\n<p>&nbsp;<\/p>\n<p><strong>Kryt vzduchov\u00e9ho filtru<\/strong><br \/>\nObsahuje n\u00e1\u0161 velk\u00fd tepeln\u00fd \u0161t\u00edt z plastu ABS, kter\u00fd izoluje nas\u00e1van\u00fd vzduch od tepla motoru p\u0159i volnob\u011bhu a n\u00edzk\u00fdch ot\u00e1\u010dk\u00e1ch.<br \/>\nVyu\u017e\u00edv\u00e1 velkou plochu, aby filtr m\u011bl dostatek chladn\u00e9ho vzduchu, a vyu\u017e\u00edv\u00e1 tov\u00e1rn\u00ed p\u0159\u00edvod \u010derstv\u00e9ho vzduchu z n\u00e1razn\u00edku k udr\u017een\u00ed co nejni\u017e\u0161\u00edch teplot.<\/p>\n<p>&nbsp;<\/p>\n<p><strong>Vysoce kvalitn\u00ed instala\u010dn\u00ed materi\u00e1l<\/strong><\/p>\n<ul>\n<li>Sac\u00ed potrub\u00ed z lisovan\u00e9ho plastu JLT Roto<\/li>\n<li>Silikonov\u00fd reduktor<\/li>\n<li>Vzduchov\u00fd filtr S&amp;B Powerstack<\/li>\n<li>Tepeln\u00fd \u0161t\u00edt ABS<\/li>\n<li>HD svorky, v\u0161echny pot\u0159ebn\u00e9 d\u00edly<\/li>\n<\/ul>\n<p>&nbsp;<\/p>\n<p><strong>podrobnosti<\/strong><\/p>\n<p>- + 25 kon\u00ed maxim\u00e1ln\u00edho v\u00fdkonu (podle \u00fadaj\u016f v\u00fdrobce)<br \/>\n- Kryt vzduchov\u00e9ho filtru s dr\u017e\u00e1ky pro p\u0159\u00edmou mont\u00e1\u017e<br \/>\n- P\u0159edem promazan\u00fd, omyvateln\u00fd a opakovan\u011b pou\u017eiteln\u00fd vzduchov\u00fd filtr Pro 10R pro maxim\u00e1ln\u00ed v\u00fdkon<\/p>\n<p>&nbsp;<\/p>\n<p>&nbsp;<\/p>\n<p><strong>Vhodn\u00e9 pro:<\/strong><\/p>\n<table width=\"749\">\n<tbody>\n<tr>\n<td width=\"262\"><strong>Rok v\u00fdstavby<\/strong><\/td>\n<td width=\"158\"><strong>Zna\u010dka<\/strong><\/td>\n<td width=\"134\"><strong>Model<\/strong><\/td>\n<td width=\"112\"><strong>Varianta<\/strong><\/td>\n<td width=\"83\"><strong>Motor<\/strong><\/td>\n<\/tr>\n<tr>\n<td width=\"262\">2017 - 2024<\/td>\n<td width=\"158\">Chevrolet<\/td>\n<td width=\"134\">Camaro<\/td>\n<td width=\"112\">ZL1<\/td>\n<td width=\"83\">V8 6,2 L<\/td>\n<\/tr>\n<\/tbody>\n<\/table>\n<p>&nbsp;<\/p>\n<p>&nbsp;<\/p>\n<p><iframe loading=\"lazy\" title=\"P\u0159ehr\u00e1va\u010d vide\u00ed YouTube\" src=\"https:\/\/www.youtube.com\/embed\/vE-PLKPM_lc?si=1hasHzgRfKzuMg1H\" width=\"560\" height=\"315\" frameborder=\"0\" allowfullscreen=\"allowfullscreen\"><\/iframe><\/p>","protected":false},"excerpt":{"rendered":"<p>2017 - 2024<\/p>","protected":false},"featured_media":68349469,"comment_status":"open","ping_status":"closed","template":"","meta":{"_acf_changed":false},"product_brand":[17168],"product_cat":[10262,3074],"product_tag":[826,824,18094,191,189,190,825,1094,1093,2444,20273,57,500,280],"class_list":{"0":"post-68349466","1":"product","2":"type-product","3":"status-publish","4":"has-post-thumbnail","6":"product_brand-jlt","7":"product_cat-alle-produkte","8":"product_cat-camaro-62-2016-ansaugung","9":"product_tag-ansaugung","10":"product_tag-cai","11":"product_tag-cai-75-5179","12":"product_tag-camaro","13":"product_tag-chevrolet","14":"product_tag-chevy","15":"product_tag-cold-air-intake","16":"product_tag-intake","17":"product_tag-jlt","18":"product_tag-jlt-performance","19":"product_tag-keintuev","20":"product_tag-luftfilter","21":"product_tag-sportluftfilter","22":"product_tag-zl1","24":"first","25":"instock","26":"taxable","27":"shipping-taxable","28":"purchasable","29":"product-type-simple"},"bundled_by":[],"bundle_stock_status":"instock","bundle_stock_quantity":1,"bundle_virtual":false,"bundle_layout":"","bundle_add_to_cart_form_location":"","bundle_editable_in_cart":false,"bundle_sold_individually_context":"","bundle_item_grouping":"","bundle_min_size":"","bundle_max_size":"","bundle_price":[],"bundled_items":[],"bundle_sell_ids":[],"exclude_global_add_ons":[],"addons":[],"acf":[],"_links":{"self":[{"href":"https:\/\/kraftwerk-shop.cc\/cs\/wp-json\/wp\/v2\/product\/68349466","targetHints":{"allow":["GET"]}}],"collection":[{"href":"https:\/\/kraftwerk-shop.cc\/cs\/wp-json\/wp\/v2\/product"}],"about":[{"href":"https:\/\/kraftwerk-shop.cc\/cs\/wp-json\/wp\/v2\/types\/product"}],"replies":[{"embeddable":true,"href":"https:\/\/kraftwerk-shop.cc\/cs\/wp-json\/wp\/v2\/comments?post=68349466"}],"version-history":[{"count":0,"href":"https:\/\/kraftwerk-shop.cc\/cs\/wp-json\/wp\/v2\/product\/68349466\/revisions"}],"wp:featuredmedia":[{"embeddable":true,"href":"https:\/\/kraftwerk-shop.cc\/cs\/wp-json\/wp\/v2\/media\/68349469"}],"wp:attachment":[{"href":"https:\/\/kraftwerk-shop.cc\/cs\/wp-json\/wp\/v2\/media?parent=68349466"}],"wp:term":[{"taxonomy":"product_brand","embeddable":true,"href":"https:\/\/kraftwerk-shop.cc\/cs\/wp-json\/wp\/v2\/product_brand?post=68349466"},{"taxonomy":"product_cat","embeddable":true,"href":"https:\/\/kraftwerk-shop.cc\/cs\/wp-json\/wp\/v2\/product_cat?post=68349466"},{"taxonomy":"product_tag","embeddable":true,"href":"https:\/\/kraftwerk-shop.cc\/cs\/wp-json\/wp\/v2\/product_tag?post=68349466"}],"curies":[{"name":"wp","href":"https:\/\/api.w.org\/{rel}","templated":true}]}}