{"id":68349485,"date":"2025-09-14T17:12:21","date_gmt":"2025-09-14T15:12:21","guid":{"rendered":"https:\/\/kraftwerk-shop.cc\/?post_type=product&#038;p=68349485"},"modified":"2026-04-10T14:47:09","modified_gmt":"2026-04-10T12:47:09","slug":"brzdove-kotouce-hawk-talon-htc4448","status":"publish","type":"product","link":"https:\/\/kraftwerk-shop.cc\/cs\/produkt\/hawk-talon-bremsscheiben-htc4448\/","title":{"rendered":"Hawk Brzdov\u00e9 kotou\u010de Talon HTC4448"},"content":{"rendered":"<h1>Hawk Talon HTC4448 Brzdov\u00e9 kotou\u010de pro RAM 1500 3.0 Ecodiesel, 3.6 a 5.7 z let 2006 a\u017e 2018 a RAM Classic z roku 2019 (p\u0159edn\u00ed n\u00e1prava)<\/h1>\n<p>&nbsp;<\/p>\n<p>Brzdov\u00e9 kotou\u010de Hawk Talon jsou vysoce kvalitn\u00ed a v\u00fdkonn\u00e9 silni\u010dn\u00ed kotou\u010de, kter\u00e9 byly speci\u00e1ln\u011b vyvinuty pro maxim\u00e1ln\u00ed brzdnou \u00fa\u010dinnost, odolnost a pot\u011b\u0161en\u00ed z j\u00edzdy. Kombinuj\u00ed modern\u00ed konstruk\u010dn\u00ed metody, prvot\u0159\u00eddn\u00ed materi\u00e1ly a specializovan\u00e9 povrchov\u00e9 \u00fapravy, aby poskytovaly \u0161pi\u010dkov\u00fd v\u00fdkon i v extr\u00e9mn\u00edch podm\u00ednk\u00e1ch.<\/p>\n<p>&nbsp;<\/p>\n<p><strong>Nejd\u016fle\u017eit\u011bj\u0161\u00ed informace a technologie<\/strong><\/p>\n<ul>\n<li>Vysoce kvalitn\u00ed materi\u00e1l: Vyrobeno z vysoce uhl\u00edkov\u00e9 litiny s metalurgi\u00ed G3000 - vynikaj\u00edc\u00ed stabilita, dlouh\u00e1 \u017eivotnost a minim\u00e1ln\u00ed deformace p\u0159i vysok\u00fdch teplot\u00e1ch.<\/li>\n<li>Optimalizovan\u00fd odvod tepla: P\u0159esn\u011b vrtan\u00e9 a dr\u00e1\u017ekovan\u00e9 struktury zaji\u0161\u0165uj\u00ed vynikaj\u00edc\u00ed tepeln\u00fd v\u00fdkon, \u00fa\u010dinn\u00e9 chlazen\u00ed, vysokou pevnost konstrukce a lep\u0161\u00ed brzdn\u00fd v\u00fdkon za mokra.<\/li>\n<li>N\u00edzk\u00e9 vibrace a hluk: p\u0159esn\u00e9 dr\u00e1\u017eky vyfr\u00e9zovan\u00e9 na CNC udr\u017euj\u00ed brzdov\u00e9 desti\u010dky \u010dist\u00e9, sni\u017euj\u00ed harmonickou rezonanci a minimalizuj\u00ed hluk p\u0159i brzd\u011bn\u00ed.<\/li>\n<li>Povlak Magni: Tento speci\u00e1ln\u00ed bari\u00e9rov\u00fd povlak poskytuje vynikaj\u00edc\u00ed ochranu proti korozi, usnad\u0148uje brzd\u011bn\u00ed a chr\u00e1n\u00ed p\u0159ed opot\u0159eben\u00edm.<\/li>\n<li>V souladu s normami IEC: Spl\u0148uje a p\u0159ekra\u010duje po\u017eadavky normy ISO-9227 pro zkou\u0161ku solnou mlhou (v\u00edce ne\u017e 240 hodin), ide\u00e1ln\u00ed pro pou\u017eit\u00ed v zimn\u00edch podm\u00ednk\u00e1ch.<\/li>\n<\/ul>\n<p>&nbsp;<\/p>\n<p><strong>Pro\u010d zvolit brzdov\u00e9 kotou\u010de Hawk Talon<\/strong><\/p>\n<ul>\n<li>Vynikaj\u00edc\u00ed v\u00fdkon: Ide\u00e1ln\u00ed pro n\u00e1ro\u010dn\u00fd styl j\u00edzdy, provoz s p\u0159\u00edv\u011bsem nebo p\u0159\u00edle\u017eitostn\u00e9 pou\u017eit\u00ed na trati.<\/li>\n<li>Odolnost: Vysoce kvalitn\u00ed materi\u00e1ly, n\u00e1t\u011bry a p\u0159esnost v\u00fdroby zaji\u0161\u0165uj\u00ed dlouhou \u017eivotnost.<\/li>\n<li>Snadn\u00e1 \u00fadr\u017eba: Rychl\u00e9 zatahov\u00e1n\u00ed, odolnost proti korozi, n\u00edzk\u00e9 vibrace a n\u00edzk\u00e1 hladina hluku.<\/li>\n<li>Spolehliv\u00e1 kvalita: v\u00fdkon testovan\u00fd na dynamometru a vysok\u00e1 konzistence v\u00fdroby<\/li>\n<\/ul>\n<p>&nbsp;<\/p>\n<p><strong>\u010c\u00edsla d\u00edl\u016f Mopar (pouze pro srovn\u00e1n\u00ed)<\/strong>: <span class=\"list-value\">52010080AA<\/span>, <span class=\"list-value\">52010080AB, 52010080AC, 52010080AD, 52010080AE, 52010080AF, 52010080AG, <\/span><span class=\"list-value sku-display\">52010080AH, 52010080AI<\/span><\/p>\n<p>&nbsp;<\/p>\n<p>&nbsp;<\/p>\n<p><strong>Vhodn\u00e9 pro:<\/strong><\/p>\n<table width=\"498\">\n<tbody>\n<tr>\n<td width=\"114\"><strong>Zna\u010dka<\/strong><\/td>\n<td width=\"121\"><strong>Model<\/strong><\/td>\n<td width=\"122\"><strong>Motor<\/strong><\/td>\n<td width=\"141\"><strong>Rok v\u00fdstavby<\/strong><\/td>\n<\/tr>\n<tr>\n<td width=\"114\">RAM<\/td>\n<td width=\"121\">1500<\/td>\n<td width=\"122\">3.0 EcoDiesel<\/td>\n<td width=\"141\">2014\u20132018<\/td>\n<\/tr>\n<tr>\n<td width=\"114\">RAM<\/td>\n<td>1500 Classic<\/td>\n<td width=\"122\">3.0 EcoDiesel<\/td>\n<td>2019<\/td>\n<\/tr>\n<tr>\n<td width=\"114\">RAM<\/td>\n<td width=\"121\">1500<\/td>\n<td width=\"122\">3.6<\/td>\n<td width=\"141\">2013\u20132018<\/td>\n<\/tr>\n<tr>\n<td width=\"114\">RAM<\/td>\n<td>1500 Classic<\/td>\n<td width=\"122\">3.6<\/td>\n<td>2019\u20132024<\/td>\n<\/tr>\n<tr>\n<td width=\"114\">RAM<\/td>\n<td width=\"121\">1500<\/td>\n<td width=\"122\">5.7<\/td>\n<td width=\"141\">2006\u20132018<\/td>\n<\/tr>\n<tr>\n<td width=\"114\">RAM<\/td>\n<td>1500 Classic<\/td>\n<td width=\"122\">5.7<\/td>\n<td>2019\u20132024<\/td>\n<\/tr>\n<\/tbody>\n<\/table>\n<p><strong>\u00a0<\/strong><\/p>\n<p><strong><br \/>\nRozsah dod\u00e1vky: <\/strong><\/p>\n<ul>\n<li>2 brzdov\u00e9 kotou\u010de Hawk Talon (HTC4448) pro p\u0159edn\u00ed n\u00e1pravu<\/li>\n<\/ul>\n<p>&nbsp;<\/p>","protected":false},"excerpt":{"rendered":"<p>2006 - 2018 a Classic 2019 - 2024<\/p>","protected":false},"featured_media":68349487,"comment_status":"open","ping_status":"closed","template":"","meta":{"_acf_changed":false},"product_brand":[17621],"product_cat":[10262,4237,4754,7753,3515],"product_tag":[18599,18275,18600,18601,18276,18602,18603,18604,18277,572,4508,91,7779,3523,7780,7781,3522,7782,7783,7784,3524,795,589,796,2219,7809,4251,477,692,942,2111,941,1070,126,18993,86,3507,797,18976,216,842,841,673],"class_list":{"0":"post-68349485","1":"product","2":"type-product","3":"status-publish","4":"has-post-thumbnail","6":"product_brand-hawk-performance","7":"product_cat-alle-produkte","8":"product_cat-1500-ecodiesel-bremsen-vorne","9":"product_cat-1500-36-bremsen-vorne","10":"product_cat-1500-57-2003-2008-bremsen-vorne","11":"product_cat-1500-57-2009-2018-classic-bremsen-vorne","12":"product_tag-052010080aa","13":"product_tag-052010080ab","14":"product_tag-052010080ac","15":"product_tag-052010080ad","16":"product_tag-052010080ae","17":"product_tag-052010080af","18":"product_tag-052010080ag","19":"product_tag-052010080ah","20":"product_tag-052010080ai","21":"product_tag-3-0-crd","22":"product_tag-3-0-ecodiesel","23":"product_tag-5-7","24":"product_tag-52010080aa","25":"product_tag-52010080ab","26":"product_tag-52010080ac","27":"product_tag-52010080ad","28":"product_tag-52010080ae","29":"product_tag-52010080af","30":"product_tag-52010080ag","31":"product_tag-52010080ah","32":"product_tag-52010080ai","33":"product_tag-bremse","34":"product_tag-bremsen","35":"product_tag-bremsscheibe","36":"product_tag-classic","37":"product_tag-dodge-ram-1500","38":"product_tag-dr","39":"product_tag-ds","40":"product_tag-ersatzteil","41":"product_tag-gelocht","42":"product_tag-genutet","43":"product_tag-geschlitzt","44":"product_tag-hawk","45":"product_tag-hemi","46":"product_tag-htc4448","47":"product_tag-ram","48":"product_tag-ram1500","49":"product_tag-sportbremsscheibe","50":"product_tag-talon","51":"product_tag-upgrade","52":"product_tag-vorderachse","53":"product_tag-vorne","54":"product_tag-zubehoer","56":"first","57":"outofstock","58":"taxable","59":"shipping-taxable","60":"purchasable","61":"product-type-simple"},"bundled_by":[],"bundle_stock_status":"outofstock","bundle_stock_quantity":0,"bundle_virtual":false,"bundle_layout":"","bundle_add_to_cart_form_location":"","bundle_editable_in_cart":false,"bundle_sold_individually_context":"","bundle_item_grouping":"","bundle_min_size":"","bundle_max_size":"","bundle_price":[],"bundled_items":[],"bundle_sell_ids":[],"exclude_global_add_ons":[],"addons":[],"acf":[],"_links":{"self":[{"href":"https:\/\/kraftwerk-shop.cc\/cs\/wp-json\/wp\/v2\/product\/68349485","targetHints":{"allow":["GET"]}}],"collection":[{"href":"https:\/\/kraftwerk-shop.cc\/cs\/wp-json\/wp\/v2\/product"}],"about":[{"href":"https:\/\/kraftwerk-shop.cc\/cs\/wp-json\/wp\/v2\/types\/product"}],"replies":[{"embeddable":true,"href":"https:\/\/kraftwerk-shop.cc\/cs\/wp-json\/wp\/v2\/comments?post=68349485"}],"version-history":[{"count":0,"href":"https:\/\/kraftwerk-shop.cc\/cs\/wp-json\/wp\/v2\/product\/68349485\/revisions"}],"wp:featuredmedia":[{"embeddable":true,"href":"https:\/\/kraftwerk-shop.cc\/cs\/wp-json\/wp\/v2\/media\/68349487"}],"wp:attachment":[{"href":"https:\/\/kraftwerk-shop.cc\/cs\/wp-json\/wp\/v2\/media?parent=68349485"}],"wp:term":[{"taxonomy":"product_brand","embeddable":true,"href":"https:\/\/kraftwerk-shop.cc\/cs\/wp-json\/wp\/v2\/product_brand?post=68349485"},{"taxonomy":"product_cat","embeddable":true,"href":"https:\/\/kraftwerk-shop.cc\/cs\/wp-json\/wp\/v2\/product_cat?post=68349485"},{"taxonomy":"product_tag","embeddable":true,"href":"https:\/\/kraftwerk-shop.cc\/cs\/wp-json\/wp\/v2\/product_tag?post=68349485"}],"curies":[{"name":"wp","href":"https:\/\/api.w.org\/{rel}","templated":true}]}}