{"id":68349493,"date":"2025-09-14T18:34:52","date_gmt":"2025-09-14T16:34:52","guid":{"rendered":"https:\/\/kraftwerk-shop.cc\/?post_type=product&#038;p=68349493"},"modified":"2026-02-15T01:23:45","modified_gmt":"2026-02-15T00:23:45","slug":"brzdove-kotouce-hawk-talon-htc4450","status":"publish","type":"product","link":"https:\/\/kraftwerk-shop.cc\/cs\/produkt\/hawk-talon-bremsscheiben-htc4450\/","title":{"rendered":"Hawk Brzdov\u00e9 kotou\u010de Talon HTC4450"},"content":{"rendered":"<h1>Brzdov\u00e9 kotou\u010de Hawk Talon HTC4450 pro RAM 1500 3.0 Ecodiesel, 3.6 a 5.7 z let 2006 a\u017e 2018 a RAM Classic z roku 2019 (zadn\u00ed n\u00e1prava)<\/h1>\n<p>&nbsp;<\/p>\n<p>Brzdov\u00e9 kotou\u010de Hawk Talon jsou vysoce kvalitn\u00ed a v\u00fdkonn\u00e9 silni\u010dn\u00ed kotou\u010de, kter\u00e9 byly speci\u00e1ln\u011b vyvinuty pro maxim\u00e1ln\u00ed brzdnou \u00fa\u010dinnost, odolnost a pot\u011b\u0161en\u00ed z j\u00edzdy. Kombinuj\u00ed modern\u00ed konstruk\u010dn\u00ed metody, prvot\u0159\u00eddn\u00ed materi\u00e1ly a specializovan\u00e9 povrchov\u00e9 \u00fapravy, aby poskytovaly \u0161pi\u010dkov\u00fd v\u00fdkon i v extr\u00e9mn\u00edch podm\u00ednk\u00e1ch.<\/p>\n<p>&nbsp;<\/p>\n<p><strong>Nejd\u016fle\u017eit\u011bj\u0161\u00ed informace a technologie<\/strong><\/p>\n<ul>\n<li>Vysoce kvalitn\u00ed materi\u00e1l: Vyrobeno z vysoce uhl\u00edkov\u00e9 litiny s metalurgi\u00ed G3000 - vynikaj\u00edc\u00ed stabilita, dlouh\u00e1 \u017eivotnost a minim\u00e1ln\u00ed deformace p\u0159i vysok\u00fdch teplot\u00e1ch.<\/li>\n<li>Optimalizovan\u00fd odvod tepla: P\u0159esn\u011b vrtan\u00e9 a dr\u00e1\u017ekovan\u00e9 struktury zaji\u0161\u0165uj\u00ed vynikaj\u00edc\u00ed tepeln\u00fd v\u00fdkon, \u00fa\u010dinn\u00e9 chlazen\u00ed, vysokou pevnost konstrukce a lep\u0161\u00ed brzdn\u00fd v\u00fdkon za mokra.<\/li>\n<li>N\u00edzk\u00e9 vibrace a hluk: p\u0159esn\u00e9 dr\u00e1\u017eky vyfr\u00e9zovan\u00e9 na CNC udr\u017euj\u00ed brzdov\u00e9 desti\u010dky \u010dist\u00e9, sni\u017euj\u00ed harmonickou rezonanci a minimalizuj\u00ed hluk p\u0159i brzd\u011bn\u00ed.<\/li>\n<li>Povlak Magni: Tento speci\u00e1ln\u00ed bari\u00e9rov\u00fd povlak poskytuje vynikaj\u00edc\u00ed ochranu proti korozi, usnad\u0148uje brzd\u011bn\u00ed a chr\u00e1n\u00ed p\u0159ed opot\u0159eben\u00edm.<\/li>\n<li>V souladu s normami IEC: Spl\u0148uje a p\u0159ekra\u010duje po\u017eadavky normy ISO-9227 pro zkou\u0161ku solnou mlhou (v\u00edce ne\u017e 240 hodin), ide\u00e1ln\u00ed pro pou\u017eit\u00ed v zimn\u00edch podm\u00ednk\u00e1ch.<\/li>\n<\/ul>\n<p>&nbsp;<\/p>\n<p><strong>Pro\u010d zvolit brzdov\u00e9 kotou\u010de Hawk Talon<\/strong><\/p>\n<ul>\n<li>Vynikaj\u00edc\u00ed v\u00fdkon: Ide\u00e1ln\u00ed pro n\u00e1ro\u010dn\u00fd styl j\u00edzdy, provoz s p\u0159\u00edv\u011bsem nebo p\u0159\u00edle\u017eitostn\u00e9 pou\u017eit\u00ed na trati.<\/li>\n<li>Odolnost: Vysoce kvalitn\u00ed materi\u00e1ly, n\u00e1t\u011bry a p\u0159esnost v\u00fdroby zaji\u0161\u0165uj\u00ed dlouhou \u017eivotnost.<\/li>\n<li>Snadn\u00e1 \u00fadr\u017eba: Rychl\u00e9 zatahov\u00e1n\u00ed, odolnost proti korozi, n\u00edzk\u00e9 vibrace a n\u00edzk\u00e1 hladina hluku.<\/li>\n<li>Spolehliv\u00e1 kvalita: v\u00fdkon testovan\u00fd na dynamometru a vysok\u00e1 konzistence v\u00fdroby<\/li>\n<\/ul>\n<p>&nbsp;<\/p>\n<p><strong>\u010c\u00edsla d\u00edl\u016f Mopar (pouze pro srovn\u00e1n\u00ed)<\/strong>: <span class=\"list-value\">52009968AA, 52009968AB, 52009968AC, 52009968AD<\/span><\/p>\n<p>&nbsp;<\/p>\n<p>&nbsp;<\/p>\n<p><strong>Vhodn\u00e9 pro:<\/strong><\/p>\n<table width=\"498\">\n<tbody>\n<tr>\n<td width=\"114\"><strong>Zna\u010dka<\/strong><\/td>\n<td width=\"121\"><strong>Model<\/strong><\/td>\n<td width=\"122\"><strong>Motor<\/strong><\/td>\n<td width=\"141\"><strong>Rok v\u00fdstavby<\/strong><\/td>\n<\/tr>\n<tr>\n<td width=\"114\">RAM<\/td>\n<td width=\"121\">1500<\/td>\n<td width=\"122\">3.0 EcoDiesel<\/td>\n<td width=\"141\">2014\u20132018<\/td>\n<\/tr>\n<tr>\n<td width=\"114\">RAM<\/td>\n<td>1500 Classic<\/td>\n<td width=\"122\">3.0 EcoDiesel<\/td>\n<td>2019<\/td>\n<\/tr>\n<tr>\n<td width=\"114\">RAM<\/td>\n<td width=\"121\">1500<\/td>\n<td width=\"122\">3.6<\/td>\n<td width=\"141\">2013\u20132018<\/td>\n<\/tr>\n<tr>\n<td width=\"114\">RAM<\/td>\n<td>1500 Classic<\/td>\n<td width=\"122\">3.6<\/td>\n<td>2019\u20132024<\/td>\n<\/tr>\n<tr>\n<td width=\"114\">RAM<\/td>\n<td width=\"121\">1500<\/td>\n<td width=\"122\">5.7<\/td>\n<td width=\"141\">2003\u20132018<\/td>\n<\/tr>\n<tr>\n<td width=\"114\">RAM<\/td>\n<td>1500 Classic<\/td>\n<td width=\"122\">5.7<\/td>\n<td>2019\u20132024<\/td>\n<\/tr>\n<\/tbody>\n<\/table>\n<p><strong>\u00a0<\/strong><\/p>\n<p><strong><br \/>\nRozsah dod\u00e1vky: <\/strong><\/p>\n<ul>\n<li>2 brzdov\u00e9 kotou\u010de Hawk Talon (HTC4450) pro zadn\u00ed n\u00e1pravu<\/li>\n<\/ul>\n<p>&nbsp;<\/p>","protected":false},"excerpt":{"rendered":"<p>2006 - 2018 + Classic 2019 - 2024<\/p>","protected":false},"featured_media":68349496,"comment_status":"open","ping_status":"closed","template":"","meta":{"_acf_changed":false},"product_brand":[17621],"product_cat":[10262,4238,4755,7754,3516],"product_tag":[18271,18272,18273,18274,572,4508,91,3525,3526,3527,3528,795,589,796,2219,7809,4251,477,692,942,2111,941,1070,126,798,799,18994,86,3507,797,18976,216,673],"class_list":{"0":"post-68349493","1":"product","2":"type-product","3":"status-publish","4":"has-post-thumbnail","6":"product_brand-hawk-performance","7":"product_cat-alle-produkte","8":"product_cat-1500-ecodiesel-bremsen-hinten","9":"product_cat-1500-36-bremsen-hinten","10":"product_cat-1500-57-2003-2008-bremsen-hinten","11":"product_cat-1500-57-2009-2018-classic-bremsen-hinten","12":"product_tag-052009968aa","13":"product_tag-052009968ab","14":"product_tag-052009968ac","15":"product_tag-052009968ad","16":"product_tag-3-0-crd","17":"product_tag-3-0-ecodiesel","18":"product_tag-5-7","19":"product_tag-52009968aa","20":"product_tag-52009968ab","21":"product_tag-52009968ac","22":"product_tag-52009968ad","23":"product_tag-bremse","24":"product_tag-bremsen","25":"product_tag-bremsscheibe","26":"product_tag-classic","27":"product_tag-dodge-ram-1500","28":"product_tag-dr","29":"product_tag-ds","30":"product_tag-ersatzteil","31":"product_tag-gelocht","32":"product_tag-genutet","33":"product_tag-geschlitzt","34":"product_tag-hawk","35":"product_tag-hemi","36":"product_tag-hinten","37":"product_tag-hinterachse","38":"product_tag-htc4450","39":"product_tag-ram","40":"product_tag-ram1500","41":"product_tag-sportbremsscheibe","42":"product_tag-talon","43":"product_tag-upgrade","44":"product_tag-zubehoer","46":"first","47":"instock","48":"taxable","49":"shipping-taxable","50":"purchasable","51":"product-type-simple"},"bundled_by":[],"bundle_stock_status":"instock","bundle_stock_quantity":1,"bundle_virtual":false,"bundle_layout":"","bundle_add_to_cart_form_location":"","bundle_editable_in_cart":false,"bundle_sold_individually_context":"","bundle_item_grouping":"","bundle_min_size":"","bundle_max_size":"","bundle_price":[],"bundled_items":[],"bundle_sell_ids":[],"exclude_global_add_ons":[],"addons":[],"acf":[],"_links":{"self":[{"href":"https:\/\/kraftwerk-shop.cc\/cs\/wp-json\/wp\/v2\/product\/68349493","targetHints":{"allow":["GET"]}}],"collection":[{"href":"https:\/\/kraftwerk-shop.cc\/cs\/wp-json\/wp\/v2\/product"}],"about":[{"href":"https:\/\/kraftwerk-shop.cc\/cs\/wp-json\/wp\/v2\/types\/product"}],"replies":[{"embeddable":true,"href":"https:\/\/kraftwerk-shop.cc\/cs\/wp-json\/wp\/v2\/comments?post=68349493"}],"version-history":[{"count":0,"href":"https:\/\/kraftwerk-shop.cc\/cs\/wp-json\/wp\/v2\/product\/68349493\/revisions"}],"wp:featuredmedia":[{"embeddable":true,"href":"https:\/\/kraftwerk-shop.cc\/cs\/wp-json\/wp\/v2\/media\/68349496"}],"wp:attachment":[{"href":"https:\/\/kraftwerk-shop.cc\/cs\/wp-json\/wp\/v2\/media?parent=68349493"}],"wp:term":[{"taxonomy":"product_brand","embeddable":true,"href":"https:\/\/kraftwerk-shop.cc\/cs\/wp-json\/wp\/v2\/product_brand?post=68349493"},{"taxonomy":"product_cat","embeddable":true,"href":"https:\/\/kraftwerk-shop.cc\/cs\/wp-json\/wp\/v2\/product_cat?post=68349493"},{"taxonomy":"product_tag","embeddable":true,"href":"https:\/\/kraftwerk-shop.cc\/cs\/wp-json\/wp\/v2\/product_tag?post=68349493"}],"curies":[{"name":"wp","href":"https:\/\/api.w.org\/{rel}","templated":true}]}}