{"id":68349533,"date":"2025-09-14T21:40:20","date_gmt":"2025-09-14T19:40:20","guid":{"rendered":"https:\/\/kraftwerk-shop.cc\/?post_type=product&#038;p=68349533"},"modified":"2026-03-30T02:06:28","modified_gmt":"2026-03-30T00:06:28","slug":"hawk-hps-brzdove-desticky-ram-hb559f-695","status":"publish","type":"product","link":"https:\/\/kraftwerk-shop.cc\/cs\/produkt\/hawk-hps-bremsbelaege-ram-hb559f-695\/","title":{"rendered":"Brzdov\u00e9 desti\u010dky Hawk Performance HPS RAM (HB559F.695)"},"content":{"rendered":"<h1><span class=\"sku\">Hawk Performance HPS HB559F.695<\/span> Brzdov\u00e9 desti\u010dky pro RAM 1500 3.0 Ecodiesel, 3.6 a 5.7 z let 2006 a\u017e 2018 a RAM Classic z roku 2019 (p\u0159edn\u00ed n\u00e1prava)<\/h1>\n<p>&nbsp;<\/p>\n<p><strong>Hawk Performance HPS<\/strong><\/p>\n<p>Brzdov\u00e9 desti\u010dky Hawk HPS (High Performance Street) jsou celosv\u011btov\u011b zn\u00e1m\u00e9 t\u00edm, \u017ee zvy\u0161uj\u00ed brzdn\u00fd v\u00fdkon va\u0161eho vozu Dodge RAM. Se sm\u011bs\u00ed brzdov\u00fdch desti\u010dek Hawk Performance HPS m\u016f\u017eete snadno zlep\u0161it v\u00fdkon brzdov\u00e9ho syst\u00e9mu sv\u00e9ho vozidla.<br \/>\nTato jedine\u010dn\u00e1 ferouhl\u00edkov\u00e1 formule byla vyvinuta pro silni\u010dn\u00ed pou\u017eit\u00ed a vyu\u017e\u00edv\u00e1 bezpe\u010dnost a kvalitu technologie t\u0159en\u00ed pro t\u011b\u017ek\u00e9 podm\u00ednky z leteck\u00e9ho a motoristick\u00e9ho pr\u016fmyslu.<br \/>\nSm\u011bs High Performance Street nab\u00edz\u00ed vy\u0161\u0161\u00ed koeficient t\u0159en\u00ed ne\u017e standardn\u00ed brzdov\u00e9 desti\u010dky a m\u016f\u017ee v\u00e1m poskytnout o 20 a\u017e 40 % vy\u0161\u0161\u00ed brzdn\u00fd v\u00fdkon a v\u011bt\u0161\u00ed odolnost proti vadnut\u00ed brzd ne\u017e v\u011bt\u0161ina standardn\u00edch n\u00e1hradn\u00edch desti\u010dek. M\u00e9n\u011b vadnut\u00ed znamen\u00e1, \u017ee z\u00edsk\u00e1te extr\u00e9mn\u011b odoln\u00e9 brzdov\u00e9 desti\u010dky s men\u0161\u00edm mno\u017estv\u00edm brzdov\u00e9ho prachu.<\/p>\n<p>&nbsp;<\/p>\n<p><strong>Doporu\u010den\u00ed<\/strong><\/p>\n<p>Ve v\u011bt\u0161in\u011b p\u0159\u00edpad\u016f zaji\u0161\u0165uje sm\u011bs Hawk HPS vy\u0161\u0161\u00ed brzdn\u00fd moment a vy\u0161\u0161\u00ed provozn\u00ed teplotu ve srovn\u00e1n\u00ed s brzdov\u00fdmi desti\u010dkami OEM. Rovn\u011b\u017e produkuje m\u00e9n\u011b brzdov\u00e9ho prachu.<br \/>\nS horn\u00ed provozn\u00ed teplotou 430-480 \u00b0C vydr\u017e\u00ed sm\u011bs HPS lehk\u00e9 pou\u017eit\u00ed na trati, pokud sledujete zn\u00e1mky p\u0159eh\u0159\u00e1t\u00ed a poskytnete dostate\u010dnou dobu na ochlazen\u00ed, kdy\u017e brzdov\u00e9 desti\u010dky dos\u00e1hnou horn\u00ed teploty.<br \/>\nSm\u011bs Hawk HPS nen\u00ed z\u00e1vodn\u00ed sm\u011bs\u00ed a nevydr\u017e\u00ed dlouhodob\u00e9 z\u00e1vod\u011bn\u00ed p\u0159i vysok\u00fdch teplot\u00e1ch.<br \/>\nCo se t\u00fd\u010de brzdov\u00e9ho prachu, je sm\u011bs HPS \u010dist\u0161\u00ed ne\u017e va\u0161e OEM brzdov\u00e9 desti\u010dky, ale vytv\u00e1\u0159\u00ed v\u00edce prachu ne\u017e keramick\u00e1 sm\u011bs Hawk. Zv\u00fd\u0161en\u00ed v\u00fdkonu ve srovn\u00e1n\u00ed se sm\u011bs\u00ed Hawk Ceramic je na \u00fakor zv\u00fd\u0161en\u00e9 tvorby prachu.<\/p>\n<p>&nbsp;<\/p>\n<p><strong>Hawk HPS Vlastnosti:<\/strong><\/p>\n<ul>\n<li>Plynul\u00e9 brzd\u011bn\u00ed<\/li>\n<li>Vynikaj\u00edc\u00ed pro sportovn\u00ed j\u00edzdu<\/li>\n<li>\u0160etrn\u00e9 k brzdov\u00fdm desti\u010dk\u00e1m a brzdov\u00fdm kotou\u010d\u016fm<\/li>\n<li>Konzistentn\u00ed brzdn\u00fd v\u00fdkon<\/li>\n<li>Zv\u00fd\u0161en\u00e1 brzdn\u00e1 s\u00edla<\/li>\n<li>Rozsah pracovn\u00edch teplot: 40-370 \u00b0C<\/li>\n<li>Optim\u00e1ln\u00ed teplotn\u00ed rozsah: 40-260 \u00b0C<\/li>\n<\/ul>\n<p>&nbsp;<\/p>\n<p><strong>Srovn\u00e1vac\u00ed \u010d\u00edsla Mopar:<\/strong> 68334862AA, <span class=\"list-value sku-display\">68334862AB<\/span>, 05143350AA, 0<span class=\"list-value\">5143350AB, 05143350AC, 5143350AA, 5143350AB, 5143350AC<\/span><\/p>\n<p>M\u00edsto instalace: P\u0159edn\u00ed n\u00e1prava<\/p>\n<p>&nbsp;<\/p>\n<p><strong>Vhodn\u00e9 pro:<\/strong><\/p>\n<table width=\"498\">\n<tbody>\n<tr>\n<td width=\"114\"><strong>Zna\u010dka<\/strong><\/td>\n<td width=\"121\"><strong>Model<\/strong><\/td>\n<td width=\"122\"><strong>Motor<\/strong><\/td>\n<td width=\"141\"><strong>Rok v\u00fdstavby<\/strong><\/td>\n<\/tr>\n<tr>\n<td width=\"114\">RAM<\/td>\n<td width=\"121\">1500<\/td>\n<td width=\"122\">3.0 EcoDiesel<\/td>\n<td width=\"141\">2014\u20132018<\/td>\n<\/tr>\n<tr>\n<td width=\"114\">RAM<\/td>\n<td>1500 Classic<\/td>\n<td width=\"122\">3.0 EcoDiesel<\/td>\n<td>2019<\/td>\n<\/tr>\n<tr>\n<td width=\"114\">RAM<\/td>\n<td width=\"121\">1500<\/td>\n<td width=\"122\">3.6<\/td>\n<td width=\"141\">2013\u20132018<\/td>\n<\/tr>\n<tr>\n<td width=\"114\">RAM<\/td>\n<td>1500 Classic<\/td>\n<td width=\"122\">3.6<\/td>\n<td>2019\u20132024<\/td>\n<\/tr>\n<tr>\n<td width=\"114\">RAM<\/td>\n<td width=\"121\">1500<\/td>\n<td width=\"122\">5.7<\/td>\n<td width=\"141\">2006\u20132018<\/td>\n<\/tr>\n<tr>\n<td width=\"114\">RAM<\/td>\n<td>1500 Classic<\/td>\n<td width=\"122\">5.7<\/td>\n<td>2019\u20132024<\/td>\n<\/tr>\n<\/tbody>\n<\/table>\n<p>&nbsp;<\/p>\n<p><strong>Rozsah dod\u00e1vky: <\/strong><\/p>\n<ul>\n<li>1 sada brzdov\u00fdch desti\u010dek (HB559Y.695) pro p\u0159edn\u00ed n\u00e1pravu<\/li>\n<\/ul>","protected":false},"excerpt":{"rendered":"<p>2006 - 2018 a Classic 2019 - 2024<\/p>","protected":false},"featured_media":68349536,"comment_status":"open","ping_status":"closed","template":"","meta":{"_acf_changed":false},"product_brand":[17621],"product_cat":[3515,4237,4754,7753],"product_tag":[7802,7803,3508,475,7804,6770,6771,3512,6772,1046,590,795,840,1070,6834,7614,19000,18965,36,86,3507,3518,970,592,2353,2139,842,841,673,2135,2137],"class_list":{"0":"post-68349533","1":"product","2":"type-product","3":"status-publish","4":"has-post-thumbnail","6":"product_brand-hawk-performance","7":"product_cat-1500-57-2009-2018-classic-bremsen-vorne","8":"product_cat-1500-ecodiesel-bremsen-vorne","9":"product_cat-1500-36-bremsen-vorne","10":"product_cat-1500-57-2003-2008-bremsen-vorne","11":"product_tag-05143350aa","12":"product_tag-05143350ab","13":"product_tag-05143350ac","14":"product_tag-475","15":"product_tag-5143350aa","16":"product_tag-5143350ab","17":"product_tag-5143350ac","18":"product_tag-68334862aa","19":"product_tag-68334862ab","20":"product_tag-abe","21":"product_tag-bremsbelaege","22":"product_tag-bremse","23":"product_tag-bremskloetze","24":"product_tag-hawk","25":"product_tag-hawk-performance","26":"product_tag-hawk10","27":"product_tag-hb559f-695","28":"product_tag-hps","29":"product_tag-kraftwerk","30":"product_tag-ram","31":"product_tag-ram1500","32":"product_tag-sportbremsbelag","33":"product_tag-sportbremsbelaege","34":"product_tag-sportbremse","35":"product_tag-trx","36":"product_tag-tuev","37":"product_tag-vorderachse","38":"product_tag-vorne","39":"product_tag-zubehoer","40":"product_tag-zubehoerbremsbelaege","41":"product_tag-zulassung","43":"first","44":"instock","45":"taxable","46":"shipping-taxable","47":"purchasable","48":"product-type-simple"},"bundled_by":[],"bundle_stock_status":"instock","bundle_stock_quantity":1,"bundle_virtual":false,"bundle_layout":"","bundle_add_to_cart_form_location":"","bundle_editable_in_cart":false,"bundle_sold_individually_context":"","bundle_item_grouping":"","bundle_min_size":"","bundle_max_size":"","bundle_price":[],"bundled_items":[],"bundle_sell_ids":[],"exclude_global_add_ons":[],"addons":[],"acf":[],"_links":{"self":[{"href":"https:\/\/kraftwerk-shop.cc\/cs\/wp-json\/wp\/v2\/product\/68349533","targetHints":{"allow":["GET"]}}],"collection":[{"href":"https:\/\/kraftwerk-shop.cc\/cs\/wp-json\/wp\/v2\/product"}],"about":[{"href":"https:\/\/kraftwerk-shop.cc\/cs\/wp-json\/wp\/v2\/types\/product"}],"replies":[{"embeddable":true,"href":"https:\/\/kraftwerk-shop.cc\/cs\/wp-json\/wp\/v2\/comments?post=68349533"}],"version-history":[{"count":0,"href":"https:\/\/kraftwerk-shop.cc\/cs\/wp-json\/wp\/v2\/product\/68349533\/revisions"}],"wp:featuredmedia":[{"embeddable":true,"href":"https:\/\/kraftwerk-shop.cc\/cs\/wp-json\/wp\/v2\/media\/68349536"}],"wp:attachment":[{"href":"https:\/\/kraftwerk-shop.cc\/cs\/wp-json\/wp\/v2\/media?parent=68349533"}],"wp:term":[{"taxonomy":"product_brand","embeddable":true,"href":"https:\/\/kraftwerk-shop.cc\/cs\/wp-json\/wp\/v2\/product_brand?post=68349533"},{"taxonomy":"product_cat","embeddable":true,"href":"https:\/\/kraftwerk-shop.cc\/cs\/wp-json\/wp\/v2\/product_cat?post=68349533"},{"taxonomy":"product_tag","embeddable":true,"href":"https:\/\/kraftwerk-shop.cc\/cs\/wp-json\/wp\/v2\/product_tag?post=68349533"}],"curies":[{"name":"wp","href":"https:\/\/api.w.org\/{rel}","templated":true}]}}