{"id":68349896,"date":"2025-09-20T22:03:34","date_gmt":"2025-09-20T20:03:34","guid":{"rendered":"https:\/\/kraftwerk-shop.cc\/?post_type=product&#038;p=68349896"},"modified":"2026-02-15T01:23:53","modified_gmt":"2026-02-15T00:23:53","slug":"vstrikovaci-tryska-mopar-05037479ae","status":"publish","type":"product","link":"https:\/\/kraftwerk-shop.cc\/cs\/produkt\/mopar-einspritzduese-05037479ae\/","title":{"rendered":"Vst\u0159ikova\u010d paliva Mopar (05037479AE)"},"content":{"rendered":"<h1>Origin\u00e1ln\u00ed vst\u0159ikova\u010d paliva Mopar (05037479AE) pro Chrysler 300C, Dodge Challenger, Charger, Durango, Jeep Grand Cherokee a RAM 1500, 2500 a 3500 5.7<\/h1>\n<p>&nbsp;<\/p>\n<p><span lang=\"DE\"><strong>\u010c\u00edslo d\u00edlu Mopar:<\/strong> 05037479AE<br \/>\n<strong>Nahrazeno: <\/strong>5037479AB, 5037479AC, 5037479AD, RL037479AB, RL037479AC, 05037479AD<\/span><\/p>\n<p>&nbsp;<\/p>\n<p><strong>Vhodn\u00e9 pro:<\/strong><\/p>\n<table width=\"880\">\n<tbody>\n<tr>\n<td width=\"81\"><strong>Rok v\u00fdstavby<\/strong><\/td>\n<td width=\"81\"><strong>Zna\u010dka<\/strong><\/td>\n<td width=\"192\"><strong>Model<\/strong><\/td>\n<td width=\"312\"><strong>Verze<\/strong><\/td>\n<td width=\"214\"><strong>Motor<\/strong><\/td>\n<\/tr>\n<tr>\n<td width=\"81\">2019<\/td>\n<td width=\"81\">Chrysler<\/td>\n<td width=\"192\">300<\/td>\n<td width=\"312\">C, S<\/td>\n<td width=\"214\">5.7L<\/td>\n<\/tr>\n<tr>\n<td width=\"81\">2019<\/td>\n<td width=\"81\">Dodge<\/td>\n<td width=\"192\">Challenger<\/td>\n<td width=\"312\">R\/T<\/td>\n<td width=\"214\">5.7L<\/td>\n<\/tr>\n<tr>\n<td width=\"81\">2019<\/td>\n<td width=\"81\">Dodge<\/td>\n<td width=\"192\">Charger<\/td>\n<td width=\"312\">Pursuit, R\/T<\/td>\n<td width=\"214\">5.7L<\/td>\n<\/tr>\n<tr>\n<td width=\"81\">2019<\/td>\n<td width=\"81\">Dodge<\/td>\n<td width=\"192\">Durango<\/td>\n<td width=\"312\">Citadel, Pursuit, R\/T, Special Service<\/td>\n<td width=\"214\">5.7L<\/td>\n<\/tr>\n<tr>\n<td width=\"81\">2019<\/td>\n<td width=\"81\">Jeep<\/td>\n<td width=\"192\">Grand Cherokee<\/td>\n<td width=\"312\">High Altitude, Limited, Limited X, Overland, Summit, Trailhawk<\/td>\n<td width=\"214\">5.7L<\/td>\n<\/tr>\n<tr>\n<td width=\"81\">2018<\/td>\n<td width=\"81\">Chrysler<\/td>\n<td width=\"192\">300<\/td>\n<td width=\"312\">C, S<\/td>\n<td width=\"214\">5.7L<\/td>\n<\/tr>\n<tr>\n<td width=\"81\">2018<\/td>\n<td width=\"81\">Dodge<\/td>\n<td width=\"192\">Challenger<\/td>\n<td width=\"312\">R\/T, T\/A<\/td>\n<td width=\"214\">5.7L<\/td>\n<\/tr>\n<tr>\n<td width=\"81\">2018<\/td>\n<td width=\"81\">Dodge<\/td>\n<td width=\"192\">Charger<\/td>\n<td width=\"312\">Pursuit, R\/T<\/td>\n<td width=\"214\">5.7L<\/td>\n<\/tr>\n<tr>\n<td width=\"81\">2018<\/td>\n<td width=\"81\">Dodge<\/td>\n<td width=\"192\">Durango<\/td>\n<td width=\"312\">Citadela, GT, R\/T, SXT, Special Service<\/td>\n<td width=\"214\">5.7L<\/td>\n<\/tr>\n<tr>\n<td width=\"81\">2018<\/td>\n<td width=\"81\">Jeep<\/td>\n<td width=\"192\">Grand Cherokee<\/td>\n<td width=\"312\">High Altitude, Limited, Overland, Summit, Trailhawk<\/td>\n<td width=\"214\">5.7L<\/td>\n<\/tr>\n<tr>\n<td width=\"81\">2017<\/td>\n<td width=\"81\">Chrysler<\/td>\n<td width=\"192\">300<\/td>\n<td width=\"312\">C, C Platinum, S<\/td>\n<td width=\"214\">5.7L<\/td>\n<\/tr>\n<tr>\n<td width=\"81\">2017<\/td>\n<td width=\"81\">Dodge<\/td>\n<td width=\"192\">Challenger<\/td>\n<td width=\"312\">R\/T, T\/A<\/td>\n<td width=\"214\">5.7L<\/td>\n<\/tr>\n<tr>\n<td width=\"81\">2017<\/td>\n<td width=\"81\">Dodge<\/td>\n<td width=\"192\">Charger<\/td>\n<td width=\"312\">Pursuit, R\/T<\/td>\n<td width=\"214\">5.7L<\/td>\n<\/tr>\n<tr>\n<td width=\"81\">2017<\/td>\n<td width=\"81\">Dodge<\/td>\n<td width=\"192\">Durango<\/td>\n<td width=\"312\">Citadel, R\/T, Special Service<\/td>\n<td width=\"214\">5.7L<\/td>\n<\/tr>\n<tr>\n<td width=\"81\">2017<\/td>\n<td width=\"81\">Jeep<\/td>\n<td width=\"192\">Grand Cherokee<\/td>\n<td width=\"312\">Limited, Overland, Summit, Trailhawk<\/td>\n<td width=\"214\">5.7L<\/td>\n<\/tr>\n<tr>\n<td width=\"81\">2017<\/td>\n<td width=\"81\">Ram<\/td>\n<td width=\"192\">1500<\/td>\n<td width=\"312\">Big Horn, Express, Laramie, Laramie Longhorn, Limited, Lone Star, Rebel, SLT, Special Service, Sport, Tradesman<\/td>\n<td width=\"214\">5.7L<\/td>\n<\/tr>\n<tr>\n<td width=\"81\">2017<\/td>\n<td width=\"81\">Ram<\/td>\n<td width=\"192\">2500<\/td>\n<td width=\"312\">Big Horn, Laramie, Laramie Longhorn, Limited, SLT, Tradesman<\/td>\n<td width=\"214\">5.7L V8 - CNG, 5.7L<\/td>\n<\/tr>\n<tr>\n<td width=\"81\">2017<\/td>\n<td width=\"81\">Ram<\/td>\n<td width=\"192\">3500<\/td>\n<td width=\"312\">Big Horn, Laramie, Laramie Longhorn, Limited, Lone Star, SLT, Tradesman<\/td>\n<td width=\"214\">5.7L<\/td>\n<\/tr>\n<tr>\n<td width=\"81\">2016<\/td>\n<td width=\"81\">Chrysler<\/td>\n<td width=\"192\">300<\/td>\n<td width=\"312\">C, C Platinum, S<\/td>\n<td width=\"214\">5.7L<\/td>\n<\/tr>\n<tr>\n<td width=\"81\">2016<\/td>\n<td width=\"81\">Dodge<\/td>\n<td width=\"192\">Challenger<\/td>\n<td width=\"312\">R\/T, R\/T Plus, R\/T Plus Shaker, R\/T Shaker<\/td>\n<td width=\"214\">5.7L<\/td>\n<\/tr>\n<tr>\n<td width=\"81\">2016<\/td>\n<td width=\"81\">Dodge<\/td>\n<td width=\"192\">Charger<\/td>\n<td width=\"312\">Pursuit, R\/T, R\/T Road &amp; Track<\/td>\n<td width=\"214\">5.7L<\/td>\n<\/tr>\n<tr>\n<td width=\"81\">2016<\/td>\n<td width=\"81\">Dodge<\/td>\n<td width=\"192\">Durango<\/td>\n<td width=\"312\">Citadel, R\/T, Special Service<\/td>\n<td width=\"214\">5.7L<\/td>\n<\/tr>\n<tr>\n<td width=\"81\">2016<\/td>\n<td width=\"81\">Jeep<\/td>\n<td width=\"192\">Grand Cherokee<\/td>\n<td width=\"312\">Limited, Overland, Summit<\/td>\n<td width=\"214\">5.7L<\/td>\n<\/tr>\n<tr>\n<td width=\"81\">2016<\/td>\n<td width=\"81\">Ram<\/td>\n<td width=\"192\">1500<\/td>\n<td width=\"312\">Big Horn, Express, Laramie, Laramie Longhorn, Limited, Lone Star, Outdoorsman, Rebel, SLT, Special Service, Sport, Tradesman<\/td>\n<td width=\"214\">5.7L<\/td>\n<\/tr>\n<tr>\n<td width=\"81\">2016<\/td>\n<td width=\"81\">Ram<\/td>\n<td width=\"192\">2500<\/td>\n<td width=\"312\">Big Horn, Laramie, Laramie Longhorn, Limited, Outdoorsman, SLT, Tradesman<\/td>\n<td width=\"214\">5.7L V8 - CNG, 5.7L<\/td>\n<\/tr>\n<tr>\n<td width=\"81\">2016<\/td>\n<td width=\"81\">Ram<\/td>\n<td width=\"192\">3500<\/td>\n<td width=\"312\">Big Horn, Laramie, Laramie Longhorn, Limited, SLT, Tradesman<\/td>\n<td width=\"214\">5.7L<\/td>\n<\/tr>\n<tr>\n<td width=\"81\">2015<\/td>\n<td width=\"81\">Chrysler<\/td>\n<td width=\"192\">300<\/td>\n<td width=\"312\">C, C Platinum, S<\/td>\n<td width=\"214\">5.7L<\/td>\n<\/tr>\n<tr>\n<td width=\"81\">2015<\/td>\n<td width=\"81\">Dodge<\/td>\n<td width=\"192\">Challenger<\/td>\n<td width=\"312\">R\/T, R\/T Plus<\/td>\n<td width=\"214\">5.7L<\/td>\n<\/tr>\n<tr>\n<td width=\"81\">2015<\/td>\n<td width=\"81\">Dodge<\/td>\n<td width=\"192\">Charger<\/td>\n<td width=\"312\">Pursuit, R\/T, R\/T Road &amp; Track<\/td>\n<td width=\"214\">5.7L<\/td>\n<\/tr>\n<tr>\n<td width=\"81\">2015<\/td>\n<td width=\"81\">Dodge<\/td>\n<td width=\"192\">Durango<\/td>\n<td width=\"312\">Citadel, Limited, R\/T, Special Service<\/td>\n<td width=\"214\">5.7L<\/td>\n<\/tr>\n<tr>\n<td width=\"81\">2015<\/td>\n<td width=\"81\">Jeep<\/td>\n<td width=\"192\">Grand Cherokee<\/td>\n<td width=\"312\">Limited, Overland, Summit<\/td>\n<td width=\"214\">5.7L<\/td>\n<\/tr>\n<tr>\n<td width=\"81\">2015<\/td>\n<td width=\"81\">Ram<\/td>\n<td width=\"192\">1500<\/td>\n<td width=\"312\">Big Horn, Express, Laramie, Laramie Limited, Laramie Longhorn, Limited, Lone Star, Outdoorsman, Rebel, SLT, Special Service, Sport, Tradesman<\/td>\n<td width=\"214\">5.7L<\/td>\n<\/tr>\n<tr>\n<td width=\"81\">2015<\/td>\n<td width=\"81\">Ram<\/td>\n<td width=\"192\">2500<\/td>\n<td width=\"312\">Big Horn, Laramie, Laramie Limited, Laramie Longhorn, Lone Star, Outdoorsman, SLT, Tradesman<\/td>\n<td width=\"214\">5.7L V8 - CNG, 5.7L<\/td>\n<\/tr>\n<tr>\n<td width=\"81\">2015<\/td>\n<td width=\"81\">Ram<\/td>\n<td width=\"192\">3500<\/td>\n<td width=\"312\">Big Horn, Laramie, Laramie Limited, Laramie Longhorn, Lone Star, SLT, Tradesman<\/td>\n<td width=\"214\">5.7L<\/td>\n<\/tr>\n<tr>\n<td width=\"81\">2014<\/td>\n<td width=\"81\">Chrysler<\/td>\n<td width=\"192\">300<\/td>\n<td width=\"312\">C, C Luxury, S<\/td>\n<td width=\"214\">5.7L<\/td>\n<\/tr>\n<tr>\n<td width=\"81\">2014<\/td>\n<td width=\"81\">Dodge<\/td>\n<td width=\"192\">Challenger<\/td>\n<td width=\"312\">R\/T<\/td>\n<td width=\"214\">5.7L<\/td>\n<\/tr>\n<tr>\n<td width=\"81\">2014<\/td>\n<td width=\"81\">Dodge<\/td>\n<td width=\"192\">Charger<\/td>\n<td width=\"312\">Pursuit, R\/T<\/td>\n<td width=\"214\">5.7L<\/td>\n<\/tr>\n<tr>\n<td width=\"81\">2014<\/td>\n<td width=\"81\">Dodge<\/td>\n<td width=\"192\">Durango<\/td>\n<td width=\"312\">Citadel, Limited, R\/T, Special Service<\/td>\n<td width=\"214\">5.7L<\/td>\n<\/tr>\n<tr>\n<td width=\"81\">2014<\/td>\n<td width=\"81\">Jeep<\/td>\n<td width=\"192\">Grand Cherokee<\/td>\n<td width=\"312\">Limited, Overland, Summit<\/td>\n<td width=\"214\">5.7L<\/td>\n<\/tr>\n<tr>\n<td width=\"81\">2014<\/td>\n<td width=\"81\">Ram<\/td>\n<td width=\"192\">1500<\/td>\n<td width=\"312\">Big Horn, Express, HFE, Laramie, Laramie Limited, Laramie Longhorn, Lone Star, Outdoorsman, SLT, Special Service, Sport, Tradesman<\/td>\n<td width=\"214\">5.7L<\/td>\n<\/tr>\n<tr>\n<td width=\"81\">2014<\/td>\n<td width=\"81\">Ram<\/td>\n<td width=\"192\">2500<\/td>\n<td width=\"312\">Big Horn, Laramie, Laramie Limited, Laramie Longhorn, Lone Star, Outdoorsman, SLT, Tradesman<\/td>\n<td width=\"214\">5.7L V8 - CNG, 5.7L<\/td>\n<\/tr>\n<tr>\n<td width=\"81\">2014<\/td>\n<td width=\"81\">Ram<\/td>\n<td width=\"192\">3500<\/td>\n<td width=\"312\">Big Horn, Laramie, Laramie Limited, Laramie Longhorn, Lone Star, SLT, Tradesman<\/td>\n<td width=\"214\">5.7L<\/td>\n<\/tr>\n<tr>\n<td width=\"81\">2013<\/td>\n<td width=\"81\">Chrysler<\/td>\n<td width=\"192\">300<\/td>\n<td width=\"312\">C, C Luxury, S<\/td>\n<td width=\"214\">5.7L<\/td>\n<\/tr>\n<tr>\n<td width=\"81\">2013<\/td>\n<td width=\"81\">Dodge<\/td>\n<td width=\"192\">Challenger<\/td>\n<td width=\"312\">R\/T<\/td>\n<td width=\"214\">5.7L<\/td>\n<\/tr>\n<tr>\n<td width=\"81\">2013<\/td>\n<td width=\"81\">Dodge<\/td>\n<td width=\"192\">Charger<\/td>\n<td width=\"312\">Pursuit, R\/T, SE<\/td>\n<td width=\"214\">5.7L<\/td>\n<\/tr>\n<tr>\n<td width=\"81\">2013<\/td>\n<td width=\"81\">Dodge<\/td>\n<td width=\"192\">Durango<\/td>\n<td width=\"312\">Citadel, Crew, R\/T, Special Service<\/td>\n<td width=\"214\">5.7L<\/td>\n<\/tr>\n<tr>\n<td width=\"81\">2013<\/td>\n<td width=\"81\">Jeep<\/td>\n<td width=\"192\">Grand Cherokee<\/td>\n<td width=\"312\">Laredo, Limited, Overland<\/td>\n<td width=\"214\">5.7L<\/td>\n<\/tr>\n<tr>\n<td width=\"81\">2013<\/td>\n<td width=\"81\">Ram<\/td>\n<td width=\"192\">1500<\/td>\n<td width=\"312\">Big Horn, Express, Laramie, Laramie Longhorn, Outdoorsman, R\/T, SLT, Sport, Tradesman<\/td>\n<td width=\"214\">5.7L<\/td>\n<\/tr>\n<tr>\n<td width=\"81\">2013<\/td>\n<td width=\"81\">Ram<\/td>\n<td width=\"192\">2500<\/td>\n<td width=\"312\">Big Horn, Laramie, Laramie Longhorn, Lone Star, Outdoorsman, Power Wagon, SLT, Tradesman<\/td>\n<td width=\"214\">5.7L V8 - CNG, 5.7L<\/td>\n<\/tr>\n<tr>\n<td width=\"81\">2013<\/td>\n<td width=\"81\">Ram<\/td>\n<td width=\"192\">3500<\/td>\n<td width=\"312\">Big Horn, Laramie, Laramie Longhorn, Lone Star, SLT, Tradesman<\/td>\n<td width=\"214\">5.7L<\/td>\n<\/tr>\n<tr>\n<td width=\"81\">2012<\/td>\n<td width=\"81\">Chrysler<\/td>\n<td width=\"192\">300<\/td>\n<td width=\"312\">C, C Luxury, S<\/td>\n<td width=\"214\">5.7L<\/td>\n<\/tr>\n<tr>\n<td width=\"81\">2012<\/td>\n<td width=\"81\">Dodge<\/td>\n<td width=\"192\">Challenger<\/td>\n<td width=\"312\">R\/T, R\/T Classic<\/td>\n<td width=\"214\">5.7L<\/td>\n<\/tr>\n<tr>\n<td width=\"81\">2012<\/td>\n<td width=\"81\">Dodge<\/td>\n<td width=\"192\">Charger<\/td>\n<td width=\"312\">Pursuit, R\/T, SE<\/td>\n<td width=\"214\">5.7L<\/td>\n<\/tr>\n<tr>\n<td width=\"81\">2012<\/td>\n<td width=\"81\">Dodge<\/td>\n<td width=\"192\">Durango<\/td>\n<td width=\"312\">Citadel, Crew, R\/T, Special Service<\/td>\n<td width=\"214\">5.7L<\/td>\n<\/tr>\n<tr>\n<td width=\"81\">2012<\/td>\n<td width=\"81\">Jeep<\/td>\n<td width=\"192\">Grand Cherokee<\/td>\n<td width=\"312\">Laredo, Limited, Overland, Overland Summit<\/td>\n<td width=\"214\">5.7L<\/td>\n<\/tr>\n<tr>\n<td width=\"81\">2012<\/td>\n<td width=\"81\">Ram<\/td>\n<td width=\"192\">1500<\/td>\n<td width=\"312\">Big Horn, Express, Laramie, Laramie Longhorn, Outdoorsman, SLT, ST, Sport, Tradesman, Tradesman HD<\/td>\n<td width=\"214\">5.7L<\/td>\n<\/tr>\n<tr>\n<td width=\"81\">2012<\/td>\n<td width=\"81\">Ram<\/td>\n<td width=\"192\">2500<\/td>\n<td width=\"312\">Laramie, Laramie Longhorn, Outdoorsman, Power Wagon, SLT, ST<\/td>\n<td width=\"214\">5.7L<\/td>\n<\/tr>\n<tr>\n<td width=\"81\">2012<\/td>\n<td width=\"81\">Ram<\/td>\n<td width=\"192\">3500<\/td>\n<td width=\"312\">Laramie, SLT, ST<\/td>\n<td width=\"214\">5.7L<\/td>\n<\/tr>\n<tr>\n<td width=\"81\">2011<\/td>\n<td width=\"81\">Chrysler<\/td>\n<td width=\"192\">300<\/td>\n<td width=\"312\">C<\/td>\n<td width=\"214\">5.7L<\/td>\n<\/tr>\n<tr>\n<td width=\"81\">2011<\/td>\n<td width=\"81\">Dodge<\/td>\n<td width=\"192\">Challenger<\/td>\n<td width=\"312\">R\/T<\/td>\n<td width=\"214\">5.7L<\/td>\n<\/tr>\n<tr>\n<td width=\"81\">2011<\/td>\n<td width=\"81\">Dodge<\/td>\n<td width=\"192\">Charger<\/td>\n<td width=\"312\">Pursuit, R\/T, SE<\/td>\n<td width=\"214\">5.7L<\/td>\n<\/tr>\n<tr>\n<td width=\"81\">2011<\/td>\n<td width=\"81\">Dodge<\/td>\n<td width=\"192\">Durango<\/td>\n<td width=\"312\">Citadel, Crew, R\/T<\/td>\n<td width=\"214\">5.7L<\/td>\n<\/tr>\n<tr>\n<td width=\"81\">2011<\/td>\n<td width=\"81\">Jeep<\/td>\n<td width=\"192\">Grand Cherokee<\/td>\n<td width=\"312\">Laredo, Limited, Overland<\/td>\n<td width=\"214\">5.7L<\/td>\n<\/tr>\n<tr>\n<td width=\"81\">2011<\/td>\n<td width=\"81\">Ram<\/td>\n<td width=\"192\">1500<\/td>\n<td width=\"312\">Big Horn, Laramie, Laramie Longhorn, Outdoorsman, SLT, ST, Sport, Tradesman<\/td>\n<td width=\"214\">5.7L<\/td>\n<\/tr>\n<tr>\n<td width=\"81\">2011<\/td>\n<td width=\"81\">Ram<\/td>\n<td width=\"192\">2500<\/td>\n<td width=\"312\">Laramie, Laramie Longhorn, Power Wagon, SLT, ST<\/td>\n<td width=\"214\">5.7L<\/td>\n<\/tr>\n<tr>\n<td width=\"81\">2011<\/td>\n<td width=\"81\">Ram<\/td>\n<td width=\"192\">3500<\/td>\n<td width=\"312\">Laramie, SLT, ST<\/td>\n<td width=\"214\">5.7L<\/td>\n<\/tr>\n<\/tbody>\n<\/table>\n<p>&nbsp;<\/p>\n<p>&nbsp;<\/p>\n<h4>Pro\u010d si vybrat origin\u00e1ln\u00ed n\u00e1hradn\u00ed d\u00edly Mopar?<\/h4>\n<p><strong>Perfektn\u011b padnouc\u00ed a \u0161pi\u010dkov\u00e9 kvality:<\/strong> Origin\u00e1ln\u00ed n\u00e1hradn\u00ed d\u00edly Mopar jsou vyr\u00e1b\u011bny podle p\u0159\u00edsn\u00fdch specifikac\u00ed v\u00fdrobce, co\u017e znamen\u00e1, \u017ee do va\u0161eho vozidla dokonale pasuj\u00ed. T\u00edm je zaji\u0161t\u011bna nejen snadn\u00e1 instalace, ale tak\u00e9 optim\u00e1ln\u00ed funkce a bezpe\u010dnost.<\/p>\n<p><strong>Spolehlivost a trvanlivost:<\/strong> D\u00edky pou\u017eit\u00ed vysoce kvalitn\u00edch materi\u00e1l\u016f a p\u0159\u00edsn\u00e9 kontrole kvality zaji\u0161\u0165uj\u00ed n\u00e1hradn\u00ed d\u00edly Mopar spolehlivou funkci va\u0161eho vozidla i v extr\u00e9mn\u00edch podm\u00ednk\u00e1ch. Jsou navr\u017eeny tak, aby vydr\u017eely a maximalizovaly v\u00fdkon va\u0161eho vozidla.<\/p>\n<p>&nbsp;<\/p>","protected":false},"excerpt":{"rendered":"<p>Origin\u00e1ln\u00ed d\u00edl Mopar<\/p>\n<p>2011 - 2019<\/p>","protected":false},"featured_media":68350093,"comment_status":"open","ping_status":"closed","template":"","meta":{"_acf_changed":false},"product_brand":[16270],"product_cat":[4980,2879,5159,2888,2892,2896,9950],"product_tag":[19095,19096,19089,19100,475,506,52,507,91,19091,19092,19090,19101,54,53,48,49,95,2868,2869,999,19069,19070,19071,56,2867,1000,50,19073,19072,31,8813,9424,16271,16273,16275,16272,16274,7221,86,19093,19094],"class_list":{"0":"post-68349896","1":"product","2":"type-product","3":"status-publish","4":"has-post-thumbnail","6":"product_brand-mopar","7":"product_cat-300c-57-2011-2023-kraftstoffversorgung","8":"product_cat-challenger-57-kraftstoffversorgung","9":"product_cat-charger-57-2011-2023-kraftstoffversorgung","10":"product_cat-durango-57-kraftstoffversorgung","11":"product_cat-grand-cherokee-57-2011-2021-kraftstoffversorgung","12":"product_cat-1500-57-2009-2018-classic-kraftstoffversorgung","13":"product_cat-2500-3500-57-kraftstoffversorgung","14":"product_tag-05037479ab","15":"product_tag-05037479ac","16":"product_tag-05037479ad","17":"product_tag-05037479ae","18":"product_tag-475","19":"product_tag-506","20":"product_tag-300c","21":"product_tag-507","22":"product_tag-5-7","23":"product_tag-5037479ab","24":"product_tag-5037479ac","25":"product_tag-5037479ad","26":"product_tag-5037479ae","27":"product_tag-challenger","28":"product_tag-charger","29":"product_tag-chrysler","30":"product_tag-dodge","31":"product_tag-durango","32":"product_tag-duesen","33":"product_tag-einspritzduese","34":"product_tag-einspritzduesen","35":"product_tag-einspritzung","36":"product_tag-einspritzventil","37":"product_tag-einspritzventile","38":"product_tag-grand-cherokee","39":"product_tag-injektor","40":"product_tag-injektoren","41":"product_tag-jeep","42":"product_tag-kraftstoffduese","43":"product_tag-kraftstoffeinspritzung","44":"product_tag-mopar","45":"product_tag-mopar-autoteile","46":"product_tag-mopar-ersatzteile","47":"product_tag-mopar-ersatzteile-kaufen","48":"product_tag-mopar-performance-teile","49":"product_tag-mopar-teile-katalog","50":"product_tag-mopar-teile-online","51":"product_tag-mopar-tuningteile","52":"product_tag-mopar10","53":"product_tag-ram","54":"product_tag-rl037479ab","55":"product_tag-rl037479ac","57":"first","58":"instock","59":"taxable","60":"shipping-taxable","61":"purchasable","62":"product-type-simple"},"bundled_by":[],"bundle_stock_status":"instock","bundle_stock_quantity":1,"bundle_virtual":false,"bundle_layout":"","bundle_add_to_cart_form_location":"","bundle_editable_in_cart":false,"bundle_sold_individually_context":"","bundle_item_grouping":"","bundle_min_size":"","bundle_max_size":"","bundle_price":[],"bundled_items":[],"bundle_sell_ids":[],"exclude_global_add_ons":[],"addons":[],"acf":[],"_links":{"self":[{"href":"https:\/\/kraftwerk-shop.cc\/cs\/wp-json\/wp\/v2\/product\/68349896","targetHints":{"allow":["GET"]}}],"collection":[{"href":"https:\/\/kraftwerk-shop.cc\/cs\/wp-json\/wp\/v2\/product"}],"about":[{"href":"https:\/\/kraftwerk-shop.cc\/cs\/wp-json\/wp\/v2\/types\/product"}],"replies":[{"embeddable":true,"href":"https:\/\/kraftwerk-shop.cc\/cs\/wp-json\/wp\/v2\/comments?post=68349896"}],"version-history":[{"count":0,"href":"https:\/\/kraftwerk-shop.cc\/cs\/wp-json\/wp\/v2\/product\/68349896\/revisions"}],"wp:featuredmedia":[{"embeddable":true,"href":"https:\/\/kraftwerk-shop.cc\/cs\/wp-json\/wp\/v2\/media\/68350093"}],"wp:attachment":[{"href":"https:\/\/kraftwerk-shop.cc\/cs\/wp-json\/wp\/v2\/media?parent=68349896"}],"wp:term":[{"taxonomy":"product_brand","embeddable":true,"href":"https:\/\/kraftwerk-shop.cc\/cs\/wp-json\/wp\/v2\/product_brand?post=68349896"},{"taxonomy":"product_cat","embeddable":true,"href":"https:\/\/kraftwerk-shop.cc\/cs\/wp-json\/wp\/v2\/product_cat?post=68349896"},{"taxonomy":"product_tag","embeddable":true,"href":"https:\/\/kraftwerk-shop.cc\/cs\/wp-json\/wp\/v2\/product_tag?post=68349896"}],"curies":[{"name":"wp","href":"https:\/\/api.w.org\/{rel}","templated":true}]}}